{"id":428925,"date":"2024-07-19T14:15:00","date_gmt":"2024-07-19T13:15:00","guid":{"rendered":"https:\/\/www.moskito.cz\/produkt\/cuchillo-fijo-muela-albar-18h\/"},"modified":"2025-11-25T13:58:21","modified_gmt":"2025-11-25T12:58:21","slug":"cuchillo-fijo-muela-albar-18h","status":"publish","type":"product","link":"https:\/\/www.moskito.cz\/es\/produkt\/cuchillo-fijo-muela-albar-18h\/","title":{"rendered":"Cuchillo fijo Muela ALBAR-18H"},"content":{"rendered":"<p>Cuchillo fijo <strong>Muela<\/strong> ALBAR-18H.<\/p>\n<p>El cuchillo deportivo Muela Albar-18H es un cuchillo de la l\u00ednea de barbacoa, dise\u00f1ado principalmente para los amantes de los cuchillos que aprecian los cuchillos con materiales de primera calidad, como la asta de ciervo, utilizada en el mango.<\/p>\n<p>M\u00e1s que una simple herramienta para cortar carne, un buen cuchillo para barbacoa es esencial para garantizar un corte preciso, lo que influye en la textura y la ternura de la carne. Muchos factores pueden influir en el uso de un cuchillo, como el material de la hoja y el mango. En cuanto a tama\u00f1o, el Muela Albar-18H tiene una longitud de hoja de 180 mm y una longitud de mango de 125 mm, lo que lo convierte en un cuchillo excelente para manipular diversos tipos de carne.  <\/p>\n<p>El mango del cuchillo deportivo Muela Albar-18H est\u00e1 hecho de asta de ciervo, un material incre\u00edblemente detallado y resistente. La asta de ciervo se cae en invierno y vuelve a crecer en primavera, por lo que no hay crueldad en el uso de este material, empleado desde hace mucho tiempo en la fabricaci\u00f3n de cuchillos de mano. <\/p>\n<p>Su hoja est\u00e1 fabricada en X50CrMoV15 \u00abMOVA\u00bb (1.4116), un material cl\u00e1sico de los cuchillos Muela, que es una excelente combinaci\u00f3n de molibdeno y vanadio, formando un acero con excelente dureza y resistencia a la corrosi\u00f3n. La hoja tiene filo falso, filo redondeado y doble guardamanos. Incluye funda de cuero. <\/p>\n<p>Cuchillo adecuado para: cazadores, cazadores<\/p>\n<p>Construcci\u00f3n del cuchillo: hoja fija<\/p>\n<p>Forma de la hoja: bowie<\/p>\n<p>Color de la hoja: plata cl\u00e1sica<\/p>\n<p>Mango: asta de ciervo<\/p>\n<p>Longitud de la hoja: 18 cm<\/p>\n<p>Longitud del mango (cm): 12,5 cm<\/p>\n<p>Longitud total (cm): 30,5<\/p>\n<p>Peso del cuchillo (g): 250<\/p>\n<p>Dureza del acero:<\/p>\n<p>58 &#8211; 60 HRC<\/p>\n<p>&nbsp;<\/p>\n<p>&nbsp;<\/p>\n<p>&nbsp;<\/p>\n","protected":false},"excerpt":{"rendered":"<p><strong>El cuchillo deportivo Muela Albar-18H es un cuchillo de la l\u00ednea de barbacoa, dise\u00f1ado principalmente para los amantes de los cuchillos que aprecian los cuchillos con materiales de primera calidad, como la asta de ciervo, utilizada en el mango.<\/strong><\/p>\n","protected":false},"featured_media":353798,"comment_status":"open","ping_status":"closed","template":"","meta":[],"pwb-brand":[3908],"product_brand":[],"product_cat":[3727,3726],"product_tag":[],"class_list":{"0":"post-428925","1":"product","2":"type-product","3":"status-publish","4":"has-post-thumbnail","6":"pwb-brand-ella-tenia-que","7":"product_cat-cuchillos-macizos","8":"product_cat-cuchillos","10":"first","11":"outofstock","12":"taxable","13":"shipping-taxable","14":"purchasable","15":"product-type-simple"},"brands":[{"id":3908,"name":"Ella ten\u00eda que","slug":"ella-tenia-que"}],"_links":{"self":[{"href":"https:\/\/www.moskito.cz\/es\/wp-json\/wp\/v2\/product\/428925","targetHints":{"allow":["GET"]}}],"collection":[{"href":"https:\/\/www.moskito.cz\/es\/wp-json\/wp\/v2\/product"}],"about":[{"href":"https:\/\/www.moskito.cz\/es\/wp-json\/wp\/v2\/types\/product"}],"replies":[{"embeddable":true,"href":"https:\/\/www.moskito.cz\/es\/wp-json\/wp\/v2\/comments?post=428925"}],"wp:featuredmedia":[{"embeddable":true,"href":"https:\/\/www.moskito.cz\/es\/wp-json\/wp\/v2\/media\/353798"}],"wp:attachment":[{"href":"https:\/\/www.moskito.cz\/es\/wp-json\/wp\/v2\/media?parent=428925"}],"wp:term":[{"taxonomy":"pwb-brand","embeddable":true,"href":"https:\/\/www.moskito.cz\/es\/wp-json\/wp\/v2\/pwb-brand?post=428925"},{"taxonomy":"product_brand","embeddable":true,"href":"https:\/\/www.moskito.cz\/es\/wp-json\/wp\/v2\/product_brand?post=428925"},{"taxonomy":"product_cat","embeddable":true,"href":"https:\/\/www.moskito.cz\/es\/wp-json\/wp\/v2\/product_cat?post=428925"},{"taxonomy":"product_tag","embeddable":true,"href":"https:\/\/www.moskito.cz\/es\/wp-json\/wp\/v2\/product_tag?post=428925"}],"curies":[{"name":"wp","href":"https:\/\/api.w.org\/{rel}","templated":true}]}}