{"id":429039,"date":"2024-11-18T23:21:42","date_gmt":"2024-11-18T22:21:42","guid":{"rendered":"https:\/\/www.moskito.cz\/produkt\/navaja-plegable-benchmade-mini-bugout-533bk-2\/"},"modified":"2025-11-26T14:21:46","modified_gmt":"2025-11-26T13:21:46","slug":"navaja-plegable-benchmade-mini-bugout-533bk-2","status":"publish","type":"product","link":"https:\/\/www.moskito.cz\/es\/produkt\/navaja-plegable-benchmade-mini-bugout-533bk-2\/","title":{"rendered":"Navaja plegable Benchmade Mini Bugout 533BK-2"},"content":{"rendered":"<p>Navaja plegable <strong>Benchmade<\/strong> Mini Bugout 533BK-2.<\/p>\n<p>No se deje enga\u00f1ar por su tama\u00f1o: el 533BK-2 Mini Bugout demuestra que las herramientas peque\u00f1as pueden ser muy potentes. Este cuchillo minimalista destaca por su dise\u00f1o ultraligero, su construcci\u00f3n de precisi\u00f3n y su fabricaci\u00f3n de calidad Benchmade. <\/p>\n<p>Caracter\u00edsticas principales:<br \/>\n Ligereza y portabilidad:<\/p>\n<p>Con un peso de tan solo 42,52 g (1,50 oz), es c\u00f3modo de usar todos los d\u00edas.<br \/>\n Sus dimensiones compactas (9,41 cm cuando est\u00e1 cerrado) facilitan su almacenamiento y manipulaci\u00f3n.<br \/>\n Durabilidad y rendimiento:<\/p>\n<p>Material de la hoja: El acero inoxidable CPM-S30V es conocido por su excelente resistencia al desgaste y la corrosi\u00f3n, junto con una excelente retenci\u00f3n del filo.<br \/>\n Tratamiento de superficie: Cerakote negro mejora la resistencia al rayado y proporciona un acabado mate.<br \/>\n Dise\u00f1o :<\/p>\n<p>El mango CF-Elite ofrece una combinaci\u00f3n de resistencia y peso extremadamente bajo.<br \/>\n El estilo de hoja Drop Point garantiza versatilidad y eficiencia en varios tipos de corte.<br \/>\n Adaptabilidad:<\/p>\n<p>El clip de bolsillo de acero inoxidable oxidado en negro es ambidiestro y abatible, lo que lo hace ideal tanto para usuarios diestros como zurdos.<br \/>\nEl mecanismo de bloqueo AXIS proporciona una operaci\u00f3n segura, r\u00e1pida y sencilla con una sola mano.<br \/>\nEspecificaciones t\u00e9cnicas:<br \/>\nValor de especificaci\u00f3n<br \/>\nLongitud de la hoja 7,16 cm<br \/>\nGrosor de la hoja 2,286 mm<br \/>\nMaterial de la cuchilla CPM-S30V Acero inoxidable<br \/>\nDureza de la hoja 58-60 HRC<br \/>\nHoja elegante con punta ca\u00edda<br \/>\nGrosor del mango 10,46 mm<br \/>\nLongitud total 16,48 cm<br \/>\nLongitud del cuchillo cerrado 9,41 cm<br \/>\nPeso 42,52 g<br \/>\n Clase Azul<br \/>\n Origen Hecho en EE. UU.<br \/>\n Resumen<br \/>\n El Benchmade 533BK-2 Mini Bugout es el cuchillo ideal para quienes buscan una herramienta ligera, fiable y funcional para el d\u00eda a d\u00eda. Su tama\u00f1o compacto no limita su rendimiento, lo que lo convierte en una excelente opci\u00f3n tanto para entusiastas del aire libre como para usuarios habituales. Simplicidad, elegancia y practicidad: as\u00ed es el Mini Bugout.  <\/p>\n","protected":false},"excerpt":{"rendered":"<p>El Benchmade 533BK-2 Mini Bugout es el cuchillo ideal para quienes buscan una herramienta ligera, fiable y funcional para el d\u00eda a d\u00eda. Su tama\u00f1o compacto no limita su rendimiento, lo que lo convierte en una excelente opci\u00f3n tanto para aficionados al aire libre como para usuarios habituales. <\/p>\n<p>Env\u00edo gratis.<\/p>\n","protected":false},"featured_media":373803,"comment_status":"open","ping_status":"closed","template":"","meta":[],"pwb-brand":[3978],"product_brand":[],"product_cat":[3730,3726],"product_tag":[],"class_list":{"0":"post-429039","1":"product","2":"type-product","3":"status-publish","4":"has-post-thumbnail","6":"pwb-brand-hecho-a-mano-en-banco","7":"product_cat-cuchillas-de-cierre","8":"product_cat-cuchillos","10":"first","11":"outofstock","12":"taxable","13":"shipping-taxable","14":"purchasable","15":"product-type-simple"},"brands":[{"id":3978,"name":"Hecho a mano en banco","slug":"hecho-a-mano-en-banco"}],"_links":{"self":[{"href":"https:\/\/www.moskito.cz\/es\/wp-json\/wp\/v2\/product\/429039","targetHints":{"allow":["GET"]}}],"collection":[{"href":"https:\/\/www.moskito.cz\/es\/wp-json\/wp\/v2\/product"}],"about":[{"href":"https:\/\/www.moskito.cz\/es\/wp-json\/wp\/v2\/types\/product"}],"replies":[{"embeddable":true,"href":"https:\/\/www.moskito.cz\/es\/wp-json\/wp\/v2\/comments?post=429039"}],"wp:featuredmedia":[{"embeddable":true,"href":"https:\/\/www.moskito.cz\/es\/wp-json\/wp\/v2\/media\/373803"}],"wp:attachment":[{"href":"https:\/\/www.moskito.cz\/es\/wp-json\/wp\/v2\/media?parent=429039"}],"wp:term":[{"taxonomy":"pwb-brand","embeddable":true,"href":"https:\/\/www.moskito.cz\/es\/wp-json\/wp\/v2\/pwb-brand?post=429039"},{"taxonomy":"product_brand","embeddable":true,"href":"https:\/\/www.moskito.cz\/es\/wp-json\/wp\/v2\/product_brand?post=429039"},{"taxonomy":"product_cat","embeddable":true,"href":"https:\/\/www.moskito.cz\/es\/wp-json\/wp\/v2\/product_cat?post=429039"},{"taxonomy":"product_tag","embeddable":true,"href":"https:\/\/www.moskito.cz\/es\/wp-json\/wp\/v2\/product_tag?post=429039"}],"curies":[{"name":"wp","href":"https:\/\/api.w.org\/{rel}","templated":true}]}}