{"id":429164,"date":"2020-02-26T21:50:05","date_gmt":"2020-02-26T20:50:05","guid":{"rendered":"https:\/\/www.moskito.cz\/produkt\/cuchilla-eyectora-microtech-utx-85-satin-231-5\/"},"modified":"2025-11-27T14:58:10","modified_gmt":"2025-11-27T13:58:10","slug":"cuchilla-eyectora-microtech-utx-85-satin-231-5","status":"publish","type":"product","link":"https:\/\/www.moskito.cz\/es\/produkt\/cuchilla-eyectora-microtech-utx-85-satin-231-5\/","title":{"rendered":"Cuchilla eyectora Microtech UTX-85 Satin 231-5"},"content":{"rendered":"<p>Cuchilla eyectora <strong>Microtech<\/strong> UTX-85 Satin 231-5.<\/p>\n<p><span lang=\"cs\">A lo largo de los a\u00f1os, <strong>Microtech\u00ae Knives<\/strong> ha infundido pasi\u00f3n y habilidad en la fabricaci\u00f3n de cuchillos, creando casi obras de arte.<br \/>\n que son el pin\u00e1culo de la funcionalidad. Sigue ampliando los l\u00edmites y mejorando,<br \/>\n Lo que ya sabe funciona. En 2020, Microtech\u00ae Knives se convirti\u00f3 en un fabricante de cuchillos l\u00edder.<br \/>\n una marca que est\u00e1 en constante evoluci\u00f3n y avanza utilizando las \u00faltimas tecnolog\u00edas,<br \/>\n Principios antiguos en la producci\u00f3n de cuchillas y m\u00e1ximas pruebas de campo, para no comprometer la calidad.  <\/span><\/p>\n<p>Un cuchillo de tiro desde el frente.<\/p>\n<p><strong>UTX-85<\/strong> con hoja de un solo filo. El cuchillo tiene un mango de aluminio moldeado anodizado 6061-T6 con punta esf\u00e9rica de acero inoxidable. <\/p>\n<p><strong>El cuchillo Microtech UTX-85<\/strong> 231-5 presenta un mango de contorno suave que mejora la comodidad durante su uso. Este modelo actualizado ofrece las mismas dimensiones, herrajes y durabilidad que la versi\u00f3n \u00abTri-Grip\u00bb y se adapta mejor a la mano y al bolsillo. <\/p>\n<p>Para quienes no est\u00e9n familiarizados con esta tecnolog\u00eda, se trata de una navaja totalmente autom\u00e1tica con un mecanismo de doble acci\u00f3n frontal, lo que significa que la hoja se pliega y se retrae con el pulgar. La navaja de Microtech marc\u00f3 un hito en todas las navajas OTF. <\/p>\n<p>Longitud total: 18,75 cm.<br \/>\nLongitud de la hoja: 7,81 cm<br \/>\nFilo: 7,17 cm.<br \/>\nGrosor de la hoja: 0,32 cm<br \/>\nMaterial de la hoja: Bohler M390<br \/>\nEstilo de hoja: Cl\u00e1sico<br \/>\nInserciones: planas<br \/>\nAcabado: Satinado<br \/>\nTipo de borde: liso<br \/>\nLongitud del mango: 10,92 cm<br \/>\n Grosor del mango: 1,17 cm<br \/>\n Material del mango: aluminio<br \/>\n Color negro<br \/>\n Peso: 3,06 oz.<br \/>\nUsuario: mano derecha<br \/>\nClip de bolsillo: inclinado hacia abajo<br \/>\nTipo de cuchillo: OTF de doble acci\u00f3n autom\u00e1tico<br \/>\nAbridor: Diapositiva del pulgar<br \/>\nMarca: Microtech<br \/>\nModelo: UTX-85<br \/>\nN\u00famero de modelo: 231-5<br \/>\nPa\u00eds de origen: EE.UU.<br \/>\nMejor uso: t\u00e1ctico<\/p>\n<div class=\"description\">\n<div class=\"clearfix\">https:\/\/youtu.be\/xE9TeOFYEjg?si=_cD7H1ukVfrw59MV<\/div>\n<div><\/div>\n<div><\/div>\n<\/div>\n<div class=\"specifications\">\n<div class=\"features\"><\/div>\n<div class=\"specs\">\n<p>&nbsp;<\/p>\n<\/div>\n<div class=\"clearfix\"><\/div>\n<\/div>\n","protected":false},"excerpt":{"rendered":"<p><strong>A lo largo de los a\u00f1os, Microtech\u00ae Knives ha llenado los cuchillos con pasi\u00f3n y habilidad para crear casi obras de arte que son el pin\u00e1culo de la funcionalidad. Todas las piezas se fabrican en los EE. UU.<\/strong><br \/>\n<strong>Todos los cuchillos Microtech vienen con una garant\u00eda de por vida.<\/strong><\/p>\n","protected":false},"featured_media":197558,"comment_status":"open","ping_status":"closed","template":"","meta":[],"pwb-brand":[3752],"product_brand":[],"product_cat":[3729,3726],"product_tag":[3756],"class_list":{"0":"post-429164","1":"product","2":"type-product","3":"status-publish","4":"has-post-thumbnail","6":"pwb-brand-microtecnologia","7":"product_cat-cuchillos-de-tiro","8":"product_cat-cuchillos","9":"product_tag-b2b-es","11":"first","12":"outofstock","13":"taxable","14":"shipping-taxable","15":"purchasable","16":"product-type-simple"},"brands":[{"id":3752,"name":"microtecnolog\u00eda","slug":"microtecnologia"}],"_links":{"self":[{"href":"https:\/\/www.moskito.cz\/es\/wp-json\/wp\/v2\/product\/429164","targetHints":{"allow":["GET"]}}],"collection":[{"href":"https:\/\/www.moskito.cz\/es\/wp-json\/wp\/v2\/product"}],"about":[{"href":"https:\/\/www.moskito.cz\/es\/wp-json\/wp\/v2\/types\/product"}],"replies":[{"embeddable":true,"href":"https:\/\/www.moskito.cz\/es\/wp-json\/wp\/v2\/comments?post=429164"}],"wp:featuredmedia":[{"embeddable":true,"href":"https:\/\/www.moskito.cz\/es\/wp-json\/wp\/v2\/media\/197558"}],"wp:attachment":[{"href":"https:\/\/www.moskito.cz\/es\/wp-json\/wp\/v2\/media?parent=429164"}],"wp:term":[{"taxonomy":"pwb-brand","embeddable":true,"href":"https:\/\/www.moskito.cz\/es\/wp-json\/wp\/v2\/pwb-brand?post=429164"},{"taxonomy":"product_brand","embeddable":true,"href":"https:\/\/www.moskito.cz\/es\/wp-json\/wp\/v2\/product_brand?post=429164"},{"taxonomy":"product_cat","embeddable":true,"href":"https:\/\/www.moskito.cz\/es\/wp-json\/wp\/v2\/product_cat?post=429164"},{"taxonomy":"product_tag","embeddable":true,"href":"https:\/\/www.moskito.cz\/es\/wp-json\/wp\/v2\/product_tag?post=429164"}],"curies":[{"name":"wp","href":"https:\/\/api.w.org\/{rel}","templated":true}]}}