{"id":429211,"date":"2023-07-18T12:32:56","date_gmt":"2023-07-18T11:32:56","guid":{"rendered":"https:\/\/www.moskito.cz\/produkt\/cuchillo-fijo-muela-7221\/"},"modified":"2025-12-03T10:54:00","modified_gmt":"2025-12-03T09:54:00","slug":"cuchillo-fijo-muela-7221","status":"publish","type":"product","link":"https:\/\/www.moskito.cz\/es\/produkt\/cuchillo-fijo-muela-7221\/","title":{"rendered":"Cuchillo fijo Muela 7221"},"content":{"rendered":"<h2 data-pm-slice=\"1 1 []\">Cuchillo fijo Muela 7221<\/h2>\n<p>El Muela 7221 es un cuchillo de hoja fija s\u00f3lido y fiable de la marca espa\u00f1ola <strong>Muela Manufacturas,<\/strong> ideal para todo tipo de actividades, desde acampadas hasta actividades de caza o supervivencia m\u00e1s exigentes. Es una herramienta robusta que no te defraudar\u00e1 ni en las condiciones m\u00e1s dif\u00edciles. <\/p>\n<p>Este modelo est\u00e1 dise\u00f1ado para exteriores, caza y uso diario. Es ideal para escapadas de fin de semana a la naturaleza, para acampar o como cuchillo de repuesto para sobrevivir en la naturaleza. Su construcci\u00f3n de calidad, su c\u00f3modo mango y su funda protectora lo convierten en un pr\u00e1ctico compa\u00f1ero para el d\u00eda a d\u00eda. <\/p>\n<div>\n<hr>\n<\/div>\n<h3>Par\u00e1metros t\u00e9cnicos<\/h3>\n<ul data-spread=\"false\">\n<li><strong>C\u00f3digo de producto:<\/strong> 7221<\/li>\n<li><strong>Material de la hoja:<\/strong> acero inoxidable 420H (dureza 54\u201358 HRC)<\/li>\n<li><strong>Superficie de la hoja:<\/strong> Acabado satinado (semimate, antirreflectante)<\/li>\n<li><strong>Forma de la hoja:<\/strong> bowie<\/li>\n<li><strong>Grosor de la hoja:<\/strong> 3,5 mm<\/li>\n<li><strong>Tipo de hoja:<\/strong> filo liso<\/li>\n<li><strong>Tipo de molienda:<\/strong> c\u00f3ncava (molienda hueca)<\/li>\n<li><strong>Longitud de la hoja:<\/strong> 22 cm<\/li>\n<li><strong>Longitud del mango:<\/strong> 11,5 cm<\/li>\n<li><strong>Longitud total:<\/strong> 33,5 cm<\/li>\n<li><strong>Peso:<\/strong> 338g<\/li>\n<li><strong>Material del mango:<\/strong> pl\u00e1stico ABS negro con textura antideslizante.<\/li>\n<li><strong>Material de la caja:<\/strong> cuero negro<\/li>\n<li><strong>M\u00e9todo de uso:<\/strong> verticalmente en el cintur\u00f3n.<\/li>\n<\/ul>\n<div>\n<hr>\n<\/div>\n<h3>Principales ventajas<\/h3>\n<ul data-spread=\"false\">\n<li><strong>Construcci\u00f3n robusta y hoja larga<\/strong> : ideal para cortar, hacer palanca y realizar cortes el\u00e9ctricos.<\/li>\n<li><strong>Tratamiento de hoja antirreflejo<\/strong> : elimina el deslumbramiento y aumenta la discreci\u00f3n en el campo.<\/li>\n<li><strong>Mango de pl\u00e1stico ABS duradero<\/strong> : antideslizante y se adapta bien incluso en manos mojadas.<\/li>\n<li><strong>Elegante estuche de cuero<\/strong> con cierre y clip para cintur\u00f3n.<\/li>\n<li><strong>Excelente relaci\u00f3n precio\/rendimiento<\/strong> : un cuchillo multiusos confiable a un precio asequible<\/li>\n<\/ul>\n<div>\n<hr>\n<\/div>\n<h3>Desventajas<\/h3>\n<ul data-spread=\"false\">\n<li><strong>Un mango de pl\u00e1stico<\/strong> puede no resultar tan lujoso como uno de madera o asta.<\/li>\n<li><strong>Carece de hoja dentada<\/strong> , lo que puede limitar su uso a algunos tipos de cortes (por ejemplo, cuerdas, correas).<\/li>\n<\/ul>\n<div>\n<hr>\n<\/div>\n<h3>\u00bfPara qui\u00e9n es Muela 7221?<\/h3>\n<ul data-spread=\"false\">\n<li>Para los entusiastas del aire libre que buscan un cuchillo robusto con una hoja grande.<\/li>\n<li>Para cazadores y excursionistas que aprecian su uso universal.<\/li>\n<li>Para aquellos que quieren un cuchillo confiable para acampar o sobrevivir al aire libre.<\/li>\n<\/ul>\n<div>\n<hr>\n<\/div>\n<h3>Mantenimiento y rectificado<\/h3>\n<p>Para mantener el filo recomendamos <a>el afilador Vulk\u00e1nus Classic G2<\/a> o el afilador <a>plegable Vulk\u00e1nus<\/a> , ideal incluso para hojas lisas. \ud83d\uded2 Compra en nuestra p\u00e1gina web <a>Moskito.cz<\/a> . <\/p>\n<div>\n<hr>\n<\/div>\n<h3>Evaluaci\u00f3n final<\/h3>\n<p>El Muela 7221 es un cuchillo bowie s\u00f3lido y de hoja grande, ideal para quienes viajan con frecuencia fuera de la civilizaci\u00f3n. Resiste un uso intensivo, ofrece un agarre seguro y, gracias a su dise\u00f1o, tambi\u00e9n luce elegante. Si busca un cuchillo que le resista en cualquier situaci\u00f3n, el Muela 7221 es un \u00e9xito.  <\/p>\n","protected":false},"excerpt":{"rendered":"<p><strong>El Muela 7221 es un cuchillo honesto y grande con una hoja bowie que atraer\u00e1 a cualquiera que viaje a menudo fuera de la civilizaci\u00f3n.<\/strong><\/p>\n","protected":false},"featured_media":429213,"comment_status":"open","ping_status":"closed","template":"","meta":[],"pwb-brand":[3908],"product_brand":[],"product_cat":[3727,3726],"product_tag":[3756],"class_list":{"0":"post-429211","1":"product","2":"type-product","3":"status-publish","4":"has-post-thumbnail","6":"pwb-brand-ella-tenia-que","7":"product_cat-cuchillos-macizos","8":"product_cat-cuchillos","9":"product_tag-b2b-es","11":"first","12":"outofstock","13":"taxable","14":"shipping-taxable","15":"purchasable","16":"product-type-simple"},"brands":[{"id":3908,"name":"Ella ten\u00eda que","slug":"ella-tenia-que"}],"_links":{"self":[{"href":"https:\/\/www.moskito.cz\/es\/wp-json\/wp\/v2\/product\/429211","targetHints":{"allow":["GET"]}}],"collection":[{"href":"https:\/\/www.moskito.cz\/es\/wp-json\/wp\/v2\/product"}],"about":[{"href":"https:\/\/www.moskito.cz\/es\/wp-json\/wp\/v2\/types\/product"}],"replies":[{"embeddable":true,"href":"https:\/\/www.moskito.cz\/es\/wp-json\/wp\/v2\/comments?post=429211"}],"wp:featuredmedia":[{"embeddable":true,"href":"https:\/\/www.moskito.cz\/es\/wp-json\/wp\/v2\/media\/429213"}],"wp:attachment":[{"href":"https:\/\/www.moskito.cz\/es\/wp-json\/wp\/v2\/media?parent=429211"}],"wp:term":[{"taxonomy":"pwb-brand","embeddable":true,"href":"https:\/\/www.moskito.cz\/es\/wp-json\/wp\/v2\/pwb-brand?post=429211"},{"taxonomy":"product_brand","embeddable":true,"href":"https:\/\/www.moskito.cz\/es\/wp-json\/wp\/v2\/product_brand?post=429211"},{"taxonomy":"product_cat","embeddable":true,"href":"https:\/\/www.moskito.cz\/es\/wp-json\/wp\/v2\/product_cat?post=429211"},{"taxonomy":"product_tag","embeddable":true,"href":"https:\/\/www.moskito.cz\/es\/wp-json\/wp\/v2\/product_tag?post=429211"}],"curies":[{"name":"wp","href":"https:\/\/api.w.org\/{rel}","templated":true}]}}