{"id":429242,"date":"2024-09-26T13:01:37","date_gmt":"2024-09-26T12:01:37","guid":{"rendered":"https:\/\/www.moskito.cz\/produkt\/boker-plus-aks-74-mini-tanto-negro\/"},"modified":"2025-12-03T14:38:23","modified_gmt":"2025-12-03T13:38:23","slug":"boker-plus-aks-74-mini-tanto-negro","status":"publish","type":"product","link":"https:\/\/www.moskito.cz\/es\/produkt\/boker-plus-aks-74-mini-tanto-negro\/","title":{"rendered":"B\u00f6ker Plus AKS-74 Mini Tanto Negro"},"content":{"rendered":"<p>B\u00f6ker Plus AKS-74 Mini Tanto Negro 01KALS7 3BT.<\/p>\n<div class=\"flex max-w-full flex-col flex-grow\">\n<div class=\"min-h-8 text-message flex w-full flex-col items-end gap-2 whitespace-normal break-words [.text-message+&amp;]:mt-5\" dir=\"auto\" data-message-author-role=\"assistant\" data-message-id=\"01470aca-3f1b-4b24-8fe7-ee702e6dacb6\" data-message-model-slug=\"gpt-4o\">\n<div class=\"flex w-full flex-col gap-1 empty:hidden first:pt-[3px]\">\n<div class=\"markdown prose w-full break-words dark:prose-invert light\">\n<p><strong>El B\u00f6ker Plus AKS-74 Mini Tanto Black<\/strong> es una versi\u00f3n compacta del ic\u00f3nico modelo, con un dise\u00f1o t\u00e1ctico inspirado en el fusil de asalto ruso AK-74. Este cuchillo combina una gran funcionalidad con una construcci\u00f3n robusta y es ideal tanto para el porte diario (EDC) como para las tareas m\u00e1s exigentes. <\/p>\n<hr>\n<h3><strong>Propiedades clave:<\/strong><\/h3>\n<ol>\n<li><strong>Cuchilla<\/strong> :\n<ul>\n<li><strong>Forma<\/strong> : Tanto: ofrece la m\u00e1xima resistencia en la punta y es ideal para tareas de perforaci\u00f3n y cortes precisos.<\/li>\n<li><strong>Material<\/strong> : <strong>AUS-8<\/strong> \u2013 acero inoxidable japon\u00e9s de alta calidad con buena resistencia al desgaste y la corrosi\u00f3n.<\/li>\n<li><strong>Tratamiento de superficie<\/strong> : Recubrimiento negro: elimina el reflejo y aumenta la durabilidad de la hoja.<\/li>\n<li><strong>Longitud<\/strong> : 5,80 cm \u2013 Hoja compacta con perfecto control durante su uso.<\/li>\n<\/ul>\n<\/li>\n<li><strong>Manejar<\/strong> :\n<ul>\n<li><strong>Material<\/strong> : Aluminio: duradero, liviano y ergon\u00f3mico, con un acabado mate para un agarre antideslizante.<\/li>\n<li><strong>Color<\/strong> : Negro \u2013 aspecto t\u00e1ctico.<\/li>\n<\/ul>\n<\/li>\n<li><strong>Mecanismo<\/strong> :\n<ul>\n<li><strong>Apertura<\/strong> : Mecanismo autom\u00e1tico \u2013 permite una apertura r\u00e1pida y sencilla con una sola mano.<\/li>\n<li><strong>Cerradura<\/strong> : Una cerradura confiable garantiza la seguridad en su uso.<\/li>\n<\/ul>\n<\/li>\n<li><strong>Otras caracter\u00edsticas<\/strong> :\n<ul>\n<li><strong>Clip<\/strong> : para sujetarlo f\u00e1cilmente al cintur\u00f3n o al bolsillo, adecuado para uso diario.<\/li>\n<li><strong>Orificios para cord\u00f3n<\/strong> : pr\u00e1cticos para sujetar paracord u otros accesorios.<\/li>\n<\/ul>\n<\/li>\n<\/ol>\n<hr>\n<h3><strong>Especificaciones t\u00e9cnicas<\/strong> :<\/h3>\n<ul>\n<li><strong>Longitud total<\/strong> : 14,60 cm<\/li>\n<li><strong>Longitud de la hoja<\/strong> : 5,80 cm<\/li>\n<li><strong>Grosor de la hoja<\/strong> : 2,60 mm<\/li>\n<li><strong>Peso<\/strong> : 74,00 g<\/li>\n<li><strong>Material de la hoja<\/strong> : AUS-8<\/li>\n<li><strong>Material del mango<\/strong> : aluminio<\/li>\n<li><strong>Mecanismo de apertura<\/strong> : Autom\u00e1tico<\/li>\n<li><strong>Color<\/strong> : Negro<\/li>\n<li><strong>N\u00famero de art\u00edculo<\/strong> : 01KALS73BT<\/li>\n<\/ul>\n<hr>\n<h3><strong>Beneficios y usos<\/strong> :<\/h3>\n<ul>\n<li><strong>Dise\u00f1o compacto<\/strong> : f\u00e1cilmente port\u00e1til, adecuado para el uso diario y las situaciones m\u00e1s exigentes.<\/li>\n<li><strong>Manipulaci\u00f3n r\u00e1pida<\/strong> : La apertura autom\u00e1tica garantiza un uso inmediato.<\/li>\n<li><strong>Durabilidad y calidad<\/strong> : La construcci\u00f3n robusta y los materiales de calidad hacen de este cuchillo una herramienta confiable.<\/li>\n<\/ul>\n<hr>\n<h3><strong>Conclusi\u00f3n<\/strong> :<\/h3>\n<p><strong>El B\u00f6ker Plus AKS-74 Mini Tanto Black 01KALS73BT<\/strong> representa la combinaci\u00f3n perfecta de practicidad, elegancia y durabilidad. Este cuchillo es la opci\u00f3n ideal para quienes buscan un cuchillo t\u00e1ctico compacto de acceso r\u00e1pido y dise\u00f1o moderno. Perfecto para el uso diario y en situaciones de emergencia.  <\/p>\n<\/div>\n<\/div>\n<\/div>\n<\/div>\n<div class=\"mb-2 flex gap-3 empty:hidden -ml-2\">\n<div class=\"items-center justify-start rounded-xl p-1 flex\">\n<div class=\"flex items-center\"><\/div>\n<\/div>\n<\/div>\n","protected":false},"excerpt":{"rendered":"<div class=\"flex max-w-full flex-col flex-grow\">\n<div class=\"min-h-8 text-message flex w-full flex-col items-end gap-2 whitespace-normal break-words [.text-message+&amp;]:mt-5\" dir=\"auto\" data-message-author-role=\"assistant\" data-message-id=\"01470aca-3f1b-4b24-8fe7-ee702e6dacb6\" data-message-model-slug=\"gpt-4o\">\n<div class=\"flex w-full flex-col gap-1 empty:hidden first:pt-[3px]\">\n<div class=\"markdown prose w-full break-words dark:prose-invert light\">\n<p><strong>El B\u00f6ker Plus AKS-74 Mini Tanto Black 01KALS73BT representa la combinaci\u00f3n perfecta de practicidad, elegancia y durabilidad. Este cuchillo es la opci\u00f3n ideal para quienes buscan un cuchillo t\u00e1ctico compacto de acceso r\u00e1pido y dise\u00f1o moderno. Perfecto para el uso diario y en situaciones de emergencia.  <\/strong><\/p>\n<\/div>\n<\/div>\n<\/div>\n<\/div>\n<div class=\"mb-2 flex gap-3 empty:hidden -ml-2\">\n<div class=\"items-center justify-start rounded-xl p-1 flex\">\n<div class=\"flex items-center\"><\/div>\n<\/div>\n<\/div>\n","protected":false},"featured_media":361271,"comment_status":"closed","ping_status":"closed","template":"","meta":[],"pwb-brand":[3800],"product_brand":[],"product_cat":[3730,3726],"product_tag":[],"class_list":{"0":"post-429242","1":"product","2":"type-product","3":"status-publish","4":"has-post-thumbnail","6":"pwb-brand-boker-es","7":"product_cat-cuchillas-de-cierre","8":"product_cat-cuchillos","10":"first","11":"outofstock","12":"taxable","13":"shipping-taxable","14":"purchasable","15":"product-type-simple"},"brands":[{"id":3800,"name":"B\u00f3ker","slug":"boker-es"}],"_links":{"self":[{"href":"https:\/\/www.moskito.cz\/es\/wp-json\/wp\/v2\/product\/429242","targetHints":{"allow":["GET"]}}],"collection":[{"href":"https:\/\/www.moskito.cz\/es\/wp-json\/wp\/v2\/product"}],"about":[{"href":"https:\/\/www.moskito.cz\/es\/wp-json\/wp\/v2\/types\/product"}],"replies":[{"embeddable":true,"href":"https:\/\/www.moskito.cz\/es\/wp-json\/wp\/v2\/comments?post=429242"}],"wp:featuredmedia":[{"embeddable":true,"href":"https:\/\/www.moskito.cz\/es\/wp-json\/wp\/v2\/media\/361271"}],"wp:attachment":[{"href":"https:\/\/www.moskito.cz\/es\/wp-json\/wp\/v2\/media?parent=429242"}],"wp:term":[{"taxonomy":"pwb-brand","embeddable":true,"href":"https:\/\/www.moskito.cz\/es\/wp-json\/wp\/v2\/pwb-brand?post=429242"},{"taxonomy":"product_brand","embeddable":true,"href":"https:\/\/www.moskito.cz\/es\/wp-json\/wp\/v2\/product_brand?post=429242"},{"taxonomy":"product_cat","embeddable":true,"href":"https:\/\/www.moskito.cz\/es\/wp-json\/wp\/v2\/product_cat?post=429242"},{"taxonomy":"product_tag","embeddable":true,"href":"https:\/\/www.moskito.cz\/es\/wp-json\/wp\/v2\/product_tag?post=429242"}],"curies":[{"name":"wp","href":"https:\/\/api.w.org\/{rel}","templated":true}]}}