{"id":429251,"date":"2023-03-27T19:29:50","date_gmt":"2023-03-27T18:29:50","guid":{"rendered":"https:\/\/www.moskito.cz\/produkt\/cuchillo-de-cierre-acero-frio-xl-voyager-vaquero-bordura-serrada-aus10a\/"},"modified":"2025-12-04T10:12:03","modified_gmt":"2025-12-04T09:12:03","slug":"cuchillo-de-cierre-acero-frio-xl-voyager-vaquero-bordura-serrada-aus10a","status":"publish","type":"product","link":"https:\/\/www.moskito.cz\/es\/produkt\/cuchillo-de-cierre-acero-frio-xl-voyager-vaquero-bordura-serrada-aus10a\/","title":{"rendered":"Cuchillo de Cierre Acero Fr\u00edo XL VOYAGER VAQUERO BORDURA SERRADA (AUS10A)"},"content":{"rendered":"<p>Cuchillo de Cierre <strong>Acero Fr\u00edo<\/strong> XL VOYAGER VAQUERO BORDURA SERRADA (AUS10A)<\/p>\n<p>La l\u00ednea <strong>Voyager de Cold Steel<\/strong> est\u00e1 dise\u00f1ada para ser un verdadero cuchillo para todos. Ligeras, c\u00f3modas, superafiladas, robustas, fiables y perfectas para la caza y la acampada, as\u00ed como para el uso diario y el corte cotidiano. Las Voyager destacan en muchas aplicaciones de supervivencia y rescate y han demostrado ser muy populares entre la polic\u00eda y el personal militar, que aprecian la combinaci\u00f3n de potencia de corte y seguridad que ofrecen. Cada cuchillo de nuestra extensa l\u00ednea Voyager est\u00e1 fabricado con precisi\u00f3n y sometido a. nuestros m\u00e1s altos est\u00e1ndares. Presentan hojas AUS10A y nuestro mecanismo de bloqueo Tri-Ad, \u00a1posiblemente el bloqueo m\u00e1s seguro y resistente a los impactos del mercado actual! Las empu\u00f1aduras ergon\u00f3micas Griv-Ex Voyagers (reforzadas con inserciones de aluminio 6061 tratado t\u00e9rmicamente) proporcionan una gran comodidad y un agarre seguro, incluso con un uso prolongado en condiciones exigentes. Disponible en dos tama\u00f1os y numerosas configuraciones de hoja y filo, <strong>la Voyager<\/strong> tiene algo para todos.     <\/p>\n<p>Descripci\u00f3n:<\/p>\n<p>Material de la hoja: AUS-10A<br \/>\nMaterial del mango: Griv-Ex<br \/>\nBloqueo: Tri-Ad lock<br \/>\nLongitud de la hoja: 14 cm<br \/>\nLongitud total: 31,1 cm<br \/>\nLongitud del mango: 17,1 cm<br \/>\nGrosor de la hoja: 4 mm<br \/>\nPeso: 204 g<br \/>\nUso: Camping, T\u00e1ctica, Supervivencia, Autodefensa, EDC &#8211; porte diario<\/p>\n<p><iframe title=\"Cold Steel&#039;s Deadliest Weapons, Voyager Vaquero\" width=\"800\" height=\"450\" src=\"https:\/\/www.youtube.com\/embed\/k4XKffPD4ko?feature=oembed\" frameborder=\"0\" allow=\"accelerometer; autoplay; clipboard-write; encrypted-media; gyroscope; picture-in-picture; web-share\" referrerpolicy=\"strict-origin-when-cross-origin\" allowfullscreen><\/iframe><\/p>\n<p>&nbsp;<\/p>\n<p>&nbsp;<\/p>\n","protected":false},"excerpt":{"rendered":"<p><strong>El Voyager Vaquero de Cold Steel es un cuchillo con hoja dentada. El Voyager Vaquero est\u00e1 destinado al uso en combate por su tama\u00f1o y la forma de su hoja. Tiene excelentes propiedades de corte.  <\/strong><\/p>\n","protected":false},"featured_media":429254,"comment_status":"open","ping_status":"closed","template":"","meta":[],"pwb-brand":[3790],"product_brand":[],"product_cat":[3730,3726],"product_tag":[3756],"class_list":{"0":"post-429251","1":"product","2":"type-product","3":"status-publish","4":"has-post-thumbnail","6":"pwb-brand-arma-blanca","7":"product_cat-cuchillas-de-cierre","8":"product_cat-cuchillos","9":"product_tag-b2b-es","11":"first","12":"outofstock","13":"taxable","14":"shipping-taxable","15":"purchasable","16":"product-type-simple"},"brands":[{"id":3790,"name":"Arma blanca","slug":"arma-blanca"}],"_links":{"self":[{"href":"https:\/\/www.moskito.cz\/es\/wp-json\/wp\/v2\/product\/429251","targetHints":{"allow":["GET"]}}],"collection":[{"href":"https:\/\/www.moskito.cz\/es\/wp-json\/wp\/v2\/product"}],"about":[{"href":"https:\/\/www.moskito.cz\/es\/wp-json\/wp\/v2\/types\/product"}],"replies":[{"embeddable":true,"href":"https:\/\/www.moskito.cz\/es\/wp-json\/wp\/v2\/comments?post=429251"}],"wp:featuredmedia":[{"embeddable":true,"href":"https:\/\/www.moskito.cz\/es\/wp-json\/wp\/v2\/media\/429254"}],"wp:attachment":[{"href":"https:\/\/www.moskito.cz\/es\/wp-json\/wp\/v2\/media?parent=429251"}],"wp:term":[{"taxonomy":"pwb-brand","embeddable":true,"href":"https:\/\/www.moskito.cz\/es\/wp-json\/wp\/v2\/pwb-brand?post=429251"},{"taxonomy":"product_brand","embeddable":true,"href":"https:\/\/www.moskito.cz\/es\/wp-json\/wp\/v2\/product_brand?post=429251"},{"taxonomy":"product_cat","embeddable":true,"href":"https:\/\/www.moskito.cz\/es\/wp-json\/wp\/v2\/product_cat?post=429251"},{"taxonomy":"product_tag","embeddable":true,"href":"https:\/\/www.moskito.cz\/es\/wp-json\/wp\/v2\/product_tag?post=429251"}],"curies":[{"name":"wp","href":"https:\/\/api.w.org\/{rel}","templated":true}]}}