{"id":429257,"date":"2022-04-18T19:43:55","date_gmt":"2022-04-18T18:43:55","guid":{"rendered":"https:\/\/www.moskito.cz\/produkt\/cuchillo-de-cierre-cold-steel-espada-grande-g-10-aus10a\/"},"modified":"2025-12-04T10:12:05","modified_gmt":"2025-12-04T09:12:05","slug":"cuchillo-de-cierre-cold-steel-espada-grande-g-10-aus10a","status":"publish","type":"product","link":"https:\/\/www.moskito.cz\/es\/produkt\/cuchillo-de-cierre-cold-steel-espada-grande-g-10-aus10a\/","title":{"rendered":"Cuchillo de cierre Cold Steel ESPADA GRANDE G-10 (AUS10A)"},"content":{"rendered":"<p>Cuchillo de cierre <strong>Cold Steel<\/strong> ESPADA GRANDE G-10 (AUS10A)<\/p>\n<p>El G-10 Espada Large es un cuchillo para llevar a diario. La l\u00ednea de productos Espada fue dise\u00f1ada por el famoso fabricante de cuchillos Andrew Demko y la presidenta de Cold Steel Lynn C. Thompson. La Espada est\u00e1 inspirada en las legendarias espadas de conquista Espada. La hoja es de acero japon\u00e9s AUS 10A.    Este acero inoxidable martens\u00edtico tiene muy buenas propiedades de resistencia y se utiliza principalmente como material para herramientas de corte. En comparaci\u00f3n con el AUS 8A, sujeta mejor la hoja y es m\u00e1s resistente a la abrasi\u00f3n. Luego, el acero ha sido tratado t\u00e9rmicamente para lograr el equilibrio perfecto entre retenci\u00f3n de bordes y f\u00e1cil reafilado. El tratamiento superficial DLC (Diamond Like Coating) con acabado negro, evita que se raye f\u00e1cilmente y hace que el cuchillo sea resistente a la oxidaci\u00f3n. El mango de los cuchillos Espada\u2122 es de G-10 &#8211; fibra de vidrio. El mango est\u00e1 fuertemente curvado, tiene una textura gruesa y est\u00e1 provisto de ranuras para los dedos, para un agarre seguro y firme al utilizar el cuchillo. Toda la l\u00ednea Espada incorpora la exclusiva patente Tri-Ad Lock\u2122 de Cold Steel\u00ae.    El bloqueo evita que el cuchillo se cierre autom\u00e1ticamente o involuntariamente incluso despu\u00e9s del desgaste natural con el tiempo.<\/p>\n<p>PAR\u00c1METROS DEL PRODUCTO<br \/>\nTama\u00f1o total : 311 mm<br \/>\nLongitud de la empu\u00f1adura : 171 mm<br \/>\nTipo de cierre : Tri-Ad Lock<br \/>\nLongitud de la hoja : 139 mm<br \/>\nAcero : Inoxidable japon\u00e9s AUS 10A con DLC<br \/>\nPeso : 246,64 g<br \/>\nMaterial de la funda : Inoxidable de bolsillo \/ clip de cintur\u00f3n<br \/>\nGrosor de la hoja : 4 mm<\/p>\n<p>Nuestra popular serie Espada tambi\u00e9n est\u00e1 disponible en una estilizada edici\u00f3n t\u00e1ctica \u00abblackout\u00bb. Con una resistente hoja lavada a la piedra y cachas de G-10 a elegir en negro, verde OD o tierra oscura. <\/p>\n<p>Peso: 9.2oz Grosor de la hoja: 3.7mm Longitud de la hoja: 5-1\/2&#8243; Acero de la hoja: AUS10A Longitud\/Material del mango: 6-3\/4 \u00abG-10 Longitud total: 12-1\/4\u00bb Caracter\u00edsticas adicionales: Clip inoxidable de bolsillo\/cintur\u00f3n Tipo de cuchillo: Folder Rango de longitud de la hoja: 5+ in Familia de acero: AUS Forma de la hoja: Punta de clip Mecanismo de bloqueo: Tri-Ad Lock Familia de Producto: Espada<\/p>\n","protected":false},"excerpt":{"rendered":"<p>La popular <strong>Espada<\/strong> Grande tambi\u00e9n est\u00e1 disponible con empu\u00f1adura de G-10 negro mate.<\/p>\n","protected":false},"featured_media":429259,"comment_status":"open","ping_status":"closed","template":"","meta":[],"pwb-brand":[3790],"product_brand":[],"product_cat":[3730,3726],"product_tag":[3756],"class_list":{"0":"post-429257","1":"product","2":"type-product","3":"status-publish","4":"has-post-thumbnail","6":"pwb-brand-arma-blanca","7":"product_cat-cuchillas-de-cierre","8":"product_cat-cuchillos","9":"product_tag-b2b-es","11":"first","12":"outofstock","13":"taxable","14":"shipping-taxable","15":"purchasable","16":"product-type-simple"},"brands":[{"id":3790,"name":"Arma blanca","slug":"arma-blanca"}],"_links":{"self":[{"href":"https:\/\/www.moskito.cz\/es\/wp-json\/wp\/v2\/product\/429257","targetHints":{"allow":["GET"]}}],"collection":[{"href":"https:\/\/www.moskito.cz\/es\/wp-json\/wp\/v2\/product"}],"about":[{"href":"https:\/\/www.moskito.cz\/es\/wp-json\/wp\/v2\/types\/product"}],"replies":[{"embeddable":true,"href":"https:\/\/www.moskito.cz\/es\/wp-json\/wp\/v2\/comments?post=429257"}],"wp:featuredmedia":[{"embeddable":true,"href":"https:\/\/www.moskito.cz\/es\/wp-json\/wp\/v2\/media\/429259"}],"wp:attachment":[{"href":"https:\/\/www.moskito.cz\/es\/wp-json\/wp\/v2\/media?parent=429257"}],"wp:term":[{"taxonomy":"pwb-brand","embeddable":true,"href":"https:\/\/www.moskito.cz\/es\/wp-json\/wp\/v2\/pwb-brand?post=429257"},{"taxonomy":"product_brand","embeddable":true,"href":"https:\/\/www.moskito.cz\/es\/wp-json\/wp\/v2\/product_brand?post=429257"},{"taxonomy":"product_cat","embeddable":true,"href":"https:\/\/www.moskito.cz\/es\/wp-json\/wp\/v2\/product_cat?post=429257"},{"taxonomy":"product_tag","embeddable":true,"href":"https:\/\/www.moskito.cz\/es\/wp-json\/wp\/v2\/product_tag?post=429257"}],"curies":[{"name":"wp","href":"https:\/\/api.w.org\/{rel}","templated":true}]}}