{"id":429296,"date":"2024-11-18T21:48:03","date_gmt":"2024-11-18T20:48:03","guid":{"rendered":"https:\/\/www.moskito.cz\/produkt\/cuchillo-plegable-benchmade-bugout-axis-535\/"},"modified":"2025-12-04T10:29:23","modified_gmt":"2025-12-04T09:29:23","slug":"cuchillo-plegable-benchmade-bugout-axis-535","status":"publish","type":"product","link":"https:\/\/www.moskito.cz\/es\/produkt\/cuchillo-plegable-benchmade-bugout-axis-535\/","title":{"rendered":"Cuchillo plegable Benchmade Bugout AXIS 535"},"content":{"rendered":"<p>Cuchillo <strong>Benchmade<\/strong> Bugout AXIS 535.<\/p>\n<p>La Benchmade Bugout BM535 es una de las navajas m\u00e1s ligeras y vers\u00e1tiles de su clase, dise\u00f1ada para el aventurero moderno al aire libre. Su combinaci\u00f3n de materiales superiores, dise\u00f1o innovador y peso ligero la han convertido en una elecci\u00f3n popular entre los entusiastas de las navajas, el senderismo y la supervivencia. A continuaci\u00f3n encontrar\u00e1s un desglose detallado de sus principales caracter\u00edsticas:  <\/p>\n<p>Caracter\u00edsticas principales<br \/>\nHoja:<\/p>\n<p>Material: acero inoxidable de primera calidad CPM-S30V, conocido por su resistencia a la corrosi\u00f3n y excelente retenci\u00f3n de la hoja.<br \/>\nDureza: 58-60 HRC, una combinaci\u00f3n ideal de tenacidad y dureza.<br \/>\nEstilo: Punta ca\u00edda, una forma vers\u00e1til adecuada para cortar y apu\u00f1alar.<br \/>\nLongitud: 8,23 cm (3,24&#8243;)<br \/>\nGrosor: 2,29 mm (0,090&#8243;)<br \/>\nMango:<\/p>\n<p>Material: Grivory (material compuesto ligero y duradero) con espaciadores de aluminio anodizado.<br \/>\nGrosor: 10,54 mm (0,42&#8243;)<br \/>\nColor: Azul.<br \/>\nCaracter\u00edsticas adicionales: Perno anodizado azul para el pulgar, gran orificio para el cord\u00f3n.<br \/>\nMecanismo de bloqueo:<\/p>\n<p>Bloqueo AXIS: un mecanismo muy fiable y f\u00e1cil de usar que permite abrirlo y cerrarlo suavemente con una sola mano.<br \/>\nClip de bolsillo:<\/p>\n<p>Acero inoxidable, de doble cara, para llevar en profundidad.<br \/>\nPeso:<\/p>\n<p>52,45 g (1,85 oz.) &#8211; extremadamente ligero para una m\u00e1xima comodidad de uso.<br \/>\nDimensiones:<\/p>\n<p>Longitud total: 18,95 cm (7,46&#8243;)<br \/>\nLongitud cerrada: 10,72 cm (4,22&#8243;)<br \/>\nVentajas<br \/>\nLigera: con un peso de s\u00f3lo 52,45 g, la Bugout es la elecci\u00f3n ideal para llevar a diario (EDC) y para largas caminatas.<br \/>\nDurabilidad: material de la hoja CPM-S30V y dise\u00f1o robusto del mango para una larga duraci\u00f3n y fiabilidad.<br \/>\nComodidad: dise\u00f1o ergon\u00f3mico del mango y f\u00e1cil manejo gracias al mecanismo de bloqueo AXIS.<br \/>\nFinalidad<br \/>\nEsta navaja es ideal para:<\/p>\n<p>Actividades al aire libre (acampada, senderismo, supervivencia).<br \/>\nUso diario (EDC).<br \/>\nUtil\u00edzalo en el campo y en la ciudad.<br \/>\nFabricado en EE.UU., el Benchmade Bugout BM535 es un s\u00edmbolo de precisi\u00f3n, calidad y rendimiento que apreciar\u00e1 cualquiera que busque un cuchillo fiable y ligero.<\/p>\n<p>&nbsp;<\/p>\n<p>&nbsp;<\/p>\n<p>&nbsp;<\/p>\n","protected":false},"excerpt":{"rendered":"<p><strong>La Benchmade Bugout BM535 es una de las navajas m\u00e1s ligeras y vers\u00e1tiles de su clase, dise\u00f1ada para el aventurero moderno al aire libre. Su combinaci\u00f3n de materiales superiores, dise\u00f1o innovador y peso ligero la han convertido en una elecci\u00f3n popular entre los entusiastas de las navajas, el senderismo y la supervivencia. <\/strong><\/p>\n<p><strong>Env\u00edo gratis.<\/strong><\/p>\n<p>&nbsp;<\/p>\n","protected":false},"featured_media":373583,"comment_status":"open","ping_status":"closed","template":"","meta":[],"pwb-brand":[3978],"product_brand":[],"product_cat":[3730,3726],"product_tag":[],"class_list":{"0":"post-429296","1":"product","2":"type-product","3":"status-publish","4":"has-post-thumbnail","6":"pwb-brand-hecho-a-mano-en-banco","7":"product_cat-cuchillas-de-cierre","8":"product_cat-cuchillos","10":"first","11":"outofstock","12":"taxable","13":"shipping-taxable","14":"purchasable","15":"product-type-simple"},"brands":[{"id":3978,"name":"Hecho a mano en banco","slug":"hecho-a-mano-en-banco"}],"_links":{"self":[{"href":"https:\/\/www.moskito.cz\/es\/wp-json\/wp\/v2\/product\/429296","targetHints":{"allow":["GET"]}}],"collection":[{"href":"https:\/\/www.moskito.cz\/es\/wp-json\/wp\/v2\/product"}],"about":[{"href":"https:\/\/www.moskito.cz\/es\/wp-json\/wp\/v2\/types\/product"}],"replies":[{"embeddable":true,"href":"https:\/\/www.moskito.cz\/es\/wp-json\/wp\/v2\/comments?post=429296"}],"wp:featuredmedia":[{"embeddable":true,"href":"https:\/\/www.moskito.cz\/es\/wp-json\/wp\/v2\/media\/373583"}],"wp:attachment":[{"href":"https:\/\/www.moskito.cz\/es\/wp-json\/wp\/v2\/media?parent=429296"}],"wp:term":[{"taxonomy":"pwb-brand","embeddable":true,"href":"https:\/\/www.moskito.cz\/es\/wp-json\/wp\/v2\/pwb-brand?post=429296"},{"taxonomy":"product_brand","embeddable":true,"href":"https:\/\/www.moskito.cz\/es\/wp-json\/wp\/v2\/product_brand?post=429296"},{"taxonomy":"product_cat","embeddable":true,"href":"https:\/\/www.moskito.cz\/es\/wp-json\/wp\/v2\/product_cat?post=429296"},{"taxonomy":"product_tag","embeddable":true,"href":"https:\/\/www.moskito.cz\/es\/wp-json\/wp\/v2\/product_tag?post=429296"}],"curies":[{"name":"wp","href":"https:\/\/api.w.org\/{rel}","templated":true}]}}