{"id":429311,"date":"2024-10-10T21:56:59","date_gmt":"2024-10-10T20:56:59","guid":{"rendered":"https:\/\/www.moskito.cz\/produkt\/cuchillo-de-cierre-emerson-patriot\/"},"modified":"2025-12-04T10:29:31","modified_gmt":"2025-12-04T09:29:31","slug":"cuchillo-de-cierre-emerson-patriot","status":"publish","type":"product","link":"https:\/\/www.moskito.cz\/es\/produkt\/cuchillo-de-cierre-emerson-patriot\/","title":{"rendered":"Cuchillo de cierre Emerson Patriot"},"content":{"rendered":"<p>Cuchillo de cierre <strong>Emerson<\/strong> Patriot.<\/p>\n<p><strong>La Emerson Patriot<\/strong> presenta una hermosa hoja con filo recortado y muesca superior. Verdaderamente uno de nuestros dise\u00f1os de cuchillo m\u00e1s singulares, el Patriot se ofrece tanto en piedra como en negro, con hojas lisas o parcialmente dentadas. <\/p>\n<p>\u00abEl Patriota es un humilde cuchillo de clase trabajadora, como la columna vertebral del ej\u00e9rcito de Washington, hombres y mujeres que entraron en la guerra para luchar por un ideal que sab\u00edan que era correcto y justo\u00bb. Y, como George Washington, nunca se rendir\u00e1n, nunca se dar\u00e1n por vencidos y siempre estar\u00e1n dispuestos a intervenir por lo que es justo y correcto. <\/p>\n<p>Empu\u00f1adura: G-10<br \/>\nCerradura: Titanio<br \/>\nHoja: 154 cm<br \/>\nLongitud total: 22,87 cm<br \/>\nLongitud de la hoja: 9,75 cm<br \/>\nGrosor de la hoja: 0,31 cm<br \/>\nDureza 57-59RC<\/p>\n<p>&nbsp;<\/p>\n<p><iframe title=\"Emerson Patriot |  A Closer Look\" width=\"800\" height=\"450\" src=\"https:\/\/www.youtube.com\/embed\/V5luGMj8LCA?feature=oembed\" frameborder=\"0\" allow=\"accelerometer; autoplay; clipboard-write; encrypted-media; gyroscope; picture-in-picture; web-share\" referrerpolicy=\"strict-origin-when-cross-origin\" allowfullscreen><\/iframe><\/p>\n<p>&nbsp;<\/p>\n<p><iframe title=\"The Patriot by Ernest R. Emerson\" width=\"800\" height=\"450\" src=\"https:\/\/www.youtube.com\/embed\/i_a6v-xlyvI?feature=oembed\" frameborder=\"0\" allow=\"accelerometer; autoplay; clipboard-write; encrypted-media; gyroscope; picture-in-picture; web-share\" referrerpolicy=\"strict-origin-when-cross-origin\" allowfullscreen><\/iframe><\/p>\n<p>&nbsp;<\/p>\n<p>&nbsp;<\/p>\n","protected":false},"excerpt":{"rendered":"<p><strong>\u00abEl Patriota es un humilde cuchillo de clase trabajadora, como la columna vertebral del ej\u00e9rcito de Washington, hombres y mujeres que entraron en la guerra para luchar por un ideal que sab\u00edan que era correcto y justo\u00bb.<\/strong><\/p>\n<p><strong>Env\u00edo gratuito.<\/strong><\/p>\n","protected":false},"featured_media":363007,"comment_status":"open","ping_status":"closed","template":"","meta":[],"pwb-brand":[3782],"product_brand":[],"product_cat":[3730,3726],"product_tag":[],"class_list":{"0":"post-429311","1":"product","2":"type-product","3":"status-publish","4":"has-post-thumbnail","6":"pwb-brand-emerson-es","7":"product_cat-cuchillas-de-cierre","8":"product_cat-cuchillos","10":"first","11":"outofstock","12":"taxable","13":"shipping-taxable","14":"purchasable","15":"product-type-simple"},"brands":[{"id":3782,"name":"emerson","slug":"emerson-es"}],"_links":{"self":[{"href":"https:\/\/www.moskito.cz\/es\/wp-json\/wp\/v2\/product\/429311","targetHints":{"allow":["GET"]}}],"collection":[{"href":"https:\/\/www.moskito.cz\/es\/wp-json\/wp\/v2\/product"}],"about":[{"href":"https:\/\/www.moskito.cz\/es\/wp-json\/wp\/v2\/types\/product"}],"replies":[{"embeddable":true,"href":"https:\/\/www.moskito.cz\/es\/wp-json\/wp\/v2\/comments?post=429311"}],"wp:featuredmedia":[{"embeddable":true,"href":"https:\/\/www.moskito.cz\/es\/wp-json\/wp\/v2\/media\/363007"}],"wp:attachment":[{"href":"https:\/\/www.moskito.cz\/es\/wp-json\/wp\/v2\/media?parent=429311"}],"wp:term":[{"taxonomy":"pwb-brand","embeddable":true,"href":"https:\/\/www.moskito.cz\/es\/wp-json\/wp\/v2\/pwb-brand?post=429311"},{"taxonomy":"product_brand","embeddable":true,"href":"https:\/\/www.moskito.cz\/es\/wp-json\/wp\/v2\/product_brand?post=429311"},{"taxonomy":"product_cat","embeddable":true,"href":"https:\/\/www.moskito.cz\/es\/wp-json\/wp\/v2\/product_cat?post=429311"},{"taxonomy":"product_tag","embeddable":true,"href":"https:\/\/www.moskito.cz\/es\/wp-json\/wp\/v2\/product_tag?post=429311"}],"curies":[{"name":"wp","href":"https:\/\/api.w.org\/{rel}","templated":true}]}}