{"id":429340,"date":"2022-04-21T19:56:29","date_gmt":"2022-04-21T18:56:29","guid":{"rendered":"https:\/\/www.moskito.cz\/produkt\/cuchillo-de-cierre-cold-steel-doble-seguro-hunter-slock-master\/"},"modified":"2025-12-04T10:29:48","modified_gmt":"2025-12-04T09:29:48","slug":"cuchillo-de-cierre-cold-steel-doble-seguro-hunter-slock-master","status":"publish","type":"product","link":"https:\/\/www.moskito.cz\/es\/produkt\/cuchillo-de-cierre-cold-steel-doble-seguro-hunter-slock-master\/","title":{"rendered":"Cuchillo de cierre Cold Steel DOBLE SEGURO HUNTER SLOCK MASTER"},"content":{"rendered":"<p>Cuchillo de cierre <strong>Cold Steel<\/strong> HUNTER SLOCK MASTER DOBLE SEGURIDAD.<\/p>\n<p>Si buscas un cazador plegable barato pero de alto rendimiento, no busques m\u00e1s: el Cazador Doble Seguro. Est\u00e1 inspirada en nuestra popular Voyager de la vieja escuela. Su hoja ancha, de punta ca\u00edda, mide 3,5&#8243; de largo y est\u00e1 hecha de acero 8Cr13MoV, endurecido a una dureza Rockwell de 57-58. No importa qu\u00e9 tipo de trabajo est\u00e9s haciendo, puedes estar seguro de que tienes a mano el cuchillo adecuado, con una hoja lo bastante peque\u00f1a para cortes intrincados, pero lo bastante grande para derribar cualquier cosa, desde un rat\u00f3n hasta un alce. El mango es de nylon relleno de vidrio (GFN), fino y ergon\u00f3micamente c\u00f3modo, y tiene un clip de bolsillo de acero. Est\u00e1 disponible en tres opciones de empu\u00f1adura: naranja, verde OD y una versi\u00f3n distintiva de estilo camuflaje.Como siempre, Cold Steel\u00ae tuvo tus dedos en mente al dise\u00f1ar la Doble Caja Fuerte.<\/p>\n<p>\u00abTim Wells es, en mi opini\u00f3n, el cazador con arco m\u00e1s respetado del mundo y muy h\u00e1bil con la lanza y otras armas primitivas. He tenido el privilegio de compartir con \u00e9l muchas aventuras de caza por todo el mundo y siempre me ha impresionado\u00bb. sus conocimientos y su talento. As\u00ed que cuando se enamor\u00f3 de nuestro Scalper de la Serie Comercial (cuchillos y armas indios americanos para todo), le dije que por qu\u00e9 no rehac\u00edamos la versi\u00f3n Slock Master. Ahora est\u00e1 disponible con el caracter\u00edstico mango rojo de Tim y su famoso logotipo grabado en la hoja. Est\u00e1 en stock y lista para enviar. Consigue la tuya hoy porque seguro que se agotan\u00bb &#8211; Lynn Thompson<\/p>\n<p>PAR\u00c1METROS DEL PRODUCTO<br \/>\nColor : Rojo\/Plata<br \/>\nGrosor de la hoja : 3 mm<br \/>\nTipo de cierre : Doublu safe lock<br \/>\nMaterial de la vaina : Clip de acero<br \/>\nAcero : 8Cr13MoV inoxidable<br \/>\nMaterial del mango : Mango largo GFN<br \/>\nPeso : 116 g<br \/>\nLongitud de la hoja : 92 mm<br \/>\nTama\u00f1o total : 215 mm<br \/>\nLongitud del mango : 123 mm<\/p>\n<p>Si buscas un cazador plegable econ\u00f3mico pero de alto rendimiento, no busques m\u00e1s: el Cazador Doble Seguro. Est\u00e1 inspirada en nuestra popular Voyager\u00ae de la vieja escuela. Su hoja ancha, de punta ca\u00edda, mide 1,5 cm de longitud y est\u00e1 fabricada en acero 8Cr13MoV, templado con una dureza Rockwell de 57-58.   No importa cu\u00e1l sea el trabajo, puede estar seguro de que tiene a mano el cuchillo adecuado, con una hoja lo suficientemente peque\u00f1a para tareas de corte complejas, pero lo suficientemente grande como para despellejar cualquier cosa, desde un rat\u00f3n hasta un alce. Su mango de nylon relleno de vidrio (GFN) es fino y ergon\u00f3mico, e incorpora un clip de bolsillo de acero. Est\u00e1 disponible con tres variantes de empu\u00f1adura: naranja intenso, verde oscuro y una distintiva versi\u00f3n de camuflaje. Como siempre, Cold Steel\u00ae ha pensado en tus dedos al dise\u00f1ar Double Safe.   Su cerradura basculante de \u00faltima generaci\u00f3n cuenta con un mecanismo de seguridad secundario, que cuando est\u00e1 activado es enormemente resistente a golpes e impactos.<\/p>\n<p>\u00abTim Wells es el mejor cazador con arco del mundo, en mi opini\u00f3n, y muy h\u00e1bil tambi\u00e9n con la lanza y otras armas primitivas. He tenido el privilegio de compartir muchas aventuras de caza con \u00e9l por todo el mundo y siempre me han impresionado sus conocimientos y su talento. Por eso, cuando se enamor\u00f3 de nuestro Scalper de la Serie Comercial (cuchillo y arma todo terreno de los indios americanos), le dije que por qu\u00e9 no rehac\u00edamos una versi\u00f3n Slock Master. Ahora est\u00e1 disponible con el caracter\u00edstico mango rojo de Tim y su famoso logotipo grabado en la hoja. Est\u00e1 en stock y lista para su entrega. Consigue el tuyo hoy porque seguro que se agota\u00bb &#8211; Lynn Thompson<\/p>\n<p>Grosor de la hoja: 3mm Longitud del mango\/Material: 4 7\/8in Long GFNHandle Acero de la hoja: Acero inoxidable 8Cr13MoV Longitud de la hoja: 3 1\/2in Longitud total: 8 3\/8in Tipo de cuchillo: Folder Familia de producto: Double Safe Hunter Rango de longitud de la hoja: 3-5 in Familia de acero: MoV Forma de la hoja: Punta de clip Mecanismo de bloqueo: Rocker Lock<\/p>\n","protected":false},"excerpt":{"rendered":"<p>El Double Safe Hunter es un cuchillo de caza dise\u00f1ado por Andrew Demko teniendo en cuenta el hecho de que los cuchillos de trabajo est\u00e1n muy estresados \u200b\u200by a menudo se pierden.<\/p>\n","protected":false},"featured_media":429343,"comment_status":"open","ping_status":"closed","template":"","meta":[],"pwb-brand":[3790],"product_brand":[],"product_cat":[3730,3726],"product_tag":[],"class_list":{"0":"post-429340","1":"product","2":"type-product","3":"status-publish","4":"has-post-thumbnail","6":"pwb-brand-arma-blanca","7":"product_cat-cuchillas-de-cierre","8":"product_cat-cuchillos","10":"first","11":"outofstock","12":"taxable","13":"shipping-taxable","14":"purchasable","15":"product-type-simple"},"brands":[{"id":3790,"name":"Arma blanca","slug":"arma-blanca"}],"_links":{"self":[{"href":"https:\/\/www.moskito.cz\/es\/wp-json\/wp\/v2\/product\/429340","targetHints":{"allow":["GET"]}}],"collection":[{"href":"https:\/\/www.moskito.cz\/es\/wp-json\/wp\/v2\/product"}],"about":[{"href":"https:\/\/www.moskito.cz\/es\/wp-json\/wp\/v2\/types\/product"}],"replies":[{"embeddable":true,"href":"https:\/\/www.moskito.cz\/es\/wp-json\/wp\/v2\/comments?post=429340"}],"wp:featuredmedia":[{"embeddable":true,"href":"https:\/\/www.moskito.cz\/es\/wp-json\/wp\/v2\/media\/429343"}],"wp:attachment":[{"href":"https:\/\/www.moskito.cz\/es\/wp-json\/wp\/v2\/media?parent=429340"}],"wp:term":[{"taxonomy":"pwb-brand","embeddable":true,"href":"https:\/\/www.moskito.cz\/es\/wp-json\/wp\/v2\/pwb-brand?post=429340"},{"taxonomy":"product_brand","embeddable":true,"href":"https:\/\/www.moskito.cz\/es\/wp-json\/wp\/v2\/product_brand?post=429340"},{"taxonomy":"product_cat","embeddable":true,"href":"https:\/\/www.moskito.cz\/es\/wp-json\/wp\/v2\/product_cat?post=429340"},{"taxonomy":"product_tag","embeddable":true,"href":"https:\/\/www.moskito.cz\/es\/wp-json\/wp\/v2\/product_tag?post=429340"}],"curies":[{"name":"wp","href":"https:\/\/api.w.org\/{rel}","templated":true}]}}