{"id":429419,"date":"2019-05-12T17:00:04","date_gmt":"2019-05-12T16:00:04","guid":{"rendered":"https:\/\/www.moskito.cz\/produkt\/multiherramienta-leatherman-wave-plus\/"},"modified":"2025-12-09T10:31:37","modified_gmt":"2025-12-09T09:31:37","slug":"multiherramienta-leatherman-wave-plus","status":"publish","type":"product","link":"https:\/\/www.moskito.cz\/es\/produkt\/multiherramienta-leatherman-wave-plus\/","title":{"rendered":"Multiherramienta Leatherman WAVE Plus"},"content":{"rendered":"<p data-start=\"0\" data-end=\"497\">Cuando cojas la <strong data-start=\"20\" data-end=\"44\">Leatherman WAVE<\/strong> Plus, ver\u00e1s al instante por qu\u00e9 esta multiherramienta es una de las m\u00e1s vendidas y populares del mundo. Su s\u00f3lida construcci\u00f3n en acero inoxidable, sus 18 herramientas dise\u00f1adas con precisi\u00f3n y sus cuidados detalles hacen de la WAVE Plus una compa\u00f1era fiable en cualquier situaci\u00f3n, desde peque\u00f1as reparaciones hasta duras aventuras al aire libre. Una versi\u00f3n mejorada con cuchillas de alicates recambiables lleva la durabilidad a\u00fan m\u00e1s lejos, d\u00e1ndote la confianza de que tu multiherramienta puede soportar a\u00f1os de duro uso.  <\/p>\n<p data-start=\"499\" data-end=\"654\">Esta multiherramienta no se limita a las herramientas: se trata de asegurarte de que tienes todo lo que necesitas al alcance de la mano. Robusta pero port\u00e1til, y siempre lista para mostrar su versatilidad. <\/p>\n<hr data-start=\"656\" data-end=\"659\">\n<p data-start=\"661\" data-end=\"714\">\ud83d\udd27 <strong data-start=\"664\" data-end=\"712\">Especificaciones t\u00e9cnicas (Leatherman WAVE Plus)<\/strong><\/p>\n<ul data-start=\"716\" data-end=\"1282\">\n<li data-start=\"716\" data-end=\"760\">\n<p data-start=\"718\" data-end=\"760\">Longitud total (abierta): 16 cm<\/p>\n<\/li>\n<li data-start=\"761\" data-end=\"798\">\n<p data-start=\"763\" data-end=\"798\">Longitud de la multiherramienta cerrada: 10 cm<\/p>\n<\/li>\n<li data-start=\"799\" data-end=\"824\">\n<p data-start=\"801\" data-end=\"824\">Longitud de la hoja: 7,37 cm<\/p>\n<\/li>\n<li data-start=\"825\" data-end=\"848\">\n<p data-start=\"827\" data-end=\"848\">Peso: aprox. 241 g<\/p>\n<\/li>\n<li data-start=\"849\" data-end=\"892\">\n<p data-start=\"851\" data-end=\"892\">Material: acero inoxidable de alta calidad<\/p>\n<\/li>\n<li data-start=\"893\" data-end=\"915\">\n<p data-start=\"895\" data-end=\"915\">N\u00famero de instrumentos: 18<\/p>\n<\/li>\n<li data-start=\"916\" data-end=\"1163\">\n<p data-start=\"918\" data-end=\"1163\">Herramientas: alicates con hojas intercambiables, alicates de corte, cuchillo de acero inoxidable, cuchillo dentado, sierra, lima para madera\/metal, lima de diamante, tijeras, abrebotellas, abrelatas, punz\u00f3n, varios destornilladores y puntas, regla y mucho m\u00e1s.<\/p>\n<\/li>\n<li data-start=\"1164\" data-end=\"1236\">\n<p data-start=\"1166\" data-end=\"1236\">Funcionamiento con una mano: s\u00ed &#8211; las cuchillas seleccionadas se pueden abrir con una mano<\/p>\n<\/li>\n<li data-start=\"1237\" data-end=\"1282\">\n<p data-start=\"1239\" data-end=\"1282\">Funda: funda de nailon incluida<\/p>\n<\/li>\n<\/ul>\n<hr data-start=\"1284\" data-end=\"1287\">\n<p data-start=\"1289\" data-end=\"1310\">\u2705 <strong data-start=\"1291\" data-end=\"1308\">Beneficios principales<\/strong><\/p>\n<ul data-start=\"1312\" data-end=\"1726\">\n<li data-start=\"1312\" data-end=\"1387\">\n<p data-start=\"1314\" data-end=\"1387\"><strong data-start=\"1314\" data-end=\"1347\">18 herramientas en un cuerpo compacto<\/strong>: desde cuchillos hasta alicates, siempre a mano.<\/p>\n<\/li>\n<li data-start=\"1388\" data-end=\"1455\">\n<p data-start=\"1390\" data-end=\"1455\"><strong data-start=\"1390\" data-end=\"1418\">Cuchillas de alicate sustituibles<\/strong>: prolongan la vida \u00fatil de la multiherramienta.<\/p>\n<\/li>\n<li data-start=\"1456\" data-end=\"1540\">\n<p data-start=\"1458\" data-end=\"1540\"><strong data-start=\"1458\" data-end=\"1489\">Apertura de la hoja con una sola mano<\/strong>: acceso r\u00e1pido a la navaja sin necesidad de desplegarla.<\/p>\n<\/li>\n<li data-start=\"1541\" data-end=\"1597\">\n<p data-start=\"1543\" data-end=\"1597\"><strong data-start=\"1543\" data-end=\"1560\">Acero inoxidable<\/strong>: resistente a la corrosi\u00f3n y al desgaste.<\/p>\n<\/li>\n<li data-start=\"1598\" data-end=\"1658\">\n<p data-start=\"1600\" data-end=\"1658\"><strong data-start=\"1600\" data-end=\"1629\">Bolsa de nylon incluida<\/strong>: f\u00e1cil de llevar en el cintur\u00f3n.<\/p>\n<\/li>\n<li data-start=\"1659\" data-end=\"1726\">\n<p data-start=\"1661\" data-end=\"1726\"><strong data-start=\"1661\" data-end=\"1679\">Un modelo ic\u00f3nico<\/strong>, probado durante a\u00f1os y por usuarios de todo el mundo.<\/p>\n<\/li>\n<\/ul>\n<hr data-start=\"1728\" data-end=\"1731\">\n<p data-start=\"1733\" data-end=\"1755\">\u26a0\ufe0f <strong data-start=\"1736\" data-end=\"1753\">Posibles restricciones<\/strong><\/p>\n<ul data-start=\"1757\" data-end=\"2065\">\n<li data-start=\"1757\" data-end=\"1824\">\n<p data-start=\"1759\" data-end=\"1824\"><strong data-start=\"1759\" data-end=\"1777\">Peso 241 g<\/strong> &#8211; en el bolsillo se nota, ideal m\u00e1s bien en la funda.<\/p>\n<\/li>\n<li data-start=\"1825\" data-end=\"1943\">\n<p data-start=\"1827\" data-end=\"1943\"><strong data-start=\"1827\" data-end=\"1860\">No hay acero especial de primera calidad<\/strong> para cuchillos: el acero inoxidable est\u00e1ndar es totalmente suficiente, pero no impresionar\u00e1 a los coleccionistas de cuchillas de gama alta.<\/p>\n<\/li>\n<li data-start=\"1944\" data-end=\"2065\">\n<p data-start=\"1946\" data-end=\"2065\"><strong data-start=\"1946\" data-end=\"2007\">Las herramientas no est\u00e1n destinadas a tareas extremadamente especializadas<\/strong>: es una herramienta de uso general, no una herramienta de taller profesional.<\/p>\n<\/li>\n<\/ul>\n<hr data-start=\"2067\" data-end=\"2070\">\n<p data-start=\"2072\" data-end=\"2095\">\ud83d\udee0\ufe0f <strong data-start=\"2076\" data-end=\"2093\">Mantenimiento y cuidado<\/strong><\/p>\n<ul data-start=\"2097\" data-end=\"2556\">\n<li data-start=\"2097\" data-end=\"2176\">\n<p data-start=\"2099\" data-end=\"2176\">Seca la multiherramienta despu\u00e9s de usarla, especialmente si ha estado en contacto con la humedad.<\/p>\n<\/li>\n<li data-start=\"2177\" data-end=\"2236\">\n<p data-start=\"2179\" data-end=\"2236\">Lubrica de vez en cuando las articulaciones y las piezas m\u00f3viles con un aceite de buena calidad.<\/p>\n<\/li>\n<li data-start=\"2237\" data-end=\"2299\">\n<p data-start=\"2239\" data-end=\"2299\">Aclara y seca la multiherramienta despu\u00e9s de trabajar con sustancias agresivas.<\/p>\n<\/li>\n<li data-start=\"2300\" data-end=\"2556\">\n<p data-start=\"2302\" data-end=\"2556\">Las hojas se pueden mantener afiladas &#8211; <strong data-start=\"2330\" data-end=\"2554\">recomendamos el <a class=\"decorated-link cursor-pointer\" target=\"_new\" rel=\"noopener\" data-start=\"2363\" data-end=\"2452\">Sistema de Afilado Spyderco Tri-Angle Sharpmaker Complete 204MF<\/a> para mantener la hoja afilada<\/strong><\/p>\n<\/li>\n<li data-start=\"2300\" data-end=\"2556\">\n<p data-start=\"2563\" data-end=\"2586\">\ud83c\udfaf <strong data-start=\"2566\" data-end=\"2584\">Recomendado para<\/strong><\/p>\n<ul data-start=\"2588\" data-end=\"2858\">\n<li data-start=\"2588\" data-end=\"2649\">\n<p data-start=\"2590\" data-end=\"2649\">Aficionados a las actividades al aire libre que necesitan una herramienta vers\u00e1til.<\/p>\n<\/li>\n<li data-start=\"2650\" data-end=\"2714\">\n<p data-start=\"2652\" data-end=\"2714\">Viajeros y turistas que quieren un taller compacto en su bolsillo.<\/p>\n<\/li>\n<li data-start=\"2715\" data-end=\"2777\">\n<p data-start=\"2717\" data-end=\"2777\">Profesionales que buscan una multiherramienta fiable para el trabajo.<\/p>\n<\/li>\n<li data-start=\"2778\" data-end=\"2858\">\n<p data-start=\"2780\" data-end=\"2858\">Cualquiera que aprecie la combinaci\u00f3n de funcionalidad, fiabilidad y dise\u00f1o ic\u00f3nico.<\/p>\n<\/li>\n<\/ul>\n<hr data-start=\"2860\" data-end=\"2863\">\n<p data-start=\"2865\" data-end=\"2892\">\u2b50 <strong data-start=\"2867\" data-end=\"2890\">Calificaci\u00f3n final<\/strong><\/p>\n<p data-start=\"2894\" data-end=\"3285\"><strong data-start=\"2894\" data-end=\"2918\">La Leatherman WAVE Plus<\/strong> es una multiherramienta que marca la pauta. Su dise\u00f1o robusto, su amplia gama de herramientas y la posibilidad de cambiar las hojas de los alicates la convierten en la elecci\u00f3n n\u00famero uno de usuarios de todo el mundo. Es un caballo de batalla vers\u00e1til que no defraudar\u00e1 en el campo ni en la vida cotidiana. Si buscas una multiherramienta fiable con una larga vida \u00fatil y una excelente relaci\u00f3n calidad-precio, la WAVE Plus es un valor seguro.   <\/p>\n<\/li>\n<\/ul>\n<p>&nbsp;<\/p>\n<p><iframe title=\"Wave+ Multi-tool Overview\" width=\"800\" height=\"450\" src=\"https:\/\/www.youtube.com\/embed\/TuaAsoscXyY?feature=oembed\" frameborder=\"0\" allow=\"accelerometer; autoplay; clipboard-write; encrypted-media; gyroscope; picture-in-picture; web-share\" referrerpolicy=\"strict-origin-when-cross-origin\" allowfullscreen><\/iframe><\/p>\n<p>&nbsp;<\/p>\n<p>&nbsp;<\/p>\n<p>&nbsp;<\/p>\n<p>&nbsp;<\/p>\n","protected":false},"excerpt":{"rendered":"<p><strong>La Leatherman WAVE Plus es una multiherramienta que marca la pauta. Su dise\u00f1o robusto, su amplia gama de herramientas y la posibilidad de cambiar las hojas de los alicates la convierten en la elecci\u00f3n n\u00famero uno de los usuarios de todo el mundo. <\/strong><br \/>\n<strong>Env\u00edo gratis.<\/strong><\/p>\n","protected":false},"featured_media":358890,"comment_status":"open","ping_status":"closed","template":"","meta":[],"pwb-brand":[3936],"product_brand":[],"product_cat":[3725],"product_tag":[],"class_list":{"0":"post-429419","1":"product","2":"type-product","3":"status-publish","4":"has-post-thumbnail","6":"pwb-brand-hombre-de-cuero","7":"product_cat-herramienta-multiple","9":"first","10":"outofstock","11":"taxable","12":"shipping-taxable","13":"purchasable","14":"product-type-simple"},"brands":[{"id":3936,"name":"hombre de cuero","slug":"hombre-de-cuero"}],"_links":{"self":[{"href":"https:\/\/www.moskito.cz\/es\/wp-json\/wp\/v2\/product\/429419","targetHints":{"allow":["GET"]}}],"collection":[{"href":"https:\/\/www.moskito.cz\/es\/wp-json\/wp\/v2\/product"}],"about":[{"href":"https:\/\/www.moskito.cz\/es\/wp-json\/wp\/v2\/types\/product"}],"replies":[{"embeddable":true,"href":"https:\/\/www.moskito.cz\/es\/wp-json\/wp\/v2\/comments?post=429419"}],"wp:featuredmedia":[{"embeddable":true,"href":"https:\/\/www.moskito.cz\/es\/wp-json\/wp\/v2\/media\/358890"}],"wp:attachment":[{"href":"https:\/\/www.moskito.cz\/es\/wp-json\/wp\/v2\/media?parent=429419"}],"wp:term":[{"taxonomy":"pwb-brand","embeddable":true,"href":"https:\/\/www.moskito.cz\/es\/wp-json\/wp\/v2\/pwb-brand?post=429419"},{"taxonomy":"product_brand","embeddable":true,"href":"https:\/\/www.moskito.cz\/es\/wp-json\/wp\/v2\/product_brand?post=429419"},{"taxonomy":"product_cat","embeddable":true,"href":"https:\/\/www.moskito.cz\/es\/wp-json\/wp\/v2\/product_cat?post=429419"},{"taxonomy":"product_tag","embeddable":true,"href":"https:\/\/www.moskito.cz\/es\/wp-json\/wp\/v2\/product_tag?post=429419"}],"curies":[{"name":"wp","href":"https:\/\/api.w.org\/{rel}","templated":true}]}}