{"id":429457,"date":"2021-09-14T20:59:29","date_gmt":"2021-09-14T19:59:29","guid":{"rendered":"https:\/\/www.moskito.cz\/produkt\/cuchillo-de-cierre-sog-kiku-xr-blackout\/"},"modified":"2025-12-10T13:58:31","modified_gmt":"2025-12-10T12:58:31","slug":"cuchillo-de-cierre-sog-kiku-xr-blackout","status":"publish","type":"product","link":"https:\/\/www.moskito.cz\/es\/produkt\/cuchillo-de-cierre-sog-kiku-xr-blackout\/","title":{"rendered":"Cuchillo de cierre SOG KIKU XR &#8211; BLACKOUT"},"content":{"rendered":"<p>Cuchillo de cierre <strong>SOG<\/strong> KIKU XR &#8211; BLACKOUT.<\/p>\n<p>Con un poderoso estilo que remite a su ADN japon\u00e9s, la musculosa Kiku XR hace una sutil declaraci\u00f3n de fuerza all\u00e1 donde va. La hoja de tanto modificado, muy utilitaria, corta pr\u00e1cticamente en cualquier condici\u00f3n, y la empu\u00f1adura de micarta de lino proporciona un agarre seguro. Combinando de forma experta forma y funci\u00f3n, el Kiku XR es una soluci\u00f3n robusta para situaciones que requieren un cuchillo de apertura r\u00e1pida y s\u00faper afilado.  <\/p>\n<p>Longitud de la hoja : 76,96 mm<br \/>\nMECANISMO DE CIERRE : Cerradura XR<br \/>\nTIPO DE BANDA : Reversible Low-Carry<br \/>\nForma de la hoja : Tanto<br \/>\nMATERIAL DEL MANGO : Micarta<br \/>\nMECANISMO DE APERTURA : Bloqueo XR, orificio para el pulgar<br \/>\nTIPO DE MANGO : CTS XHP<br \/>\nALTURA : 61-63<br \/>\nCOLOR DEL MANGO : Negro<\/p>\n<p>Nuestra historia comienza en Vietnam, donde los miembros de una unidad de operaciones especiales estadounidense altamente clasificada -conocida como MACV -SOG- llevaban un singular cuchillo secreto a la selva en misiones encubiertas. A\u00f1os m\u00e1s tarde, en 1986, este cuchillo inspir\u00f3 a un joven dise\u00f1ador llamado Spencer Frazer a fundar SOG Specialty Knives. Su misi\u00f3n: reproducir el cuchillo SOG Bowie original y rendir homenaje a la unidad de operaciones especiales que lo cre\u00f3. Lo que comenz\u00f3 como un \u00fanico modelo conmemorativo pronto se convirti\u00f3 en toda una l\u00ednea de herramientas innovadoras, probadas por las Fuerzas Especiales de EE. UU., incluso premiadas como el cuchillo preferido de los Navy SEAL. Hoy en d\u00eda, los cuchillos SOG se usan con confianza en las situaciones m\u00e1s exigentes. Forjado a partir de la tradici\u00f3n, endurecido en el campo, archivado para ti.<\/p>\n<p>Ya sea que est\u00e9s protegiendo a otros o liderando una expedici\u00f3n de caza \u00e9pica, afrontando uno de los desaf\u00edos cotidianos de la vida o afrontando las condiciones m\u00e1s extremas hasta el momento, sigue tu camino con <strong>SOG<\/strong> .<\/p>\n<p>&nbsp;<\/p>\n","protected":false},"excerpt":{"rendered":"<p>Tanto si est\u00e1s protegiendo a otras personas o dirigiendo una \u00e9pica expedici\u00f3n de caza, afrontando uno de los retos cotidianos de la vida o enfrent\u00e1ndote a las condiciones m\u00e1s extremas, \u00e1brete camino con <strong>SOG<\/strong>.<\/p>\n<p><strong>\u00a1Respaldamos todos los cuchillos SOG con una garant\u00eda de por vida!<\/strong><\/p>\n","protected":false},"featured_media":429459,"comment_status":"open","ping_status":"closed","template":"","meta":[],"pwb-brand":[3848],"product_brand":[],"product_cat":[3730,3726],"product_tag":[3756],"class_list":{"0":"post-429457","1":"product","2":"type-product","3":"status-publish","4":"has-post-thumbnail","6":"pwb-brand-sog-es","7":"product_cat-cuchillas-de-cierre","8":"product_cat-cuchillos","9":"product_tag-b2b-es","11":"first","12":"instock","13":"taxable","14":"shipping-taxable","15":"purchasable","16":"product-type-simple"},"brands":[{"id":3848,"name":"SOG","slug":"sog-es"}],"_links":{"self":[{"href":"https:\/\/www.moskito.cz\/es\/wp-json\/wp\/v2\/product\/429457","targetHints":{"allow":["GET"]}}],"collection":[{"href":"https:\/\/www.moskito.cz\/es\/wp-json\/wp\/v2\/product"}],"about":[{"href":"https:\/\/www.moskito.cz\/es\/wp-json\/wp\/v2\/types\/product"}],"replies":[{"embeddable":true,"href":"https:\/\/www.moskito.cz\/es\/wp-json\/wp\/v2\/comments?post=429457"}],"wp:featuredmedia":[{"embeddable":true,"href":"https:\/\/www.moskito.cz\/es\/wp-json\/wp\/v2\/media\/429459"}],"wp:attachment":[{"href":"https:\/\/www.moskito.cz\/es\/wp-json\/wp\/v2\/media?parent=429457"}],"wp:term":[{"taxonomy":"pwb-brand","embeddable":true,"href":"https:\/\/www.moskito.cz\/es\/wp-json\/wp\/v2\/pwb-brand?post=429457"},{"taxonomy":"product_brand","embeddable":true,"href":"https:\/\/www.moskito.cz\/es\/wp-json\/wp\/v2\/product_brand?post=429457"},{"taxonomy":"product_cat","embeddable":true,"href":"https:\/\/www.moskito.cz\/es\/wp-json\/wp\/v2\/product_cat?post=429457"},{"taxonomy":"product_tag","embeddable":true,"href":"https:\/\/www.moskito.cz\/es\/wp-json\/wp\/v2\/product_tag?post=429457"}],"curies":[{"name":"wp","href":"https:\/\/api.w.org\/{rel}","templated":true}]}}