{"id":429473,"date":"2023-02-22T20:46:44","date_gmt":"2023-02-22T19:46:44","guid":{"rendered":"https:\/\/www.moskito.cz\/produkt\/cuchilla-de-expulsion-microtech-hera-702-10aprd\/"},"modified":"2025-12-10T14:56:18","modified_gmt":"2025-12-10T13:56:18","slug":"cuchilla-de-expulsion-microtech-hera-702-10aprd","status":"publish","type":"product","link":"https:\/\/www.moskito.cz\/es\/produkt\/cuchilla-de-expulsion-microtech-hera-702-10aprd\/","title":{"rendered":"Cuchilla de Expulsi\u00f3n Microtech Hera 702-10APRD"},"content":{"rendered":"<p>Cuchilla de Expulsi\u00f3n <strong>Microtech<\/strong> Hera 702-10APRD<\/p>\n<p><strong>El Hera<\/strong> es un hermoso auto delantero de doble acci\u00f3n con una forma de marco basada libremente en el dise\u00f1o de Troodon. Sin embargo, es m\u00e1s ergon\u00f3mico, con parches mecanizados cerca de los extremos para una mejor compra y, en nuestra opini\u00f3n, una apariencia mejorada. Todo en este dise\u00f1o grita sofisticaci\u00f3n y funcionalidad. Es uno de los mejores dise\u00f1os OTF autom\u00e1ticos y vers\u00e1tiles en un campo extremadamente concurrido y con el tama\u00f1o perfecto para llevarlo todos los d\u00edas.<\/p>\n<p>Especificaciones:<br \/>\nLongitud de la hoja: 8 cm<br \/>\nLongitud total: 19 cm<br \/>\nMaterial de la hoja: Ten en cuenta que el acero de la hoja no puede especificarse de antemano, ya que puede variar en funci\u00f3n de la disponibilidad (informaci\u00f3n de Microtech)<br \/>\nGrosor de la hoja: 0,094\u2033<br \/>\nEstilo de la hoja: Punta ca\u00edda<br \/>\nAfilado de la hoja: Plano<br \/>\nAcabado de la hoja: Apocal\u00edptico<br \/>\nMaterial de la empu\u00f1adura: Aluminio aeron\u00e1utico anodizado<br \/>\nMecanismo de bloqueo: Deslizamiento del pulgar<br \/>\nClip de bolsillo: Titanio (abatible, para llevar a la derecha)<br \/>\nPeso: 3,10 oz.<br \/>\nDise\u00f1adores: Tony y Sean Marfione<br \/>\nFabricada en EE.UU.<\/p>\n<p><iframe title=\"Microtech Combat Troodon Torture Test\" width=\"800\" height=\"450\" src=\"https:\/\/www.youtube.com\/embed\/xE9TeOFYEjg?feature=oembed\" frameborder=\"0\" allow=\"accelerometer; autoplay; clipboard-write; encrypted-media; gyroscope; picture-in-picture; web-share\" referrerpolicy=\"strict-origin-when-cross-origin\" allowfullscreen><\/iframe><\/p>\n<p>&nbsp;<\/p>\n<p>&nbsp;<\/p>\n","protected":false},"excerpt":{"rendered":"<p>A lo largo de los a\u00f1os, <strong>Microtech\u00ae<\/strong> Knives ha infundido pasi\u00f3n y destreza a la fabricaci\u00f3n de cuchillos para crear casi obras de arte que son la cumbre de la funcionalidad.Todas las piezas est\u00e1n fabricadas en EE.UU.<br \/>\n<strong>Todos los cuchillos Microtech est\u00e1n garantizados de por vida ( m\u00edn. 80.000 ciclos, abrir y cerrar)<\/strong><\/p>\n<p><strong>Env\u00edo gratuito.<\/strong><\/p>\n","protected":false},"featured_media":429476,"comment_status":"open","ping_status":"closed","template":"","meta":[],"pwb-brand":[3752],"product_brand":[],"product_cat":[3729,3726],"product_tag":[3756],"class_list":{"0":"post-429473","1":"product","2":"type-product","3":"status-publish","4":"has-post-thumbnail","6":"pwb-brand-microtecnologia","7":"product_cat-cuchillos-de-tiro","8":"product_cat-cuchillos","9":"product_tag-b2b-es","11":"first","12":"outofstock","13":"taxable","14":"shipping-taxable","15":"purchasable","16":"product-type-simple"},"brands":[{"id":3752,"name":"microtecnolog\u00eda","slug":"microtecnologia"}],"_links":{"self":[{"href":"https:\/\/www.moskito.cz\/es\/wp-json\/wp\/v2\/product\/429473","targetHints":{"allow":["GET"]}}],"collection":[{"href":"https:\/\/www.moskito.cz\/es\/wp-json\/wp\/v2\/product"}],"about":[{"href":"https:\/\/www.moskito.cz\/es\/wp-json\/wp\/v2\/types\/product"}],"replies":[{"embeddable":true,"href":"https:\/\/www.moskito.cz\/es\/wp-json\/wp\/v2\/comments?post=429473"}],"wp:featuredmedia":[{"embeddable":true,"href":"https:\/\/www.moskito.cz\/es\/wp-json\/wp\/v2\/media\/429476"}],"wp:attachment":[{"href":"https:\/\/www.moskito.cz\/es\/wp-json\/wp\/v2\/media?parent=429473"}],"wp:term":[{"taxonomy":"pwb-brand","embeddable":true,"href":"https:\/\/www.moskito.cz\/es\/wp-json\/wp\/v2\/pwb-brand?post=429473"},{"taxonomy":"product_brand","embeddable":true,"href":"https:\/\/www.moskito.cz\/es\/wp-json\/wp\/v2\/product_brand?post=429473"},{"taxonomy":"product_cat","embeddable":true,"href":"https:\/\/www.moskito.cz\/es\/wp-json\/wp\/v2\/product_cat?post=429473"},{"taxonomy":"product_tag","embeddable":true,"href":"https:\/\/www.moskito.cz\/es\/wp-json\/wp\/v2\/product_tag?post=429473"}],"curies":[{"name":"wp","href":"https:\/\/api.w.org\/{rel}","templated":true}]}}