{"id":429580,"date":"2023-12-20T19:41:46","date_gmt":"2023-12-20T18:41:46","guid":{"rendered":"https:\/\/www.moskito.cz\/produkt\/cuchillo-plegable-rockstead-shin-dlc-japones\/"},"modified":"2025-12-15T15:53:30","modified_gmt":"2025-12-15T14:53:30","slug":"cuchillo-plegable-rockstead-shin-dlc-japones","status":"publish","type":"product","link":"https:\/\/www.moskito.cz\/es\/produkt\/cuchillo-plegable-rockstead-shin-dlc-japones\/","title":{"rendered":"Cuchillo plegable Rockstead SHIN-DLC Japon\u00e9s"},"content":{"rendered":"<p>Cuchillo plegable <strong>Rockstead<\/strong> SHIN-DLC Japon\u00e9s<\/p>\n<p><strong>Los cuchillos Rockstead<\/strong> son, en nuestra opini\u00f3n, algunos de los mejores cuchillos disponibles en el mercado. La meticulosa artesan\u00eda de Rockstead y sus dise\u00f1os \u00fanicos hacen que esta carpeta semipersonalizada merezca la pena por su elevado precio. La SHIN es una versi\u00f3n m\u00e1s grande de la Rockstead KOU. Tiene una hoja de 3,5&#8243; pulida YXR7 DLC y cachas de aluminio con inserciones de raya. La apertura es suave, con un s\u00f3lido cierre que mantiene la hoja firmemente en su sitio. El incre\u00edble acabado de espejo se consigue mediante el tratamiento t\u00e9rmico de la hoja y el sucesivo lijado a mano con papel de lija de grano 400, 600, 800, 1200 y 2000. Esto es muy intensivo y lleva mucho tiempo, porque si aparece alg\u00fan ara\u00f1azo durante este proceso, la hoja debe devolverse al paso anterior para su reparaci\u00f3n. se haya completado, la hoja se pulir\u00e1 para el acabado final. La gente de Rockstead ha dominado este proceso para dar al cuchillo un bello acabado y un filo como ning\u00fan otro. Cada cuchillo est\u00e1 numerado individualmente e incluye un certificado de autenticidad.         <\/p>\n<p>&nbsp;<\/p>\n<p>Especificaciones:<br \/>\nLongitud de la hoja: 8,75 cm<br \/>\nLongitud cuando est\u00e1 cerrada: 12,17 cm<br \/>\nLongitud total: 20.62 cm<br \/>\nMaterial de la hoja: acero al carbono YXR7<br \/>\nDureza de la hoja: 65 HRC (aproximadamente)<br \/>\nEstilo de la hoja: Drop Point<br \/>\nAfilado de la hoja: Convexo<br \/>\nAcabado de la hoja: DLC (Diamond Like Coating), Negro pulido<br \/>\nGrosor de la empu\u00f1adura: 0,62&#8243;<br \/>\nMaterial de la empu\u00f1adura: Aluminio anodizado duro A6063 con inserciones de raya<br \/>\nMecanismo de bloqueo: Liner Lock<br \/>\nClip de bolsillo: Plegable, para llevar a la derecha<br \/>\nPeso: 5,3 oz.<br \/>\nFabricada en Jap\u00f3n<\/p>\n","protected":false},"excerpt":{"rendered":"<p><strong>Los cuchillos Rockstead son, en nuestra opini\u00f3n, algunos de los mejores cuchillos disponibles en el mercado. Con la meticulosa artesan\u00eda y los dise\u00f1os exclusivos de Rockstead, esta carpeta semipersonalizada merece la pena por su elevado precio. <\/strong><\/p>\n<p><strong>Env\u00edo gratis.<\/strong><\/p>\n","protected":false},"featured_media":429588,"comment_status":"open","ping_status":"closed","template":"","meta":[],"pwb-brand":[4072],"product_brand":[],"product_cat":[3730,3726],"product_tag":[],"class_list":{"0":"post-429580","1":"product","2":"type-product","3":"status-publish","4":"has-post-thumbnail","6":"pwb-brand-rockstead-es","7":"product_cat-cuchillas-de-cierre","8":"product_cat-cuchillos","10":"first","11":"outofstock","12":"sale","13":"taxable","14":"shipping-taxable","15":"purchasable","16":"product-type-simple"},"brands":[{"id":4072,"name":"Rockstead","slug":"rockstead-es"}],"_links":{"self":[{"href":"https:\/\/www.moskito.cz\/es\/wp-json\/wp\/v2\/product\/429580","targetHints":{"allow":["GET"]}}],"collection":[{"href":"https:\/\/www.moskito.cz\/es\/wp-json\/wp\/v2\/product"}],"about":[{"href":"https:\/\/www.moskito.cz\/es\/wp-json\/wp\/v2\/types\/product"}],"replies":[{"embeddable":true,"href":"https:\/\/www.moskito.cz\/es\/wp-json\/wp\/v2\/comments?post=429580"}],"wp:featuredmedia":[{"embeddable":true,"href":"https:\/\/www.moskito.cz\/es\/wp-json\/wp\/v2\/media\/429588"}],"wp:attachment":[{"href":"https:\/\/www.moskito.cz\/es\/wp-json\/wp\/v2\/media?parent=429580"}],"wp:term":[{"taxonomy":"pwb-brand","embeddable":true,"href":"https:\/\/www.moskito.cz\/es\/wp-json\/wp\/v2\/pwb-brand?post=429580"},{"taxonomy":"product_brand","embeddable":true,"href":"https:\/\/www.moskito.cz\/es\/wp-json\/wp\/v2\/product_brand?post=429580"},{"taxonomy":"product_cat","embeddable":true,"href":"https:\/\/www.moskito.cz\/es\/wp-json\/wp\/v2\/product_cat?post=429580"},{"taxonomy":"product_tag","embeddable":true,"href":"https:\/\/www.moskito.cz\/es\/wp-json\/wp\/v2\/product_tag?post=429580"}],"curies":[{"name":"wp","href":"https:\/\/api.w.org\/{rel}","templated":true}]}}