{"id":429626,"date":"2023-03-06T21:18:53","date_gmt":"2023-03-06T20:18:53","guid":{"rendered":"https:\/\/www.moskito.cz\/produkt\/cuchillo-fijo-sog-trident-fx-serrated-od\/"},"modified":"2025-12-16T11:55:54","modified_gmt":"2025-12-16T10:55:54","slug":"cuchillo-fijo-sog-trident-fx-serrated-od","status":"publish","type":"product","link":"https:\/\/www.moskito.cz\/es\/produkt\/cuchillo-fijo-sog-trident-fx-serrated-od\/","title":{"rendered":"Cuchillo Fijo SOG TRIDENT FX SERRATED OD"},"content":{"rendered":"<p>Cuchillo Fijo <strong>SOG<\/strong> TRIDENT FX SERRATED OD.<\/p>\n<p>Construida siguiendo la tradici\u00f3n de las navajas de hoja fija SOG para usuarios profesionales, la Trident FX supera los l\u00edmites de la capacidad, pero no del peso. Con un peso de poco m\u00e1s de 4 onzas, la Trident FX es una combinaci\u00f3n medida de potencia y agilidad que te permite moverte con rapidez cuando m\u00e1s importa. Viene con una funda mejorada que te permite llevarla c\u00f3mo y d\u00f3nde necesites.  <\/p>\n<p><strong>CUCHILLO<\/strong> DE CUCHILLA COMPLETA <strong>ALTAMENTE FLEXIBLE<\/strong><br \/>\nEste cuchillo robusto y reactivo con un mango GRN resistente y una hoja de acero de espiga completa CRYO 4116 de 4,2 pulgadas viene con una funda especialmente dise\u00f1ada compatible con el sistema de montaje universal de SOG que permite una configuraci\u00f3n personalizable, un transporte fiable y un desenfunde r\u00e1pido.<\/p>\n<p><strong>La carcasa<\/strong><br \/>\n<strong>compatible con UMS<\/strong> es ambidiestra y ofrece m\u00faltiples opciones de montaje, adem\u00e1s de contar con un sistema de ajuste de la tensi\u00f3n sin herramientas que permite un tiro perfecto.<\/p>\n<p><strong>ACERO CRYO 4116<\/strong><br \/>\nAcero inoxidable alem\u00e1n de carbono medio tambi\u00e9n conocido como 1.4116. Similar al 420HC con buena resistencia a la corrosi\u00f3n, tenacidad, filo y retenci\u00f3n del filo. <\/p>\n<p><strong>GRN GRIP<\/strong><br \/>\nLa empu\u00f1adura GRN presenta una textura omnidireccional que proporciona gran agarre con o sin guantes y en pr\u00e1cticamente todos los climas.<\/p>\n<p>LARGO TOTAL: 24 cm<br \/>\nLARGO DE HOJA: 11 cm<br \/>\nTIPO DE PRODUCTO: Hoja fija<br \/>\nACABADO: TiNi<br \/>\nTIPO DE FUNDA:: Dentado<br \/>\nTIPO DE HOJA DE ACERO: CRYO 4116<br \/>\nFORMA DE HOJA: Tanto<br \/>\nMATERIAL DEL MANGO: GRN<br \/>\nCOLOR DEL MANGO: OD<br \/>\nCOLOR DEL MANGO: OD<\/p>\n<p>&nbsp;<\/p>\n<p>&nbsp;<\/p>\n<p>&nbsp;<\/p>\n","protected":false},"excerpt":{"rendered":"<p><strong>Trident FX, construido siguiendo la tradici\u00f3n de los cuchillos de hoja dura de SOG para usuarios profesionales.<\/strong><\/p>\n<p>&nbsp;<\/p>\n","protected":false},"featured_media":429628,"comment_status":"open","ping_status":"closed","template":"","meta":[],"pwb-brand":[3848],"product_brand":[],"product_cat":[3727,3726],"product_tag":[3756],"class_list":{"0":"post-429626","1":"product","2":"type-product","3":"status-publish","4":"has-post-thumbnail","6":"pwb-brand-sog-es","7":"product_cat-cuchillos-macizos","8":"product_cat-cuchillos","9":"product_tag-b2b-es","11":"first","12":"instock","13":"taxable","14":"shipping-taxable","15":"purchasable","16":"product-type-simple"},"brands":[{"id":3848,"name":"SOG","slug":"sog-es"}],"_links":{"self":[{"href":"https:\/\/www.moskito.cz\/es\/wp-json\/wp\/v2\/product\/429626","targetHints":{"allow":["GET"]}}],"collection":[{"href":"https:\/\/www.moskito.cz\/es\/wp-json\/wp\/v2\/product"}],"about":[{"href":"https:\/\/www.moskito.cz\/es\/wp-json\/wp\/v2\/types\/product"}],"replies":[{"embeddable":true,"href":"https:\/\/www.moskito.cz\/es\/wp-json\/wp\/v2\/comments?post=429626"}],"wp:featuredmedia":[{"embeddable":true,"href":"https:\/\/www.moskito.cz\/es\/wp-json\/wp\/v2\/media\/429628"}],"wp:attachment":[{"href":"https:\/\/www.moskito.cz\/es\/wp-json\/wp\/v2\/media?parent=429626"}],"wp:term":[{"taxonomy":"pwb-brand","embeddable":true,"href":"https:\/\/www.moskito.cz\/es\/wp-json\/wp\/v2\/pwb-brand?post=429626"},{"taxonomy":"product_brand","embeddable":true,"href":"https:\/\/www.moskito.cz\/es\/wp-json\/wp\/v2\/product_brand?post=429626"},{"taxonomy":"product_cat","embeddable":true,"href":"https:\/\/www.moskito.cz\/es\/wp-json\/wp\/v2\/product_cat?post=429626"},{"taxonomy":"product_tag","embeddable":true,"href":"https:\/\/www.moskito.cz\/es\/wp-json\/wp\/v2\/product_tag?post=429626"}],"curies":[{"name":"wp","href":"https:\/\/api.w.org\/{rel}","templated":true}]}}