{"id":429659,"date":"2024-09-26T13:02:06","date_gmt":"2024-09-26T12:02:06","guid":{"rendered":"https:\/\/www.moskito.cz\/produkt\/navaja-plegable-asistida-magnum-air-force-rescue-01ll473\/"},"modified":"2025-12-16T12:46:21","modified_gmt":"2025-12-16T11:46:21","slug":"navaja-plegable-asistida-magnum-air-force-rescue-01ll473","status":"publish","type":"product","link":"https:\/\/www.moskito.cz\/es\/produkt\/navaja-plegable-asistida-magnum-air-force-rescue-01ll473\/","title":{"rendered":"Navaja plegable asistida Magnum Air Force Rescue 01LL473"},"content":{"rendered":"<p>Cuchillo de rescate asistido <strong>Magnum<\/strong> Air Force 01LL473.<\/p>\n<div class=\"flex max-w-full flex-col flex-grow\">\n<div class=\"min-h-8 text-message flex w-full flex-col items-end gap-2 whitespace-normal break-words [.text-message+&amp;]:mt-5\" dir=\"auto\" data-message-author-role=\"assistant\" data-message-id=\"3bc9589c-4dd5-4bd0-a504-1083074adfc6\" data-message-model-slug=\"gpt-4o\">\n<div class=\"flex w-full flex-col gap-1 empty:hidden first:pt-[3px]\">\n<div class=\"markdown prose w-full break-words dark:prose-invert light\">\n<p><strong>El Magnum Air Force Rescue Assisted 01LL473<\/strong> es un pr\u00e1ctico cuchillo de rescate dise\u00f1ado como homenaje a las fuerzas de seguridad que se enfrentan al peligro de proteger y salvar vidas. Ofrece caracter\u00edsticas que lo hacen adecuado para situaciones de crisis, al tiempo que est\u00e1 adaptado para usuarios ocasionales m\u00e1s que para el despliegue profesional diario. <\/p>\n<h3>Propiedades clave:<\/h3>\n<ol>\n<li><strong>Cuchilla<\/strong> :\n<ul>\n<li><strong>Material<\/strong>: acero inoxidable <strong>440A<\/strong>, conocido por su resistencia a la corrosi\u00f3n y f\u00e1cil mantenimiento.<\/li>\n<li><strong>Forma de la hoja<\/strong>: <strong>Tanto invertido<\/strong>, que ofrece una punta s\u00f3lida ideal para la penetraci\u00f3n y el corte de precisi\u00f3n.<\/li>\n<li><strong>Acabado<\/strong>: Hoja recubierta de negro para una mayor protecci\u00f3n contra el desgaste.<\/li>\n<li><strong>Hoja parcialmente dentada<\/strong>: facilita el corte de materiales resistentes, como cuerdas o cinturones de seguridad.<\/li>\n<li><strong>Abridor asistido<\/strong>: gracias al soporte de muelle, el cuchillo puede abrirse r\u00e1pida y f\u00e1cilmente con una sola mano utilizando la aleta.<\/li>\n<\/ul>\n<\/li>\n<li><strong>Manejar<\/strong> :\n<ul>\n<li><strong>Material<\/strong>: aluminio anodizado en <strong>azul real<\/strong> con un sutil emblema de las Fuerzas A\u00e9reas.<\/li>\n<li>Forma ergon\u00f3mica para un agarre c\u00f3modo.<\/li>\n<\/ul>\n<\/li>\n<li><strong>Funci\u00f3n de rescate<\/strong>:\n<ul>\n<li><strong>Un pincho para romper el cristal<\/strong>: Para situaciones de emergencia en las que necesites romper una ventana.<\/li>\n<li><strong>Cortador de cinturones<\/strong> de seguridad: permite quitar los cinturones de seguridad de forma r\u00e1pida y segura sin riesgo de lesiones.<\/li>\n<li><strong>Clip de bolsillo<\/strong>: para llevarla f\u00e1cilmente.<\/li>\n<\/ul>\n<\/li>\n<li><strong>Mecanismo y cierre<\/strong>:\n<ul>\n<li><strong>Bloqueo de la hoja<\/strong>: mantiene la hoja en posici\u00f3n abierta durante el uso.<\/li>\n<\/ul>\n<\/li>\n<li><strong>Dimensiones y peso<\/strong>:\n<ul>\n<li><strong>Longitud total<\/strong>: 21,90 cm.<\/li>\n<li><strong>Longitud de la hoja<\/strong>: 8,30 cm.<\/li>\n<li><strong>Grosor de la hoja<\/strong>: 2,80 mm.<\/li>\n<li><strong>Peso<\/strong>: 139 g, proporcionando un equilibrio entre durabilidad y portabilidad.<\/li>\n<\/ul>\n<\/li>\n<\/ol>\n<h3>Usar:<\/h3>\n<p><strong>El Rescate A\u00e9reo Magnum<\/strong> es ideal para:<\/p>\n<ul>\n<li><strong>Emergencia<\/strong>: gracias a funciones especializadas como la punta de cristal y el cortador de cinta.<\/li>\n<li><strong>Uso diario<\/strong>: Para usuarios ocasionales que aprecian un dise\u00f1o funcional y atractivo.<\/li>\n<li><strong>Aficionados a los cuchillos tem\u00e1ticos<\/strong>: un gran regalo para fans o coleccionistas de las Fuerzas A\u00e9reas.<\/li>\n<\/ul>\n<h3>Recomendaci\u00f3n:<\/h3>\n<p>Para los rescatadores profesionales que necesitan un cuchillo para un uso diario intensivo, el fabricante recomienda los modelos de la serie <strong>B\u00f6ker Plus Savior (01BO320, 01BO321, 01BO322)<\/strong>, dise\u00f1ados para una mayor durabilidad.<\/p>\n<h3>Conclusi\u00f3n:<\/h3>\n<p><strong>El Magnum Air Force Rescue Assisted 01LL473<\/strong> es un cuchillo de rescate pr\u00e1ctico, funcional y elegante. Ofrece funciones fiables para situaciones de emergencia y un dise\u00f1o atractivo que lo convierten en una elecci\u00f3n ideal tanto para usuarios ocasionales como para coleccionistas. <\/p>\n<\/div>\n<\/div>\n<\/div>\n<\/div>\n<div class=\"mb-2 flex gap-3 empty:hidden -ml-2\">\n<div class=\"items-center justify-start rounded-xl p-1 flex\">\n<div class=\"flex items-center\"><\/div>\n<\/div>\n<\/div>\n<p>&nbsp;<\/p>\n","protected":false},"excerpt":{"rendered":"<p><strong>El Magnum Air Force Rescue Assisted 01LL473 es un cuchillo de rescate pr\u00e1ctico, funcional y elegante. Ofrece funciones fiables para situaciones de emergencia y un dise\u00f1o atractivo que lo convierten en una elecci\u00f3n ideal tanto para usuarios ocasionales como para coleccionistas. <\/strong><\/p>\n","protected":false},"featured_media":365948,"comment_status":"closed","ping_status":"closed","template":"","meta":[],"pwb-brand":[3800],"product_brand":[],"product_cat":[3730,3726],"product_tag":[],"class_list":{"0":"post-429659","1":"product","2":"type-product","3":"status-publish","4":"has-post-thumbnail","6":"pwb-brand-boker-es","7":"product_cat-cuchillas-de-cierre","8":"product_cat-cuchillos","10":"first","11":"outofstock","12":"taxable","13":"shipping-taxable","14":"purchasable","15":"product-type-simple"},"brands":[{"id":3800,"name":"B\u00f3ker","slug":"boker-es"}],"_links":{"self":[{"href":"https:\/\/www.moskito.cz\/es\/wp-json\/wp\/v2\/product\/429659","targetHints":{"allow":["GET"]}}],"collection":[{"href":"https:\/\/www.moskito.cz\/es\/wp-json\/wp\/v2\/product"}],"about":[{"href":"https:\/\/www.moskito.cz\/es\/wp-json\/wp\/v2\/types\/product"}],"replies":[{"embeddable":true,"href":"https:\/\/www.moskito.cz\/es\/wp-json\/wp\/v2\/comments?post=429659"}],"wp:featuredmedia":[{"embeddable":true,"href":"https:\/\/www.moskito.cz\/es\/wp-json\/wp\/v2\/media\/365948"}],"wp:attachment":[{"href":"https:\/\/www.moskito.cz\/es\/wp-json\/wp\/v2\/media?parent=429659"}],"wp:term":[{"taxonomy":"pwb-brand","embeddable":true,"href":"https:\/\/www.moskito.cz\/es\/wp-json\/wp\/v2\/pwb-brand?post=429659"},{"taxonomy":"product_brand","embeddable":true,"href":"https:\/\/www.moskito.cz\/es\/wp-json\/wp\/v2\/product_brand?post=429659"},{"taxonomy":"product_cat","embeddable":true,"href":"https:\/\/www.moskito.cz\/es\/wp-json\/wp\/v2\/product_cat?post=429659"},{"taxonomy":"product_tag","embeddable":true,"href":"https:\/\/www.moskito.cz\/es\/wp-json\/wp\/v2\/product_tag?post=429659"}],"curies":[{"name":"wp","href":"https:\/\/api.w.org\/{rel}","templated":true}]}}