{"id":429667,"date":"2023-03-29T21:21:25","date_gmt":"2023-03-29T20:21:25","guid":{"rendered":"https:\/\/www.moskito.cz\/produkt\/cuchillo-de-cierre-cold-steel-verdict-spear-point-negro\/"},"modified":"2025-12-16T16:32:20","modified_gmt":"2025-12-16T15:32:20","slug":"cuchillo-de-cierre-cold-steel-verdict-spear-point-negro","status":"publish","type":"product","link":"https:\/\/www.moskito.cz\/es\/produkt\/cuchillo-de-cierre-cold-steel-verdict-spear-point-negro\/","title":{"rendered":"Cuchillo de cierre Cold Steel VERDICT SPEAR POINT NEGRO"},"content":{"rendered":"<p>Cuchillo de cierre <strong>Cold Steel<\/strong> VERDICT SPEAR POINT NEGRO<\/p>\n<p>Ligera, f\u00e1cil de abrir y equipada con el seguro Tri-Ad\u00ae de Cold Steel, la Verdict es la elecci\u00f3n perfecta para llevar a diario. La hoja de acero inoxidable rectificado 4116 de 3 pulgadas se engancha f\u00e1cilmente y mantiene el filo. Con un robusto mango GFN dise\u00f1ado para resistir a\u00f1os de duro uso, esta plegadora reversible est\u00e1 disponible en una combinaci\u00f3n de estilos de hoja (punta de clip y punta de lanza) y colores de mango.  <\/p>\n<p>Veredicto de la serie:<\/p>\n<p>Un veredicto es una decisi\u00f3n, y la serie Verdict de navajas plegables de Cold Steel brinda a los usuarios una opci\u00f3n decisiva para llevar a diario como una piedra. Con la cerradura Tri-Ad\u00ae probada y confiable, Verdict viene con dos materiales de acero y dos mangos y una variedad de formas de hoja.<\/p>\n<p>Descripci\u00f3n:<br \/>\nMaterial de la hoja: 4116<br \/>\nMaterial del mango: GFN<br \/>\nCerradura: Tri-Ad lock<br \/>\nLongitud de la hoja: 7,6 cm<br \/>\nTipo de hoja: Punta de lanza<br \/>\nUso: EDC &#8211; porte diario<\/p>\n<p><iframe title=\"COLD STEEL VERDICT LINE OF KNIVES\" width=\"800\" height=\"450\" src=\"https:\/\/www.youtube.com\/embed\/6vn_iWyLzhQ?feature=oembed\" frameborder=\"0\" allow=\"accelerometer; autoplay; clipboard-write; encrypted-media; gyroscope; picture-in-picture; web-share\" referrerpolicy=\"strict-origin-when-cross-origin\" allowfullscreen><\/iframe><\/p>\n<p>&nbsp;<\/p>\n<p>&nbsp;<\/p>\n","protected":false},"excerpt":{"rendered":"<p><strong>\u00a1El veredicto es una \u00abdecisi\u00f3n\u00bb! T\u00fa tambi\u00e9n estar\u00e1s decidido a llevar el nuevo cuchillo Verdict cuando lo cojas por primera vez.<\/strong><\/p>\n","protected":false},"featured_media":429675,"comment_status":"open","ping_status":"closed","template":"","meta":[],"pwb-brand":[3790],"product_brand":[],"product_cat":[3730,3726],"product_tag":[3756],"class_list":{"0":"post-429667","1":"product","2":"type-product","3":"status-publish","4":"has-post-thumbnail","6":"pwb-brand-arma-blanca","7":"product_cat-cuchillas-de-cierre","8":"product_cat-cuchillos","9":"product_tag-b2b-es","11":"first","12":"instock","13":"taxable","14":"shipping-taxable","15":"purchasable","16":"product-type-simple"},"brands":[{"id":3790,"name":"Arma blanca","slug":"arma-blanca"}],"_links":{"self":[{"href":"https:\/\/www.moskito.cz\/es\/wp-json\/wp\/v2\/product\/429667","targetHints":{"allow":["GET"]}}],"collection":[{"href":"https:\/\/www.moskito.cz\/es\/wp-json\/wp\/v2\/product"}],"about":[{"href":"https:\/\/www.moskito.cz\/es\/wp-json\/wp\/v2\/types\/product"}],"replies":[{"embeddable":true,"href":"https:\/\/www.moskito.cz\/es\/wp-json\/wp\/v2\/comments?post=429667"}],"wp:featuredmedia":[{"embeddable":true,"href":"https:\/\/www.moskito.cz\/es\/wp-json\/wp\/v2\/media\/429675"}],"wp:attachment":[{"href":"https:\/\/www.moskito.cz\/es\/wp-json\/wp\/v2\/media?parent=429667"}],"wp:term":[{"taxonomy":"pwb-brand","embeddable":true,"href":"https:\/\/www.moskito.cz\/es\/wp-json\/wp\/v2\/pwb-brand?post=429667"},{"taxonomy":"product_brand","embeddable":true,"href":"https:\/\/www.moskito.cz\/es\/wp-json\/wp\/v2\/product_brand?post=429667"},{"taxonomy":"product_cat","embeddable":true,"href":"https:\/\/www.moskito.cz\/es\/wp-json\/wp\/v2\/product_cat?post=429667"},{"taxonomy":"product_tag","embeddable":true,"href":"https:\/\/www.moskito.cz\/es\/wp-json\/wp\/v2\/product_tag?post=429667"}],"curies":[{"name":"wp","href":"https:\/\/api.w.org\/{rel}","templated":true}]}}