{"id":429680,"date":"2024-09-26T13:01:37","date_gmt":"2024-09-26T12:01:37","guid":{"rendered":"https:\/\/www.moskito.cz\/produkt\/navaja-de-bolsillo-boker-plus-kal-14\/"},"modified":"2025-12-16T16:32:23","modified_gmt":"2025-12-16T15:32:23","slug":"navaja-de-bolsillo-boker-plus-kal-14","status":"publish","type":"product","link":"https:\/\/www.moskito.cz\/es\/produkt\/navaja-de-bolsillo-boker-plus-kal-14\/","title":{"rendered":"Navaja de bolsillo B\u00f6ker Plus KAL-14"},"content":{"rendered":"<p>Navaja de bolsillo<strong> B\u00f6ker Plus<\/strong> KAL-14.<\/p>\n<div class=\"flex max-w-full flex-col flex-grow\">\n<div class=\"min-h-8 text-message flex w-full flex-col items-end gap-2 whitespace-normal break-words [.text-message+&amp;]:mt-5\" dir=\"auto\" data-message-author-role=\"assistant\" data-message-id=\"d7d8fd1e-846a-4da0-818b-dfa3b382aa15\" data-message-model-slug=\"gpt-4o-mini\">\n<div class=\"flex w-full flex-col gap-1 empty:hidden first:pt-[3px]\">\n<div class=\"markdown prose w-full break-words dark:prose-invert light\">\n<p>La navaja de bolsillo <strong>B\u00f6ker Plus KAL-14<\/strong> forma parte de la popular serie <strong>Kalashnikov<\/strong>, conocida por su dise\u00f1o duradero y su excelente funcionalidad. Este modelo aporta no s\u00f3lo grandes caracter\u00edsticas t\u00e9cnicas, sino tambi\u00e9n elementos visualmente atractivos gracias a las inserciones de madera en el mango de aluminio. <\/p>\n<hr>\n<h3><strong>Propiedades clave:<\/strong><\/h3>\n<ol>\n<li><strong>Cuchilla<\/strong> :\n<ul>\n<li><strong>Material<\/strong>: <strong>440C<\/strong> &#8211; acero inoxidable de alta calidad, conocido por su resistencia al desgaste y sus excelentes propiedades de retenci\u00f3n del filo.<\/li>\n<li><strong>Apertura<\/strong>: la hoja se abre con una <strong>aleta<\/strong> o con una <strong>rueda selectora<\/strong>, lo que proporciona flexibilidad de uso.<\/li>\n<li><strong>Longitud de la hoja<\/strong>: 9,30 cm &#8211; tama\u00f1o ideal para llevar a diario y realizar diversas tareas.<\/li>\n<li><strong>Grosor de la hoja<\/strong>: 3,00 mm &#8211; proporciona suficiente resistencia para las tareas m\u00e1s exigentes.<\/li>\n<\/ul>\n<\/li>\n<li><strong>Manejar<\/strong> :\n<ul>\n<li><strong>Material<\/strong>: <strong>aluminio con inserciones de madera<\/strong> &#8211; el mango de aluminio ofrece ligereza y durabilidad, mientras que las inserciones de madera a\u00f1aden elegancia visual y un agradable contraste.<\/li>\n<li><strong>Agarre seguro<\/strong>: el dise\u00f1o del mango es ergon\u00f3mico y garantiza un agarre seguro y c\u00f3modo del cuchillo.<\/li>\n<\/ul>\n<\/li>\n<li><strong>Caracter\u00edsticas<\/strong>:\n<ul>\n<li><strong>Linerlock<\/strong> &#8211; asegura la hoja en posici\u00f3n abierta, garantizando un uso seguro.<\/li>\n<li><strong>Herramientas adicionales<\/strong>:\n<ul>\n<li><strong>Rompe<\/strong> cristales: para situaciones de emergencia en las que necesites romper cristales de forma r\u00e1pida y eficaz.<\/li>\n<li><strong>Cortador de cinturones<\/strong>: una herramienta pr\u00e1ctica para cortar los cinturones de seguridad en caso de emergencia.<\/li>\n<\/ul>\n<\/li>\n<\/ul>\n<\/li>\n<li><strong>El caso<\/strong>:\n<ul>\n<li><strong>Funda de nylon<\/strong>: incluye una pr\u00e1ctica funda para llevarla en el cintur\u00f3n.<\/li>\n<li><strong>Caja de regalo<\/strong> &#8211; El cuchillo viene en una elegante caja de regalo, lo que lo convierte en un regalo estupendo para coleccionistas o aficionados.<\/li>\n<\/ul>\n<\/li>\n<\/ol>\n<hr>\n<h3><strong>Especificaciones t\u00e9cnicas<\/strong> :<\/h3>\n<ul>\n<li><strong>Longitud total<\/strong>: 22,00 cm<\/li>\n<li><strong>Longitud de la hoja<\/strong>: 9,30 cm<\/li>\n<li><strong>Grosor de la hoja<\/strong>: 3,00 mm<\/li>\n<li><strong>Peso<\/strong>: 205,00 g<\/li>\n<li><strong>Material de la hoja<\/strong>: 440C<\/li>\n<li><strong>Material del mango<\/strong>: aluminio con inserciones de madera<\/li>\n<li><strong>Mecanismo de apertura<\/strong>: manual (aleta\/pinza)<\/li>\n<li><strong>Cierre<\/strong>: <strong>Linerlock<\/strong><\/li>\n<li><strong>N\u00famero de art\u00edculo<\/strong>: 01CAL14<\/li>\n<\/ul>\n<hr>\n<h3><strong>Beneficios y usos<\/strong> :<\/h3>\n<ul>\n<li><strong>Versatilidad<\/strong>: la navaja de bolsillo con hoja <strong>440C<\/strong> de alta calidad y funciones adicionales (rompe cristales, corta cinturones) es ideal para llevarla a diario, pero tambi\u00e9n para utilizarla en situaciones de crisis.<\/li>\n<li><strong>Dise\u00f1o elegante<\/strong>: la combinaci\u00f3n de <strong>mango de aluminio<\/strong> e <strong>inserciones de madera<\/strong> hace que este cuchillo no s\u00f3lo sea funcional, sino tambi\u00e9n atractivo.<\/li>\n<li><strong>Seguridad y comodidad<\/strong>: el mecanismo <strong>Linerlock<\/strong> y el mango ergon\u00f3mico garantizan que el cuchillo sea seguro y c\u00f3modo incluso con un uso prolongado.<\/li>\n<li><strong>Pr\u00e1ctica funda<\/strong>: la funda de nailon suministrada facilita el transporte y el acceso al cuchillo.<\/li>\n<\/ul>\n<hr>\n<h3><strong>Conclusi\u00f3n<\/strong> :<\/h3>\n<p><strong>La B\u00f6ker Plus KAL-14<\/strong> es una navaja de bolsillo de alta calidad que combina robustez y funcionalidad con un dise\u00f1o elegante. Adecuada tanto para llevarla a diario como para situaciones de crisis, este modelo es ideal para usuarios que buscan una herramienta fiable y atractiva con una amplia gama de usos. <\/p>\n<\/div>\n<\/div>\n<\/div>\n<\/div>\n<div class=\"mb-2 flex gap-3 empty:hidden -ml-2\">\n<div class=\"items-center justify-start rounded-xl p-1 flex\">\n<div class=\"flex items-center\"><\/div>\n<\/div>\n<\/div>\n<p>&nbsp;<\/p>\n","protected":false},"excerpt":{"rendered":"<div class=\"flex max-w-full flex-col flex-grow\">\n<div class=\"min-h-8 text-message flex w-full flex-col items-end gap-2 whitespace-normal break-words [.text-message+&amp;]:mt-5\" dir=\"auto\" data-message-author-role=\"assistant\" data-message-id=\"d7d8fd1e-846a-4da0-818b-dfa3b382aa15\" data-message-model-slug=\"gpt-4o-mini\">\n<div class=\"flex w-full flex-col gap-1 empty:hidden first:pt-[3px]\">\n<div class=\"markdown prose w-full break-words dark:prose-invert light\">\n<p><strong>La B\u00f6ker Plus KAL-14 es una navaja de bolsillo de alta calidad que combina robustez y funcionalidad con un dise\u00f1o elegante. Adecuada tanto para llevarla a diario como para situaciones de crisis, este modelo es ideal para usuarios que buscan una herramienta fiable y atractiva con una amplia gama de usos. <\/strong><\/p>\n<\/div>\n<\/div>\n<\/div>\n<\/div>\n<div class=\"mb-2 flex gap-3 empty:hidden -ml-2\">\n<div class=\"items-center justify-start rounded-xl p-1 flex\">\n<div class=\"flex items-center\"><\/div>\n<\/div>\n<\/div>\n","protected":false},"featured_media":361265,"comment_status":"closed","ping_status":"closed","template":"","meta":[],"pwb-brand":[3800],"product_brand":[],"product_cat":[3730,3726],"product_tag":[],"class_list":{"0":"post-429680","1":"product","2":"type-product","3":"status-publish","4":"has-post-thumbnail","6":"pwb-brand-boker-es","7":"product_cat-cuchillas-de-cierre","8":"product_cat-cuchillos","10":"first","11":"outofstock","12":"taxable","13":"shipping-taxable","14":"purchasable","15":"product-type-simple"},"brands":[{"id":3800,"name":"B\u00f3ker","slug":"boker-es"}],"_links":{"self":[{"href":"https:\/\/www.moskito.cz\/es\/wp-json\/wp\/v2\/product\/429680","targetHints":{"allow":["GET"]}}],"collection":[{"href":"https:\/\/www.moskito.cz\/es\/wp-json\/wp\/v2\/product"}],"about":[{"href":"https:\/\/www.moskito.cz\/es\/wp-json\/wp\/v2\/types\/product"}],"replies":[{"embeddable":true,"href":"https:\/\/www.moskito.cz\/es\/wp-json\/wp\/v2\/comments?post=429680"}],"wp:featuredmedia":[{"embeddable":true,"href":"https:\/\/www.moskito.cz\/es\/wp-json\/wp\/v2\/media\/361265"}],"wp:attachment":[{"href":"https:\/\/www.moskito.cz\/es\/wp-json\/wp\/v2\/media?parent=429680"}],"wp:term":[{"taxonomy":"pwb-brand","embeddable":true,"href":"https:\/\/www.moskito.cz\/es\/wp-json\/wp\/v2\/pwb-brand?post=429680"},{"taxonomy":"product_brand","embeddable":true,"href":"https:\/\/www.moskito.cz\/es\/wp-json\/wp\/v2\/product_brand?post=429680"},{"taxonomy":"product_cat","embeddable":true,"href":"https:\/\/www.moskito.cz\/es\/wp-json\/wp\/v2\/product_cat?post=429680"},{"taxonomy":"product_tag","embeddable":true,"href":"https:\/\/www.moskito.cz\/es\/wp-json\/wp\/v2\/product_tag?post=429680"}],"curies":[{"name":"wp","href":"https:\/\/api.w.org\/{rel}","templated":true}]}}