{"id":429733,"date":"2023-02-15T22:24:42","date_gmt":"2023-02-15T21:24:42","guid":{"rendered":"https:\/\/www.moskito.cz\/produkt\/cuchillo-de-expulsion-a-g-a-campolin-akc-f-16-otf\/"},"modified":"2025-12-18T10:48:27","modified_gmt":"2025-12-18T09:48:27","slug":"cuchillo-de-expulsion-a-g-a-campolin-akc-f-16-otf","status":"publish","type":"product","link":"https:\/\/www.moskito.cz\/es\/produkt\/cuchillo-de-expulsion-a-g-a-campolin-akc-f-16-otf\/","title":{"rendered":"Cuchillo de Expulsi\u00f3n A.G.A. CAMPOLIN AKC F-16 OTF"},"content":{"rendered":"<p>Cuchillo de Expulsi\u00f3n <strong>A.G.A. CAMPOLIN<\/strong> AKC F-16 OTF<\/p>\n<p>La AKC OTF \u00abF16\u00bb es una impresionante navaja autom\u00e1tica que combina funcionalidad con un atractivo dise\u00f1o. He aqu\u00ed un resumen de sus caracter\u00edsticas clave y de lo que la convierte en una herramienta excepcional:<br \/>\nCaracter\u00edsticas clave: <\/p>\n<p>Mecanismo de la cuchilla:<br \/>\nEl mecanismo de doble muelle garantiza una extensi\u00f3n r\u00e1pida y fiable de la cuchilla.<br \/>\nSencillo accionamiento mediante pulsador tanto para la extensi\u00f3n como para la retracci\u00f3n de la cuchilla.<br \/>\nLa m\u00ednima holgura de la cuchilla proporciona un control seguro y preciso.<\/p>\n<p>Dise\u00f1o y construcci\u00f3n:<br \/>\nHoja: Hoja de daga pulida y satinada inspirada en el cl\u00e1sico estilete italiano, que ofrece una forma afilada y sim\u00e9trica.<br \/>\nEmpu\u00f1adura: Construcci\u00f3n ligera de aluminio con acabado verde militar. La inserci\u00f3n de papel de lija negro mejora la seguridad del agarre, incluso en condiciones dif\u00edciles.<br \/>\nClip de bolsillo: Clip negro para un transporte seguro. <\/p>\n<p>Dimensiones:<br \/>\nLongitud total: 20 cm<br \/>\nLongitud de la hoja: 8,5 cm<br \/>\nGrosor de la hoja: 3 mm<br \/>\nPeso: 90 g<\/p>\n<p>Materiales:<br \/>\nMaterial de la hoja: Acero inoxidable 440A, conocido por su resistencia a la corrosi\u00f3n y su facilidad de afilado.<br \/>\nMaterial del mango: aluminio para mayor durabilidad y ligereza.<br \/>\nMaterial del forro: papel de lija para un agarre firme y ergon\u00f3mico.<\/p>\n<p>Aplicabilidad:<\/p>\n<p>Dise\u00f1ada como herramienta de uso diario (EDC), la F16 es compacta y f\u00e1cil de usar. Su acci\u00f3n r\u00e1pida y su construcci\u00f3n robusta la hacen adecuada tanto para fines utilitarios como defensivos.<br \/>\nEst\u00e9tica: <\/p>\n<p>Inspirado en el avi\u00f3n de combate F-16 Fighting Falcon, su dise\u00f1o elegante y funcional refleja ingenier\u00eda de precisi\u00f3n y durabilidad militar. El estilo italiano inspirado en los tacones de aguja le da un aire cl\u00e1sico con una artesan\u00eda moderna. <\/p>\n<p>Con su combinaci\u00f3n de rapidez, durabilidad y dise\u00f1o ergon\u00f3mico, este cuchillo es un valioso complemento para cualquier colecci\u00f3n o una herramienta fiable para el uso diario.<\/p>\n<p><iframe title=\"AKC F16 Automatic OTF F16B CF\" width=\"800\" height=\"450\" src=\"https:\/\/www.youtube.com\/embed\/yyAzUKCJ_AQ?feature=oembed\" frameborder=\"0\" allow=\"accelerometer; autoplay; clipboard-write; encrypted-media; gyroscope; picture-in-picture; web-share\" referrerpolicy=\"strict-origin-when-cross-origin\" allowfullscreen><\/iframe><\/p>\n<p>&nbsp;<\/p>\n","protected":false},"excerpt":{"rendered":"<p><strong>Con su combinaci\u00f3n de rapidez, durabilidad y dise\u00f1o ergon\u00f3mico, este cuchillo es un valioso complemento para cualquier colecci\u00f3n o una herramienta fiable para el uso diario.<\/strong><\/p>\n","protected":false},"featured_media":429738,"comment_status":"open","ping_status":"closed","template":"","meta":[],"pwb-brand":[4010],"product_brand":[],"product_cat":[3729,3726],"product_tag":[],"class_list":{"0":"post-429733","1":"product","2":"type-product","3":"status-publish","4":"has-post-thumbnail","6":"pwb-brand-aga-campolin","7":"product_cat-cuchillos-de-tiro","8":"product_cat-cuchillos","10":"first","11":"instock","12":"taxable","13":"shipping-taxable","14":"purchasable","15":"product-type-simple"},"brands":[{"id":4010,"name":"AGA CAMPOLIN","slug":"aga-campolin"}],"_links":{"self":[{"href":"https:\/\/www.moskito.cz\/es\/wp-json\/wp\/v2\/product\/429733","targetHints":{"allow":["GET"]}}],"collection":[{"href":"https:\/\/www.moskito.cz\/es\/wp-json\/wp\/v2\/product"}],"about":[{"href":"https:\/\/www.moskito.cz\/es\/wp-json\/wp\/v2\/types\/product"}],"replies":[{"embeddable":true,"href":"https:\/\/www.moskito.cz\/es\/wp-json\/wp\/v2\/comments?post=429733"}],"wp:featuredmedia":[{"embeddable":true,"href":"https:\/\/www.moskito.cz\/es\/wp-json\/wp\/v2\/media\/429738"}],"wp:attachment":[{"href":"https:\/\/www.moskito.cz\/es\/wp-json\/wp\/v2\/media?parent=429733"}],"wp:term":[{"taxonomy":"pwb-brand","embeddable":true,"href":"https:\/\/www.moskito.cz\/es\/wp-json\/wp\/v2\/pwb-brand?post=429733"},{"taxonomy":"product_brand","embeddable":true,"href":"https:\/\/www.moskito.cz\/es\/wp-json\/wp\/v2\/product_brand?post=429733"},{"taxonomy":"product_cat","embeddable":true,"href":"https:\/\/www.moskito.cz\/es\/wp-json\/wp\/v2\/product_cat?post=429733"},{"taxonomy":"product_tag","embeddable":true,"href":"https:\/\/www.moskito.cz\/es\/wp-json\/wp\/v2\/product_tag?post=429733"}],"curies":[{"name":"wp","href":"https:\/\/api.w.org\/{rel}","templated":true}]}}