{"id":429812,"date":"2021-05-27T21:00:52","date_gmt":"2021-05-27T20:00:52","guid":{"rendered":"https:\/\/www.moskito.cz\/produkt\/cuchillo-de-expulsion-boker-plus-strike-coyote-spearpoint\/"},"modified":"2025-12-22T13:56:37","modified_gmt":"2025-12-22T12:56:37","slug":"cuchillo-de-expulsion-boker-plus-strike-coyote-spearpoint","status":"publish","type":"product","link":"https:\/\/www.moskito.cz\/es\/produkt\/cuchillo-de-expulsion-boker-plus-strike-coyote-spearpoint\/","title":{"rendered":"Cuchillo de Expulsi\u00f3n B\u00f6ker Plus STRIKE COYOTE SPEARPOINT"},"content":{"rendered":"<p>Cuchillo de expulsi\u00f3n <strong>B\u00f6ker<\/strong> Plus STRIKE COYOTE SPEARPOINT.<\/p>\n<p>La B\u00f6ker Plus es ideal para cualquier trabajo. La hoja es de acero inoxidable AUS-8. El mango de aluminio garantiza un peso reducido. El cuchillo tiene un clip para sujetarlo. Se entrega en una caja de regalo.    <\/p>\n<p>Longitud total:20,1 cm<\/p>\n<p>Longitud de la hoja:8,5 cm<\/p>\n<p>Grosor de la hoja:3,0 mm<\/p>\n<p>peso:137,0 g<\/p>\n<p>Material de la hoja:AUS-8<\/p>\n<p>Material del mango:aluminio<\/p>\n<p>cierre:bot\u00f3n<\/p>\n<p>Abrir soporte:bot\u00f3n<\/p>\n<p>apertura:autom\u00e1tica<\/p>\n<p>La Boker Plus Strike es una robusta navaja autom\u00e1tica para uso cotidiano o t\u00e1ctico que completa nuestra amplia selecci\u00f3n de navajas autom\u00e1ticas. El mango delgado y ergon\u00f3mico se basa en forros de acero macizo, que est\u00e1n equipados con escamas de aluminio coyote ligero, fresadas para un buen agarre. El metal, comparativamente blando y resistente, es tambi\u00e9n muy fuerte y duradero. Las profundas muescas en la bien definida elevaci\u00f3n del pulgar contribuyen a un manejo seguro. Una corredera de seguridad de enclavamiento limpio contra el disparo accidental act\u00faa como seguridad adicional cuando el cuchillo est\u00e1 cerrado. La hoja est\u00e1 fabricada en AUS-8 desarrollado en Jap\u00f3n y tiene un acabado Stonewash oscuro. Con un clip reversible (punta arriba \/ punta abajo) y una funda de nylon de alta calidad para guardarla.      <\/p>\n","protected":false},"excerpt":{"rendered":"<p>Con el tiempo, la f\u00e1brica de cuchillos <strong>B\u00f6ker<\/strong> se ha convertido en un l\u00edder mundial en innovaci\u00f3n y el mayor fabricante de cuchillos deportivos, t\u00e1cticos y de colecci\u00f3n en Europa.<\/p>\n","protected":false},"featured_media":429814,"comment_status":"open","ping_status":"closed","template":"","meta":[],"pwb-brand":[3800],"product_brand":[],"product_cat":[3729,3726],"product_tag":[],"class_list":{"0":"post-429812","1":"product","2":"type-product","3":"status-publish","4":"has-post-thumbnail","6":"pwb-brand-boker-es","7":"product_cat-cuchillos-de-tiro","8":"product_cat-cuchillos","10":"first","11":"outofstock","12":"taxable","13":"shipping-taxable","14":"purchasable","15":"product-type-simple"},"brands":[{"id":3800,"name":"B\u00f3ker","slug":"boker-es"}],"_links":{"self":[{"href":"https:\/\/www.moskito.cz\/es\/wp-json\/wp\/v2\/product\/429812","targetHints":{"allow":["GET"]}}],"collection":[{"href":"https:\/\/www.moskito.cz\/es\/wp-json\/wp\/v2\/product"}],"about":[{"href":"https:\/\/www.moskito.cz\/es\/wp-json\/wp\/v2\/types\/product"}],"replies":[{"embeddable":true,"href":"https:\/\/www.moskito.cz\/es\/wp-json\/wp\/v2\/comments?post=429812"}],"wp:featuredmedia":[{"embeddable":true,"href":"https:\/\/www.moskito.cz\/es\/wp-json\/wp\/v2\/media\/429814"}],"wp:attachment":[{"href":"https:\/\/www.moskito.cz\/es\/wp-json\/wp\/v2\/media?parent=429812"}],"wp:term":[{"taxonomy":"pwb-brand","embeddable":true,"href":"https:\/\/www.moskito.cz\/es\/wp-json\/wp\/v2\/pwb-brand?post=429812"},{"taxonomy":"product_brand","embeddable":true,"href":"https:\/\/www.moskito.cz\/es\/wp-json\/wp\/v2\/product_brand?post=429812"},{"taxonomy":"product_cat","embeddable":true,"href":"https:\/\/www.moskito.cz\/es\/wp-json\/wp\/v2\/product_cat?post=429812"},{"taxonomy":"product_tag","embeddable":true,"href":"https:\/\/www.moskito.cz\/es\/wp-json\/wp\/v2\/product_tag?post=429812"}],"curies":[{"name":"wp","href":"https:\/\/api.w.org\/{rel}","templated":true}]}}