{"id":429818,"date":"2021-10-26T17:49:04","date_gmt":"2021-10-26T16:49:04","guid":{"rendered":"https:\/\/www.moskito.cz\/produkt\/cuchillo-de-expulsion-microtech-troodon-mini-doble-filo-satinado-238-4\/"},"modified":"2025-12-22T13:56:39","modified_gmt":"2025-12-22T12:56:39","slug":"cuchillo-de-expulsion-microtech-troodon-mini-doble-filo-satinado-238-4","status":"publish","type":"product","link":"https:\/\/www.moskito.cz\/es\/produkt\/cuchillo-de-expulsion-microtech-troodon-mini-doble-filo-satinado-238-4\/","title":{"rendered":"Cuchillo de Expulsi\u00f3n Microtech Troodon Mini Doble Filo Satinado 238-4"},"content":{"rendered":"<h3 data-pm-slice=\"1 1 []\">Cuchillo de Expulsi\u00f3n Microtech Troodon Mini Doble Filo Satinado 238-4<\/h3>\n<p><strong>Un rendimiento incre\u00edble en un cuerpo compacto.<\/strong>  La Microtech Troodon Mini de Doble Filo Satinado 238-4 es una de las navajas OTF m\u00e1s peque\u00f1as y fiables jam\u00e1s creadas por Microtech. Tanto si buscas una discreta navaja EDC, un accesorio elegante o la herramienta de defensa personal definitiva, este modelo te ofrece todo lo que necesitas&#8230; y m\u00e1s. <\/p>\n<div>\n<hr>\n<\/div>\n<h3>Especificaciones t\u00e9cnicas:<\/h3>\n<ul data-spread=\"false\">\n<li><strong>Longitud total:<\/strong> 14 cm<\/li>\n<li><strong>Longitud cuando est\u00e1 cerrado:<\/strong> 9 cm<\/li>\n<li><strong>Longitud de la hoja:<\/strong> 5 cm<\/li>\n<li><strong>Grosor de la hoja:<\/strong> 0,32 cm<\/li>\n<li><strong>Material de la hoja:<\/strong> acero premium M390<\/li>\n<li><strong>Forma de la hoja:<\/strong> doble filo &#8211; daga de doble filo<\/li>\n<li><strong>Acabado de la hoja:<\/strong> Satinado &#8211; elegante acabado pulido a mano<\/li>\n<li><strong>Mango:<\/strong> Aluminio anodizado negro con textura fina para un agarre firme<\/li>\n<li><strong>Mecanismo:<\/strong> OTF (Out-The-Front) &#8211; extensi\u00f3n y retracci\u00f3n autom\u00e1ticas<\/li>\n<li><strong>Fabricado en EE.UU. \ud83c\uddfa\ud83c\uddf8<\/strong><\/li>\n<\/ul>\n<div>\n<hr>\n<\/div>\n<h3>Para qu\u00e9 sirve la forma de la hoja:<\/h3>\n<p><strong>El filo doble (daga)<\/strong> es ideal para penetrar material de forma r\u00e1pida y eficaz por ambos lados. Es adecuada para fines t\u00e1cticos y defensa personal, as\u00ed como para tareas de corte espec\u00edficas en las que la simetr\u00eda y la precisi\u00f3n son importantes. Es una hoja de car\u00e1cter llamativo y gran penetraci\u00f3n.  <\/p>\n<div>\n<hr>\n<\/div>\n<h3>Uso y finalidad:<\/h3>\n<ul data-spread=\"false\">\n<li>Porte diario (EDC)<\/li>\n<li>Autodefensa<\/li>\n<li>Una pieza de coleccionista<\/li>\n<li>Un accesorio de lujo para los m\u00e1s exigentes<\/li>\n<li>Tambi\u00e9n es adecuado para profesionales que necesitan una herramienta peque\u00f1a pero extremadamente fiable<\/li>\n<\/ul>\n<div>\n<hr>\n<\/div>\n<h3>Ventajas:<\/h3>\n<p>\u2705 Extremadamente compacta y ligera: ideal para el bolsillo o como navaja de reserva<br \/>\n\u2705 Cuchilla reversible &#8211; eficaz por ambos lados<br \/>\n\u2705 Mecanismo OTF r\u00e1pido, fiable y preciso<br \/>\n\u2705 Acero de primera calidad y hoja pulida con precisi\u00f3n<br \/>\n\u2705 Con estilo, elegante y mortalmente funcional<br \/>\n\u2705 Empu\u00f1adura con ergonom\u00eda perfecta<br \/>\n\u2705 Fabricado en EE.UU. \ud83c\uddfa\ud83c\uddf8<br \/>\n\u2705 Disponibilidad limitada &#8211; muy dif\u00edcil de encontrar<br \/>\n\u2705 Alto valor para coleccionistas y usuarios exigentes<\/p>\n<div>\n<hr>\n<\/div>\n<h3>Desventajas:<\/h3>\n<p>\u26a0 Tama\u00f1o compacto &#8211; no apto para trabajos pesados al aire libre<br \/>\n\u26a0 La hoja de doble filo puede no ser legal en todos los pa\u00edses<\/p>\n<div>\n<hr>\n<\/div>\n<h3>Calidad superior:<\/h3>\n<p><strong>Todos los cuchillos Microtech, incluido el Microtech Troodon Mini Satinado Doble Filo 238-4, se fabrican en EE.UU. \ud83c\uddfa\ud83c\uddf8.<\/strong>  Esta marca es conocida por su artesan\u00eda de precisi\u00f3n, el uso de materiales de primera calidad y la m\u00e1xima fiabilidad, lo que la convierte en una de las marcas m\u00e1s respetadas en el campo de las navajas.<\/p>\n<div>\n<hr>\n<\/div>\n<h3>Atracci\u00f3n emocional:<\/h3>\n<p>El Troodon Mini no es s\u00f3lo un cuchillo: es un protector personal en un elegante abrigo. Con este modelo, tienes a tu alcance una pieza de tecnolog\u00eda, potencia y estilo que nunca te defraudar\u00e1. Est\u00e9s donde est\u00e9s, esta navaja te dar\u00e1 sensaci\u00f3n de control y confianza.    <strong>Es a la vez un arma y una joya. Y cabe en tu bolsillo. <\/strong><\/p>\n<div>\n<hr>\n<\/div>\n<h3>Razones para comprar ahora:<\/h3>\n<p>\ud83d\ude9a <strong>Env\u00edo gratuito<\/strong><br \/>\n\ud83c\udf81 <strong>Regalo con el pedido<\/strong><br \/>\n\u2705 <strong>Garant\u00eda de originalidad y origen verificado<\/strong><br \/>\n\u26a1 <strong>Env\u00edo r\u00e1pido en 24 horas<\/strong><br \/>\n\ud83d\udcb3      <strong>Posibilidad de pago contra reembolso o en l\u00ednea con tarjeta<\/strong><\/p>\n<div>\n<hr>\n<\/div>\n<h3>Conclusi\u00f3n:<\/h3>\n<p>La Microtech Troodon Mini Satinada Doble Filo 238-4 es un s\u00edmbolo de excelencia t\u00e9cnica en formato miniatura. Combina elegancia, potencia y practicidad en un solo cuerpo. Est\u00e1 dise\u00f1ada para los que quieren lo mejor, sin concesiones.<br \/>\n\u27a1\ufe0f  <strong>Haz tu pedido ahora &#8211; Los modelos Troodon Mini son extremadamente populares y dif\u00edciles de encontrar. Consigue hoy mismo tu trozo de la leyenda de Microtech. <\/strong><\/p>\n<div>\n<hr>\n<\/div>\n<p>&nbsp;<\/p>\n<p><iframe title=\"Microtech Combat Troodon Torture Test\" width=\"800\" height=\"450\" src=\"https:\/\/www.youtube.com\/embed\/xE9TeOFYEjg?feature=oembed\" frameborder=\"0\" allow=\"accelerometer; autoplay; clipboard-write; encrypted-media; gyroscope; picture-in-picture; web-share\" referrerpolicy=\"strict-origin-when-cross-origin\" allowfullscreen><\/iframe><\/p>\n<p>&nbsp;<\/p>\n","protected":false},"excerpt":{"rendered":"<p><strong>La Microtech Troodon Mini Satinada Doble Filo 238-4 es un s\u00edmbolo de excelencia t\u00e9cnica en formato miniatura. Combina elegancia, potencia y practicidad en un solo cuerpo. Est\u00e1 dise\u00f1ada para los que quieren lo mejor, sin concesiones.  <\/strong><br \/>\n<strong>\u27a1\ufe0f Haz tu pedido ahora &#8211; Los modelos Troodon Mini son extremadamente populares y dif\u00edciles de encontrar. Consigue hoy mismo tu trozo de la leyenda de Microtech. <\/strong><\/p>\n<div><strong>\ud83d\udce6 tu pedido ahora y obt\u00e9n env\u00edo gratis \ud83d\ude9a<\/strong><\/div>\n","protected":false},"featured_media":429820,"comment_status":"open","ping_status":"closed","template":"","meta":[],"pwb-brand":[3752],"product_brand":[],"product_cat":[3729,3726],"product_tag":[3756],"class_list":{"0":"post-429818","1":"product","2":"type-product","3":"status-publish","4":"has-post-thumbnail","6":"pwb-brand-microtecnologia","7":"product_cat-cuchillos-de-tiro","8":"product_cat-cuchillos","9":"product_tag-b2b-es","11":"first","12":"instock","13":"taxable","14":"shipping-taxable","15":"purchasable","16":"product-type-simple"},"brands":[{"id":3752,"name":"microtecnolog\u00eda","slug":"microtecnologia"}],"_links":{"self":[{"href":"https:\/\/www.moskito.cz\/es\/wp-json\/wp\/v2\/product\/429818","targetHints":{"allow":["GET"]}}],"collection":[{"href":"https:\/\/www.moskito.cz\/es\/wp-json\/wp\/v2\/product"}],"about":[{"href":"https:\/\/www.moskito.cz\/es\/wp-json\/wp\/v2\/types\/product"}],"replies":[{"embeddable":true,"href":"https:\/\/www.moskito.cz\/es\/wp-json\/wp\/v2\/comments?post=429818"}],"wp:featuredmedia":[{"embeddable":true,"href":"https:\/\/www.moskito.cz\/es\/wp-json\/wp\/v2\/media\/429820"}],"wp:attachment":[{"href":"https:\/\/www.moskito.cz\/es\/wp-json\/wp\/v2\/media?parent=429818"}],"wp:term":[{"taxonomy":"pwb-brand","embeddable":true,"href":"https:\/\/www.moskito.cz\/es\/wp-json\/wp\/v2\/pwb-brand?post=429818"},{"taxonomy":"product_brand","embeddable":true,"href":"https:\/\/www.moskito.cz\/es\/wp-json\/wp\/v2\/product_brand?post=429818"},{"taxonomy":"product_cat","embeddable":true,"href":"https:\/\/www.moskito.cz\/es\/wp-json\/wp\/v2\/product_cat?post=429818"},{"taxonomy":"product_tag","embeddable":true,"href":"https:\/\/www.moskito.cz\/es\/wp-json\/wp\/v2\/product_tag?post=429818"}],"curies":[{"name":"wp","href":"https:\/\/api.w.org\/{rel}","templated":true}]}}