{"id":429850,"date":"2023-12-04T22:28:22","date_gmt":"2023-12-04T21:28:22","guid":{"rendered":"https:\/\/www.moskito.cz\/produkt\/navaja-spyderco-uptern-c261p\/"},"modified":"2025-12-22T13:56:47","modified_gmt":"2025-12-22T12:56:47","slug":"navaja-spyderco-uptern-c261p","status":"publish","type":"product","link":"https:\/\/www.moskito.cz\/es\/produkt\/navaja-spyderco-uptern-c261p\/","title":{"rendered":"Navaja Spyderco UpTern C261P"},"content":{"rendered":"<h3 data-pm-slice=\"1 1 []\"><strong>Spyderco UpTern C261P &#8211; Elegante cierre retro de la serie Value<\/strong><\/h3>\n<p>La Spyderco UpTern es un homenaje moderno al cl\u00e1sico de Sal Glesser, basado en la legendaria Byrd-Tern sin bloqueo, pero complementada con el robusto <strong>Back-Lock<\/strong>. Esta versi\u00f3n de la <strong>C261P<\/strong> presenta una <strong>hoja plana satinada<\/strong> de <strong>72 mm<\/strong> en acero inoxidable <strong>8Cr13MoV<\/strong>, con un corte totalmente plano y el tradicional agujero SpyderHole para abrirla c\u00f3modamente con una sola mano. <\/p>\n<p>Empu\u00f1adura totalmente met\u00e1lica de acero inoxidable con una ligera curva pronunciada para mejorar la ergonom\u00eda y un cierre de cuatro posiciones: llevarla con la mano derecha o izquierda es f\u00e1cil y discreto. El detallado fresado de la rampa para el pulgar y el estrangulador, junto con la superficie dentada del apoyo para el pulgar, mejoran el control al cortar . <\/p>\n<div>\n<hr>\n<\/div>\n<p>\ud83d\udcd0 <strong>Par\u00e1metros t\u00e9cnicos<\/strong><\/p>\n<ul data-spread=\"false\">\n<li><strong>Longitud de la hoja:<\/strong> 72 mm (2,82\u2033)<\/li>\n<li><strong>Longitud de corte:<\/strong> 57 mm (2,25\u2033)<\/li>\n<li><strong>Longitud total:<\/strong> 167 mm (6,57\u2033)<\/li>\n<li><strong>Longitud de la hoja cerrada:<\/strong> 97 mm (3,80\u2033)<\/li>\n<li><strong>Grosor de la hoja:<\/strong> 2,5 mm (0,098\u2033)<\/li>\n<li><strong>Material de la hoja:<\/strong> 8Cr13MoV &#8211; acero inoxidable asequible y f\u00e1cil de afilar<\/li>\n<li><strong>Recorte:<\/strong> Plano<\/li>\n<li><strong>Superficie de la hoja:<\/strong> satinada<\/li>\n<li><strong>Hoja:<\/strong> filo liso<\/li>\n<li><strong>Mango:<\/strong> Todo de acero inoxidable, ligeramente contorneado para mayor comodidad<\/li>\n<li><strong>Cerradura:<\/strong> Lock-Back &#8211; fuerte y fiable<\/li>\n<li><strong>Apertura:<\/strong> SpyderHole &#8211; con una mano, ambidiestro<\/li>\n<li><strong>Hebilla:<\/strong> Cuatro posiciones &#8211; ajuste sofisticado<\/li>\n<li><strong>Peso:<\/strong> aprox. 100 g (3,6 oz)<\/li>\n<li><strong>Fabricaci\u00f3n:<\/strong> China (RPC)<\/li>\n<li><strong>Dise\u00f1ado por<\/strong> Sal Glesser<\/li>\n<\/ul>\n<div>\n<hr>\n<\/div>\n<p>\ud83d\udfe2 <strong>Beneficios<\/strong><\/p>\n<ul data-spread=\"false\">\n<li><strong>Sensaci\u00f3n retro y robustez:<\/strong> construcci\u00f3n totalmente de acero con cierre cl\u00e1sico que evoca los primeros d\u00edas de Spyderco<\/li>\n<li><strong>Magn\u00edfica ergonom\u00eda: el<\/strong> mango moldeado fino, la rampa para el pulgar y el estrangulador garantizan un manejo c\u00f3modo incluso en trabajos de corte peque\u00f1os<\/li>\n<li><strong>Uso ambidiestro:<\/strong> Gracias a la hebilla y al orificio para el pulgar, el UpTern puede utilizarse con ambas manos<\/li>\n<li><strong>Gran rendimiento a bajo precio:<\/strong> acero 8Cr13MoV con acabado satinado y corte totalmente plano &#8211; perfecta relaci\u00f3n precio\/rendimiento<\/li>\n<li><strong>Cierre fuerte:<\/strong> el cierre trasero garantiza la seguridad de uso<\/li>\n<\/ul>\n<div>\n<hr>\n<\/div>\n<p>\ud83d\udd34 <strong>Desventajas<\/strong><\/p>\n<ul data-spread=\"false\">\n<li><strong>Mayor peso que los modelos FRN\/G-10: la<\/strong> construcci\u00f3n totalmente de acero es duradera, pero pide unos 30-40 g extra<\/li>\n<li><strong>8Cr13MoV &#8211; menor retenci\u00f3n:<\/strong> el acero mantiene el filo menos tiempo que el S30V o el BD1N, pero se puede afilar f\u00e1cilmente<\/li>\n<li><strong>Jimping\/esponja ligeramente afilados:<\/strong> Puede engancharse en los bolsillos &#8211; recomendaci\u00f3n de llevarlo sin pinza m\u00e1s a menudo o ajustarlo<\/li>\n<\/ul>\n<div>\n<hr>\n<\/div>\n<p>\ud83d\udee0\ufe0f <strong>Mantenimiento y cuidado<\/strong><\/p>\n<ul data-spread=\"false\">\n<li>L\u00edmpialo despu\u00e9s de usarlo, de vez en cuando usa isopropilo para los pivotes y la cerradura &#8211; ayuda a la suavidad<\/li>\n<li>He visto una recomendaci\u00f3n para afilar ligeramente el borde rugoso del clip, mejorar\u00e1 la comodidad al introducirlo en los bolsillos.<\/li>\n<li>El 8Cr13MoV es f\u00e1cil de moler: ideal para amoladoras comunes como Sharpmaker o piedras cer\u00e1micas<\/li>\n<\/ul>\n<div>\n<hr>\n<\/div>\n<p>\ud83d\udcac <strong>Opiniones de la comunidad<\/strong><\/p>\n<blockquote><p>\u00abEl UpTern es un peque\u00f1o y robusto cuchillo de acero inoxidable con un bloqueo muy s\u00f3lido y una ergonom\u00eda maravillosa\u00bb.<br \/>\n\u00abMe gusta la delgadez y el acero inoxidable tiene un aspecto retro&#8230; a prueba de bombas\u00bb.<\/p><\/blockquote>\n<div>\n<hr>\n<\/div>\n<p>\u2764\ufe0f <strong>Atractivo emocional<\/strong><\/p>\n<p>La UpTern es una m\u00e1quina del tiempo: cuando la pones en tu mano, sientes el legado de las navajas funcionales y sencillas que definieron a Spyderco. Sencillas pero con alma: robustas, duraderas y pr\u00e1cticas, preparadas para situaciones cotidianas sin necesidad de ser lujosas. <\/p>\n<div>\n<hr>\n<\/div>\n<p><strong>Conclusi\u00f3n<\/strong><\/p>\n<p>Para los que buscan una navaja <strong>s\u00f3lida, sencilla y funcional<\/strong> con el alma tradicional de Spyderco, la <strong>UpTern C261P<\/strong> es una gran elecci\u00f3n. Su dise\u00f1o cl\u00e1sico, su construcci\u00f3n sin mantenimiento y su sensaci\u00f3n de mayor peso en el bolsillo la convierten en una herramienta fiable, utilizable desde la oficina hasta en exteriores ligeros. <\/p>\n","protected":false},"excerpt":{"rendered":"<p><strong>La UpTern es una m\u00e1quina del tiempo: cuando la pones en tu mano, sientes el legado de las navajas funcionales y sencillas que definieron a Spyderco. Sencillas pero con alma: robustas, duraderas y pr\u00e1cticas, preparadas para situaciones cotidianas sin necesidad de ser lujosas. <\/strong><\/p>\n","protected":false},"featured_media":429852,"comment_status":"open","ping_status":"closed","template":"","meta":[],"pwb-brand":[3771],"product_brand":[],"product_cat":[3730,3726],"product_tag":[3756],"class_list":{"0":"post-429850","1":"product","2":"type-product","3":"status-publish","4":"has-post-thumbnail","6":"pwb-brand-spyderco-es","7":"product_cat-cuchillas-de-cierre","8":"product_cat-cuchillos","9":"product_tag-b2b-es","11":"first","12":"outofstock","13":"taxable","14":"shipping-taxable","15":"purchasable","16":"product-type-simple"},"brands":[{"id":3771,"name":"spyderco","slug":"spyderco-es"}],"_links":{"self":[{"href":"https:\/\/www.moskito.cz\/es\/wp-json\/wp\/v2\/product\/429850","targetHints":{"allow":["GET"]}}],"collection":[{"href":"https:\/\/www.moskito.cz\/es\/wp-json\/wp\/v2\/product"}],"about":[{"href":"https:\/\/www.moskito.cz\/es\/wp-json\/wp\/v2\/types\/product"}],"replies":[{"embeddable":true,"href":"https:\/\/www.moskito.cz\/es\/wp-json\/wp\/v2\/comments?post=429850"}],"wp:featuredmedia":[{"embeddable":true,"href":"https:\/\/www.moskito.cz\/es\/wp-json\/wp\/v2\/media\/429852"}],"wp:attachment":[{"href":"https:\/\/www.moskito.cz\/es\/wp-json\/wp\/v2\/media?parent=429850"}],"wp:term":[{"taxonomy":"pwb-brand","embeddable":true,"href":"https:\/\/www.moskito.cz\/es\/wp-json\/wp\/v2\/pwb-brand?post=429850"},{"taxonomy":"product_brand","embeddable":true,"href":"https:\/\/www.moskito.cz\/es\/wp-json\/wp\/v2\/product_brand?post=429850"},{"taxonomy":"product_cat","embeddable":true,"href":"https:\/\/www.moskito.cz\/es\/wp-json\/wp\/v2\/product_cat?post=429850"},{"taxonomy":"product_tag","embeddable":true,"href":"https:\/\/www.moskito.cz\/es\/wp-json\/wp\/v2\/product_tag?post=429850"}],"curies":[{"name":"wp","href":"https:\/\/api.w.org\/{rel}","templated":true}]}}