{"id":429864,"date":"2024-11-20T15:43:51","date_gmt":"2024-11-20T14:43:51","guid":{"rendered":"https:\/\/www.moskito.cz\/produkt\/cuchillo-de-cierre-extrema-ratio-caimano-nero-n-a-satin-04-1000-0166-sat-blk\/"},"modified":"2025-12-22T16:01:40","modified_gmt":"2025-12-22T15:01:40","slug":"cuchillo-de-cierre-extrema-ratio-caimano-nero-n-a-satin-04-1000-0166-sat-blk","status":"publish","type":"product","link":"https:\/\/www.moskito.cz\/es\/produkt\/cuchillo-de-cierre-extrema-ratio-caimano-nero-n-a-satin-04-1000-0166-sat-blk\/","title":{"rendered":"Cuchillo de cierre EXTREMA RATIO CAIMANO NERO N.A. SATIN 04.1000.0166\/SAT\/BLK"},"content":{"rendered":"<p>Cuchillo de cierre <strong>EXTREMA RATIO<\/strong> CAIMANO NERO N.A. SATIN 04.1000.0166\/SAT\/BLK.<\/p>\n<p>Caimano Nero N.A. de Extrema Ratio es una navaja t\u00e1ctica plegable de alta calidad dise\u00f1ada para uso profesional, especialmente para las necesidades del G.O.I. (Gruppo Operativo Incursori) de las Fuerzas Especiales Navales italianas. Es una variante no autom\u00e1tica que combina caracter\u00edsticas pr\u00e1cticas y dise\u00f1o robusto con funcionalidad t\u00e1ctica.<br \/>\nCaracter\u00edsticas principales: <\/p>\n<p>Hoja:<br \/>\nGrosor de la hoja: 0,4 cm, longitud de la hoja: 9,3 cm.<\/p>\n<p>Forma de punta de lanza asim\u00e9trica, que proporciona gran penetraci\u00f3n y versatilidad.<br \/>\nSecci\u00f3n de hoja dentada, ideal para cortar materiales resistentes como cables y tejidos sin que se desgasten r\u00e1pidamente.<\/p>\n<p>Mango:<br \/>\nDise\u00f1ado para la ergonom\u00eda y la extracci\u00f3n r\u00e1pida del bolsillo.<br \/>\nParte inferior optimizada para un agarre firme incluso en condiciones dif\u00edciles.<br \/>\nRompevidrios de carburo integrado en el extremo del mango.<\/p>\n<p>Clip:<br \/>\nClip de titanio recubierto de DLC (carbono similar al diamante) para una gran durabilidad.<br \/>\nPermite la sujeci\u00f3n en tres \u00e1ngulos diferentes a ambos lados de la empu\u00f1adura.<br \/>\nDise\u00f1ado para la m\u00e1xima discreci\u00f3n en el transporte (la navaja permanece oculta en el bolsillo).<\/p>\n<p>La longitud total del cuchillo es de 23,1 cm<\/p>\n<p>Resumen:<\/p>\n<p>El Caimano Nero N.A. es una herramienta de primera calidad ideal para profesionales, soldados o entusiastas del equipamiento t\u00e1ctico. Su construcci\u00f3n es robusta y fiable, al tiempo que ofrece un alto valor utilitario y caracter\u00edsticas innovadoras. Su precio est\u00e1 a la altura de la calidad de los materiales y la precisi\u00f3n artesanal t\u00edpicas de los productos Extrema Ratio.  <\/p>\n<p>Si est\u00e1s interesado en un cuchillo t\u00e1ctico compacto y funcional, sin duda merece la pena considerar el Caimano Nero N.A. Si necesitas m\u00e1s informaci\u00f3n, \u00a1estar\u00e9 encantada de ayudarte! <\/p>\n","protected":false},"excerpt":{"rendered":"<p><strong>Caimano Nero N.A. de Extrema Ratio es una navaja t\u00e1ctica plegable de alta calidad dise\u00f1ada para uso profesional, especialmente para las necesidades del G.O.I. (Gruppo Operativo Incursori) de las Fuerzas Especiales Navales italianas. Es una variante no autom\u00e1tica que combina caracter\u00edsticas pr\u00e1cticas y dise\u00f1o robusto con funcionalidad t\u00e1ctica. <\/strong><\/p>\n<p><strong>Env\u00edo gratis.<\/strong><\/p>\n","protected":false},"featured_media":374939,"comment_status":"open","ping_status":"closed","template":"","meta":[],"pwb-brand":[3766],"product_brand":[],"product_cat":[3730,3726],"product_tag":[],"class_list":{"0":"post-429864","1":"product","2":"type-product","3":"status-publish","4":"has-post-thumbnail","6":"pwb-brand-relacion-extrema","7":"product_cat-cuchillas-de-cierre","8":"product_cat-cuchillos","10":"first","11":"instock","12":"taxable","13":"shipping-taxable","14":"purchasable","15":"product-type-simple"},"brands":[{"id":3766,"name":"Relaci\u00f3n extrema","slug":"relacion-extrema"}],"_links":{"self":[{"href":"https:\/\/www.moskito.cz\/es\/wp-json\/wp\/v2\/product\/429864","targetHints":{"allow":["GET"]}}],"collection":[{"href":"https:\/\/www.moskito.cz\/es\/wp-json\/wp\/v2\/product"}],"about":[{"href":"https:\/\/www.moskito.cz\/es\/wp-json\/wp\/v2\/types\/product"}],"replies":[{"embeddable":true,"href":"https:\/\/www.moskito.cz\/es\/wp-json\/wp\/v2\/comments?post=429864"}],"wp:featuredmedia":[{"embeddable":true,"href":"https:\/\/www.moskito.cz\/es\/wp-json\/wp\/v2\/media\/374939"}],"wp:attachment":[{"href":"https:\/\/www.moskito.cz\/es\/wp-json\/wp\/v2\/media?parent=429864"}],"wp:term":[{"taxonomy":"pwb-brand","embeddable":true,"href":"https:\/\/www.moskito.cz\/es\/wp-json\/wp\/v2\/pwb-brand?post=429864"},{"taxonomy":"product_brand","embeddable":true,"href":"https:\/\/www.moskito.cz\/es\/wp-json\/wp\/v2\/product_brand?post=429864"},{"taxonomy":"product_cat","embeddable":true,"href":"https:\/\/www.moskito.cz\/es\/wp-json\/wp\/v2\/product_cat?post=429864"},{"taxonomy":"product_tag","embeddable":true,"href":"https:\/\/www.moskito.cz\/es\/wp-json\/wp\/v2\/product_tag?post=429864"}],"curies":[{"name":"wp","href":"https:\/\/api.w.org\/{rel}","templated":true}]}}