{"id":429946,"date":"2025-12-30T20:51:18","date_gmt":"2025-12-30T19:51:18","guid":{"rendered":"https:\/\/www.moskito.cz\/?post_type=product&#038;p=429946"},"modified":"2025-12-30T20:56:18","modified_gmt":"2025-12-30T19:56:18","slug":"zaviraci-nuz-spyderco-microjimbo-cpm-s90v-c264cfp","status":"publish","type":"product","link":"https:\/\/www.moskito.cz\/es\/produkt\/zaviraci-nuz-spyderco-microjimbo-cpm-s90v-c264cfp\/","title":{"rendered":"Zav\u00edrac\u00ed N\u016f\u017e Spyderco MicroJimbo CPM S90V C264CFP"},"content":{"rendered":"<h2 data-start=\"183\" data-end=\"243\">\ud83d\udde1\ufe0f Zav\u00edrac\u00ed n\u016f\u017e <strong data-start=\"203\" data-end=\"243\">Spyderco MicroJimbo CPM S90V C264CFP<\/strong><\/h2>\n<h3 data-start=\"245\" data-end=\"294\">S\u00edla v mal\u00e9m form\u00e1tu. P\u0159esnost v ka\u017ed\u00e9m tahu.<\/h3>\n<p data-start=\"296\" data-end=\"563\">Spyderco MicroJimbo je n\u016f\u017e, kter\u00fd kombinuje <strong data-start=\"340\" data-end=\"361\">kompaktn\u00ed rozm\u011bry<\/strong> s extr\u00e9mn\u00ed \u0159ezivost\u00ed.<br data-start=\"383\" data-end=\"386\" \/>D\u00edky pr\u00e9miov\u00e9 oceli <strong data-start=\"406\" data-end=\"418\">CPM S90V<\/strong>, ergonomick\u00e9 rukojeti a konstrukci s <strong data-start=\"456\" data-end=\"477\">Compression Lock\u00ae<\/strong>, je p\u0159ipraven zvl\u00e1dnout \u00fakoly, kde je vy\u017eadov\u00e1na <strong data-start=\"527\" data-end=\"560\">maxim\u00e1ln\u00ed kontrola a p\u0159esnost<\/strong>.<\/p>\n<p data-start=\"565\" data-end=\"709\">Otev\u0159en\u00ed \u010depel\u00ed kruhov\u00fdm otvorem Spyderco je okam\u017eikem, kdy pozn\u00e1\u0161, \u017ee MicroJimbo nen\u00ed jen mal\u00fd n\u016f\u017e \u2013 je to <strong data-start=\"673\" data-end=\"708\">n\u00e1stroj s charakterem a v\u00fdkonem<\/strong>.<\/p>\n<hr data-start=\"711\" data-end=\"714\" \/>\n<h3 data-start=\"716\" data-end=\"741\">Charakter a filozofie<\/h3>\n<p data-start=\"743\" data-end=\"948\">MicroJimbo je navr\u017een pro <strong data-start=\"769\" data-end=\"831\">u\u017eivatele, kte\u0159\u00ed cht\u011bj\u00ed \u0161pi\u010dkovou ocel a kompaktn\u00ed rozm\u011bry<\/strong>.<br data-start=\"832\" data-end=\"835\" \/>Mal\u00fd, ale extr\u00e9mn\u011b pevn\u00fd, zvl\u00e1d\u00e1 detailn\u00ed \u00fakony, drobn\u00e9 \u0159ezy a p\u0159esnou pr\u00e1ci, kde by v\u011bt\u0161\u00ed n\u016f\u017e byl nepraktick\u00fd.<\/p>\n<p data-start=\"950\" data-end=\"1130\">Je to n\u00e1stroj pro ty, kte\u0159\u00ed pot\u0159ebuj\u00ed <strong data-start=\"988\" data-end=\"1030\">rychlost, jistotu a maxim\u00e1ln\u00ed kontrolu<\/strong>, ani\u017e by se vzdali v\u00fdkonu. Ka\u017ed\u00fd MicroJimbo je spolehliv\u00fd partner v rukou profesion\u00e1la i sb\u011bratele.<\/p>\n<hr data-start=\"1132\" data-end=\"1135\" \/>\n<h2 data-start=\"1137\" data-end=\"1152\">\ud83c\udfed O v\u00fdrobci<\/h2>\n<p data-start=\"1154\" data-end=\"1414\">Spyderco pat\u0159\u00ed mezi pr\u016fkopn\u00edky modern\u00edho no\u017e\u00ed\u0159stv\u00ed.<br data-start=\"1205\" data-end=\"1208\" \/>Zna\u010dka kombinuje <strong data-start=\"1225\" data-end=\"1257\">ergonomii, inovace a kvalitu<\/strong>, kter\u00e1 obstoj\u00ed i v t\u011bch nejn\u00e1ro\u010dn\u011bj\u0161\u00edch situac\u00edch.<br data-start=\"1308\" data-end=\"1311\" \/>MicroJimbo CPM S90V je toho d\u016fkazem: <strong data-start=\"1348\" data-end=\"1413\">pr\u00e9miov\u00e1 ocel, precizn\u00ed proveden\u00ed a kompaktn\u00ed, funk\u010dn\u00ed design<\/strong>.<\/p>\n<hr data-start=\"1416\" data-end=\"1419\" \/>\n<h2 data-start=\"1421\" data-end=\"1448\">\u2699\ufe0f Technick\u00e9 specifikace<\/h2>\n<div class=\"TyagGW_tableContainer\">\n<div class=\"group TyagGW_tableWrapper flex w-fit flex-col-reverse\" tabindex=\"-1\">\n<table class=\"w-fit min-w-(--thread-content-width)\" data-start=\"1450\" data-end=\"1898\">\n<thead data-start=\"1450\" data-end=\"1472\">\n<tr data-start=\"1450\" data-end=\"1472\">\n<th data-start=\"1450\" data-end=\"1461\" data-col-size=\"sm\">Parametr<\/th>\n<th data-start=\"1461\" data-end=\"1472\" data-col-size=\"sm\">Hodnota<\/th>\n<\/tr>\n<\/thead>\n<tbody data-start=\"1493\" data-end=\"1898\">\n<tr data-start=\"1493\" data-end=\"1524\">\n<td data-start=\"1493\" data-end=\"1509\" data-col-size=\"sm\">Celkov\u00e1 d\u00e9lka<\/td>\n<td data-start=\"1509\" data-end=\"1524\" data-col-size=\"sm\">cca 15,0 cm<\/td>\n<\/tr>\n<tr data-start=\"1525\" data-end=\"1554\">\n<td data-start=\"1525\" data-end=\"1540\" data-col-size=\"sm\">D\u00e9lka \u010depele<\/td>\n<td data-start=\"1540\" data-end=\"1554\" data-col-size=\"sm\">cca 6,5 cm<\/td>\n<\/tr>\n<tr data-start=\"1555\" data-end=\"1587\">\n<td data-start=\"1555\" data-end=\"1573\" data-col-size=\"sm\">Tlou\u0161\u0165ka \u010depele<\/td>\n<td data-start=\"1573\" data-end=\"1587\" data-col-size=\"sm\">cca 3,8 mm<\/td>\n<\/tr>\n<tr data-start=\"1588\" data-end=\"1643\">\n<td data-start=\"1588\" data-end=\"1606\" data-col-size=\"sm\">Materi\u00e1l \u010depele<\/td>\n<td data-start=\"1606\" data-end=\"1643\" data-col-size=\"sm\">CPM S90V \u2013 pr\u00e9miov\u00e1 nerezov\u00e1 ocel<\/td>\n<\/tr>\n<tr data-start=\"1644\" data-end=\"1677\">\n<td data-start=\"1644\" data-end=\"1660\" data-col-size=\"sm\">Tvrdost oceli<\/td>\n<td data-start=\"1660\" data-end=\"1677\" data-col-size=\"sm\">cca 60\u201361 HRC<\/td>\n<\/tr>\n<tr data-start=\"1678\" data-end=\"1706\">\n<td data-start=\"1678\" data-end=\"1692\" data-col-size=\"sm\">Tvar \u010depele<\/td>\n<td data-start=\"1692\" data-end=\"1706\" data-col-size=\"sm\">Leaf-shape<\/td>\n<\/tr>\n<tr data-start=\"1707\" data-end=\"1732\">\n<td data-start=\"1707\" data-end=\"1723\" data-col-size=\"sm\">Povrch \u010depele<\/td>\n<td data-start=\"1723\" data-end=\"1732\" data-col-size=\"sm\">Satin<\/td>\n<\/tr>\n<tr data-start=\"1733\" data-end=\"1773\">\n<td data-start=\"1733\" data-end=\"1743\" data-col-size=\"sm\">Rukoje\u0165<\/td>\n<td data-start=\"1743\" data-end=\"1773\" data-col-size=\"sm\">FRN \/ Carbon Fiber (\u010dern\u00e1)<\/td>\n<\/tr>\n<tr data-start=\"1774\" data-end=\"1803\">\n<td data-start=\"1774\" data-end=\"1782\" data-col-size=\"sm\">Z\u00e1mek<\/td>\n<td data-start=\"1782\" data-end=\"1803\" data-col-size=\"sm\">Compression Lock\u00ae<\/td>\n<\/tr>\n<tr data-start=\"1804\" data-end=\"1833\">\n<td data-start=\"1804\" data-end=\"1816\" data-col-size=\"sm\">Otev\u00edr\u00e1n\u00ed<\/td>\n<td data-start=\"1816\" data-end=\"1833\" data-col-size=\"sm\">Kruhov\u00fd otvor<\/td>\n<\/tr>\n<tr data-start=\"1834\" data-end=\"1857\">\n<td data-start=\"1834\" data-end=\"1841\" data-col-size=\"sm\">Klip<\/td>\n<td data-start=\"1841\" data-end=\"1857\" data-col-size=\"sm\">\u010cty\u0159polohov\u00fd<\/td>\n<\/tr>\n<tr data-start=\"1858\" data-end=\"1881\">\n<td data-start=\"1858\" data-end=\"1869\" data-col-size=\"sm\">Hmotnost<\/td>\n<td data-start=\"1869\" data-end=\"1881\" data-col-size=\"sm\">cca 74 g<\/td>\n<\/tr>\n<tr data-start=\"1882\" data-end=\"1898\">\n<td data-start=\"1882\" data-end=\"1891\" data-col-size=\"sm\">V\u00fdroba<\/td>\n<td data-start=\"1891\" data-end=\"1898\" data-col-size=\"sm\">USA<\/td>\n<\/tr>\n<\/tbody>\n<\/table>\n<\/div>\n<\/div>\n<hr data-start=\"1900\" data-end=\"1903\" \/>\n<h2 data-start=\"1905\" data-end=\"1923\">\u2705 Hlavn\u00ed v\u00fdhody<\/h2>\n<ul data-start=\"1925\" data-end=\"2284\">\n<li data-start=\"1925\" data-end=\"2019\">\n<p data-start=\"1927\" data-end=\"2019\">Pr\u00e9miov\u00e1 ocel <strong data-start=\"1941\" data-end=\"1953\">CPM S90V<\/strong> \u2013 extr\u00e9mn\u00ed tvrdost, odolnost proti opot\u0159eben\u00ed a korozivzdornost<\/p>\n<\/li>\n<li data-start=\"2020\" data-end=\"2068\">\n<p data-start=\"2022\" data-end=\"2068\">Kompaktn\u00ed a lehk\u00fd design pro pohodln\u00e9 no\u0161en\u00ed<\/p>\n<\/li>\n<li data-start=\"2069\" data-end=\"2127\">\n<p data-start=\"2071\" data-end=\"2127\"><strong data-start=\"2071\" data-end=\"2092\">Compression Lock\u00ae<\/strong> \u2013 bezpe\u010dn\u00e9 a intuitivn\u00ed ovl\u00e1d\u00e1n\u00ed<\/p>\n<\/li>\n<li data-start=\"2128\" data-end=\"2190\">\n<p data-start=\"2130\" data-end=\"2190\">Ergonomick\u00e1 rukoje\u0165 s karbonov\u00fdmi vlo\u017ekami pro jist\u00fd \u00fachop<\/p>\n<\/li>\n<li data-start=\"2191\" data-end=\"2240\">\n<p data-start=\"2193\" data-end=\"2240\">Spolehliv\u00fd kruhov\u00fd otvor pro rychl\u00e9 otev\u00edr\u00e1n\u00ed<\/p>\n<\/li>\n<li data-start=\"2241\" data-end=\"2284\">\n<p data-start=\"2243\" data-end=\"2284\">Mal\u00fd n\u016f\u017e s v\u00fdkonem, kter\u00fd p\u0159ed\u010d\u00ed velikost<\/p>\n<\/li>\n<\/ul>\n<hr data-start=\"2286\" data-end=\"2289\" \/>\n<h2 data-start=\"2291\" data-end=\"2310\">\u26a0\ufe0f Mo\u017en\u00e1 omezen\u00ed<\/h2>\n<ul data-start=\"2312\" data-end=\"2510\">\n<li data-start=\"2312\" data-end=\"2386\">\n<p data-start=\"2314\" data-end=\"2386\">Mal\u00e9 rozm\u011bry nemus\u00ed vyhovovat u\u017eivatel\u016fm hledaj\u00edc\u00edm velk\u00fd pracovn\u00ed n\u016f\u017e<\/p>\n<\/li>\n<li data-start=\"2387\" data-end=\"2451\">\n<p data-start=\"2389\" data-end=\"2451\">Vy\u0161\u0161\u00ed tvrdost oceli vy\u017eaduje specifick\u00fd p\u0159\u00edstup p\u0159i brou\u0161en\u00ed<\/p>\n<\/li>\n<li data-start=\"2452\" data-end=\"2510\">\n<p data-start=\"2454\" data-end=\"2510\">Cena odpov\u00edd\u00e1 pr\u00e9miov\u00fdm materi\u00e1l\u016fm a sb\u011bratelsk\u00e9 hodnot\u011b<\/p>\n<\/li>\n<\/ul>\n<hr data-start=\"2512\" data-end=\"2515\" \/>\n<h2 data-start=\"2517\" data-end=\"2537\">\ud83d\udee0\ufe0f \u00dadr\u017eba a p\u00e9\u010de<\/h2>\n<ul data-start=\"2539\" data-end=\"2783\">\n<li data-start=\"2539\" data-end=\"2574\">\n<p data-start=\"2541\" data-end=\"2574\">Po pou\u017eit\u00ed \u010depel o\u010disti a osu\u0161\u00ed<\/p>\n<\/li>\n<li data-start=\"2575\" data-end=\"2621\">\n<p data-start=\"2577\" data-end=\"2621\">Pravideln\u011b kontroluj \u010distotu z\u00e1mku a pivot<\/p>\n<\/li>\n<li data-start=\"2622\" data-end=\"2681\">\n<p data-start=\"2624\" data-end=\"2681\">Rukoje\u0165 \u010dist\u011b jemn\u00fdm had\u0159\u00edkem, p\u0159\u00edpadn\u011b such\u00fdm kart\u00e1\u010dem<\/p>\n<\/li>\n<li data-start=\"2682\" data-end=\"2741\">\n<p data-start=\"2684\" data-end=\"2741\">Pivot pravideln\u011b proma\u017e vhodn\u00fdm mazivem pro hladk\u00fd chod<\/p>\n<\/li>\n<li data-start=\"2742\" data-end=\"2783\">\n<p data-start=\"2744\" data-end=\"2783\">Skladuj v such\u00e9m prost\u0159ed\u00ed mimo vlhkost<\/p>\n<\/li>\n<\/ul>\n<hr data-start=\"2785\" data-end=\"2788\" \/>\n<h2 data-start=\"2790\" data-end=\"2826\">\ud83d\udd2a Pro udr\u017een\u00ed ost\u0159\u00ed doporu\u010dujeme<\/h2>\n<p data-start=\"2828\" data-end=\"2950\">Pro zachov\u00e1n\u00ed maxim\u00e1ln\u00ed ostrosti pr\u00e9miov\u00e9 oceli <strong data-start=\"2876\" data-end=\"2888\">CPM S90V<\/strong> doporu\u010dujeme syst\u00e9m brou\u0161en\u00ed vhodn\u00fd pro tvrd\u00e1 a odoln\u00e1 ost\u0159\u00ed.<\/p>\n<p data-start=\"2952\" data-end=\"3053\">Ide\u00e1ln\u00ed volbou je <strong data-start=\"2970\" data-end=\"3036\">Spyderco Tri-Angle Sharpmaker Complete Sharpening System 204MF<\/strong>, kter\u00fd umo\u017e\u0148uje:<\/p>\n<ul data-start=\"3054\" data-end=\"3177\">\n<li data-start=\"3054\" data-end=\"3088\">\n<p data-start=\"3056\" data-end=\"3088\">p\u0159esn\u00e9 a konzistentn\u00ed brou\u0161en\u00ed<\/p>\n<\/li>\n<li data-start=\"3089\" data-end=\"3138\">\n<p data-start=\"3091\" data-end=\"3138\">\u0161etrnou \u00fadr\u017ebu bez zbyte\u010dn\u00e9ho \u00fab\u011bru materi\u00e1lu<\/p>\n<\/li>\n<li data-start=\"3139\" data-end=\"3177\">\n<p data-start=\"3141\" data-end=\"3177\">bezpe\u010dn\u00e9 pou\u017eit\u00ed i pro za\u010d\u00e1te\u010dn\u00edky<\/p>\n<\/li>\n<\/ul>\n<p data-start=\"3179\" data-end=\"3261\">Pravideln\u00e1 p\u00e9\u010de zajist\u00ed, \u017ee MicroJimbo si dlouhodob\u011b zachov\u00e1 ostr\u00fd a precizn\u00ed \u0159ez.<\/p>\n<p data-start=\"3263\" data-end=\"3308\">\ud83d\uded2 <strong data-start=\"3266\" data-end=\"3308\">Zakoup\u00edte na na\u0161ich str\u00e1nk\u00e1ch Moskito.<\/strong><\/p>\n<hr data-start=\"3310\" data-end=\"3313\" \/>\n<h2 data-start=\"3315\" data-end=\"3335\">\ud83c\udfaf Doporu\u010deno pro<\/h2>\n<ul data-start=\"3337\" data-end=\"3578\">\n<li data-start=\"3337\" data-end=\"3411\">\n<p data-start=\"3339\" data-end=\"3411\">Profesion\u00e1ly a sb\u011bratele hledaj\u00edc\u00ed pr\u00e9miovou ocel v kompaktn\u00edm form\u00e1tu<\/p>\n<\/li>\n<li data-start=\"3412\" data-end=\"3473\">\n<p data-start=\"3414\" data-end=\"3473\">Ka\u017edodenn\u00ed no\u0161en\u00ed, kde je pot\u0159eba jistota a kontrola \u0159ezu<\/p>\n<\/li>\n<li data-start=\"3474\" data-end=\"3502\">\n<p data-start=\"3476\" data-end=\"3502\">Outdoor a detailn\u00ed pr\u00e1ce<\/p>\n<\/li>\n<li data-start=\"3503\" data-end=\"3578\">\n<p data-start=\"3505\" data-end=\"3578\">U\u017eivatel\u00e9, kte\u0159\u00ed cht\u011bj\u00ed kombinaci <strong data-start=\"3539\" data-end=\"3578\">mal\u00e9 velikosti a maxim\u00e1ln\u00edho v\u00fdkonu<\/strong><\/p>\n<\/li>\n<\/ul>\n<hr data-start=\"3580\" data-end=\"3583\" \/>\n<h2 data-start=\"3585\" data-end=\"3609\">\u2b50 Z\u00e1v\u011bre\u010dn\u00e9 hodnocen\u00ed<\/h2>\n<p data-start=\"3611\" data-end=\"3833\">Spyderco MicroJimbo CPM S90V C264CFP je mal\u00fd, ale extr\u00e9mn\u011b schopn\u00fd n\u016f\u017e.<br data-start=\"3682\" data-end=\"3685\" \/>Lehk\u00fd, precizn\u00ed a odoln\u00fd \u2013 ide\u00e1ln\u00ed pro detailn\u00ed pr\u00e1ci a ka\u017edodenn\u00ed nasazen\u00ed.<br data-start=\"3761\" data-end=\"3764\" \/>Je to <strong data-start=\"3770\" data-end=\"3789\">kompaktn\u00ed v\u00fdkon<\/strong>, kter\u00fd p\u0159ekvap\u00ed svou s\u00edlou a spolehlivost\u00ed.<\/p>\n<p data-start=\"3835\" data-end=\"3876\"><strong data-start=\"3835\" data-end=\"3876\">MicroJimbo \u2013 mal\u00fd, ale nekompromisn\u00ed.<\/strong><\/p>\n","protected":false},"excerpt":{"rendered":"<p data-start=\"3611\" data-end=\"3833\"><strong>Spyderco MicroJimbo CPM S90V C264CFP je mal\u00fd, ale extr\u00e9mn\u011b schopn\u00fd n\u016f\u017e.<\/strong><br data-start=\"3682\" data-end=\"3685\" \/><strong>Lehk\u00fd, precizn\u00ed a odoln\u00fd \u2013 ide\u00e1ln\u00ed pro detailn\u00ed pr\u00e1ci a ka\u017edodenn\u00ed nasazen\u00ed.<\/strong><br data-start=\"3761\" data-end=\"3764\" \/><strong>Je to kompaktn\u00ed v\u00fdkon, kter\u00fd p\u0159ekvap\u00ed svou s\u00edlou a spolehlivost\u00ed.<\/strong><\/p>\n<p data-start=\"3835\" data-end=\"3876\"><strong data-start=\"3835\" data-end=\"3876\">MicroJimbo \u2013 mal\u00fd, ale nekompromisn\u00ed.<\/strong><\/p>\n<p data-start=\"3835\" data-end=\"3876\"><strong>Doprava zdarma.<\/strong><\/p>\n","protected":false},"featured_media":429947,"comment_status":"open","ping_status":"closed","template":"","meta":[],"pwb-brand":[567],"product_brand":[],"product_cat":[22,17],"product_tag":[],"class_list":{"0":"post-429946","1":"product","2":"type-product","3":"status-publish","4":"has-post-thumbnail","6":"pwb-brand-spyderco","7":"product_cat-zaviraci-noze","8":"product_cat-noze","10":"first","11":"instock","12":"taxable","13":"shipping-taxable","14":"purchasable","15":"product-type-simple"},"brands":[{"id":567,"name":"Spyderco","slug":"spyderco"}],"_links":{"self":[{"href":"https:\/\/www.moskito.cz\/es\/wp-json\/wp\/v2\/product\/429946","targetHints":{"allow":["GET"]}}],"collection":[{"href":"https:\/\/www.moskito.cz\/es\/wp-json\/wp\/v2\/product"}],"about":[{"href":"https:\/\/www.moskito.cz\/es\/wp-json\/wp\/v2\/types\/product"}],"replies":[{"embeddable":true,"href":"https:\/\/www.moskito.cz\/es\/wp-json\/wp\/v2\/comments?post=429946"}],"wp:featuredmedia":[{"embeddable":true,"href":"https:\/\/www.moskito.cz\/es\/wp-json\/wp\/v2\/media\/429947"}],"wp:attachment":[{"href":"https:\/\/www.moskito.cz\/es\/wp-json\/wp\/v2\/media?parent=429946"}],"wp:term":[{"taxonomy":"pwb-brand","embeddable":true,"href":"https:\/\/www.moskito.cz\/es\/wp-json\/wp\/v2\/pwb-brand?post=429946"},{"taxonomy":"product_brand","embeddable":true,"href":"https:\/\/www.moskito.cz\/es\/wp-json\/wp\/v2\/product_brand?post=429946"},{"taxonomy":"product_cat","embeddable":true,"href":"https:\/\/www.moskito.cz\/es\/wp-json\/wp\/v2\/product_cat?post=429946"},{"taxonomy":"product_tag","embeddable":true,"href":"https:\/\/www.moskito.cz\/es\/wp-json\/wp\/v2\/product_tag?post=429946"}],"curies":[{"name":"wp","href":"https:\/\/api.w.org\/{rel}","templated":true}]}}