{"id":430398,"date":"2026-01-02T17:55:09","date_gmt":"2026-01-02T16:55:09","guid":{"rendered":"https:\/\/www.moskito.cz\/?post_type=product&#038;p=430398"},"modified":"2026-01-02T19:00:56","modified_gmt":"2026-01-02T18:00:56","slug":"zaviraci-nuz-spyderco-cobol-c273tip","status":"publish","type":"product","link":"https:\/\/www.moskito.cz\/es\/produkt\/zaviraci-nuz-spyderco-cobol-c273tip\/","title":{"rendered":"Zav\u00edrac\u00ed N\u016f\u017e Spyderco COBOL C273TIP"},"content":{"rendered":"<h2 data-start=\"227\" data-end=\"273\">\ud83d\udde1\ufe0f Zav\u00edrac\u00ed n\u016f\u017e <strong data-start=\"247\" data-end=\"273\">Spyderco COBOL C273TIP<\/strong><\/h2>\n<h3 data-start=\"275\" data-end=\"327\">S\u00edla, elegance a preciznost \u2014 p\u0159ipraven\u00fd k akci.<\/h3>\n<p data-start=\"329\" data-end=\"709\">Spyderco COBOL je n\u016f\u017e, kter\u00fd dokonale spojuje <strong data-start=\"375\" data-end=\"429\">modern\u00ed design, pr\u00e9miov\u00e9 materi\u00e1ly a funk\u010dn\u00ed v\u00fdkon<\/strong>.<br data-start=\"430\" data-end=\"433\" \/>\u010cepel z <strong data-start=\"441\" data-end=\"456\">B\u00f6hler M390<\/strong> poskytuje vysokou retenci ost\u0159\u00ed, v\u00fdbornou odolnost proti opot\u0159eben\u00ed a korozivzdornost. Titanov\u00e1 rukoje\u0165 dod\u00e1v\u00e1 lehkost, pevnost a estetickou hodnotu, zat\u00edmco celkov\u00fd design od <strong data-start=\"633\" data-end=\"652\">Paula Alexandra<\/strong> vytv\u00e1\u0159\u00ed <em data-start=\"661\" data-end=\"708\">n\u00e1stroj, kter\u00fd je z\u00e1rove\u0148 praktick\u00fd i stylov\u00fd<\/em>.<\/p>\n<p data-start=\"711\" data-end=\"884\">Kdy\u017e otev\u0159e\u0161 \u010depel charakteristick\u00fdm kruhov\u00fdm otvorem Spyderco a zajist\u00ed\u0161 jej <strong data-start=\"789\" data-end=\"804\">Back Lockem<\/strong>, poc\u00edt\u00ed\u0161, \u017ee dr\u017e\u00ed\u0161 n\u016f\u017e, kter\u00fd <strong data-start=\"835\" data-end=\"883\">funguje hladce, p\u0159esn\u011b a jist\u011b v ka\u017ed\u00e9m tahu<\/strong>.<\/p>\n<hr data-start=\"886\" data-end=\"889\" \/>\n<h3 data-start=\"891\" data-end=\"916\">Charakter a filozofie<\/h3>\n<p data-start=\"918\" data-end=\"1160\">COBOL je navr\u017een pro ty, kte\u0159\u00ed cht\u011bj\u00ed n\u016f\u017e, kter\u00fd <strong data-start=\"967\" data-end=\"1014\">nejen dob\u0159e \u0159e\u017ee, ale i dob\u0159e padne do ruky<\/strong>.<br data-start=\"1015\" data-end=\"1018\" \/>Kombinace titanov\u00e9 rukojeti, pr\u00e9miov\u00e9 oceli a \u010dist\u00e9ho, modern\u00edho designu umo\u017e\u0148uje plynul\u00e9 a efektivn\u00ed pou\u017eit\u00ed, ani\u017e by to p\u016fsobilo t\u011b\u017ekop\u00e1dn\u011b.<\/p>\n<p data-start=\"1162\" data-end=\"1290\">Je to n\u00e1stroj pro ka\u017edodenn\u00ed pou\u017eit\u00ed, v\u00fdkon i styl \u2014 ide\u00e1ln\u00ed spole\u010dn\u00edk pro ty, kte\u0159\u00ed ocen\u00ed <strong data-start=\"1253\" data-end=\"1289\">rovnov\u00e1hu mezi eleganc\u00ed a funkc\u00ed<\/strong>.<\/p>\n<hr data-start=\"1292\" data-end=\"1295\" \/>\n<h2 data-start=\"1297\" data-end=\"1312\">\ud83c\udfed O v\u00fdrobci<\/h2>\n<p data-start=\"1314\" data-end=\"1593\">Spyderco je zna\u010dka, kter\u00e1 dlouhodob\u011b ud\u00e1v\u00e1 standardy modern\u00edho no\u017e\u00ed\u0159stv\u00ed a je zn\u00e1m\u00e1 sv\u00fdm d\u016frazem na <strong data-start=\"1414\" data-end=\"1453\">ergonomii, inovace a re\u00e1ln\u00e9 vyu\u017eit\u00ed<\/strong>.<br data-start=\"1454\" data-end=\"1457\" \/>COBOL je jedn\u00edm z model\u016f, kter\u00fd odr\u00e1\u017e\u00ed tuto filozofii \u2014 <strong data-start=\"1513\" data-end=\"1592\">precizn\u00ed design, vysoce kvalitn\u00ed materi\u00e1ly a vynikaj\u00edc\u00ed \u0159emesln\u00e9 zpracov\u00e1n\u00ed<\/strong>.<\/p>\n<hr data-start=\"1595\" data-end=\"1598\" \/>\n<h2 data-start=\"1600\" data-end=\"1627\">\u2699\ufe0f Technick\u00e9 specifikace<\/h2>\n<div class=\"TyagGW_tableContainer\">\n<div class=\"group TyagGW_tableWrapper flex w-fit flex-col-reverse\" tabindex=\"-1\">\n<table class=\"w-fit min-w-(--thread-content-width)\" data-start=\"1629\" data-end=\"2223\">\n<thead data-start=\"1629\" data-end=\"1651\">\n<tr data-start=\"1629\" data-end=\"1651\">\n<th data-start=\"1629\" data-end=\"1640\" data-col-size=\"sm\">Parametr<\/th>\n<th data-start=\"1640\" data-end=\"1651\" data-col-size=\"md\">Hodnota<\/th>\n<\/tr>\n<\/thead>\n<tbody data-start=\"1675\" data-end=\"2223\">\n<tr data-start=\"1675\" data-end=\"1710\">\n<td data-start=\"1675\" data-end=\"1691\" data-col-size=\"sm\">Celkov\u00e1 d\u00e9lka<\/td>\n<td data-col-size=\"md\" data-start=\"1691\" data-end=\"1710\">cca <strong data-start=\"1697\" data-end=\"1708\">20,0 cm<\/strong><\/td>\n<\/tr>\n<tr data-start=\"1711\" data-end=\"1748\">\n<td data-start=\"1711\" data-end=\"1726\" data-col-size=\"sm\">D\u00e9lka \u010depele<\/td>\n<td data-start=\"1726\" data-end=\"1748\" data-col-size=\"md\">cca <strong data-start=\"1732\" data-end=\"1746\">8,0\u20138,5 cm<\/strong><\/td>\n<\/tr>\n<tr data-start=\"1749\" data-end=\"1789\">\n<td data-start=\"1749\" data-end=\"1767\" data-col-size=\"sm\">Tlou\u0161\u0165ka \u010depele<\/td>\n<td data-col-size=\"md\" data-start=\"1767\" data-end=\"1789\">cca <strong data-start=\"1773\" data-end=\"1787\">2,8\u20133,5 mm<\/strong><\/td>\n<\/tr>\n<tr data-start=\"1790\" data-end=\"1852\">\n<td data-start=\"1790\" data-end=\"1808\" data-col-size=\"sm\">Materi\u00e1l \u010depele<\/td>\n<td data-col-size=\"md\" data-start=\"1808\" data-end=\"1852\"><strong data-start=\"1810\" data-end=\"1825\">B\u00f6hler M390<\/strong> \u2013 pr\u00e9miov\u00e1 nerezov\u00e1 ocel<\/td>\n<\/tr>\n<tr data-start=\"1853\" data-end=\"1890\">\n<td data-start=\"1853\" data-end=\"1869\" data-col-size=\"sm\">Tvrdost oceli<\/td>\n<td data-col-size=\"md\" data-start=\"1869\" data-end=\"1890\">cca <strong data-start=\"1875\" data-end=\"1888\">60\u201361 HRC<\/strong><\/td>\n<\/tr>\n<tr data-start=\"1891\" data-end=\"1945\">\n<td data-start=\"1891\" data-end=\"1905\" data-col-size=\"sm\">Tvar \u010depele<\/td>\n<td data-start=\"1905\" data-end=\"1945\" data-col-size=\"md\">Drop-point \/ modern\u00ed pracovn\u00ed profil<\/td>\n<\/tr>\n<tr data-start=\"1946\" data-end=\"1984\">\n<td data-start=\"1946\" data-end=\"1962\" data-col-size=\"sm\">Povrch \u010depele<\/td>\n<td data-col-size=\"md\" data-start=\"1962\" data-end=\"1984\">Satin \/ jemn\u00fd lesk<\/td>\n<\/tr>\n<tr data-start=\"1985\" data-end=\"2019\">\n<td data-start=\"1985\" data-end=\"1995\" data-col-size=\"sm\">Rukoje\u0165<\/td>\n<td data-col-size=\"md\" data-start=\"1995\" data-end=\"2019\"><strong data-start=\"1997\" data-end=\"2017\">Titan (titanov\u00e1)<\/strong><\/td>\n<\/tr>\n<tr data-start=\"2020\" data-end=\"2081\">\n<td data-start=\"2020\" data-end=\"2028\" data-col-size=\"sm\">Z\u00e1mek<\/td>\n<td data-col-size=\"md\" data-start=\"2028\" data-end=\"2081\"><strong data-start=\"2030\" data-end=\"2043\">Back Lock<\/strong> \u2013 bezpe\u010dn\u00fd a spolehliv\u00fd mechanismus<\/td>\n<\/tr>\n<tr data-start=\"2082\" data-end=\"2120\">\n<td data-start=\"2082\" data-end=\"2094\" data-col-size=\"sm\">Otev\u00edr\u00e1n\u00ed<\/td>\n<td data-start=\"2094\" data-end=\"2120\" data-col-size=\"md\">Kruhov\u00fd otvor Spyderco<\/td>\n<\/tr>\n<tr data-start=\"2121\" data-end=\"2147\">\n<td data-start=\"2121\" data-end=\"2128\" data-col-size=\"sm\">Klip<\/td>\n<td data-col-size=\"md\" data-start=\"2128\" data-end=\"2147\">Dr\u00e1t\u011bn\u00fd, tip-up<\/td>\n<\/tr>\n<tr data-start=\"2148\" data-end=\"2178\">\n<td data-start=\"2148\" data-end=\"2159\" data-col-size=\"sm\">Hmotnost<\/td>\n<td data-start=\"2159\" data-end=\"2178\" data-col-size=\"md\">cca <strong data-start=\"2165\" data-end=\"2176\">80\u201395 g<\/strong><\/td>\n<\/tr>\n<tr data-start=\"2179\" data-end=\"2223\">\n<td data-start=\"2179\" data-end=\"2188\" data-col-size=\"sm\">V\u00fdroba<\/td>\n<td data-start=\"2188\" data-end=\"2223\" data-col-size=\"md\"><strong data-start=\"2190\" data-end=\"2221\">It\u00e1lie \/ mezin\u00e1rodn\u00ed v\u00fdroba<\/strong><\/td>\n<\/tr>\n<\/tbody>\n<\/table>\n<\/div>\n<\/div>\n<hr data-start=\"2225\" data-end=\"2228\" \/>\n<h2 data-start=\"2230\" data-end=\"2248\">\u2705 Hlavn\u00ed v\u00fdhody<\/h2>\n<ul data-start=\"2250\" data-end=\"2644\">\n<li data-start=\"2250\" data-end=\"2343\">\n<p data-start=\"2252\" data-end=\"2343\"><strong data-start=\"2252\" data-end=\"2281\">Pr\u00e9miov\u00e1 ocel B\u00f6hler M390<\/strong> \u2013 v\u00fdborn\u00e1 retence ost\u0159\u00ed, odolnost proti opot\u0159eben\u00ed a korozi<\/p>\n<\/li>\n<li data-start=\"2344\" data-end=\"2406\">\n<p data-start=\"2346\" data-end=\"2406\"><strong data-start=\"2346\" data-end=\"2366\">Titanov\u00e1 rukoje\u0165<\/strong> \u2013 lehkost, pevnost a dlouh\u00e1 \u017eivotnost<\/p>\n<\/li>\n<li data-start=\"2407\" data-end=\"2454\">\n<p data-start=\"2409\" data-end=\"2454\"><strong data-start=\"2409\" data-end=\"2422\">Back Lock<\/strong> \u2013 spolehliv\u00fd a bezpe\u010dn\u00fd z\u00e1mek<\/p>\n<\/li>\n<li data-start=\"2455\" data-end=\"2505\">\n<p data-start=\"2457\" data-end=\"2505\"><strong data-start=\"2457\" data-end=\"2473\">Dr\u00e1t\u011bn\u00fd klip<\/strong> \u2013 nen\u00e1padn\u00e9 a pohodln\u00e9 no\u0161en\u00ed<\/p>\n<\/li>\n<li data-start=\"2506\" data-end=\"2590\">\n<p data-start=\"2508\" data-end=\"2590\"><strong data-start=\"2508\" data-end=\"2530\">Ergonomick\u00fd design<\/strong> od Paula Alexandra \u2013 komfortn\u00ed ovl\u00e1d\u00e1n\u00ed i p\u0159i del\u0161\u00ed pr\u00e1ci<\/p>\n<\/li>\n<li data-start=\"2591\" data-end=\"2644\">\n<p data-start=\"2593\" data-end=\"2644\">Modern\u00ed a elegantn\u00ed vzhled bez kompromis\u016f na funkci<\/p>\n<\/li>\n<\/ul>\n<hr data-start=\"2646\" data-end=\"2649\" \/>\n<h2 data-start=\"2651\" data-end=\"2670\">\u26a0\ufe0f Mo\u017en\u00e1 omezen\u00ed<\/h2>\n<ul data-start=\"2672\" data-end=\"2857\">\n<li data-start=\"2672\" data-end=\"2747\">\n<p data-start=\"2674\" data-end=\"2747\">Titanov\u00e1 rukoje\u0165 m\u016f\u017ee b\u00fdt hlad\u0161\u00ed ne\u017e agresivn\u011bj\u0161\u00ed texturovan\u00e9 materi\u00e1ly<\/p>\n<\/li>\n<li data-start=\"2748\" data-end=\"2802\">\n<p data-start=\"2750\" data-end=\"2802\">Vy\u0161\u0161\u00ed cena odpov\u00edd\u00e1 pr\u00e9miov\u00fdm materi\u00e1l\u016fm a designu<\/p>\n<\/li>\n<li data-start=\"2803\" data-end=\"2857\">\n<p data-start=\"2805\" data-end=\"2857\">N\u00edzk\u00e1 hmotnost nen\u00ed ur\u010dena pro extr\u00e9mn\u011b hrubou pr\u00e1ci<\/p>\n<\/li>\n<\/ul>\n<hr data-start=\"2859\" data-end=\"2862\" \/>\n<h2 data-start=\"2864\" data-end=\"2884\">\ud83d\udee0\ufe0f \u00dadr\u017eba a p\u00e9\u010de<\/h2>\n<ul data-start=\"2886\" data-end=\"3111\">\n<li data-start=\"2886\" data-end=\"2921\">\n<p data-start=\"2888\" data-end=\"2921\">Po pou\u017eit\u00ed \u010depel o\u010disti a osu\u0161\u00ed<\/p>\n<\/li>\n<li data-start=\"2922\" data-end=\"2981\">\n<p data-start=\"2924\" data-end=\"2981\">Vyh\u00fdbej se abrazivn\u00edm a agresivn\u00edm \u010distic\u00edm prost\u0159edk\u016fm<\/p>\n<\/li>\n<li data-start=\"2982\" data-end=\"3013\">\n<p data-start=\"2984\" data-end=\"3013\">Titan \u010dist\u011b jemn\u00fdm had\u0159\u00edkem<\/p>\n<\/li>\n<li data-start=\"3014\" data-end=\"3069\">\n<p data-start=\"3016\" data-end=\"3069\">Pivot a Back Lock pravideln\u011b proma\u017e vhodn\u00fdm mazivem<\/p>\n<\/li>\n<li data-start=\"3070\" data-end=\"3111\">\n<p data-start=\"3072\" data-end=\"3111\">Skladuj v such\u00e9m prost\u0159ed\u00ed mimo vlhkost<\/p>\n<\/li>\n<\/ul>\n<hr data-start=\"3113\" data-end=\"3116\" \/>\n<h2 data-start=\"3118\" data-end=\"3154\">\ud83d\udd2a Pro udr\u017een\u00ed ost\u0159\u00ed doporu\u010dujeme<\/h2>\n<p data-start=\"3156\" data-end=\"3274\">Pro uchov\u00e1n\u00ed maxim\u00e1ln\u00ed ostrosti \u010depele z <strong data-start=\"3197\" data-end=\"3212\">B\u00f6hler M390<\/strong> doporu\u010dujeme kvalitn\u00ed syst\u00e9m brou\u0161en\u00ed ur\u010den\u00fd pro tvrd\u00e1 ost\u0159\u00ed.<\/p>\n<p data-start=\"3276\" data-end=\"3379\">Ide\u00e1ln\u00ed volbou je <strong data-start=\"3294\" data-end=\"3360\">Spyderco Tri-Angle Sharpmaker Complete Sharpening System 204MF<\/strong>, kter\u00fd umo\u017e\u0148uje:<\/p>\n<ul data-start=\"3380\" data-end=\"3519\">\n<li data-start=\"3380\" data-end=\"3419\">\n<p data-start=\"3382\" data-end=\"3419\">p\u0159esn\u00e9 a konzistentn\u00ed \u00fahly brou\u0161en\u00ed<\/p>\n<\/li>\n<li data-start=\"3420\" data-end=\"3469\">\n<p data-start=\"3422\" data-end=\"3469\">\u0161etrnou \u00fadr\u017ebu bez nadm\u011brn\u00e9ho \u00fab\u011bru materi\u00e1lu<\/p>\n<\/li>\n<li data-start=\"3470\" data-end=\"3519\">\n<p data-start=\"3472\" data-end=\"3519\">bezpe\u010dn\u00e9 pou\u017eit\u00ed i bez p\u0159edchoz\u00edch zku\u0161enost\u00ed<\/p>\n<\/li>\n<\/ul>\n<p data-start=\"3521\" data-end=\"3566\">\ud83d\uded2 <strong data-start=\"3524\" data-end=\"3566\">Zakoup\u00edte na na\u0161ich str\u00e1nk\u00e1ch Moskito.<\/strong><\/p>\n<hr data-start=\"3568\" data-end=\"3571\" \/>\n<h2 data-start=\"3573\" data-end=\"3593\">\ud83c\udfaf Doporu\u010deno pro<\/h2>\n<ul data-start=\"3595\" data-end=\"3793\">\n<li data-start=\"3595\" data-end=\"3665\">\n<p data-start=\"3597\" data-end=\"3665\">EDC u\u017eivatele, kte\u0159\u00ed cht\u011bj\u00ed <strong data-start=\"3625\" data-end=\"3663\">pr\u00e9miov\u00fd n\u016f\u017e s elegantn\u00edm designem<\/strong><\/p>\n<\/li>\n<li data-start=\"3666\" data-end=\"3703\">\n<p data-start=\"3668\" data-end=\"3703\">Profesion\u00e1ly a ka\u017edodenn\u00ed pou\u017eit\u00ed<\/p>\n<\/li>\n<li data-start=\"3704\" data-end=\"3745\">\n<p data-start=\"3706\" data-end=\"3745\">Outdoorov\u00e9 aktivity a praktick\u00e9 \u00fakoly<\/p>\n<\/li>\n<li data-start=\"3746\" data-end=\"3793\">\n<p data-start=\"3748\" data-end=\"3793\">Fanou\u0161ky modern\u00edho a minimalistick\u00e9ho designu<\/p>\n<\/li>\n<\/ul>\n<hr data-start=\"3795\" data-end=\"3798\" \/>\n<h2 data-start=\"3800\" data-end=\"3824\">\u2b50 Z\u00e1v\u011bre\u010dn\u00e9 hodnocen\u00ed<\/h2>\n<p data-start=\"3826\" data-end=\"4046\">Spyderco <strong data-start=\"3835\" data-end=\"3852\">COBOL C273TIP<\/strong> je <strong data-start=\"3856\" data-end=\"3902\">vyv\u00e1\u017een\u00fd, elegantn\u00ed a v\u00fdkonn\u00fd zav\u00edrac\u00ed n\u016f\u017e<\/strong>, kter\u00fd kombinuje <strong data-start=\"3920\" data-end=\"3979\">pr\u00e9miov\u00e9 materi\u00e1ly, komfortn\u00ed ovl\u00e1d\u00e1n\u00ed a stylov\u00fd design<\/strong>.<br data-start=\"3980\" data-end=\"3983\" \/>Je to n\u00e1stroj, kter\u00fd funguje <em data-start=\"4012\" data-end=\"4046\">naplno \u2014 kdykoliv ho pot\u0159ebuje\u0161.<\/em><\/p>\n<p data-start=\"4048\" data-end=\"4095\"><strong data-start=\"4048\" data-end=\"4095\">COBOL \u2013 elegantn\u00ed v\u00fdkon, kter\u00fd t\u011b nezklame.<\/strong><\/p>\n","protected":false},"excerpt":{"rendered":"<p>\ud83d\udde1\ufe0f Zav\u00edrac\u00ed n\u016f\u017e Spyderco COBOL C273TIP S\u00edla, elegance a preciznost \u2014 p\u0159ipraven\u00fd k akci. Spyderco COBOL je n\u016f\u017e, kter\u00fd dokonale spojuje modern\u00ed design, pr\u00e9miov\u00e9 materi\u00e1ly a funk\u010dn\u00ed v\u00fdkon.\u010cepel z B\u00f6hler M390 poskytuje vysokou retenci ost\u0159\u00ed, v\u00fdbornou odolnost proti opot\u0159eben\u00ed a korozivzdornost. Titanov\u00e1 rukoje\u0165 dod\u00e1v\u00e1 lehkost, pevnost a estetickou hodnotu, zat\u00edmco celkov\u00fd design od Paula Alexandra [&hellip;]<\/p>\n","protected":false},"featured_media":430399,"comment_status":"open","ping_status":"closed","template":"","meta":[],"pwb-brand":[567],"product_brand":[],"product_cat":[22,17],"product_tag":[],"class_list":{"0":"post-430398","1":"product","2":"type-product","3":"status-publish","4":"has-post-thumbnail","6":"pwb-brand-spyderco","7":"product_cat-zaviraci-noze","8":"product_cat-noze","10":"first","11":"instock","12":"taxable","13":"shipping-taxable","14":"purchasable","15":"product-type-simple"},"brands":[{"id":567,"name":"Spyderco","slug":"spyderco"}],"_links":{"self":[{"href":"https:\/\/www.moskito.cz\/es\/wp-json\/wp\/v2\/product\/430398","targetHints":{"allow":["GET"]}}],"collection":[{"href":"https:\/\/www.moskito.cz\/es\/wp-json\/wp\/v2\/product"}],"about":[{"href":"https:\/\/www.moskito.cz\/es\/wp-json\/wp\/v2\/types\/product"}],"replies":[{"embeddable":true,"href":"https:\/\/www.moskito.cz\/es\/wp-json\/wp\/v2\/comments?post=430398"}],"wp:featuredmedia":[{"embeddable":true,"href":"https:\/\/www.moskito.cz\/es\/wp-json\/wp\/v2\/media\/430399"}],"wp:attachment":[{"href":"https:\/\/www.moskito.cz\/es\/wp-json\/wp\/v2\/media?parent=430398"}],"wp:term":[{"taxonomy":"pwb-brand","embeddable":true,"href":"https:\/\/www.moskito.cz\/es\/wp-json\/wp\/v2\/pwb-brand?post=430398"},{"taxonomy":"product_brand","embeddable":true,"href":"https:\/\/www.moskito.cz\/es\/wp-json\/wp\/v2\/product_brand?post=430398"},{"taxonomy":"product_cat","embeddable":true,"href":"https:\/\/www.moskito.cz\/es\/wp-json\/wp\/v2\/product_cat?post=430398"},{"taxonomy":"product_tag","embeddable":true,"href":"https:\/\/www.moskito.cz\/es\/wp-json\/wp\/v2\/product_tag?post=430398"}],"curies":[{"name":"wp","href":"https:\/\/api.w.org\/{rel}","templated":true}]}}