{"id":433073,"date":"2026-01-21T21:23:02","date_gmt":"2026-01-21T20:23:02","guid":{"rendered":"https:\/\/www.moskito.cz\/?post_type=product&#038;p=433073"},"modified":"2026-02-16T19:30:19","modified_gmt":"2026-02-16T18:30:19","slug":"zaviraci-nuz-spyderco-manbug-mbkwsbk","status":"publish","type":"product","link":"https:\/\/www.moskito.cz\/es\/produkt\/zaviraci-nuz-spyderco-manbug-mbkwsbk\/","title":{"rendered":"Zav\u00edrac\u00ed N\u016f\u017e Spyderco Manbug MBKWSBK"},"content":{"rendered":"<p data-start=\"88\" data-end=\"487\">Jakmile \u010depel otev\u0159e\u0161 typick\u00fdm <strong data-start=\"119\" data-end=\"147\">kulat\u00fdm otvorem Spyderco<\/strong> a zajist\u00ed\u0161 ji spolehliv\u00fdm <strong data-start=\"174\" data-end=\"189\">back lockem<\/strong>, okam\u017eit\u011b poc\u00edt\u00ed\u0161 <strong data-start=\"208\" data-end=\"246\">precizn\u00ed kontrolu a ostr\u00fd tah \u0159ezu<\/strong>, kter\u00fd nab\u00edz\u00ed <strong data-start=\"261\" data-end=\"326\">Spyderco Manbug Wharncliffe Lightweight Black Blade (MBKWSBK)<\/strong>. Tento ultrakompaktn\u00ed zav\u00edrac\u00ed n\u016f\u017e kombinuje <strong data-start=\"372\" data-end=\"399\">Wharncliffe tvar \u010depele<\/strong> s lehkou konstrukc\u00ed, tak\u017ee i p\u0159es svoji malou velikost pod\u00e1v\u00e1 v\u00fdkon, kter\u00fd t\u011b p\u0159ekvap\u00ed.<\/p>\n<p data-start=\"489\" data-end=\"648\">Tento model je ur\u010den pro u\u017eivatele, kte\u0159\u00ed cht\u011bj\u00ed <strong data-start=\"538\" data-end=\"579\">mal\u00fd, nen\u00e1padn\u00fd a v\u00fdkonn\u00fd EDC n\u00e1stroj<\/strong>, kter\u00fd zvl\u00e1dne ka\u017edodenn\u00ed \u00fakoly s maxim\u00e1ln\u00ed kontrolou a preciznost\u00ed.<\/p>\n<hr data-start=\"650\" data-end=\"653\" \/>\n<h2 data-start=\"655\" data-end=\"681\">Charakter a filozofie<\/h2>\n<p data-start=\"682\" data-end=\"979\"><strong data-start=\"682\" data-end=\"713\">Spyderco Manbug Wharncliffe<\/strong> p\u0159edstavuje filozofii mini no\u017ee, kter\u00fd je <strong data-start=\"756\" data-end=\"831\">st\u00e1le p\u0159ipraven pracovat tam, kde je pot\u0159eba preciznost a kontrola \u0159ezu<\/strong>. Wharncliffe profil \u010depele d\u00e1v\u00e1 no\u017ei v\u00fdjime\u010dnou \u0159eznou schopnost a \u010dist\u00fd tah, co\u017e je ide\u00e1ln\u00ed pro \u00fakoly vy\u017eaduj\u00edc\u00ed <strong data-start=\"946\" data-end=\"978\">p\u0159esnost a jemnou manipulaci<\/strong>.<\/p>\n<p data-start=\"981\" data-end=\"1176\">\u010cern\u00e1 \u010depel s <strong data-start=\"995\" data-end=\"1024\">lehkou povrchovou \u00fapravou<\/strong> kombinuje eleganci s vysokou odolnost\u00ed a snadnou \u00fadr\u017ebou. Celkov\u00e1 konstrukce je navr\u017eena tak, aby byl n\u016f\u017e <strong data-start=\"1131\" data-end=\"1146\">co nejleh\u010d\u00ed<\/strong>, a p\u0159esto pevn\u00fd a spolehliv\u00fd.<\/p>\n<p data-start=\"1178\" data-end=\"1400\">Ergonomick\u00e1 rukoje\u0165, kter\u00e1 dokonale sed\u00ed v ruce, p\u0159isp\u00edv\u00e1 k jist\u00e9mu \u00fachytu a bezpe\u010dn\u00e9mu ovl\u00e1d\u00e1n\u00ed i p\u0159i del\u0161\u00ed pr\u00e1ci. Manbug Wharncliffe je n\u00e1stroj, kter\u00fd ti poskytne <strong data-start=\"1343\" data-end=\"1399\">v\u00fdkon a preciznost, ani\u017e by zat\u00ed\u017eil kapsu nebo kl\u00ed\u010de<\/strong>.<\/p>\n<hr data-start=\"1402\" data-end=\"1405\" \/>\n<h2 data-start=\"1407\" data-end=\"1424\">\ud83c\udfed O v\u00fdrobci<\/h2>\n<p data-start=\"1425\" data-end=\"1727\"><strong data-start=\"1425\" data-end=\"1437\">Spyderco<\/strong> je zna\u010dka, kter\u00e1 je pova\u017eovan\u00e1 za jednu z nejv\u00fdznamn\u011bj\u0161\u00edch ve sv\u011bt\u011b kapesn\u00edch no\u017e\u016f. Je zn\u00e1m\u00e1 sv\u00fdm <strong data-start=\"1536\" data-end=\"1586\">inovativn\u00edm designem, ergonomi\u00ed a prakti\u010dnost\u00ed<\/strong>, kter\u00e1 vych\u00e1z\u00ed z re\u00e1ln\u00e9ho pou\u017eit\u00ed. Modely jako Manbug Wharncliffe dokazuj\u00ed, \u017ee i mal\u00fd n\u016f\u017e m\u016f\u017ee b\u00fdt <strong data-start=\"1686\" data-end=\"1726\">technicky sofistikovan\u00fd a spolehliv\u00fd<\/strong>.<\/p>\n<hr data-start=\"1729\" data-end=\"1732\" \/>\n<h2 data-start=\"1734\" data-end=\"1761\">\u2699\ufe0f Technick\u00e9 specifikace<\/h2>\n<div class=\"TyagGW_tableContainer\">\n<div class=\"group TyagGW_tableWrapper flex flex-col-reverse w-fit\" tabindex=\"-1\">\n<table class=\"w-fit min-w-(--thread-content-width)\" data-start=\"1763\" data-end=\"2431\">\n<thead data-start=\"1763\" data-end=\"1785\">\n<tr data-start=\"1763\" data-end=\"1785\">\n<th data-start=\"1763\" data-end=\"1774\" data-col-size=\"sm\">Parametr<\/th>\n<th data-start=\"1774\" data-end=\"1785\" data-col-size=\"md\">Hodnota<\/th>\n<\/tr>\n<\/thead>\n<tbody data-start=\"1806\" data-end=\"2431\">\n<tr data-start=\"1806\" data-end=\"1877\">\n<td data-start=\"1806\" data-end=\"1814\" data-col-size=\"sm\">Model<\/td>\n<td data-start=\"1814\" data-end=\"1877\" data-col-size=\"md\">Spyderco Manbug Wharncliffe Lightweight Black Blade MBKWSBK<\/td>\n<\/tr>\n<tr data-start=\"1878\" data-end=\"1913\">\n<td data-start=\"1878\" data-end=\"1894\" data-col-size=\"sm\">Celkov\u00e1 d\u00e9lka<\/td>\n<td data-start=\"1894\" data-end=\"1913\" data-col-size=\"md\">velmi kompaktn\u00ed<\/td>\n<\/tr>\n<tr data-start=\"1914\" data-end=\"1966\">\n<td data-start=\"1914\" data-end=\"1929\" data-col-size=\"sm\">D\u00e9lka \u010depele<\/td>\n<td data-start=\"1929\" data-end=\"1966\" data-col-size=\"md\">men\u0161\u00ed, ide\u00e1ln\u00ed pro detailn\u00ed pr\u00e1ci<\/td>\n<\/tr>\n<tr data-start=\"1967\" data-end=\"2008\">\n<td data-start=\"1967\" data-end=\"1985\" data-col-size=\"sm\">Tlou\u0161\u0165ka \u010depele<\/td>\n<td data-start=\"1985\" data-end=\"2008\" data-col-size=\"md\">tenk\u00e1 a ergonomick\u00e1<\/td>\n<\/tr>\n<tr data-start=\"2009\" data-end=\"2050\">\n<td data-start=\"2009\" data-end=\"2027\" data-col-size=\"sm\">Materi\u00e1l \u010depele<\/td>\n<td data-start=\"2027\" data-end=\"2050\" data-col-size=\"md\">kvalitn\u00ed \u010dern\u00e1 ocel<\/td>\n<\/tr>\n<tr data-start=\"2051\" data-end=\"2093\">\n<td data-start=\"2051\" data-end=\"2067\" data-col-size=\"sm\">Tvrdost oceli<\/td>\n<td data-start=\"2067\" data-end=\"2093\" data-col-size=\"md\">vyv\u00e1\u017een\u00e1 pro EDC u\u017eit\u00ed<\/td>\n<\/tr>\n<tr data-start=\"2094\" data-end=\"2153\">\n<td data-start=\"2094\" data-end=\"2108\" data-col-size=\"sm\">Tvar \u010depele<\/td>\n<td data-start=\"2108\" data-end=\"2153\" data-col-size=\"md\">Wharncliffe \u2013 precizn\u00ed a kontrolovan\u00fd \u0159ez<\/td>\n<\/tr>\n<tr data-start=\"2154\" data-end=\"2191\">\n<td data-start=\"2154\" data-end=\"2163\" data-col-size=\"sm\">V\u00fdbrus<\/td>\n<td data-start=\"2163\" data-end=\"2191\" data-col-size=\"md\">ploch\u00fd (Full Flat Grind)<\/td>\n<\/tr>\n<tr data-start=\"2192\" data-end=\"2224\">\n<td data-start=\"2192\" data-end=\"2208\" data-col-size=\"sm\">Povrch \u010depele<\/td>\n<td data-start=\"2208\" data-end=\"2224\" data-col-size=\"md\">\u010dern\u00e1 \u00faprava<\/td>\n<\/tr>\n<tr data-start=\"2225\" data-end=\"2267\">\n<td data-start=\"2225\" data-end=\"2235\" data-col-size=\"sm\">Rukoje\u0165<\/td>\n<td data-start=\"2235\" data-end=\"2267\" data-col-size=\"md\">lehk\u00e1 ergonomick\u00e1 konstrukce<\/td>\n<\/tr>\n<tr data-start=\"2268\" data-end=\"2289\">\n<td data-start=\"2268\" data-end=\"2276\" data-col-size=\"sm\">Z\u00e1mek<\/td>\n<td data-start=\"2276\" data-end=\"2289\" data-col-size=\"md\">Back Lock<\/td>\n<\/tr>\n<tr data-start=\"2290\" data-end=\"2327\">\n<td data-start=\"2290\" data-end=\"2302\" data-col-size=\"sm\">Otev\u00edr\u00e1n\u00ed<\/td>\n<td data-start=\"2302\" data-end=\"2327\" data-col-size=\"md\">kulat\u00fd otvor Spyderco<\/td>\n<\/tr>\n<tr data-start=\"2328\" data-end=\"2368\">\n<td data-start=\"2328\" data-end=\"2335\" data-col-size=\"sm\">Klip<\/td>\n<td data-start=\"2335\" data-end=\"2368\" data-col-size=\"md\">ne (\u010dasto varianty bez klipu)<\/td>\n<\/tr>\n<tr data-start=\"2369\" data-end=\"2398\">\n<td data-start=\"2369\" data-end=\"2380\" data-col-size=\"sm\">Hmotnost<\/td>\n<td data-start=\"2380\" data-end=\"2398\" data-col-size=\"md\">extr\u00e9mn\u011b n\u00edzk\u00e1<\/td>\n<\/tr>\n<tr data-start=\"2399\" data-end=\"2431\">\n<td data-start=\"2399\" data-end=\"2408\" data-col-size=\"sm\">V\u00fdroba<\/td>\n<td data-start=\"2408\" data-end=\"2431\" data-col-size=\"md\">precizn\u00ed zpracov\u00e1n\u00ed<\/td>\n<\/tr>\n<\/tbody>\n<\/table>\n<\/div>\n<\/div>\n<hr data-start=\"2433\" data-end=\"2436\" \/>\n<h2 data-start=\"2438\" data-end=\"2456\">\u2705 Hlavn\u00ed v\u00fdhody<\/h2>\n<ul data-start=\"2457\" data-end=\"2739\">\n<li data-start=\"2457\" data-end=\"2504\">\n<p data-start=\"2459\" data-end=\"2504\"><strong data-start=\"2459\" data-end=\"2480\">Wharncliffe \u010depel<\/strong> \u2013 precizn\u00ed tahov\u00fd \u0159ez<\/p>\n<\/li>\n<li data-start=\"2505\" data-end=\"2577\">\n<p data-start=\"2507\" data-end=\"2577\"><strong data-start=\"2507\" data-end=\"2544\">Ultrakompaktn\u00ed a lehk\u00e1 konstrukce<\/strong> \u2013 ide\u00e1ln\u00ed pro nen\u00e1padn\u00e9 no\u0161en\u00ed<\/p>\n<\/li>\n<li data-start=\"2578\" data-end=\"2621\">\n<p data-start=\"2580\" data-end=\"2621\"><strong data-start=\"2580\" data-end=\"2593\">Back Lock<\/strong> \u2013 pevn\u00fd, spolehliv\u00fd z\u00e1mek<\/p>\n<\/li>\n<li data-start=\"2622\" data-end=\"2684\">\n<p data-start=\"2624\" data-end=\"2684\"><strong data-start=\"2624\" data-end=\"2647\">Ergonomick\u00e1 rukoje\u0165<\/strong> \u2013 jist\u00fd \u00fachop i p\u0159i detailn\u00ed pr\u00e1ci<\/p>\n<\/li>\n<li data-start=\"2685\" data-end=\"2739\">\n<p data-start=\"2687\" data-end=\"2739\"><strong data-start=\"2687\" data-end=\"2702\">\u010cern\u00e1 \u010depel<\/strong> \u2013 nen\u00e1padn\u00fd design a snadn\u00e1 \u00fadr\u017eba<\/p>\n<\/li>\n<\/ul>\n<hr data-start=\"2741\" data-end=\"2744\" \/>\n<h2 data-start=\"2746\" data-end=\"2765\">\u26a0\ufe0f Mo\u017en\u00e1 omezen\u00ed<\/h2>\n<ul data-start=\"2766\" data-end=\"2916\">\n<li data-start=\"2766\" data-end=\"2812\">\n<p data-start=\"2768\" data-end=\"2812\"><strong data-start=\"2768\" data-end=\"2790\">Velmi mal\u00e9 rozm\u011bry<\/strong> \u2013 ne pro t\u011b\u017ek\u00e9 \u0159ezy<\/p>\n<\/li>\n<li data-start=\"2813\" data-end=\"2878\">\n<p data-start=\"2815\" data-end=\"2878\"><strong data-start=\"2815\" data-end=\"2837\">Wharncliffe profil<\/strong> nemus\u00ed vyhovovat pro v\u0161echny typy \u00faloh<\/p>\n<\/li>\n<li data-start=\"2879\" data-end=\"2916\">\n<p data-start=\"2881\" data-end=\"2916\">Absence klipu u n\u011bkter\u00fdch variant<\/p>\n<\/li>\n<\/ul>\n<hr data-start=\"2918\" data-end=\"2921\" \/>\n<h2 data-start=\"2923\" data-end=\"2943\">\ud83d\udee0\ufe0f \u00dadr\u017eba a p\u00e9\u010de<\/h2>\n<ul data-start=\"2944\" data-end=\"3161\">\n<li data-start=\"2944\" data-end=\"3027\">\n<p data-start=\"2946\" data-end=\"3027\">Po pou\u017eit\u00ed \u010depel <strong data-start=\"2963\" data-end=\"2979\">osu\u0161\u00ed a ot\u0159i<\/strong>, zejm\u00e9na pokud p\u0159i\u0161la do kontaktu s vlhkost\u00ed.<\/p>\n<\/li>\n<li data-start=\"3028\" data-end=\"3084\">\n<p data-start=\"3030\" data-end=\"3084\">Ob\u010das zkontroluj chod z\u00e1mku a p\u0159\u00edpadn\u011b lehce proma\u017e.<\/p>\n<\/li>\n<li data-start=\"3085\" data-end=\"3161\">\n<p data-start=\"3087\" data-end=\"3161\">Ost\u0159\u00ed udr\u017euj pravideln\u00fdm jemn\u00fdm brou\u0161en\u00edm, aby bylo st\u00e1le ostr\u00e9 a funk\u010dn\u00ed.<\/p>\n<\/li>\n<\/ul>\n<hr data-start=\"3163\" data-end=\"3166\" \/>\n<h2 data-start=\"3168\" data-end=\"3206\">\ud83d\udd2a Pro udr\u017een\u00ed ost\u0159\u00ed doporu\u010dujeme<\/h2>\n<p data-start=\"3207\" data-end=\"3363\">Pou\u017e\u00edvat kvalitn\u00ed brusn\u00e9 syst\u00e9my s p\u0159esn\u00fdm nastaven\u00edm \u00fahlu, aby se zajistila spr\u00e1vn\u00e1 geometrie ost\u0159\u00ed a dlouhodob\u00e1 \u017eivotnost bez zbyte\u010dn\u00e9ho \u00fabytku materi\u00e1lu.<\/p>\n<hr data-start=\"3365\" data-end=\"3368\" \/>\n<h2 data-start=\"3370\" data-end=\"3419\">\ud83d\uded2 Zakoup\u00ed\u0161 na na\u0161ich str\u00e1nk\u00e1ch <strong data-start=\"3405\" data-end=\"3419\">Moskito.cz<\/strong><\/h2>\n<hr data-start=\"3421\" data-end=\"3424\" \/>\n<h2 data-start=\"3426\" data-end=\"3446\">\ud83c\udfaf Doporu\u010deno pro<\/h2>\n<ul data-start=\"3447\" data-end=\"3590\">\n<li data-start=\"3447\" data-end=\"3472\">\n<p data-start=\"3449\" data-end=\"3472\">ka\u017edodenn\u00ed EDC no\u0161en\u00ed<\/p>\n<\/li>\n<li data-start=\"3473\" data-end=\"3501\">\n<p data-start=\"3475\" data-end=\"3501\">detailn\u00ed a precizn\u00ed \u0159ezy<\/p>\n<\/li>\n<li data-start=\"3502\" data-end=\"3528\">\n<p data-start=\"3504\" data-end=\"3528\">minimalistickou v\u00fdbavu<\/p>\n<\/li>\n<li data-start=\"3529\" data-end=\"3590\">\n<p data-start=\"3531\" data-end=\"3590\">u\u017eivatele hledaj\u00edc\u00ed <strong data-start=\"3551\" data-end=\"3588\">kontrolu a p\u0159esnost i u mini no\u017ee<\/strong><\/p>\n<\/li>\n<\/ul>\n<hr data-start=\"3592\" data-end=\"3595\" \/>\n<h2 data-start=\"3597\" data-end=\"3623\">\u2b50 Z\u00e1v\u011bre\u010dn\u00e9 hodnocen\u00ed<\/h2>\n<p data-start=\"3624\" data-end=\"3896\"><strong data-start=\"3624\" data-end=\"3689\">Spyderco Manbug Wharncliffe Lightweight Black Blade (MBKWSBK)<\/strong> je <strong data-start=\"3693\" data-end=\"3724\">nen\u00e1padn\u00fd, lehk\u00fd a precizn\u00ed<\/strong> zav\u00edrac\u00ed n\u016f\u017e, kter\u00fd poskytuje <strong data-start=\"3755\" data-end=\"3795\">vynikaj\u00edc\u00ed kontrolu a ostr\u00fd tah \u0159ezu<\/strong> i p\u0159i drobn\u00fdch \u00fakolech. Je ide\u00e1ln\u00ed pro ty, kte\u0159\u00ed cht\u011bj\u00ed <strong data-start=\"3852\" data-end=\"3895\">v\u00fdkonn\u00fd mini EDC n\u00e1stroj bez kompromis\u016f<\/strong>.<\/p>\n<p data-start=\"3898\" data-end=\"3965\"><strong data-start=\"3898\" data-end=\"3965\">Manbug Wharncliffe \u2013 preciznost, lehkost a v\u00fdkon v ka\u017ed\u00e9m tahu.<\/strong><\/p>\n","protected":false},"excerpt":{"rendered":"<p data-start=\"3624\" data-end=\"3896\"><strong>Spyderco Manbug Wharncliffe Lightweight Black Blade (MBKWSBK) je nen\u00e1padn\u00fd, lehk\u00fd a precizn\u00ed zav\u00edrac\u00ed n\u016f\u017e, kter\u00fd poskytuje vynikaj\u00edc\u00ed kontrolu a ostr\u00fd tah \u0159ezu i p\u0159i drobn\u00fdch \u00fakolech. Je ide\u00e1ln\u00ed pro ty, kte\u0159\u00ed cht\u011bj\u00ed v\u00fdkonn\u00fd mini EDC n\u00e1stroj bez kompromis\u016f.<\/strong><\/p>\n<p data-start=\"3898\" data-end=\"3965\"><strong>Manbug Wharncliffe \u2013 preciznost, lehkost a v\u00fdkon v ka\u017ed\u00e9m tahu.<\/strong><\/p>\n","protected":false},"featured_media":433074,"comment_status":"open","ping_status":"closed","template":"","meta":[],"pwb-brand":[567],"product_brand":[],"product_cat":[22,17],"product_tag":[],"class_list":{"0":"post-433073","1":"product","2":"type-product","3":"status-publish","4":"has-post-thumbnail","6":"pwb-brand-spyderco","7":"product_cat-zaviraci-noze","8":"product_cat-noze","10":"first","11":"instock","12":"taxable","13":"shipping-taxable","14":"purchasable","15":"product-type-simple"},"brands":[{"id":567,"name":"Spyderco","slug":"spyderco"}],"_links":{"self":[{"href":"https:\/\/www.moskito.cz\/es\/wp-json\/wp\/v2\/product\/433073","targetHints":{"allow":["GET"]}}],"collection":[{"href":"https:\/\/www.moskito.cz\/es\/wp-json\/wp\/v2\/product"}],"about":[{"href":"https:\/\/www.moskito.cz\/es\/wp-json\/wp\/v2\/types\/product"}],"replies":[{"embeddable":true,"href":"https:\/\/www.moskito.cz\/es\/wp-json\/wp\/v2\/comments?post=433073"}],"wp:featuredmedia":[{"embeddable":true,"href":"https:\/\/www.moskito.cz\/es\/wp-json\/wp\/v2\/media\/433074"}],"wp:attachment":[{"href":"https:\/\/www.moskito.cz\/es\/wp-json\/wp\/v2\/media?parent=433073"}],"wp:term":[{"taxonomy":"pwb-brand","embeddable":true,"href":"https:\/\/www.moskito.cz\/es\/wp-json\/wp\/v2\/pwb-brand?post=433073"},{"taxonomy":"product_brand","embeddable":true,"href":"https:\/\/www.moskito.cz\/es\/wp-json\/wp\/v2\/product_brand?post=433073"},{"taxonomy":"product_cat","embeddable":true,"href":"https:\/\/www.moskito.cz\/es\/wp-json\/wp\/v2\/product_cat?post=433073"},{"taxonomy":"product_tag","embeddable":true,"href":"https:\/\/www.moskito.cz\/es\/wp-json\/wp\/v2\/product_tag?post=433073"}],"curies":[{"name":"wp","href":"https:\/\/api.w.org\/{rel}","templated":true}]}}