{"id":433624,"date":"2026-01-23T19:31:28","date_gmt":"2026-01-23T18:31:28","guid":{"rendered":"https:\/\/www.moskito.cz\/?post_type=product&#038;p=433624"},"modified":"2026-03-17T20:19:46","modified_gmt":"2026-03-17T19:19:46","slug":"zaviraci-nuz-spyderco-military-2-salt-black-c36gmcbkp2","status":"publish","type":"product","link":"https:\/\/www.moskito.cz\/es\/produkt\/zaviraci-nuz-spyderco-military-2-salt-black-c36gmcbkp2\/","title":{"rendered":"Zav\u00edrac\u00ed N\u016f\u017e Spyderco Military 2 Salt Black C36GMCBKP2"},"content":{"rendered":"<p data-start=\"148\" data-end=\"547\">Jakmile \u010depel otev\u0159e\u0161 typick\u00fdm <strong data-start=\"179\" data-end=\"207\">kulat\u00fdm otvorem Spyderco<\/strong> a zajist\u00ed\u0161 ji modern\u00edm <strong data-start=\"231\" data-end=\"253\">Compression Lockem<\/strong>, okam\u017eit\u011b poc\u00edt\u00ed\u0161 <strong data-start=\"272\" data-end=\"310\">pevnost, jistotu a hladk\u00fd tah \u0159ezu<\/strong>, kter\u00fd nab\u00edz\u00ed <strong data-start=\"325\" data-end=\"377\">Spyderco Military 2 Salt Black G-10 CPM MagnaCut<\/strong>. Tento zav\u00edrac\u00ed n\u016f\u017e kombinuje osv\u011bd\u010den\u00fd tvar Military s nejmodern\u011bj\u0161\u00ed ocel\u00ed sou\u010dasnosti a odolnou konstrukc\u00ed, tak\u017ee je p\u0159ipraven na ka\u017edodenn\u00ed pr\u00e1ci i extr\u00e9mn\u00ed podm\u00ednky.<\/p>\n<p data-start=\"549\" data-end=\"729\">Tento model je ur\u010den pro u\u017eivatele, kte\u0159\u00ed cht\u011bj\u00ed <strong data-start=\"598\" data-end=\"663\">v\u00fdkonn\u00fd EDC a pracovn\u00ed n\u016f\u017e s maxim\u00e1ln\u00ed odolnost\u00ed proti korozi<\/strong>, vysok\u00fdm \u0159ezn\u00fdm v\u00fdkonem a absolutn\u00ed spolehlivost\u00ed bez kompromis\u016f.<\/p>\n<hr data-start=\"731\" data-end=\"734\" \/>\n<h2 data-start=\"736\" data-end=\"762\">Charakter a filozofie<\/h2>\n<p data-start=\"763\" data-end=\"1061\"><strong data-start=\"763\" data-end=\"791\">Spyderco Military 2 Salt<\/strong> p\u0159edstavuje evoluci ikonick\u00e9ho modelu Military v proveden\u00ed, kter\u00e9 je navr\u017eeno pro <strong data-start=\"874\" data-end=\"910\">vlhk\u00e9, slan\u00e9 a n\u00e1ro\u010dn\u00e9 prost\u0159ed\u00ed<\/strong>. Oproti p\u016fvodn\u00ed verzi p\u0159in\u00e1\u0161\u00ed modern\u011bj\u0161\u00ed konstrukci, bezpe\u010dn\u011bj\u0161\u00ed z\u00e1mek a materi\u00e1ly, kter\u00e9 obstoj\u00ed i p\u0159i dlouhodob\u00e9m pou\u017e\u00edv\u00e1n\u00ed v extr\u00e9mn\u00edch podm\u00ednk\u00e1ch.<\/p>\n<p data-start=\"1063\" data-end=\"1372\">Dlouh\u00e1 \u010depel s ploch\u00fdm v\u00fdbrusem poskytuje <strong data-start=\"1105\" data-end=\"1156\">v\u00fdborn\u00fd dosah, efektivn\u00ed \u0159ez a vysokou kontrolu<\/strong> i p\u0159i n\u00e1ro\u010dn\u00fdch \u00fakolech. Ocel <strong data-start=\"1187\" data-end=\"1203\">CPM MagnaCut<\/strong> pat\u0159\u00ed mezi absolutn\u00ed \u0161pi\u010dku \u2013 nab\u00edz\u00ed <strong data-start=\"1241\" data-end=\"1327\">v\u00fdjime\u010dnou kombinaci v\u00fddr\u017ee ost\u0159\u00ed, hou\u017eevnatosti a extr\u00e9mn\u00ed odolnosti proti korozi<\/strong>, d\u00edky \u010demu\u017e je ide\u00e1ln\u00ed volbou pro \u0159adu Salt.<\/p>\n<p data-start=\"1374\" data-end=\"1597\">\u010cern\u00e1 povrchov\u00e1 \u00faprava \u010depele sni\u017euje odlesky, chr\u00e1n\u00ed povrch a podtrhuje <strong data-start=\"1447\" data-end=\"1485\">pracovn\u00ed a taktick\u00fd charakter no\u017ee<\/strong>. Rukoje\u0165 z <strong data-start=\"1497\" data-end=\"1513\">\u010dern\u00e9ho G-10<\/strong> je pevn\u00e1, ergonomicky tvarovan\u00e1 a poskytuje jist\u00fd \u00fachop i v mokr\u00e9 nebo kluzk\u00e9 ruce.<\/p>\n<p data-start=\"1599\" data-end=\"1741\"><strong data-start=\"1599\" data-end=\"1619\">Compression Lock<\/strong> umo\u017e\u0148uje bezpe\u010dn\u00e9 ovl\u00e1d\u00e1n\u00ed jednou rukou, vysokou pevnost z\u00e1mku a pohodln\u00e9 zav\u00edr\u00e1n\u00ed bez nutnosti m\u00edt prsty v dr\u00e1ze \u010depele.<\/p>\n<hr data-start=\"1743\" data-end=\"1746\" \/>\n<h2 data-start=\"1748\" data-end=\"1765\">\ud83c\udfed O v\u00fdrobci<\/h2>\n<p data-start=\"1766\" data-end=\"2045\"><strong data-start=\"1766\" data-end=\"1778\">Spyderco<\/strong> je americk\u00e1 zna\u010dka pat\u0159\u00edc\u00ed mezi sv\u011btovou \u0161pi\u010dku ve v\u00fdrob\u011b zav\u00edrac\u00edch no\u017e\u016f. Je zn\u00e1m\u00e1 sv\u00fdm inovativn\u00edm p\u0159\u00edstupem, d\u016frazem na ergonomii a re\u00e1ln\u00e9 pou\u017eit\u00ed v praxi. \u0158ada Military pat\u0159\u00ed k nejikoni\u010dt\u011bj\u0161\u00edm model\u016fm zna\u010dky a je obl\u00edben\u00e1 mezi profesion\u00e1ly i n\u00e1ro\u010dn\u00fdmi u\u017eivateli.<\/p>\n<hr data-start=\"2047\" data-end=\"2050\" \/>\n<h2 data-start=\"2052\" data-end=\"2079\">\u2699\ufe0f Technick\u00e9 specifikace<\/h2>\n<div class=\"TyagGW_tableContainer\">\n<div class=\"group TyagGW_tableWrapper flex flex-col-reverse w-fit\" tabindex=\"-1\">\n<table class=\"w-fit min-w-(--thread-content-width)\" data-start=\"2081\" data-end=\"2643\">\n<thead data-start=\"2081\" data-end=\"2103\">\n<tr data-start=\"2081\" data-end=\"2103\">\n<th data-start=\"2081\" data-end=\"2092\" data-col-size=\"sm\">Parametr<\/th>\n<th data-start=\"2092\" data-end=\"2103\" data-col-size=\"md\">Hodnota<\/th>\n<\/tr>\n<\/thead>\n<tbody data-start=\"2124\" data-end=\"2643\">\n<tr data-start=\"2124\" data-end=\"2177\">\n<td data-start=\"2124\" data-end=\"2132\" data-col-size=\"sm\">Model<\/td>\n<td data-start=\"2132\" data-end=\"2177\" data-col-size=\"md\">Spyderco Military 2 Salt Black C36GMCBKP2<\/td>\n<\/tr>\n<tr data-start=\"2178\" data-end=\"2200\">\n<td data-start=\"2178\" data-end=\"2184\" data-col-size=\"sm\">Typ<\/td>\n<td data-col-size=\"md\" data-start=\"2184\" data-end=\"2200\">Zav\u00edrac\u00ed n\u016f\u017e<\/td>\n<\/tr>\n<tr data-start=\"2201\" data-end=\"2230\">\n<td data-start=\"2201\" data-end=\"2217\" data-col-size=\"sm\">Celkov\u00e1 d\u00e9lka<\/td>\n<td data-start=\"2217\" data-end=\"2230\" data-col-size=\"md\">cca 24 cm<\/td>\n<\/tr>\n<tr data-start=\"2231\" data-end=\"2261\">\n<td data-start=\"2231\" data-end=\"2246\" data-col-size=\"sm\">D\u00e9lka \u010depele<\/td>\n<td data-col-size=\"md\" data-start=\"2246\" data-end=\"2261\">cca 10,2 cm<\/td>\n<\/tr>\n<tr data-start=\"2262\" data-end=\"2294\">\n<td data-start=\"2262\" data-end=\"2280\" data-col-size=\"sm\">Tlou\u0161\u0165ka \u010depele<\/td>\n<td data-start=\"2280\" data-end=\"2294\" data-col-size=\"md\">cca 3,7 mm<\/td>\n<\/tr>\n<tr data-start=\"2295\" data-end=\"2329\">\n<td data-start=\"2295\" data-end=\"2313\" data-col-size=\"sm\">Materi\u00e1l \u010depele<\/td>\n<td data-start=\"2313\" data-end=\"2329\" data-col-size=\"md\">CPM MagnaCut<\/td>\n<\/tr>\n<tr data-start=\"2330\" data-end=\"2363\">\n<td data-start=\"2330\" data-end=\"2346\" data-col-size=\"sm\">Tvrdost oceli<\/td>\n<td data-col-size=\"md\" data-start=\"2346\" data-end=\"2363\">cca 60\u201362 HRC<\/td>\n<\/tr>\n<tr data-start=\"2364\" data-end=\"2392\">\n<td data-start=\"2364\" data-end=\"2378\" data-col-size=\"sm\">Tvar \u010depele<\/td>\n<td data-col-size=\"md\" data-start=\"2378\" data-end=\"2392\">Clip Point<\/td>\n<\/tr>\n<tr data-start=\"2393\" data-end=\"2421\">\n<td data-start=\"2393\" data-end=\"2402\" data-col-size=\"sm\">V\u00fdbrus<\/td>\n<td data-start=\"2402\" data-end=\"2421\" data-col-size=\"md\">Full Flat Grind<\/td>\n<\/tr>\n<tr data-start=\"2422\" data-end=\"2463\">\n<td data-start=\"2422\" data-end=\"2438\" data-col-size=\"sm\">Povrch \u010depele<\/td>\n<td data-start=\"2438\" data-end=\"2463\" data-col-size=\"md\">\u010dern\u00e1 ochrann\u00e1 \u00faprava<\/td>\n<\/tr>\n<tr data-start=\"2464\" data-end=\"2490\">\n<td data-start=\"2464\" data-end=\"2474\" data-col-size=\"sm\">Rukoje\u0165<\/td>\n<td data-col-size=\"md\" data-start=\"2474\" data-end=\"2490\">G-10 \u2013 \u010dern\u00e1<\/td>\n<\/tr>\n<tr data-start=\"2491\" data-end=\"2519\">\n<td data-start=\"2491\" data-end=\"2499\" data-col-size=\"sm\">Z\u00e1mek<\/td>\n<td data-start=\"2499\" data-end=\"2519\" data-col-size=\"md\">Compression Lock<\/td>\n<\/tr>\n<tr data-start=\"2520\" data-end=\"2557\">\n<td data-start=\"2520\" data-end=\"2532\" data-col-size=\"sm\">Otev\u00edr\u00e1n\u00ed<\/td>\n<td data-start=\"2532\" data-end=\"2557\" data-col-size=\"md\">kulat\u00fd otvor Spyderco<\/td>\n<\/tr>\n<tr data-start=\"2558\" data-end=\"2601\">\n<td data-start=\"2558\" data-end=\"2565\" data-col-size=\"sm\">Klip<\/td>\n<td data-col-size=\"md\" data-start=\"2565\" data-end=\"2601\">reverzibiln\u00ed \u2013 tip-up \/ tip-down<\/td>\n<\/tr>\n<tr data-start=\"2602\" data-end=\"2626\">\n<td data-start=\"2602\" data-end=\"2613\" data-col-size=\"sm\">Hmotnost<\/td>\n<td data-start=\"2613\" data-end=\"2626\" data-col-size=\"md\">cca 125 g<\/td>\n<\/tr>\n<tr data-start=\"2627\" data-end=\"2643\">\n<td data-start=\"2627\" data-end=\"2636\" data-col-size=\"sm\">V\u00fdroba<\/td>\n<td data-col-size=\"md\" data-start=\"2636\" data-end=\"2643\">USA<\/td>\n<\/tr>\n<\/tbody>\n<\/table>\n<\/div>\n<\/div>\n<hr data-start=\"2645\" data-end=\"2648\" \/>\n<h2 data-start=\"2650\" data-end=\"2668\">\u2705 Hlavn\u00ed v\u00fdhody<\/h2>\n<p data-start=\"2669\" data-end=\"2938\">CPM MagnaCut \u2013 \u0161pi\u010dkov\u00e1 odolnost proti korozi a v\u00fddr\u017e ost\u0159\u00ed<br data-start=\"2728\" data-end=\"2731\" \/>Velk\u00e1 a v\u00fdkonn\u00e1 \u010depel \u2013 vysok\u00fd dosah a efektivn\u00ed \u0159ez<br data-start=\"2783\" data-end=\"2786\" \/>Compression Lock \u2013 pevn\u00fd, bezpe\u010dn\u00fd a rychl\u00fd z\u00e1mek<br data-start=\"2835\" data-end=\"2838\" \/>G-10 rukoje\u0165 \u2013 jist\u00fd \u00fachop i v mokru<br data-start=\"2874\" data-end=\"2877\" \/>Salt proveden\u00ed \u2013 ide\u00e1ln\u00ed do vlhk\u00e9ho a agresivn\u00edho prost\u0159ed\u00ed<\/p>\n<hr data-start=\"2940\" data-end=\"2943\" \/>\n<h2 data-start=\"2945\" data-end=\"2964\">\u26a0\ufe0f Mo\u017en\u00e1 omezen\u00ed<\/h2>\n<p data-start=\"2965\" data-end=\"3114\">V\u011bt\u0161\u00ed rozm\u011bry nejsou ide\u00e1ln\u00ed pro minimalistick\u00e9 EDC<br data-start=\"3016\" data-end=\"3019\" \/>MagnaCut je n\u00e1ro\u010dn\u011bj\u0161\u00ed na brou\u0161en\u00ed ne\u017e b\u011b\u017en\u00e9 oceli<br data-start=\"3069\" data-end=\"3072\" \/>Taktick\u00fd vzhled nemus\u00ed vyhovovat ka\u017ed\u00e9mu<\/p>\n<hr data-start=\"3116\" data-end=\"3119\" \/>\n<h2 data-start=\"3121\" data-end=\"3141\">\ud83d\udee0\ufe0f \u00dadr\u017eba a p\u00e9\u010de<\/h2>\n<p data-start=\"3142\" data-end=\"3376\">Po pou\u017eit\u00ed \u010depel ot\u0159i a osu\u0161\u00ed, zejm\u00e9na po kontaktu s vlhkost\u00ed.<br data-start=\"3204\" data-end=\"3207\" \/>P\u0159i dlouhodob\u00e9m pou\u017e\u00edv\u00e1n\u00ed ve vlhku lehce konzervuj olejem.<br data-start=\"3265\" data-end=\"3268\" \/>Pravideln\u011b kontroluj chod z\u00e1mku a mechaniku.<br data-start=\"3312\" data-end=\"3315\" \/>Ost\u0159\u00ed udr\u017euj jemn\u00fdm brou\u0161en\u00edm bez zbyte\u010dn\u00e9ho \u00fab\u011bru materi\u00e1lu.<\/p>\n<hr data-start=\"3378\" data-end=\"3381\" \/>\n<h2 data-start=\"3383\" data-end=\"3421\">\ud83d\udd2a Pro udr\u017een\u00ed ost\u0159\u00ed doporu\u010dujeme<\/h2>\n<p data-start=\"3422\" data-end=\"3820\">Pou\u017e\u00edvat kvalitn\u00ed brusn\u00e9 syst\u00e9my s p\u0159esn\u00fdm veden\u00edm \u00fahlu, kter\u00e9 zajist\u00ed <strong data-start=\"3493\" data-end=\"3576\">spr\u00e1vnou geometrii ost\u0159\u00ed a dlouhodobou ostrost bez zbyte\u010dn\u00e9ho ub\u00edr\u00e1n\u00ed materi\u00e1lu<\/strong>. Pro tento \u00fa\u010del <strong data-start=\"3593\" data-end=\"3680\">doporu\u010dujeme brousek Spyderco Tri-Angle Sharpmaker Complete Sharpening System 204MF<\/strong>, kter\u00fd umo\u017e\u0148uje bezpe\u010dn\u00e9 a velmi p\u0159esn\u00e9 brou\u0161en\u00ed i modern\u00edch pr\u00e9miov\u00fdch ocel\u00ed, jako je <strong data-start=\"3768\" data-end=\"3784\">CPM MagnaCut<\/strong>. <strong data-start=\"3786\" data-end=\"3820\">Zakoup\u00edte na na\u0161ich str\u00e1nk\u00e1ch.<\/strong><\/p>\n<hr data-start=\"3822\" data-end=\"3825\" \/>\n<h2 data-start=\"3827\" data-end=\"3847\">\ud83c\udfaf Doporu\u010deno pro<\/h2>\n<p data-start=\"3848\" data-end=\"4021\">n\u00e1ro\u010dn\u00e9 EDC no\u0161en\u00ed<br data-start=\"3866\" data-end=\"3869\" \/>outdoor a bushcraft<br data-start=\"3888\" data-end=\"3891\" \/>pobyt u vody, mo\u0159e, ryba\u0159en\u00ed<br data-start=\"3919\" data-end=\"3922\" \/>pracovn\u00ed a taktick\u00e1 pou\u017eit\u00ed<br data-start=\"3949\" data-end=\"3952\" \/>u\u017eivatele, kte\u0159\u00ed cht\u011bj\u00ed <strong data-start=\"3976\" data-end=\"4021\">maxim\u00e1ln\u00ed v\u00fdkon a odolnost bez kompromis\u016f<\/strong><\/p>\n<hr data-start=\"4023\" data-end=\"4026\" \/>\n<h2 data-start=\"4028\" data-end=\"4054\">\u2b50 Z\u00e1v\u011bre\u010dn\u00e9 hodnocen\u00ed<\/h2>\n<p data-start=\"4055\" data-end=\"4293\"><strong data-start=\"4055\" data-end=\"4102\">Spyderco Military 2 Salt Black CPM MagnaCut<\/strong> je vysoce v\u00fdkonn\u00fd a maxim\u00e1ln\u011b spolehliv\u00fd zav\u00edrac\u00ed n\u016f\u017e, kter\u00fd exceluje v podm\u00ednk\u00e1ch, kde ostatn\u00ed no\u017ee selh\u00e1vaj\u00ed. Nab\u00edz\u00ed \u0161pi\u010dkovou ocel, modern\u00ed konstrukci a absolutn\u00ed jistotu p\u0159i ka\u017ed\u00e9m \u0159ezu.<\/p>\n<p data-start=\"4295\" data-end=\"4359\"><strong data-start=\"4295\" data-end=\"4359\">Military 2 Salt \u2013 v\u00fdkon, odolnost a kontrola bez kompromis\u016f.<\/strong><\/p>\n","protected":false},"excerpt":{"rendered":"<p data-start=\"4055\" data-end=\"4293\"><strong>Spyderco Military 2 Salt Black CPM MagnaCut je vysoce v\u00fdkonn\u00fd a maxim\u00e1ln\u011b spolehliv\u00fd zav\u00edrac\u00ed n\u016f\u017e, kter\u00fd exceluje v podm\u00ednk\u00e1ch, kde ostatn\u00ed no\u017ee selh\u00e1vaj\u00ed. Nab\u00edz\u00ed \u0161pi\u010dkovou ocel, modern\u00ed konstrukci a absolutn\u00ed jistotu p\u0159i ka\u017ed\u00e9m \u0159ezu.<\/strong><\/p>\n<p data-start=\"4295\" data-end=\"4359\"><strong>Military 2 Salt \u2013 v\u00fdkon, odolnost a kontrola bez kompromis\u016f.<\/strong><\/p>\n<p data-start=\"4295\" data-end=\"4359\"><strong>Doprava zdarma.<\/strong><\/p>\n","protected":false},"featured_media":433625,"comment_status":"open","ping_status":"closed","template":"","meta":[],"pwb-brand":[567],"product_brand":[],"product_cat":[22,17],"product_tag":[],"class_list":{"0":"post-433624","1":"product","2":"type-product","3":"status-publish","4":"has-post-thumbnail","6":"pwb-brand-spyderco","7":"product_cat-zaviraci-noze","8":"product_cat-noze","10":"first","11":"instock","12":"taxable","13":"shipping-taxable","14":"purchasable","15":"product-type-simple"},"brands":[{"id":567,"name":"Spyderco","slug":"spyderco"}],"_links":{"self":[{"href":"https:\/\/www.moskito.cz\/es\/wp-json\/wp\/v2\/product\/433624","targetHints":{"allow":["GET"]}}],"collection":[{"href":"https:\/\/www.moskito.cz\/es\/wp-json\/wp\/v2\/product"}],"about":[{"href":"https:\/\/www.moskito.cz\/es\/wp-json\/wp\/v2\/types\/product"}],"replies":[{"embeddable":true,"href":"https:\/\/www.moskito.cz\/es\/wp-json\/wp\/v2\/comments?post=433624"}],"wp:featuredmedia":[{"embeddable":true,"href":"https:\/\/www.moskito.cz\/es\/wp-json\/wp\/v2\/media\/433625"}],"wp:attachment":[{"href":"https:\/\/www.moskito.cz\/es\/wp-json\/wp\/v2\/media?parent=433624"}],"wp:term":[{"taxonomy":"pwb-brand","embeddable":true,"href":"https:\/\/www.moskito.cz\/es\/wp-json\/wp\/v2\/pwb-brand?post=433624"},{"taxonomy":"product_brand","embeddable":true,"href":"https:\/\/www.moskito.cz\/es\/wp-json\/wp\/v2\/product_brand?post=433624"},{"taxonomy":"product_cat","embeddable":true,"href":"https:\/\/www.moskito.cz\/es\/wp-json\/wp\/v2\/product_cat?post=433624"},{"taxonomy":"product_tag","embeddable":true,"href":"https:\/\/www.moskito.cz\/es\/wp-json\/wp\/v2\/product_tag?post=433624"}],"curies":[{"name":"wp","href":"https:\/\/api.w.org\/{rel}","templated":true}]}}