{"id":433791,"date":"2026-01-25T15:11:59","date_gmt":"2026-01-25T14:11:59","guid":{"rendered":"https:\/\/www.moskito.cz\/?post_type=product&#038;p=433791"},"modified":"2026-04-20T14:03:46","modified_gmt":"2026-04-20T13:03:46","slug":"zaviraci-nuz-spyderco-lil-native-c230gpbn15v","status":"publish","type":"product","link":"https:\/\/www.moskito.cz\/es\/produkt\/zaviraci-nuz-spyderco-lil-native-c230gpbn15v\/","title":{"rendered":"Zav\u00edrac\u00ed N\u016f\u017e Spyderco Lil&#8217; Native C230GPBN15V"},"content":{"rendered":"<div class=\"flex flex-col text-sm pb-25\">\n<article class=\"text-token-text-primary w-full focus:outline-none [--shadow-height:45px] has-data-writing-block:pointer-events-none has-data-writing-block:-mt-(--shadow-height) has-data-writing-block:pt-(--shadow-height) [&amp;:has([data-writing-block])&gt;*]:pointer-events-auto scroll-mt-[calc(var(--header-height)+min(200px,max(70px,20svh)))]\" dir=\"auto\" tabindex=\"-1\" data-turn-id=\"6936f9a0-df5f-4c0d-8d1e-894f0824bf00\" data-testid=\"conversation-turn-10\" data-scroll-anchor=\"true\" data-turn=\"assistant\">\n<div class=\"text-base my-auto mx-auto pb-10 [--thread-content-margin:--spacing(4)] @w-sm\/main:[--thread-content-margin:--spacing(6)] @w-lg\/main:[--thread-content-margin:--spacing(16)] px-(--thread-content-margin)\">\n<div class=\"[--thread-content-max-width:40rem] @w-lg\/main:[--thread-content-max-width:48rem] mx-auto max-w-(--thread-content-max-width) flex-1 group\/turn-messages focus-visible:outline-hidden relative flex w-full min-w-0 flex-col agent-turn\" tabindex=\"-1\">\n<div class=\"flex max-w-full flex-col grow\">\n<div class=\"min-h-8 text-message relative flex w-full flex-col items-end gap-2 text-start break-words whitespace-normal [.text-message+&amp;]:mt-1\" dir=\"auto\" data-message-author-role=\"assistant\" data-message-id=\"fe03a2a9-f316-465f-b52f-97f1409063c8\" data-message-model-slug=\"gpt-5-2\">\n<div class=\"flex w-full flex-col gap-1 empty:hidden first:pt-[1px]\">\n<div class=\"markdown prose dark:prose-invert w-full wrap-break-word light markdown-new-styling\">\n<h2 data-start=\"0\" data-end=\"87\">\ud83e\ude93 <strong data-start=\"6\" data-end=\"87\">Zav\u00edrac\u00ed N\u016f\u017e Spyderco Lil\u2019 Native \u2013 Hn\u011bd\u00e1 G-10 \/ CPM-15V \/ SPRINT C230GPBN15V<\/strong><\/h2>\n<p data-start=\"89\" data-end=\"481\">Jakmile otev\u0159e\u0161 <em data-start=\"105\" data-end=\"127\">Spyderco Lil\u2019 Native<\/em> pomoc\u00ed typick\u00e9ho kulat\u00e9ho otvoru Spyderco a zajist\u00ed\u0161 jej spolehliv\u00fdm <strong data-start=\"197\" data-end=\"219\">Compression Lockem<\/strong>, okam\u017eit\u011b poc\u00edt\u00ed\u0161 precizn\u00ed kontrolu a jistotu \u0159ezu, kterou nab\u00edz\u00ed tento kompaktn\u00ed EDC n\u016f\u017e. Model kombinuje legend\u00e1rn\u00ed ergonomii designu <em data-start=\"356\" data-end=\"364\">Native<\/em> v men\u0161\u00ed velikosti s vysokov\u00fdkonnou ocel\u00ed CPM-15V \u2014 ide\u00e1ln\u00ed kombinace pro ka\u017edodenn\u00ed no\u0161en\u00ed i n\u00e1ro\u010dn\u011bj\u0161\u00ed \u0159ezn\u00e9 \u00fakoly.<\/p>\n<p data-start=\"483\" data-end=\"672\">Tento model je ur\u010den pro u\u017eivatele, kte\u0159\u00ed cht\u011bj\u00ed <strong data-start=\"532\" data-end=\"571\">lehk\u00fd, spolehliv\u00fd a v\u00fdkonn\u00fd EDC n\u016f\u017e<\/strong>, kter\u00fd zvl\u00e1dne \u0161irokou \u0161k\u00e1lu \u00fakol\u016f \u2014 od b\u011b\u017en\u00fdch ka\u017edodenn\u00edch prac\u00ed a\u017e po aktivn\u00ed outdoorov\u00e9 pou\u017eit\u00ed.<\/p>\n<hr data-start=\"674\" data-end=\"677\" \/>\n<h2 data-start=\"679\" data-end=\"710\">\ud83e\udde0 <strong data-start=\"685\" data-end=\"710\">Charakter a filozofie<\/strong><\/h2>\n<p data-start=\"712\" data-end=\"987\"><em data-start=\"712\" data-end=\"734\">Spyderco Lil\u2019 Native<\/em> p\u0159edstavuje filozofii no\u017ee, kter\u00fd je navr\u017een tak, aby fungoval intuitivn\u011b a bez kompromis\u016f \u2014 i p\u0159esto, \u017ee m\u00e1 men\u0161\u00ed rozm\u011bry ne\u017e klasick\u00e1 verze. Kompaktn\u00ed profil \u010depele a ergonomicky tvarovan\u00e1 rukoje\u0165 vytv\u00e1\u0159ej\u00ed pocit jistoty a kontroly p\u0159i ka\u017ed\u00e9m \u0159ezu.<\/p>\n<p data-start=\"989\" data-end=\"1288\">D\u00edky oceli <strong data-start=\"1000\" data-end=\"1011\">CPM-15V<\/strong> m\u00e1 \u010depel v\u00fdjime\u010dnou retenci ost\u0159\u00ed a odolnost v\u016f\u010di opot\u0159eben\u00ed, co\u017e zaji\u0161\u0165uje dlouhotrvaj\u00edc\u00ed ostrost p\u0159i intenzivn\u00edm pou\u017e\u00edv\u00e1n\u00ed. <strong data-start=\"1138\" data-end=\"1163\">Kulat\u00fd otvor Spyderco<\/strong> usnad\u0148uje snadn\u00e9 jednoruk\u00e9 otev\u00edr\u00e1n\u00ed, zat\u00edmco <strong data-start=\"1210\" data-end=\"1230\">Compression Lock<\/strong> poskytuje vysokou \u00farove\u0148 bezpe\u010dnosti a d\u016fv\u011bry b\u011bhem \u0159ezu.<\/p>\n<p data-start=\"1290\" data-end=\"1483\">Rukoje\u0165 z <strong data-start=\"1300\" data-end=\"1314\">hn\u011bd\u00e9 G-10<\/strong> je ergonomicky navr\u017eena tak, aby dob\u0159e sed\u011bla v dlani a poskytovala jist\u00fd \u00fachop i p\u0159i del\u0161\u00ed pr\u00e1ci. Texturovan\u00fd povrch zvy\u0161uje p\u0159ilnavost v such\u00fdch i vlhk\u00fdch podm\u00ednk\u00e1ch.<\/p>\n<p data-start=\"1485\" data-end=\"1615\"><em data-start=\"1485\" data-end=\"1498\">Lil\u2019 Native<\/em> je navr\u017een tak, aby byl <strong data-start=\"1523\" data-end=\"1586\">lehkou, spolehlivou a funk\u010dn\u00ed volbou pro ka\u017edodenn\u00ed pou\u017eit\u00ed<\/strong> \u2014 bez zbyte\u010dn\u00fdch kompromis\u016f.<\/p>\n<hr data-start=\"1617\" data-end=\"1620\" \/>\n<h2 data-start=\"1622\" data-end=\"1641\">\ud83c\udfed <strong data-start=\"1628\" data-end=\"1641\">O v\u00fdrobci<\/strong><\/h2>\n<p data-start=\"1643\" data-end=\"1902\">Spyderco je zna\u010dka, kter\u00e1 pat\u0159\u00ed mezi sv\u011btovou \u0161pi\u010dku ve v\u00fdrob\u011b kapesn\u00edch no\u017e\u016f. Je zn\u00e1m\u00e1 sv\u00fdm inovativn\u00edm designem, ergonomi\u00ed a d\u016frazem na re\u00e1ln\u00e9 pou\u017eit\u00ed. Modely jako Lil\u2019 Native jsou v\u00fdsledkem dlouholet\u00e9ho v\u00fdvoje s ohledem na pot\u0159eby u\u017eivatel\u016f po cel\u00e9m sv\u011bt\u011b.<\/p>\n<hr data-start=\"1904\" data-end=\"1907\" \/>\n<h2 data-start=\"1909\" data-end=\"1940\">\u2699\ufe0f <strong data-start=\"1915\" data-end=\"1940\">Technick\u00e9 specifikace<\/strong><\/h2>\n<div class=\"TyagGW_tableContainer\">\n<div class=\"group TyagGW_tableWrapper flex flex-col-reverse w-fit\" tabindex=\"-1\">\n<table class=\"w-fit min-w-(--thread-content-width)\" data-start=\"1942\" data-end=\"2547\">\n<thead data-start=\"1942\" data-end=\"1964\">\n<tr data-start=\"1942\" data-end=\"1964\">\n<th data-start=\"1942\" data-end=\"1953\" data-col-size=\"sm\">Parametr<\/th>\n<th data-start=\"1953\" data-end=\"1964\" data-col-size=\"sm\">Hodnota<\/th>\n<\/tr>\n<\/thead>\n<tbody data-start=\"1988\" data-end=\"2547\">\n<tr data-start=\"1988\" data-end=\"2024\">\n<td data-start=\"1988\" data-end=\"2000\" data-col-size=\"sm\"><strong data-start=\"1990\" data-end=\"1999\">Model<\/strong><\/td>\n<td data-start=\"2000\" data-end=\"2024\" data-col-size=\"sm\">Spyderco Lil\u2019 Native<\/td>\n<\/tr>\n<tr data-start=\"2025\" data-end=\"2050\">\n<td data-start=\"2025\" data-end=\"2035\" data-col-size=\"sm\"><strong data-start=\"2027\" data-end=\"2034\">K\u00f3d<\/strong><\/td>\n<td data-start=\"2035\" data-end=\"2050\" data-col-size=\"sm\">C230GPBN15V<\/td>\n<\/tr>\n<tr data-start=\"2051\" data-end=\"2077\">\n<td data-start=\"2051\" data-end=\"2061\" data-col-size=\"sm\"><strong data-start=\"2053\" data-end=\"2060\">Typ<\/strong><\/td>\n<td data-start=\"2061\" data-end=\"2077\" data-col-size=\"sm\">Zav\u00edrac\u00ed n\u016f\u017e<\/td>\n<\/tr>\n<tr data-start=\"2078\" data-end=\"2113\">\n<td data-start=\"2078\" data-end=\"2098\" data-col-size=\"sm\"><strong data-start=\"2080\" data-end=\"2097\">Celkov\u00e1 d\u00e9lka<\/strong><\/td>\n<td data-start=\"2098\" data-end=\"2113\" data-col-size=\"sm\">cca 17,8 cm<\/td>\n<\/tr>\n<tr data-start=\"2114\" data-end=\"2147\">\n<td data-start=\"2114\" data-end=\"2133\" data-col-size=\"sm\"><strong data-start=\"2116\" data-end=\"2132\">D\u00e9lka \u010depele<\/strong><\/td>\n<td data-start=\"2133\" data-end=\"2147\" data-col-size=\"sm\">cca 7,6 cm<\/td>\n<\/tr>\n<tr data-start=\"2148\" data-end=\"2188\">\n<td data-start=\"2148\" data-end=\"2170\" data-col-size=\"sm\"><strong data-start=\"2150\" data-end=\"2169\">Tlou\u0161\u0165ka \u010depele<\/strong><\/td>\n<td data-start=\"2170\" data-end=\"2188\" data-col-size=\"sm\">cca 3,2\u20133,5 mm<\/td>\n<\/tr>\n<tr data-start=\"2189\" data-end=\"2222\">\n<td data-start=\"2189\" data-end=\"2211\" data-col-size=\"sm\"><strong data-start=\"2191\" data-end=\"2210\">Materi\u00e1l \u010depele<\/strong><\/td>\n<td data-col-size=\"sm\" data-start=\"2211\" data-end=\"2222\">CPM-15V<\/td>\n<\/tr>\n<tr data-start=\"2223\" data-end=\"2255\">\n<td data-start=\"2223\" data-end=\"2241\" data-col-size=\"sm\"><strong data-start=\"2225\" data-end=\"2240\">Tvar \u010depele<\/strong><\/td>\n<td data-col-size=\"sm\" data-start=\"2241\" data-end=\"2255\">Drop Point<\/td>\n<\/tr>\n<tr data-start=\"2256\" data-end=\"2288\">\n<td data-start=\"2256\" data-end=\"2269\" data-col-size=\"sm\"><strong data-start=\"2258\" data-end=\"2268\">V\u00fdbrus<\/strong><\/td>\n<td data-start=\"2269\" data-end=\"2288\" data-col-size=\"sm\">Full Flat Grind<\/td>\n<\/tr>\n<tr data-start=\"2289\" data-end=\"2330\">\n<td data-start=\"2289\" data-end=\"2309\" data-col-size=\"sm\"><strong data-start=\"2291\" data-end=\"2308\">Povrch \u010depele<\/strong><\/td>\n<td data-start=\"2309\" data-end=\"2330\" data-col-size=\"sm\">Stonewash \/ satin<\/td>\n<\/tr>\n<tr data-start=\"2331\" data-end=\"2359\">\n<td data-start=\"2331\" data-end=\"2345\" data-col-size=\"sm\"><strong data-start=\"2333\" data-end=\"2344\">Rukoje\u0165<\/strong><\/td>\n<td data-col-size=\"sm\" data-start=\"2345\" data-end=\"2359\">Hn\u011bd\u00e1 G-10<\/td>\n<\/tr>\n<tr data-start=\"2360\" data-end=\"2392\">\n<td data-start=\"2360\" data-end=\"2372\" data-col-size=\"sm\"><strong data-start=\"2362\" data-end=\"2371\">Z\u00e1mek<\/strong><\/td>\n<td data-start=\"2372\" data-end=\"2392\" data-col-size=\"sm\">Compression Lock<\/td>\n<\/tr>\n<tr data-start=\"2393\" data-end=\"2434\">\n<td data-start=\"2393\" data-end=\"2409\" data-col-size=\"sm\"><strong data-start=\"2395\" data-end=\"2408\">Otev\u00edr\u00e1n\u00ed<\/strong><\/td>\n<td data-col-size=\"sm\" data-start=\"2409\" data-end=\"2434\">kulat\u00fd otvor Spyderco<\/td>\n<\/tr>\n<tr data-start=\"2435\" data-end=\"2479\">\n<td data-start=\"2435\" data-end=\"2446\" data-col-size=\"sm\"><strong data-start=\"2437\" data-end=\"2445\">Klip<\/strong><\/td>\n<td data-start=\"2446\" data-end=\"2479\" data-col-size=\"sm\">4-polohov\u00fd \u2013 tip-up\/down, L\/P<\/td>\n<\/tr>\n<tr data-start=\"2480\" data-end=\"2510\">\n<td data-start=\"2480\" data-end=\"2495\" data-col-size=\"sm\"><strong data-start=\"2482\" data-end=\"2494\">Hmotnost<\/strong><\/td>\n<td data-start=\"2495\" data-end=\"2510\" data-col-size=\"sm\">velmi n\u00edzk\u00e1<\/td>\n<\/tr>\n<tr data-start=\"2511\" data-end=\"2547\">\n<td data-start=\"2511\" data-end=\"2524\" data-col-size=\"sm\"><strong data-start=\"2513\" data-end=\"2523\">V\u00fdroba<\/strong><\/td>\n<td data-start=\"2524\" data-end=\"2547\" data-col-size=\"sm\">precizn\u00ed zpracov\u00e1n\u00ed<\/td>\n<\/tr>\n<\/tbody>\n<\/table>\n<\/div>\n<\/div>\n<hr data-start=\"2549\" data-end=\"2552\" \/>\n<h2 data-start=\"2554\" data-end=\"2576\">\u2705 <strong data-start=\"2559\" data-end=\"2576\">Hlavn\u00ed v\u00fdhody<\/strong><\/h2>\n<ul data-start=\"2578\" data-end=\"3030\">\n<li data-start=\"2578\" data-end=\"2661\">\n<p data-start=\"2580\" data-end=\"2661\"><strong data-start=\"2580\" data-end=\"2604\">V\u00fdkonn\u00e1 ocel CPM-15V<\/strong> \u2013 vynikaj\u00edc\u00ed retence ost\u0159\u00ed a odolnost v\u016f\u010di opot\u0159eben\u00ed.<\/p>\n<\/li>\n<li data-start=\"2662\" data-end=\"2748\">\n<p data-start=\"2664\" data-end=\"2748\"><strong data-start=\"2664\" data-end=\"2696\">Kompaktn\u00ed a lehk\u00e1 konstrukce<\/strong> \u2013 pohodln\u00e9 everyday no\u0161en\u00ed bez zbyte\u010dn\u00e9ho objemu.<\/p>\n<\/li>\n<li data-start=\"2749\" data-end=\"2816\">\n<p data-start=\"2751\" data-end=\"2816\"><strong data-start=\"2751\" data-end=\"2781\">Ergonomick\u00e1 rukoje\u0165 z G-10<\/strong> \u2013 jist\u00fd \u00fachop i p\u0159i del\u0161\u00ed pr\u00e1ci.<\/p>\n<\/li>\n<li data-start=\"2817\" data-end=\"2895\">\n<p data-start=\"2819\" data-end=\"2895\"><strong data-start=\"2819\" data-end=\"2839\">Compression Lock<\/strong> \u2013 bezpe\u010dn\u00fd a spolehliv\u00fd z\u00e1mek pro jistotu b\u011bhem \u0159ezu.<\/p>\n<\/li>\n<li data-start=\"2896\" data-end=\"2957\">\n<p data-start=\"2898\" data-end=\"2957\"><strong data-start=\"2898\" data-end=\"2923\">Kulat\u00fd otvor Spyderco<\/strong> \u2013 snadn\u00e9 otev\u0159en\u00ed jednou rukou.<\/p>\n<\/li>\n<li data-start=\"2958\" data-end=\"3030\">\n<p data-start=\"2960\" data-end=\"3030\"><strong data-start=\"2960\" data-end=\"2979\">4-polohov\u00fd klip<\/strong> \u2013 univerz\u00e1ln\u00ed mo\u017enosti no\u0161en\u00ed (L\/P a tip up\/down).<\/p>\n<\/li>\n<\/ul>\n<hr data-start=\"3032\" data-end=\"3035\" \/>\n<h2 data-start=\"3037\" data-end=\"3060\">\u26a0\ufe0f <strong data-start=\"3043\" data-end=\"3060\">Mo\u017en\u00e1 omezen\u00ed<\/strong><\/h2>\n<ul data-start=\"3062\" data-end=\"3321\">\n<li data-start=\"3062\" data-end=\"3144\">\n<p data-start=\"3064\" data-end=\"3144\"><strong data-start=\"3064\" data-end=\"3078\">Vy\u0161\u0161\u00ed cena<\/strong> \u2013 kvalitn\u00ed materi\u00e1ly a zpracov\u00e1n\u00ed se prom\u00edtaj\u00ed do n\u00e1kupn\u00ed ceny.<\/p>\n<\/li>\n<li data-start=\"3145\" data-end=\"3236\">\n<p data-start=\"3147\" data-end=\"3236\"><strong data-start=\"3147\" data-end=\"3165\">Men\u0161\u00ed velikost<\/strong> \u2013 nemus\u00ed vyhovovat u\u017eivatel\u016fm, kte\u0159\u00ed preferuj\u00ed v\u011bt\u0161\u00ed pracovn\u00ed \u010depel.<\/p>\n<\/li>\n<li data-start=\"3237\" data-end=\"3321\">\n<p data-start=\"3239\" data-end=\"3321\"><strong data-start=\"3239\" data-end=\"3262\">Vy\u0161\u0161\u00ed tvrdost oceli<\/strong> \u2013 brou\u0161en\u00ed m\u016f\u017ee b\u00fdt n\u00e1ro\u010dn\u011bj\u0161\u00ed pro m\u00e9n\u011b zku\u0161en\u00e9 u\u017eivatele.<\/p>\n<\/li>\n<\/ul>\n<hr data-start=\"3323\" data-end=\"3326\" \/>\n<h2 data-start=\"3328\" data-end=\"3352\">\ud83d\udee0\ufe0f <strong data-start=\"3335\" data-end=\"3352\">\u00dadr\u017eba a p\u00e9\u010de<\/strong><\/h2>\n<ul data-start=\"3354\" data-end=\"3627\">\n<li data-start=\"3354\" data-end=\"3456\">\n<p data-start=\"3356\" data-end=\"3456\">Po pou\u017eit\u00ed \u010depel osu\u0161\u00ed a o\u010disti \u2014 zejm\u00e9na pokud byla v kontaktu s vlhkost\u00ed \u010di agresivn\u00edmi l\u00e1tkami.<\/p>\n<\/li>\n<li data-start=\"3457\" data-end=\"3515\">\n<p data-start=\"3459\" data-end=\"3515\">Pravideln\u011b kontroluj chod z\u00e1mku a mechaniku otev\u00edr\u00e1n\u00ed.<\/p>\n<\/li>\n<li data-start=\"3516\" data-end=\"3627\">\n<p data-start=\"3518\" data-end=\"3627\">Ost\u0159\u00ed udr\u017euj jemn\u00fdm brou\u0161en\u00edm s kvalitn\u00edm veden\u00edm \u00fahlu, aby se zachovala jeho geometrii a dlouhodob\u00e1 ostrost.<\/p>\n<\/li>\n<\/ul>\n<hr data-start=\"3629\" data-end=\"3632\" \/>\n<h2 data-start=\"3634\" data-end=\"3658\">\ud83c\udfaf <strong data-start=\"3640\" data-end=\"3658\">Doporu\u010deno pro<\/strong><\/h2>\n<ul data-start=\"3660\" data-end=\"3821\">\n<li data-start=\"3660\" data-end=\"3685\">\n<p data-start=\"3662\" data-end=\"3685\">ka\u017edodenn\u00ed EDC no\u0161en\u00ed<\/p>\n<\/li>\n<li data-start=\"3686\" data-end=\"3720\">\n<p data-start=\"3688\" data-end=\"3720\">outdoor a aktivn\u00ed \u017eivotn\u00ed styl<\/p>\n<\/li>\n<li data-start=\"3721\" data-end=\"3774\">\n<p data-start=\"3723\" data-end=\"3774\">u\u017eivatele hledaj\u00edc\u00ed vysokou retenci ost\u0159\u00ed a v\u00fdkon<\/p>\n<\/li>\n<li data-start=\"3775\" data-end=\"3821\">\n<p data-start=\"3777\" data-end=\"3821\">milovn\u00edky ergonomick\u00fdch a kompaktn\u00edch no\u017e\u016f<\/p>\n<\/li>\n<\/ul>\n<hr data-start=\"3823\" data-end=\"3826\" \/>\n<h2 data-start=\"3828\" data-end=\"3856\">\u2b50 <strong data-start=\"3833\" data-end=\"3856\">Z\u00e1v\u011bre\u010dn\u00e9 hodnocen\u00ed<\/strong><\/h2>\n<p data-start=\"3858\" data-end=\"4183\"><em data-start=\"3858\" data-end=\"3918\">Spyderco Lil\u2019 Native Hn\u011bd\u00e1 G-10 CPM-15V SPRINT C230GPBN15V<\/em> je <strong data-start=\"3922\" data-end=\"3970\">kompaktn\u00ed, v\u00fdkonn\u00fd a v\u0161estrann\u00fd zav\u00edrac\u00ed n\u016f\u017e<\/strong>, kter\u00fd ti poskytne jistotu p\u0159i ka\u017edodenn\u00edch \u00fakolech i n\u00e1ro\u010dn\u011bj\u0161\u00edch \u010dinnostech. D\u00edky ergonomii, \u0161pi\u010dkov\u00e9 oceli a bezpe\u010dn\u00e9mu ovl\u00e1d\u00e1n\u00ed je to <strong data-start=\"4109\" data-end=\"4183\">ide\u00e1ln\u00ed volba pro ka\u017ed\u00e9ho, kdo chce spolehliv\u00fd EDC n\u016f\u017e bez kompromis\u016f.<\/strong><\/p>\n<p data-start=\"4185\" data-end=\"4260\"><strong data-start=\"4185\" data-end=\"4260\">Lil\u2019 Native \u2013 spojen\u00ed v\u00fdkonu, preciznosti a prakti\u010dnosti v ka\u017ed\u00e9m \u0159ezu.<\/strong><\/p>\n<\/div>\n<\/div>\n<\/div>\n<\/div>\n<div class=\"z-0 flex min-h-[46px] justify-start\"><\/div>\n<\/div>\n<\/div>\n<\/article>\n<\/div>\n","protected":false},"excerpt":{"rendered":"<p data-start=\"3858\" data-end=\"4183\"><strong><em data-start=\"3858\" data-end=\"3918\">Spyderco Lil\u2019 Native Hn\u011bd\u00e1 G-10 CPM-15V SPRINT C230GPBN15V<\/em> je kompaktn\u00ed, v\u00fdkonn\u00fd a v\u0161estrann\u00fd zav\u00edrac\u00ed n\u016f\u017e, kter\u00fd ti poskytne jistotu p\u0159i ka\u017edodenn\u00edch \u00fakolech i n\u00e1ro\u010dn\u011bj\u0161\u00edch \u010dinnostech. D\u00edky ergonomii, \u0161pi\u010dkov\u00e9 oceli a bezpe\u010dn\u00e9mu ovl\u00e1d\u00e1n\u00ed je to ide\u00e1ln\u00ed volba pro ka\u017ed\u00e9ho, kdo chce spolehliv\u00fd EDC n\u016f\u017e bez kompromis\u016f.<\/strong><\/p>\n<p data-start=\"4185\" data-end=\"4260\"><strong data-start=\"4185\" data-end=\"4260\">Lil\u2019 Native \u2013 spojen\u00ed v\u00fdkonu, preciznosti a prakti\u010dnosti v ka\u017ed\u00e9m \u0159ezu.<\/strong><\/p>\n<p data-start=\"4185\" data-end=\"4260\"><strong>Doprava zdarma.<\/strong><\/p>\n","protected":false},"featured_media":433792,"comment_status":"open","ping_status":"closed","template":"","meta":[],"pwb-brand":[567],"product_brand":[],"product_cat":[22,17],"product_tag":[],"class_list":{"0":"post-433791","1":"product","2":"type-product","3":"status-publish","4":"has-post-thumbnail","6":"pwb-brand-spyderco","7":"product_cat-zaviraci-noze","8":"product_cat-noze","10":"first","11":"outofstock","12":"taxable","13":"shipping-taxable","14":"purchasable","15":"product-type-simple"},"brands":[{"id":567,"name":"Spyderco","slug":"spyderco"}],"_links":{"self":[{"href":"https:\/\/www.moskito.cz\/es\/wp-json\/wp\/v2\/product\/433791","targetHints":{"allow":["GET"]}}],"collection":[{"href":"https:\/\/www.moskito.cz\/es\/wp-json\/wp\/v2\/product"}],"about":[{"href":"https:\/\/www.moskito.cz\/es\/wp-json\/wp\/v2\/types\/product"}],"replies":[{"embeddable":true,"href":"https:\/\/www.moskito.cz\/es\/wp-json\/wp\/v2\/comments?post=433791"}],"wp:featuredmedia":[{"embeddable":true,"href":"https:\/\/www.moskito.cz\/es\/wp-json\/wp\/v2\/media\/433792"}],"wp:attachment":[{"href":"https:\/\/www.moskito.cz\/es\/wp-json\/wp\/v2\/media?parent=433791"}],"wp:term":[{"taxonomy":"pwb-brand","embeddable":true,"href":"https:\/\/www.moskito.cz\/es\/wp-json\/wp\/v2\/pwb-brand?post=433791"},{"taxonomy":"product_brand","embeddable":true,"href":"https:\/\/www.moskito.cz\/es\/wp-json\/wp\/v2\/product_brand?post=433791"},{"taxonomy":"product_cat","embeddable":true,"href":"https:\/\/www.moskito.cz\/es\/wp-json\/wp\/v2\/product_cat?post=433791"},{"taxonomy":"product_tag","embeddable":true,"href":"https:\/\/www.moskito.cz\/es\/wp-json\/wp\/v2\/product_tag?post=433791"}],"curies":[{"name":"wp","href":"https:\/\/api.w.org\/{rel}","templated":true}]}}