{"id":433915,"date":"2026-01-26T18:58:28","date_gmt":"2026-01-26T17:58:28","guid":{"rendered":"https:\/\/www.moskito.cz\/?post_type=product&#038;p=433915"},"modified":"2026-01-26T19:03:24","modified_gmt":"2026-01-26T18:03:24","slug":"zaviraci-nuz-spyderco-lil-native-c230mbgpbn15v","status":"publish","type":"product","link":"https:\/\/www.moskito.cz\/es\/produkt\/zaviraci-nuz-spyderco-lil-native-c230mbgpbn15v\/","title":{"rendered":"Zav\u00edrac\u00ed N\u016f\u017e Spyderco Lil&#8217; Native C230MBGPBN15V"},"content":{"rendered":"<h2 data-start=\"0\" data-end=\"102\">\ud83d\udd2a <strong data-start=\"6\" data-end=\"102\">Zav\u00edrac\u00ed N\u016f\u017e Spyderco Lil\u2019 Native Mid Backlock \u2013 Hn\u011bd\u00e1 G-10 \u2022 CPM-15V \u2022 Sprint C230MBGPBN15V<\/strong><\/h2>\n<p data-start=\"104\" data-end=\"502\">Jakmile otev\u0159e\u0161 <em data-start=\"120\" data-end=\"155\">Spyderco Lil\u2019 Native Mid Backlock<\/em> typick\u00fdm kulat\u00fdm otvorem Spyderco a zajist\u00ed\u0161 \u010depelem spolehliv\u00fd <strong data-start=\"220\" data-end=\"233\">Back Lock<\/strong>, okam\u017eit\u011b poc\u00edt\u00ed\u0161 precizn\u00ed kontrolu a jistotu \u0159ezu, kterou tento model nab\u00edz\u00ed. Lil\u2019 Native Mid je st\u0159edn\u00ed varianta popul\u00e1rn\u00edho Lil\u2019 Native \u2014 kompaktn\u00ed, ale v\u00fdrazn\u011b v\u00edce ovladateln\u00e1 verz\u00ed, kter\u00e1 v\u00fdborn\u011b sed\u00ed v ruce a poskytuje <strong data-start=\"460\" data-end=\"501\">siln\u00fd v\u00fdkon i v ka\u017edodenn\u00edm pou\u017e\u00edv\u00e1n\u00ed<\/strong>.<\/p>\n<p data-start=\"504\" data-end=\"687\">Tento n\u016f\u017e je ur\u010den pro u\u017eivatele, kte\u0159\u00ed cht\u011bj\u00ed <strong data-start=\"551\" data-end=\"640\">vyv\u00e1\u017een\u00e9 EDC \u0159e\u0161en\u00ed s vysokou retenc\u00ed ost\u0159\u00ed, komfortn\u00ed ergonomi\u00ed a spolehliv\u00fdm z\u00e1mkem<\/strong>, a z\u00e1rove\u0148 nemaj\u00ed z\u00e1jem o zbyte\u010dn\u011b velk\u00e9 no\u017ee.<\/p>\n<hr data-start=\"689\" data-end=\"692\" \/>\n<h2 data-start=\"694\" data-end=\"725\">\ud83e\udde0 <strong data-start=\"700\" data-end=\"725\">Charakter a filozofie<\/strong><\/h2>\n<p data-start=\"727\" data-end=\"1088\"><em data-start=\"727\" data-end=\"762\">Spyderco Lil\u2019 Native Mid Backlock<\/em> stav\u00ed na my\u0161lence, \u017ee <strong data-start=\"785\" data-end=\"855\">perfektn\u00ed kontrola a komfort \u00fachopu jsou kl\u00ed\u010dov\u00e9 pro precizn\u00ed \u0159ezy<\/strong>, a to i p\u0159i opakovan\u00e9m pou\u017e\u00edv\u00e1n\u00ed b\u011bhem dne. CPM-15V \u010depel nab\u00edz\u00ed vysokou retenci ost\u0159\u00ed a v\u00fdbornou odolnost v\u016f\u010di opot\u0159eben\u00ed \u2014 tedy vlastnosti, kter\u00e9 ocen\u00ed\u0161 p\u0159i jak\u00e9mkoliv \u00fakolu, od b\u011b\u017en\u00fdch ka\u017edodenn\u00edch \u010dinnost\u00ed a\u017e po n\u00e1ro\u010dn\u011bj\u0161\u00ed \u0159ezy.<\/p>\n<p data-start=\"1090\" data-end=\"1342\">Ergonomick\u00e1 rukoje\u0165 z hn\u011bd\u00e9 G-10 je tvarovan\u00e1 tak, aby pevn\u011b sed\u011bla v dlani, a jej\u00ed texturovan\u00fd povrch zaji\u0161\u0165uje jist\u00fd \u00fachop i v mokr\u00fdch podm\u00ednk\u00e1ch. <strong data-start=\"1239\" data-end=\"1252\">Back Lock<\/strong> je bezpe\u010dn\u00fd, stabiln\u00ed a jednoduch\u00fd \u2014 zabezpe\u010duje \u010depel b\u011bhem \u0159ezu bez ne\u017e\u00e1douc\u00edho pohybu.<\/p>\n<p data-start=\"1344\" data-end=\"1580\">Kulat\u00fd otvor Spyderco usnad\u0148uje intuitivn\u00ed otev\u0159en\u00ed jednou rukou a d\u00e1v\u00e1 rukojeti ten spr\u00e1vn\u00fd rytmus v ka\u017edodenn\u00ed pr\u00e1ci. Lil\u2019 Native Mid je tedy navr\u017een tak, aby <strong data-start=\"1505\" data-end=\"1563\">nab\u00eddl vysok\u00fd v\u00fdkon v kompaktn\u00edm a pohodln\u00e9m proveden\u00ed<\/strong>, bez kompromis\u016f.<\/p>\n<hr data-start=\"1582\" data-end=\"1585\" \/>\n<h2 data-start=\"1587\" data-end=\"1606\">\ud83c\udfed <strong data-start=\"1593\" data-end=\"1606\">O v\u00fdrobci<\/strong><\/h2>\n<p data-start=\"1608\" data-end=\"1913\">Spyderco pat\u0159\u00ed mezi nejuzn\u00e1van\u011bj\u0161\u00ed zna\u010dky kapesn\u00edch no\u017e\u016f na sv\u011bt\u011b. Je zn\u00e1m\u00e1 sv\u00fdmi inovacemi, ergonomi\u00ed a d\u016frazem na praktick\u00e9 pou\u017eit\u00ed. Modely jako <em data-start=\"1755\" data-end=\"1781\">Lil\u2019 Native Mid Backlock<\/em> jsou v\u00fdsledkem dlouholet\u00e9ho v\u00fdvoje zalo\u017een\u00e9ho na zp\u011btn\u00e9 vazb\u011b od skute\u010dn\u00fdch u\u017eivatel\u016f \u2014 od EDC nad\u0161enc\u016f po outdoorov\u00e9 profesion\u00e1ly.<\/p>\n<hr data-start=\"1915\" data-end=\"1918\" \/>\n<h2 data-start=\"1920\" data-end=\"1951\">\u2699\ufe0f <strong data-start=\"1926\" data-end=\"1951\">Technick\u00e9 specifikace<\/strong><\/h2>\n<div class=\"TyagGW_tableContainer\">\n<div class=\"group TyagGW_tableWrapper flex flex-col-reverse w-fit\" tabindex=\"-1\">\n<table class=\"w-fit min-w-(--thread-content-width)\" data-start=\"1953\" data-end=\"2611\">\n<thead data-start=\"1953\" data-end=\"1983\">\n<tr data-start=\"1953\" data-end=\"1983\">\n<th data-start=\"1953\" data-end=\"1968\" data-col-size=\"sm\"><strong data-start=\"1955\" data-end=\"1967\">Parametr<\/strong><\/th>\n<th data-start=\"1968\" data-end=\"1983\" data-col-size=\"sm\"><strong data-start=\"1970\" data-end=\"1981\">Hodnota<\/strong><\/th>\n<\/tr>\n<\/thead>\n<tbody data-start=\"2015\" data-end=\"2611\">\n<tr data-start=\"2015\" data-end=\"2064\">\n<td data-start=\"2015\" data-end=\"2027\" data-col-size=\"sm\"><strong data-start=\"2017\" data-end=\"2026\">Model<\/strong><\/td>\n<td data-start=\"2027\" data-end=\"2064\" data-col-size=\"sm\">Spyderco Lil\u2019 Native Mid Backlock<\/td>\n<\/tr>\n<tr data-start=\"2065\" data-end=\"2092\">\n<td data-start=\"2065\" data-end=\"2075\" data-col-size=\"sm\"><strong data-start=\"2067\" data-end=\"2074\">K\u00f3d<\/strong><\/td>\n<td data-start=\"2075\" data-end=\"2092\" data-col-size=\"sm\">C230MBGPBN15V<\/td>\n<\/tr>\n<tr data-start=\"2093\" data-end=\"2119\">\n<td data-start=\"2093\" data-end=\"2103\" data-col-size=\"sm\"><strong data-start=\"2095\" data-end=\"2102\">Typ<\/strong><\/td>\n<td data-col-size=\"sm\" data-start=\"2103\" data-end=\"2119\">Zav\u00edrac\u00ed n\u016f\u017e<\/td>\n<\/tr>\n<tr data-start=\"2120\" data-end=\"2155\">\n<td data-start=\"2120\" data-end=\"2140\" data-col-size=\"sm\"><strong data-start=\"2122\" data-end=\"2139\">Celkov\u00e1 d\u00e9lka<\/strong><\/td>\n<td data-start=\"2140\" data-end=\"2155\" data-col-size=\"sm\">cca 18,0 cm<\/td>\n<\/tr>\n<tr data-start=\"2156\" data-end=\"2189\">\n<td data-start=\"2156\" data-end=\"2175\" data-col-size=\"sm\"><strong data-start=\"2158\" data-end=\"2174\">D\u00e9lka \u010depele<\/strong><\/td>\n<td data-start=\"2175\" data-end=\"2189\" data-col-size=\"sm\">cca 7,1 cm<\/td>\n<\/tr>\n<tr data-start=\"2190\" data-end=\"2230\">\n<td data-start=\"2190\" data-end=\"2212\" data-col-size=\"sm\"><strong data-start=\"2192\" data-end=\"2211\">Tlou\u0161\u0165ka \u010depele<\/strong><\/td>\n<td data-start=\"2212\" data-end=\"2230\" data-col-size=\"sm\">cca 3,2\u20133,5 mm<\/td>\n<\/tr>\n<tr data-start=\"2231\" data-end=\"2288\">\n<td data-start=\"2231\" data-end=\"2253\" data-col-size=\"sm\"><strong data-start=\"2233\" data-end=\"2252\">Materi\u00e1l \u010depele<\/strong><\/td>\n<td data-start=\"2253\" data-end=\"2288\" data-col-size=\"sm\">CPM-15V (v\u00fdkonn\u00e1 nerezov\u00e1 ocel)<\/td>\n<\/tr>\n<tr data-start=\"2289\" data-end=\"2321\">\n<td data-start=\"2289\" data-end=\"2307\" data-col-size=\"sm\"><strong data-start=\"2291\" data-end=\"2306\">Tvar \u010depele<\/strong><\/td>\n<td data-start=\"2307\" data-end=\"2321\" data-col-size=\"sm\">Drop Point<\/td>\n<\/tr>\n<tr data-start=\"2322\" data-end=\"2354\">\n<td data-start=\"2322\" data-end=\"2335\" data-col-size=\"sm\"><strong data-start=\"2324\" data-end=\"2334\">V\u00fdbrus<\/strong><\/td>\n<td data-start=\"2335\" data-end=\"2354\" data-col-size=\"sm\">Full Flat Grind<\/td>\n<\/tr>\n<tr data-start=\"2355\" data-end=\"2396\">\n<td data-start=\"2355\" data-end=\"2375\" data-col-size=\"sm\"><strong data-start=\"2357\" data-end=\"2374\">Povrch \u010depele<\/strong><\/td>\n<td data-start=\"2375\" data-end=\"2396\" data-col-size=\"sm\">satin \/ stonewash<\/td>\n<\/tr>\n<tr data-start=\"2397\" data-end=\"2425\">\n<td data-start=\"2397\" data-end=\"2411\" data-col-size=\"sm\"><strong data-start=\"2399\" data-end=\"2410\">Rukoje\u0165<\/strong><\/td>\n<td data-start=\"2411\" data-end=\"2425\" data-col-size=\"sm\">Hn\u011bd\u00e1 G-10<\/td>\n<\/tr>\n<tr data-start=\"2426\" data-end=\"2451\">\n<td data-start=\"2426\" data-end=\"2438\" data-col-size=\"sm\"><strong data-start=\"2428\" data-end=\"2437\">Z\u00e1mek<\/strong><\/td>\n<td data-start=\"2438\" data-end=\"2451\" data-col-size=\"sm\">Back Lock<\/td>\n<\/tr>\n<tr data-start=\"2452\" data-end=\"2493\">\n<td data-start=\"2452\" data-end=\"2468\" data-col-size=\"sm\"><strong data-start=\"2454\" data-end=\"2467\">Otev\u00edr\u00e1n\u00ed<\/strong><\/td>\n<td data-start=\"2468\" data-end=\"2493\" data-col-size=\"sm\">kulat\u00fd otvor Spyderco<\/td>\n<\/tr>\n<tr data-start=\"2494\" data-end=\"2538\">\n<td data-start=\"2494\" data-end=\"2505\" data-col-size=\"sm\"><strong data-start=\"2496\" data-end=\"2504\">Klip<\/strong><\/td>\n<td data-start=\"2505\" data-end=\"2538\" data-col-size=\"sm\">4-polohov\u00fd (tip-up\/down, L\/P)<\/td>\n<\/tr>\n<tr data-start=\"2539\" data-end=\"2574\">\n<td data-start=\"2539\" data-end=\"2554\" data-col-size=\"sm\"><strong data-start=\"2541\" data-end=\"2553\">Hmotnost<\/strong><\/td>\n<td data-start=\"2554\" data-end=\"2574\" data-col-size=\"sm\">n\u00edzk\u00e1 a\u017e st\u0159edn\u00ed<\/td>\n<\/tr>\n<tr data-start=\"2575\" data-end=\"2611\">\n<td data-start=\"2575\" data-end=\"2588\" data-col-size=\"sm\"><strong data-start=\"2577\" data-end=\"2587\">V\u00fdroba<\/strong><\/td>\n<td data-start=\"2588\" data-end=\"2611\" data-col-size=\"sm\">precizn\u00ed zpracov\u00e1n\u00ed<\/td>\n<\/tr>\n<\/tbody>\n<\/table>\n<\/div>\n<\/div>\n<hr data-start=\"2613\" data-end=\"2616\" \/>\n<h2 data-start=\"2618\" data-end=\"2640\">\u2705 <strong data-start=\"2623\" data-end=\"2640\">Hlavn\u00ed v\u00fdhody<\/strong><\/h2>\n<ul data-start=\"2642\" data-end=\"3007\">\n<li data-start=\"2642\" data-end=\"2717\">\n<p data-start=\"2644\" data-end=\"2717\"><strong data-start=\"2644\" data-end=\"2668\">Vysok\u00e1 retence ost\u0159\u00ed<\/strong> d\u00edky CPM-15V \u2013 \u010depel dr\u017e\u00ed ostrost velmi dlouho<\/p>\n<\/li>\n<li data-start=\"2718\" data-end=\"2785\">\n<p data-start=\"2720\" data-end=\"2785\"><strong data-start=\"2720\" data-end=\"2759\">Ergonomick\u00e1 a p\u0159ilnav\u00e1 G-10 rukoje\u0165<\/strong> \u2013 jist\u00fd \u00fachop i v mokru<\/p>\n<\/li>\n<li data-start=\"2786\" data-end=\"2833\">\n<p data-start=\"2788\" data-end=\"2833\"><strong data-start=\"2788\" data-end=\"2801\">Back Lock<\/strong> \u2013 bezpe\u010dn\u00fd a spolehliv\u00fd z\u00e1mek<\/p>\n<\/li>\n<li data-start=\"2834\" data-end=\"2893\">\n<p data-start=\"2836\" data-end=\"2893\"><strong data-start=\"2836\" data-end=\"2861\">Kulat\u00fd otvor Spyderco<\/strong> \u2013 pohodln\u00e9 jednoruk\u00e9 otev\u0159en\u00ed<\/p>\n<\/li>\n<li data-start=\"2894\" data-end=\"2941\">\n<p data-start=\"2896\" data-end=\"2941\"><strong data-start=\"2896\" data-end=\"2915\">4-polohov\u00fd klip<\/strong> \u2013 r\u016fzn\u00e9 mo\u017enosti no\u0161en\u00ed<\/p>\n<\/li>\n<li data-start=\"2942\" data-end=\"3007\">\n<p data-start=\"2944\" data-end=\"3007\"><strong data-start=\"2944\" data-end=\"2963\">Vyv\u00e1\u017een\u00fd design<\/strong> \u2013 ide\u00e1ln\u00ed kombinace v\u00fdkonu a ovladatelnosti<\/p>\n<\/li>\n<\/ul>\n<hr data-start=\"3009\" data-end=\"3012\" \/>\n<h2 data-start=\"3014\" data-end=\"3037\">\u26a0\ufe0f <strong data-start=\"3020\" data-end=\"3037\">Mo\u017en\u00e1 omezen\u00ed<\/strong><\/h2>\n<ul data-start=\"3039\" data-end=\"3258\">\n<li data-start=\"3039\" data-end=\"3111\">\n<p data-start=\"3041\" data-end=\"3111\"><strong data-start=\"3041\" data-end=\"3064\">Vy\u0161\u0161\u00ed tvrdost oceli<\/strong> \u2013 brou\u0161en\u00ed tvrd\u00fdch ocel\u00ed m\u016f\u017ee b\u00fdt n\u00e1ro\u010dn\u011bj\u0161\u00ed<\/p>\n<\/li>\n<li data-start=\"3112\" data-end=\"3180\">\n<p data-start=\"3114\" data-end=\"3180\"><strong data-start=\"3114\" data-end=\"3134\">St\u0159edn\u00ed velikost<\/strong> \u2013 nep\u016fsob\u00ed tak kompaktn\u011b jako mini-varianta<\/p>\n<\/li>\n<li data-start=\"3181\" data-end=\"3258\">\n<p data-start=\"3183\" data-end=\"3258\"><strong data-start=\"3183\" data-end=\"3206\">Texturovan\u00e1 rukoje\u0165<\/strong> se m\u016f\u017ee zd\u00e1t drsn\u011bj\u0161\u00ed p\u0159i del\u0161\u00edm no\u0161en\u00ed bez rukavic<\/p>\n<\/li>\n<\/ul>\n<hr data-start=\"3260\" data-end=\"3263\" \/>\n<h2 data-start=\"3265\" data-end=\"3289\">\ud83d\udee0\ufe0f <strong data-start=\"3272\" data-end=\"3289\">\u00dadr\u017eba a p\u00e9\u010de<\/strong><\/h2>\n<ul data-start=\"3291\" data-end=\"3515\">\n<li data-start=\"3291\" data-end=\"3367\">\n<p data-start=\"3293\" data-end=\"3367\">Po pou\u017eit\u00ed osu\u0161\u00ed a o\u010disti \u010depel \u2014 zvl\u00e1\u0161t\u011b pokud byla ve vlhk\u00e9m prost\u0159ed\u00ed<\/p>\n<\/li>\n<li data-start=\"3368\" data-end=\"3425\">\n<p data-start=\"3370\" data-end=\"3425\">Pravideln\u011b kontroluj chod z\u00e1mku a mechaniku otev\u00edr\u00e1n\u00ed<\/p>\n<\/li>\n<li data-start=\"3426\" data-end=\"3515\">\n<p data-start=\"3428\" data-end=\"3515\">Ost\u0159\u00ed udr\u017euj jemn\u00fdm brou\u0161en\u00edm s kvalitn\u00edm veden\u00edm \u00fahlu pro dlouhodobou ostrou geometrii<\/p>\n<\/li>\n<\/ul>\n<hr data-start=\"3517\" data-end=\"3520\" \/>\n<h2 data-start=\"3522\" data-end=\"3546\">\ud83c\udfaf <strong data-start=\"3528\" data-end=\"3546\">Doporu\u010deno pro<\/strong><\/h2>\n<ul data-start=\"3548\" data-end=\"3726\">\n<li data-start=\"3548\" data-end=\"3573\">\n<p data-start=\"3550\" data-end=\"3573\">ka\u017edodenn\u00ed EDC no\u0161en\u00ed<\/p>\n<\/li>\n<li data-start=\"3574\" data-end=\"3608\">\n<p data-start=\"3576\" data-end=\"3608\">outdoor a aktivn\u00ed \u017eivotn\u00ed styl<\/p>\n<\/li>\n<li data-start=\"3609\" data-end=\"3672\">\n<p data-start=\"3611\" data-end=\"3672\">u\u017eivatele, kte\u0159\u00ed cht\u011bj\u00ed v\u00fdkonn\u00fd n\u016f\u017e s vysokou retenc\u00ed ost\u0159\u00ed<\/p>\n<\/li>\n<li data-start=\"3673\" data-end=\"3726\">\n<p data-start=\"3675\" data-end=\"3726\">milovn\u00edky ergonomick\u00fdch a pohodln\u00fdch kapesn\u00edch no\u017e\u016f<\/p>\n<\/li>\n<\/ul>\n<hr data-start=\"3728\" data-end=\"3731\" \/>\n<h2 data-start=\"3733\" data-end=\"3761\">\u2b50 <strong data-start=\"3738\" data-end=\"3761\">Z\u00e1v\u011bre\u010dn\u00e9 hodnocen\u00ed<\/strong><\/h2>\n<p data-start=\"3763\" data-end=\"4081\"><em data-start=\"3763\" data-end=\"3838\">Spyderco Lil\u2019 Native Mid Backlock Hn\u011bd\u00e1 G-10 CPM-15V Sprint C230MBGPBN15V<\/em> je <strong data-start=\"3842\" data-end=\"3889\">vyv\u00e1\u017een\u00fd, v\u00fdkonn\u00fd a spolehliv\u00fd zav\u00edrac\u00ed n\u016f\u017e<\/strong>, kter\u00fd spojuje ergonomii, vysokou retenci ost\u0159\u00ed a stabiln\u00ed z\u00e1mek v kompaktn\u00edm balen\u00ed. Je to <strong data-start=\"3982\" data-end=\"4081\">ide\u00e1ln\u00ed volba pro n\u00e1ro\u010dn\u00e9 u\u017eivatele, kte\u0159\u00ed cht\u011bj\u00ed v\u00fdkon, komfort a spolehlivost bez kompromis\u016f.<\/strong><\/p>\n<p data-start=\"4083\" data-end=\"4146\"><strong data-start=\"4083\" data-end=\"4144\">Lil\u2019 Native Mid \u2013 s\u00edla, kontrola a jistota v ka\u017ed\u00e9m \u0159ezu.<\/strong><\/p>\n","protected":false},"excerpt":{"rendered":"<p data-start=\"3763\" data-end=\"4081\"><strong><em data-start=\"3763\" data-end=\"3838\">Spyderco Lil\u2019 Native Mid Backlock Hn\u011bd\u00e1 G-10 CPM-15V Sprint C230MBGPBN15V<\/em> je vyv\u00e1\u017een\u00fd, v\u00fdkonn\u00fd a spolehliv\u00fd zav\u00edrac\u00ed n\u016f\u017e, kter\u00fd spojuje ergonomii, vysokou retenci ost\u0159\u00ed a stabiln\u00ed z\u00e1mek v kompaktn\u00edm balen\u00ed. Je to ide\u00e1ln\u00ed volba pro n\u00e1ro\u010dn\u00e9 u\u017eivatele, kte\u0159\u00ed cht\u011bj\u00ed v\u00fdkon, komfort a spolehlivost bez kompromis\u016f.<\/strong><\/p>\n<p data-start=\"4083\" data-end=\"4146\"><strong data-start=\"4083\" data-end=\"4144\">Lil\u2019 Native Mid \u2013 s\u00edla, kontrola a jistota v ka\u017ed\u00e9m \u0159ezu.<\/strong><\/p>\n<p data-start=\"4083\" data-end=\"4146\"><strong>Doprava zdarma.<\/strong><\/p>\n","protected":false},"featured_media":433916,"comment_status":"open","ping_status":"closed","template":"","meta":[],"pwb-brand":[567],"product_brand":[],"product_cat":[22,17],"product_tag":[],"class_list":{"0":"post-433915","1":"product","2":"type-product","3":"status-publish","4":"has-post-thumbnail","6":"pwb-brand-spyderco","7":"product_cat-zaviraci-noze","8":"product_cat-noze","10":"first","11":"instock","12":"taxable","13":"shipping-taxable","14":"purchasable","15":"product-type-simple"},"brands":[{"id":567,"name":"Spyderco","slug":"spyderco"}],"_links":{"self":[{"href":"https:\/\/www.moskito.cz\/es\/wp-json\/wp\/v2\/product\/433915","targetHints":{"allow":["GET"]}}],"collection":[{"href":"https:\/\/www.moskito.cz\/es\/wp-json\/wp\/v2\/product"}],"about":[{"href":"https:\/\/www.moskito.cz\/es\/wp-json\/wp\/v2\/types\/product"}],"replies":[{"embeddable":true,"href":"https:\/\/www.moskito.cz\/es\/wp-json\/wp\/v2\/comments?post=433915"}],"wp:featuredmedia":[{"embeddable":true,"href":"https:\/\/www.moskito.cz\/es\/wp-json\/wp\/v2\/media\/433916"}],"wp:attachment":[{"href":"https:\/\/www.moskito.cz\/es\/wp-json\/wp\/v2\/media?parent=433915"}],"wp:term":[{"taxonomy":"pwb-brand","embeddable":true,"href":"https:\/\/www.moskito.cz\/es\/wp-json\/wp\/v2\/pwb-brand?post=433915"},{"taxonomy":"product_brand","embeddable":true,"href":"https:\/\/www.moskito.cz\/es\/wp-json\/wp\/v2\/product_brand?post=433915"},{"taxonomy":"product_cat","embeddable":true,"href":"https:\/\/www.moskito.cz\/es\/wp-json\/wp\/v2\/product_cat?post=433915"},{"taxonomy":"product_tag","embeddable":true,"href":"https:\/\/www.moskito.cz\/es\/wp-json\/wp\/v2\/product_tag?post=433915"}],"curies":[{"name":"wp","href":"https:\/\/api.w.org\/{rel}","templated":true}]}}