{"id":434676,"date":"2026-02-01T14:56:45","date_gmt":"2026-02-01T13:56:45","guid":{"rendered":"https:\/\/www.moskito.cz\/?post_type=product&#038;p=434676"},"modified":"2026-02-02T18:36:08","modified_gmt":"2026-02-02T17:36:08","slug":"zaviraci-nuz-spyderco-microjimbo-c264gpnbkp","status":"publish","type":"product","link":"https:\/\/www.moskito.cz\/es\/produkt\/zaviraci-nuz-spyderco-microjimbo-c264gpnbkp\/","title":{"rendered":"Zav\u00edrac\u00ed N\u016f\u017e Spyderco MicroJimbo C264GPNBKP"},"content":{"rendered":"<p data-start=\"0\" data-end=\"426\">Jakmile \u010depel otev\u0159e\u0161 typick\u00fdm kulat\u00fdm otvorem Spyderco a zajist\u00ed\u0161 ji spolehliv\u00fdm Compression Lockem, okam\u017eit\u011b poc\u00edt\u00ed\u0161 precizn\u00ed kontrolu, agresivn\u00ed \u0159ezivost a kompaktn\u00ed s\u00edlu, kterou nab\u00edz\u00ed <strong data-start=\"189\" data-end=\"254\">Spyderco MicroJimbo R\u016f\u017eov\u00e1 G-10 \u010cern\u00e1 \u010cepel SPRINT C264GPNBKP<\/strong>. Tento zav\u00edrac\u00ed n\u016f\u017e p\u0159in\u00e1\u0161\u00ed modern\u00ed pojet\u00ed EDC no\u017ee v extr\u00e9mn\u011b kompaktn\u00edm balen\u00ed, p\u0159i\u010dem\u017e si zachov\u00e1v\u00e1 plnohodnotn\u00fd v\u00fdkon a charakter typick\u00fd pro tvorbu Michaela Janaiche.<\/p>\n<p data-start=\"428\" data-end=\"621\">Tento SPRINT RUN model je ur\u010den pro u\u017eivatele, kte\u0159\u00ed cht\u011bj\u00ed <strong data-start=\"488\" data-end=\"552\">v\u00fdrazn\u00fd, sb\u011bratelsky zaj\u00edmav\u00fd a z\u00e1rove\u0148 pln\u011b funk\u010dn\u00ed EDC n\u016f\u017e<\/strong>, jen\u017e spojuje origin\u00e1ln\u00ed barevn\u00e9 proveden\u00ed s maxim\u00e1ln\u00ed prakti\u010dnost\u00ed.<\/p>\n<hr data-start=\"623\" data-end=\"626\" \/>\n<h2 data-start=\"628\" data-end=\"652\">Charakter a filozofie<\/h2>\n<p data-start=\"653\" data-end=\"891\">Spyderco MicroJimbo zt\u011bles\u0148uje filozofii <strong data-start=\"694\" data-end=\"726\">mal\u00e9ho no\u017ee s velk\u00fdm v\u00fdkonem<\/strong>. Design vych\u00e1z\u00ed z v\u011bt\u0161\u00edho modelu Yojimbo, ale je p\u0159epracov\u00e1n do ultrakompaktn\u00ed velikosti ide\u00e1ln\u00ed pro ka\u017edodenn\u00ed no\u0161en\u00ed bez kompromis\u016f v ergonomii \u010di ovladatelnosti.<\/p>\n<p data-start=\"893\" data-end=\"1101\">Kr\u00e1tk\u00e1, \u0161irok\u00e1 \u010depel s tvarem Wharncliffe nab\u00edz\u00ed vynikaj\u00edc\u00ed kontrolu \u0161pi\u010dky a extr\u00e9mn\u011b efektivn\u00ed tahov\u00fd i tlakov\u00fd \u0159ez. \u010cern\u00fd povrch \u010depele podtrhuje takticky lad\u011bn\u00fd vzhled a z\u00e1rove\u0148 omezuje odlesky p\u0159i pr\u00e1ci.<\/p>\n<p data-start=\"1103\" data-end=\"1352\">Rukoje\u0165 z r\u016f\u017eov\u00e9 G-10 nen\u00ed jen vizu\u00e1ln\u011b v\u00fdrazn\u00e1 \u2013 poskytuje pevn\u00fd, jist\u00fd \u00fachop a d\u011bl\u00e1 z tohoto modelu nep\u0159ehl\u00e9dnuteln\u00fd kus, kter\u00fd se vymyk\u00e1 b\u011b\u017en\u00fdm EDC no\u017e\u016fm. D\u00edky ergonomick\u00e9mu tvarov\u00e1n\u00ed sed\u00ed n\u016f\u017e v ruce p\u0159ekvapiv\u011b jist\u011b i p\u0159es sv\u00e9 kompaktn\u00ed rozm\u011bry.<\/p>\n<p data-start=\"1354\" data-end=\"1477\">Compression Lock umo\u017e\u0148uje bezpe\u010dn\u00e9 a rychl\u00e9 ovl\u00e1d\u00e1n\u00ed jednou rukou, co\u017e je u takto mal\u00e9ho, ale v\u00fdkonn\u00e9ho no\u017ee kl\u00ed\u010dov\u00fd prvek.<\/p>\n<hr data-start=\"1479\" data-end=\"1482\" \/>\n<h2 data-start=\"1484\" data-end=\"1499\">\ud83c\udfed O v\u00fdrobci<\/h2>\n<p data-start=\"1500\" data-end=\"1828\">Spyderco pat\u0159\u00ed mezi pr\u016fkopn\u00edky modern\u00edho no\u017e\u00ed\u0159stv\u00ed a dlouhodob\u011b ud\u00e1v\u00e1 sm\u011br v oblasti ergonomie, bezpe\u010dnosti a re\u00e1ln\u00e9ho pou\u017eit\u00ed. Modely navr\u017een\u00e9 ve spolupr\u00e1ci s renomovan\u00fdmi design\u00e9ry, jako je Michael Janich, kladou d\u016fraz na funk\u010dnost, kontrolu a efektivitu \u0159ezu. SPRINT RUN edice nav\u00edc nab\u00edz\u00ed exkluzivitu a sb\u011bratelskou hodnotu.<\/p>\n<hr data-start=\"1830\" data-end=\"1833\" \/>\n<h2 data-start=\"1835\" data-end=\"1862\">\u2699\ufe0f Technick\u00e9 specifikace<\/h2>\n<div class=\"TyagGW_tableContainer\">\n<div class=\"group TyagGW_tableWrapper flex flex-col-reverse w-fit\" tabindex=\"-1\">\n<table class=\"w-fit min-w-(--thread-content-width)\" data-start=\"1864\" data-end=\"2490\">\n<thead data-start=\"1864\" data-end=\"1886\">\n<tr data-start=\"1864\" data-end=\"1886\">\n<th data-start=\"1864\" data-end=\"1875\" data-col-size=\"sm\">Parametr<\/th>\n<th data-start=\"1875\" data-end=\"1886\" data-col-size=\"md\">Hodnota<\/th>\n<\/tr>\n<\/thead>\n<tbody data-start=\"1906\" data-end=\"2490\">\n<tr data-start=\"1906\" data-end=\"1979\">\n<td data-start=\"1906\" data-end=\"1914\" data-col-size=\"sm\">Model<\/td>\n<td data-start=\"1914\" data-end=\"1979\" data-col-size=\"md\">Spyderco MicroJimbo R\u016f\u017eov\u00e1 G-10 \u010cern\u00e1 \u010cepel SPRINT C264GPNBKP<\/td>\n<\/tr>\n<tr data-start=\"1980\" data-end=\"2002\">\n<td data-start=\"1980\" data-end=\"1986\" data-col-size=\"sm\">Typ<\/td>\n<td data-col-size=\"md\" data-start=\"1986\" data-end=\"2002\">Zav\u00edrac\u00ed n\u016f\u017e<\/td>\n<\/tr>\n<tr data-start=\"2003\" data-end=\"2039\">\n<td data-start=\"2003\" data-end=\"2019\" data-col-size=\"sm\">Celkov\u00e1 d\u00e9lka<\/td>\n<td data-col-size=\"md\" data-start=\"2019\" data-end=\"2039\">cca 17,5\u201318,0 cm<\/td>\n<\/tr>\n<tr data-start=\"2040\" data-end=\"2073\">\n<td data-start=\"2040\" data-end=\"2055\" data-col-size=\"sm\">D\u00e9lka \u010depele<\/td>\n<td data-col-size=\"md\" data-start=\"2055\" data-end=\"2073\">cca 6,3\u20136,5 cm<\/td>\n<\/tr>\n<tr data-start=\"2074\" data-end=\"2106\">\n<td data-start=\"2074\" data-end=\"2092\" data-col-size=\"sm\">Tlou\u0161\u0165ka \u010depele<\/td>\n<td data-col-size=\"md\" data-start=\"2092\" data-end=\"2106\">cca 3,2 mm<\/td>\n<\/tr>\n<tr data-start=\"2107\" data-end=\"2137\">\n<td data-start=\"2107\" data-end=\"2125\" data-col-size=\"sm\">Materi\u00e1l \u010depele<\/td>\n<td data-col-size=\"md\" data-start=\"2125\" data-end=\"2137\">CPM S30V<\/td>\n<\/tr>\n<tr data-start=\"2138\" data-end=\"2184\">\n<td data-start=\"2138\" data-end=\"2154\" data-col-size=\"sm\">Tvrdost oceli<\/td>\n<td data-col-size=\"md\" data-start=\"2154\" data-end=\"2184\">vysok\u00e1 \u2013 dobr\u00e1 v\u00fddr\u017e ost\u0159\u00ed<\/td>\n<\/tr>\n<tr data-start=\"2185\" data-end=\"2214\">\n<td data-start=\"2185\" data-end=\"2199\" data-col-size=\"sm\">Tvar \u010depele<\/td>\n<td data-col-size=\"md\" data-start=\"2199\" data-end=\"2214\">Wharncliffe<\/td>\n<\/tr>\n<tr data-start=\"2215\" data-end=\"2238\">\n<td data-start=\"2215\" data-end=\"2224\" data-col-size=\"sm\">V\u00fdbrus<\/td>\n<td data-col-size=\"md\" data-start=\"2224\" data-end=\"2238\">Flat Grind<\/td>\n<\/tr>\n<tr data-start=\"2239\" data-end=\"2276\">\n<td data-start=\"2239\" data-end=\"2255\" data-col-size=\"sm\">Povrch \u010depele<\/td>\n<td data-col-size=\"md\" data-start=\"2255\" data-end=\"2276\">\u010dern\u00fd (DLC \/ PVD)<\/td>\n<\/tr>\n<tr data-start=\"2277\" data-end=\"2295\">\n<td data-start=\"2277\" data-end=\"2285\" data-col-size=\"sm\">Hrana<\/td>\n<td data-col-size=\"md\" data-start=\"2285\" data-end=\"2295\">hladk\u00e1<\/td>\n<\/tr>\n<tr data-start=\"2296\" data-end=\"2323\">\n<td data-start=\"2296\" data-end=\"2306\" data-col-size=\"sm\">Rukoje\u0165<\/td>\n<td data-col-size=\"md\" data-start=\"2306\" data-end=\"2323\">G-10 \u2013 r\u016f\u017eov\u00e1<\/td>\n<\/tr>\n<tr data-start=\"2324\" data-end=\"2352\">\n<td data-start=\"2324\" data-end=\"2332\" data-col-size=\"sm\">Z\u00e1mek<\/td>\n<td data-col-size=\"md\" data-start=\"2332\" data-end=\"2352\">Compression Lock<\/td>\n<\/tr>\n<tr data-start=\"2353\" data-end=\"2390\">\n<td data-start=\"2353\" data-end=\"2365\" data-col-size=\"sm\">Otev\u00edr\u00e1n\u00ed<\/td>\n<td data-col-size=\"md\" data-start=\"2365\" data-end=\"2390\">kulat\u00fd otvor Spyderco<\/td>\n<\/tr>\n<tr data-start=\"2391\" data-end=\"2423\">\n<td data-start=\"2391\" data-end=\"2398\" data-col-size=\"sm\">Klip<\/td>\n<td data-start=\"2398\" data-end=\"2423\" data-col-size=\"md\">reverzibiln\u00ed \u2013 tip-up<\/td>\n<\/tr>\n<tr data-start=\"2424\" data-end=\"2450\">\n<td data-start=\"2424\" data-end=\"2435\" data-col-size=\"sm\">Hmotnost<\/td>\n<td data-col-size=\"md\" data-start=\"2435\" data-end=\"2450\">velmi n\u00edzk\u00e1<\/td>\n<\/tr>\n<tr data-start=\"2451\" data-end=\"2467\">\n<td data-start=\"2451\" data-end=\"2460\" data-col-size=\"sm\">V\u00fdroba<\/td>\n<td data-col-size=\"md\" data-start=\"2460\" data-end=\"2467\">USA<\/td>\n<\/tr>\n<tr data-start=\"2468\" data-end=\"2490\">\n<td data-start=\"2468\" data-end=\"2476\" data-col-size=\"sm\">Edice<\/td>\n<td data-col-size=\"md\" data-start=\"2476\" data-end=\"2490\">SPRINT RUN<\/td>\n<\/tr>\n<\/tbody>\n<\/table>\n<\/div>\n<\/div>\n<hr data-start=\"2492\" data-end=\"2495\" \/>\n<h2 data-start=\"2497\" data-end=\"2515\">\u2705 Hlavn\u00ed v\u00fdhody<\/h2>\n<ul data-start=\"2516\" data-end=\"2806\">\n<li data-start=\"2516\" data-end=\"2561\">\n<p data-start=\"2518\" data-end=\"2561\">Kompaktn\u00ed rozm\u011bry s plnohodnotn\u00fdm v\u00fdkonem<\/p>\n<\/li>\n<li data-start=\"2562\" data-end=\"2609\">\n<p data-start=\"2564\" data-end=\"2609\">Wharncliffe \u010depel \u2013 maxim\u00e1ln\u00ed kontrola \u0159ezu<\/p>\n<\/li>\n<li data-start=\"2610\" data-end=\"2643\">\n<p data-start=\"2612\" data-end=\"2643\">CPM S30V \u2013 osv\u011bd\u010den\u00e1 EDC ocel<\/p>\n<\/li>\n<li data-start=\"2644\" data-end=\"2697\">\n<p data-start=\"2646\" data-end=\"2697\">Compression Lock \u2013 bezpe\u010dn\u00e9 ovl\u00e1d\u00e1n\u00ed jednou rukou<\/p>\n<\/li>\n<li data-start=\"2698\" data-end=\"2745\">\n<p data-start=\"2700\" data-end=\"2745\">R\u016f\u017eov\u00e1 G-10 \u2013 v\u00fdrazn\u00fd vzhled a skv\u011bl\u00fd \u00fachop<\/p>\n<\/li>\n<li data-start=\"2746\" data-end=\"2806\">\n<p data-start=\"2748\" data-end=\"2806\">SPRINT RUN \u2013 omezen\u00e1 s\u00e9rie s vy\u0161\u0161\u00ed sb\u011bratelskou hodnotou<\/p>\n<\/li>\n<\/ul>\n<hr data-start=\"2808\" data-end=\"2811\" \/>\n<h2 data-start=\"2813\" data-end=\"2832\">\u26a0\ufe0f Mo\u017en\u00e1 omezen\u00ed<\/h2>\n<ul data-start=\"2833\" data-end=\"2991\">\n<li data-start=\"2833\" data-end=\"2884\">\n<p data-start=\"2835\" data-end=\"2884\">Men\u0161\u00ed \u010depel nen\u00ed ur\u010dena pro t\u011b\u017ek\u00e9 pracovn\u00ed \u0159ezy<\/p>\n<\/li>\n<li data-start=\"2885\" data-end=\"2945\">\n<p data-start=\"2887\" data-end=\"2945\">V\u00fdrazn\u00e1 barva nemus\u00ed vyhovovat konzervativn\u00edm u\u017eivatel\u016fm<\/p>\n<\/li>\n<li data-start=\"2946\" data-end=\"2991\">\n<p data-start=\"2948\" data-end=\"2991\">Omezen\u00e1 dostupnost kv\u016fli SPRINT RUN edici<\/p>\n<\/li>\n<\/ul>\n<hr data-start=\"2993\" data-end=\"2996\" \/>\n<h2 data-start=\"2998\" data-end=\"3018\">\ud83d\udee0\ufe0f \u00dadr\u017eba a p\u00e9\u010de<\/h2>\n<p data-start=\"3019\" data-end=\"3217\">\u010cepel po pou\u017eit\u00ed o\u010disti a lehce osu\u0161\u00ed, zejm\u00e9na p\u0159i kontaktu s vlhkost\u00ed.<br data-start=\"3090\" data-end=\"3093\" \/>Pravideln\u011b kontroluj chod z\u00e1mku a plynulost otev\u00edr\u00e1n\u00ed.<br data-start=\"3147\" data-end=\"3150\" \/>Ost\u0159\u00ed udr\u017euj jemn\u00fdm brou\u0161en\u00edm, aby si zachovalo agresivn\u00ed \u0159ezivost.<\/p>\n<hr data-start=\"3219\" data-end=\"3222\" \/>\n<h2 data-start=\"3224\" data-end=\"3260\">\ud83d\udd2a Pro udr\u017een\u00ed ost\u0159\u00ed doporu\u010dujeme<\/h2>\n<p data-start=\"3261\" data-end=\"3546\">Pou\u017e\u00edvat kvalitn\u00ed brusn\u00e9 syst\u00e9my s p\u0159esn\u00fdm veden\u00edm \u00fahlu, kter\u00e9 zajist\u00ed spr\u00e1vnou geometrii ost\u0159\u00ed bez zbyte\u010dn\u00e9ho ub\u00edr\u00e1n\u00ed materi\u00e1lu. Ide\u00e1ln\u00ed volbou je <strong data-start=\"3409\" data-end=\"3475\">Spyderco Tri-Angle Sharpmaker Complete Sharpening System 204MF<\/strong>, kter\u00fd je vhodn\u00fd i pro ocel CPM S30V.<br data-start=\"3513\" data-end=\"3516\" \/>Zakoup\u00edte na na\u0161ich str\u00e1nk\u00e1ch.<\/p>\n<hr data-start=\"3548\" data-end=\"3551\" \/>\n<h2 data-start=\"3553\" data-end=\"3573\">\ud83c\udfaf Doporu\u010deno pro<\/h2>\n<ul data-start=\"3574\" data-end=\"3752\">\n<li data-start=\"3574\" data-end=\"3599\">\n<p data-start=\"3576\" data-end=\"3599\">ka\u017edodenn\u00ed EDC no\u0161en\u00ed<\/p>\n<\/li>\n<li data-start=\"3600\" data-end=\"3640\">\n<p data-start=\"3602\" data-end=\"3640\">u\u017eivatele preferuj\u00edc\u00ed kompaktn\u00ed no\u017ee<\/p>\n<\/li>\n<li data-start=\"3641\" data-end=\"3678\">\n<p data-start=\"3643\" data-end=\"3678\">fanou\u0161ky designu Michaela Janiche<\/p>\n<\/li>\n<li data-start=\"3679\" data-end=\"3709\">\n<p data-start=\"3681\" data-end=\"3709\">sb\u011bratele SPRINT RUN edic\u00ed<\/p>\n<\/li>\n<li data-start=\"3710\" data-end=\"3752\">\n<p data-start=\"3712\" data-end=\"3752\">ty, kte\u0159\u00ed cht\u011bj\u00ed v\u00fdrazn\u00fd a funk\u010dn\u00ed n\u016f\u017e<\/p>\n<\/li>\n<\/ul>\n<hr data-start=\"3754\" data-end=\"3757\" \/>\n<h2 data-start=\"3759\" data-end=\"3783\">\u2b50 Z\u00e1v\u011bre\u010dn\u00e9 hodnocen\u00ed<\/h2>\n<p data-start=\"3784\" data-end=\"4078\"><strong data-start=\"3784\" data-end=\"3838\">Spyderco MicroJimbo R\u016f\u017eov\u00e1 G-10 \u010cern\u00e1 \u010cepel SPRINT<\/strong> je mal\u00fd, ale extr\u00e9mn\u011b schopn\u00fd EDC n\u016f\u017e, kter\u00fd kombinuje precizn\u00ed kontrolu, modern\u00ed design a sb\u011bratelskou exkluzivitu. Nab\u00edz\u00ed v\u00fdborn\u00fd \u0159ez, jist\u00fd \u00fachop a bezpe\u010dn\u00e9 ovl\u00e1d\u00e1n\u00ed v kompaktn\u00edm balen\u00ed, kter\u00e9 se neztrat\u00ed v kapse ani v pozornosti okol\u00ed.<\/p>\n<p data-start=\"4080\" data-end=\"4127\">MicroJimbo \u2013 mal\u00fd form\u00e1t, velk\u00fd charakter. \ud83d\udd2a\ud83d\udc97<\/p>\n","protected":false},"excerpt":{"rendered":"<p data-start=\"3784\" data-end=\"4078\"><strong>Spyderco MicroJimbo R\u016f\u017eov\u00e1 G-10 \u010cern\u00e1 \u010cepel SPRINT je mal\u00fd, ale extr\u00e9mn\u011b schopn\u00fd EDC n\u016f\u017e, kter\u00fd kombinuje precizn\u00ed kontrolu, modern\u00ed design a sb\u011bratelskou exkluzivitu. Nab\u00edz\u00ed v\u00fdborn\u00fd \u0159ez, jist\u00fd \u00fachop a bezpe\u010dn\u00e9 ovl\u00e1d\u00e1n\u00ed v kompaktn\u00edm balen\u00ed, kter\u00e9 se neztrat\u00ed v kapse ani v pozornosti okol\u00ed.<\/strong><\/p>\n<p data-start=\"4080\" data-end=\"4127\"><strong>MicroJimbo \u2013 mal\u00fd form\u00e1t, velk\u00fd charakter. \ud83d\udd2a\ud83d\udc97<\/strong><\/p>\n<p data-start=\"4080\" data-end=\"4127\"><strong>Doprava zdarma.<\/strong><\/p>\n","protected":false},"featured_media":434677,"comment_status":"open","ping_status":"closed","template":"","meta":[],"pwb-brand":[567],"product_brand":[],"product_cat":[22,17],"product_tag":[],"class_list":{"0":"post-434676","1":"product","2":"type-product","3":"status-publish","4":"has-post-thumbnail","6":"pwb-brand-spyderco","7":"product_cat-zaviraci-noze","8":"product_cat-noze","10":"first","11":"instock","12":"taxable","13":"shipping-taxable","14":"purchasable","15":"product-type-simple"},"brands":[{"id":567,"name":"Spyderco","slug":"spyderco"}],"_links":{"self":[{"href":"https:\/\/www.moskito.cz\/es\/wp-json\/wp\/v2\/product\/434676","targetHints":{"allow":["GET"]}}],"collection":[{"href":"https:\/\/www.moskito.cz\/es\/wp-json\/wp\/v2\/product"}],"about":[{"href":"https:\/\/www.moskito.cz\/es\/wp-json\/wp\/v2\/types\/product"}],"replies":[{"embeddable":true,"href":"https:\/\/www.moskito.cz\/es\/wp-json\/wp\/v2\/comments?post=434676"}],"wp:featuredmedia":[{"embeddable":true,"href":"https:\/\/www.moskito.cz\/es\/wp-json\/wp\/v2\/media\/434677"}],"wp:attachment":[{"href":"https:\/\/www.moskito.cz\/es\/wp-json\/wp\/v2\/media?parent=434676"}],"wp:term":[{"taxonomy":"pwb-brand","embeddable":true,"href":"https:\/\/www.moskito.cz\/es\/wp-json\/wp\/v2\/pwb-brand?post=434676"},{"taxonomy":"product_brand","embeddable":true,"href":"https:\/\/www.moskito.cz\/es\/wp-json\/wp\/v2\/product_brand?post=434676"},{"taxonomy":"product_cat","embeddable":true,"href":"https:\/\/www.moskito.cz\/es\/wp-json\/wp\/v2\/product_cat?post=434676"},{"taxonomy":"product_tag","embeddable":true,"href":"https:\/\/www.moskito.cz\/es\/wp-json\/wp\/v2\/product_tag?post=434676"}],"curies":[{"name":"wp","href":"https:\/\/api.w.org\/{rel}","templated":true}]}}