{"id":436877,"date":"2026-02-12T13:36:18","date_gmt":"2026-02-12T12:36:18","guid":{"rendered":"https:\/\/www.moskito.cz\/produkt\/cuchillo-de-expulsion-microtech-combat-troodon-gen-iii-interceptor-1217-1tas\/"},"modified":"2026-02-12T14:07:57","modified_gmt":"2026-02-12T13:07:57","slug":"cuchillo-de-expulsion-microtech-combat-troodon-gen-iii-interceptor-1217-1tas","status":"publish","type":"product","link":"https:\/\/www.moskito.cz\/es\/produkt\/cuchillo-de-expulsion-microtech-combat-troodon-gen-iii-interceptor-1217-1tas\/","title":{"rendered":"Cuchillo de Expulsi\u00f3n Microtech Combat Troodon Gen III Interceptor 1217-1TAS"},"content":{"rendered":"<div class=\"min-h-8 text-message relative flex w-full flex-col items-end gap-2 text-start break-words whitespace-normal [.text-message+&amp;]:mt-1\" dir=\"auto\" data-message-author-role=\"assistant\" data-message-id=\"ab8f92cc-1aaf-4121-b934-5bf6ee69c9bf\" data-message-model-slug=\"gpt-5-2\">\n<div class=\"flex w-full flex-col gap-1 empty:hidden first:pt-[1px]\">\n<div class=\"markdown prose dark:prose-invert w-full wrap-break-word light markdown-new-styling\">\n<p data-start=\"0\" data-end=\"415\">Cuando coges una <strong data-start=\"23\" data-end=\"101\">Microtech Combat Troodon\u00ae Gen III Interceptor\u00ae Signature Series 1217-10TAS<\/strong>, tienes en tus manos el pin\u00e1culo de la ingenier\u00eda de precisi\u00f3n en la categor\u00eda de navajas autom\u00e1ticas OTF (Out The Front). Este modelo representa la mayor variante de la familia de cuchillos autom\u00e1ticos de Microtech y combina una construcci\u00f3n s\u00f3lida, un mecanismo extremadamente r\u00e1pido y la hoja Interceptor de nueva generaci\u00f3n en una herramienta t\u00e1ctica excepcional. <\/p>\n<p data-start=\"417\" data-end=\"685\">El Combat Troodon Gen III es aproximadamente un 25% m\u00e1s grande que el modelo insignia Troodon, lo que le confiere a\u00fan m\u00e1s estabilidad y seguridad de funcionamiento. Cada pieza est\u00e1 fabricada y ensamblada al 100% en EE.UU. bajo la direcci\u00f3n de Anthony \u00abTony\u00bb Marfione &#8211; fundador y propietario de Microtech Knives. <\/p>\n<hr data-start=\"687\" data-end=\"690\">\n<p data-start=\"692\" data-end=\"720\">\ud83d\udd25 <strong data-start=\"695\" data-end=\"720\">Car\u00e1cter y filosof\u00eda<\/strong><\/p>\n<p data-start=\"722\" data-end=\"996\">Durante m\u00e1s de tres d\u00e9cadas, los cuchillos Microtech han marcado la pauta en cuanto a precisi\u00f3n, innovaci\u00f3n y fiabilidad. La marca fundada por Anthony Marfion ha influido profundamente en el mundo de los cuchillos autom\u00e1ticos y OTF, y se ha convertido en la elecci\u00f3n de profesionales, fuerzas armadas, equipos de rescate y coleccionistas exigentes. <\/p>\n<p data-start=\"998\" data-end=\"1212\">El nombre <em data-start=\"1004\" data-end=\"1013\">Troodon<\/em> procede del griego y significa \u00abdiente hiriente\u00bb. Originalmente se refer\u00eda a un dinosaurio depredador, y describe igualmente el car\u00e1cter de este robusto cuchillo OTF dise\u00f1ado para la versatilidad y el m\u00e1ximo rendimiento. <\/p>\n<p data-start=\"1214\" data-end=\"1519\">Gen III aporta un mecanismo mejorado de doble acci\u00f3n (D\/A) con una extensi\u00f3n y retracci\u00f3n de la hoja extremadamente r\u00e1pidas. Por motivos de seguridad, la corredera requiere cierta fuerza para vencer la resistencia del muelle, lo que contribuye a un manejo m\u00e1s seguro. El dise\u00f1o es totalmente ambidiestro y c\u00f3modo tanto para diestros como para zurdos.  <\/p>\n<hr data-start=\"1521\" data-end=\"1524\">\n<p data-start=\"1526\" data-end=\"1542\">\ud83c\udfed <strong data-start=\"1529\" data-end=\"1542\">Sobre el productor<\/strong><\/p>\n<p data-start=\"1544\" data-end=\"1714\">Microtech Knives es una marca estadounidense conocida por su fabricaci\u00f3n CNC de precisi\u00f3n, sus innovaciones en mecanismos OTF y el uso de materiales superiores. Cada cuchillo se fabrica y ensambla en EE.UU. <\/p>\n<p data-start=\"1716\" data-end=\"2028\">El modelo pertenece a la <strong data-start=\"1731\" data-end=\"1751\">Serie Signature<\/strong>, una l\u00ednea de productos de \u00e9lite dise\u00f1ada para clientes que buscan un dise\u00f1o m\u00e1s exclusivo que la Serie Core est\u00e1ndar. Las caracter\u00edsticas t\u00edpicas incluyen el logotipo de la daga en la empu\u00f1adura y la firma de Anthony Marfione en el clip. La serie Signature suele utilizar los mejores materiales y acabados especiales disponibles.  <\/p>\n<hr data-start=\"2030\" data-end=\"2033\">\n<p data-start=\"2035\" data-end=\"2062\">\ud83d\udde1\ufe0f <strong data-start=\"2039\" data-end=\"2062\">Hoja &#8211; Interceptor<\/strong><\/p>\n<p data-start=\"2064\" data-end=\"2228\">La hoja Interceptor es de un solo filo con una geometr\u00eda distintiva, dentados dorsales caracter\u00edsticos y un falso filo para mejorar la penetraci\u00f3n y un aspecto agresivo.<\/p>\n<p data-start=\"2230\" data-end=\"2458\">El acabado Negro (Bicolor) combina fresas y fuller recubiertos de negro con un resto de hoja satinado. El corte plano alto proporciona un excelente rendimiento de corte, mientras que el grano ancho y la construcci\u00f3n s\u00f3lida proporcionan una gran durabilidad. <\/p>\n<p data-start=\"2460\" data-end=\"2562\">El acero utilizado es <strong data-start=\"2473\" data-end=\"2490\">B\u00f6hler M390MK<\/strong>, una versi\u00f3n exclusiva desarrollada en colaboraci\u00f3n entre Microtech y los ingenieros de B\u00f6hler:<\/p>\n<ul data-start=\"2564\" data-end=\"2822\">\n<li data-start=\"2564\" data-end=\"2616\">\n<p data-start=\"2566\" data-end=\"2616\">Mayor contenido de carbono y control m\u00e1s estricto de la producci\u00f3n<\/p>\n<\/li>\n<li data-start=\"2617\" data-end=\"2659\">\n<p data-start=\"2619\" data-end=\"2659\">19 % de cromo, 1,95 % de carbono, 4 % de vanadio<\/p>\n<\/li>\n<li data-start=\"2660\" data-end=\"2685\">\n<p data-start=\"2662\" data-end=\"2685\">Dureza aprox. 59-61 HRC<\/p>\n<\/li>\n<li data-start=\"2686\" data-end=\"2731\">\n<p data-start=\"2688\" data-end=\"2731\">Gran resistencia al desgaste y a la corrosi\u00f3n<\/p>\n<\/li>\n<li data-start=\"2732\" data-end=\"2774\">\n<p data-start=\"2734\" data-end=\"2774\">Excelente retenci\u00f3n de la hoja y f\u00e1cil pulido<\/p>\n<\/li>\n<li data-start=\"2775\" data-end=\"2822\">\n<p data-start=\"2777\" data-end=\"2822\">Resistencia a la formaci\u00f3n de rebabas durante el rectificado<\/p>\n<\/li>\n<\/ul>\n<p data-start=\"2824\" data-end=\"2897\">Este acero martens\u00edtico en polvo es comparable al CPM 20CV o al CTS-204P.<\/p>\n<hr data-start=\"2899\" data-end=\"2902\">\n<p data-start=\"2904\" data-end=\"2931\">\ud83e\udde9 <strong data-start=\"2907\" data-end=\"2931\">Mango y construcci\u00f3n<\/strong><\/p>\n<p data-start=\"2933\" data-end=\"3065\">El mango est\u00e1 mecanizado con precisi\u00f3n CNC a partir de aluminio <strong data-start=\"2988\" data-end=\"2999\">6061-T6<\/strong>. El anodizado en color tostado le da un aspecto t\u00e1ctico y una gran durabilidad superficial. <\/p>\n<ul data-start=\"3067\" data-end=\"3415\">\n<li data-start=\"3067\" data-end=\"3107\">\n<p data-start=\"3069\" data-end=\"3107\">Textura fresada en 3D para un agarre seguro<\/p>\n<\/li>\n<li data-start=\"3108\" data-end=\"3140\">\n<p data-start=\"3110\" data-end=\"3140\">Rebordeado profundo contra el deslizamiento<\/p>\n<\/li>\n<li data-start=\"3141\" data-end=\"3178\">\n<p data-start=\"3143\" data-end=\"3178\">Perfil delgado para un ajuste c\u00f3modo<\/p>\n<\/li>\n<li data-start=\"3179\" data-end=\"3228\">\n<p data-start=\"3181\" data-end=\"3228\">Clip de transporte profundo (lado derecho\/izquierdo, inclinado hacia abajo)<\/p>\n<\/li>\n<li data-start=\"3229\" data-end=\"3311\">\n<p data-start=\"3231\" data-end=\"3311\">Roller suave integrado para introducirlo f\u00e1cilmente en el bolsillo sin da\u00f1ar el tejido<\/p>\n<\/li>\n<li data-start=\"3312\" data-end=\"3367\">\n<p data-start=\"3314\" data-end=\"3367\">Firma y fecha de producci\u00f3n de Anthony Marfione en el clip<\/p>\n<\/li>\n<li data-start=\"3368\" data-end=\"3415\">\n<p data-start=\"3370\" data-end=\"3415\">Rompevidrios con bola de carburo de tungsteno<\/p>\n<\/li>\n<\/ul>\n<hr data-start=\"3417\" data-end=\"3420\">\n<p data-start=\"3422\" data-end=\"3450\">\u2699\ufe0f <strong data-start=\"3425\" data-end=\"3450\">Especificaciones t\u00e9cnicas<\/strong><\/p>\n<div class=\"TyagGW_tableContainer\">\n<div class=\"group TyagGW_tableWrapper flex flex-col-reverse w-fit\" tabindex=\"-1\">\n<table class=\"w-fit min-w-(--thread-content-width)\" data-start=\"3452\" data-end=\"4152\">\n<thead data-start=\"3452\" data-end=\"3474\">\n<tr data-start=\"3452\" data-end=\"3474\">\n<th class=\"\" data-start=\"3452\" data-end=\"3463\" data-col-size=\"sm\">Par\u00e1metro<\/th>\n<th class=\"\" data-start=\"3463\" data-end=\"3474\" data-col-size=\"md\">Valor<\/th>\n<\/tr>\n<\/thead>\n<tbody data-start=\"3499\" data-end=\"4152\">\n<tr data-start=\"3499\" data-end=\"3557\">\n<td data-start=\"3499\" data-end=\"3507\" data-col-size=\"sm\">Modelo<\/td>\n<td data-start=\"3507\" data-end=\"3557\" data-col-size=\"md\">Combate Troodon\u00ae Gen III Interceptor\u00ae Signature<\/td>\n<\/tr>\n<tr data-start=\"3558\" data-end=\"3591\">\n<td data-start=\"3558\" data-end=\"3577\" data-col-size=\"sm\">N\u00famero de producto<\/td>\n<td data-start=\"3577\" data-end=\"3591\" data-col-size=\"md\">1217-10TAS<\/td>\n<\/tr>\n<tr data-start=\"3592\" data-end=\"3618\">\n<td data-start=\"3592\" data-end=\"3608\" data-col-size=\"sm\">Longitud total<\/td>\n<td data-start=\"3608\" data-end=\"3618\" data-col-size=\"md\">238 mm<\/td>\n<\/tr>\n<tr data-start=\"3619\" data-end=\"3644\">\n<td data-start=\"3619\" data-end=\"3634\" data-col-size=\"sm\">Longitud de la hoja<\/td>\n<td data-start=\"3634\" data-end=\"3644\" data-col-size=\"md\">102 mm<\/td>\n<\/tr>\n<tr data-start=\"3645\" data-end=\"3673\">\n<td data-start=\"3645\" data-end=\"3663\" data-col-size=\"sm\">Grosor de la hoja<\/td>\n<td data-start=\"3663\" data-end=\"3673\" data-col-size=\"md\">3,3 mm<\/td>\n<\/tr>\n<tr data-start=\"3674\" data-end=\"3701\">\n<td data-start=\"3674\" data-end=\"3691\" data-col-size=\"sm\">Longitud del mango<\/td>\n<td data-start=\"3691\" data-end=\"3701\" data-col-size=\"md\">140 mm<\/td>\n<\/tr>\n<tr data-start=\"3702\" data-end=\"3733\">\n<td data-start=\"3702\" data-end=\"3722\" data-col-size=\"sm\">Grosor del mango<\/td>\n<td data-start=\"3722\" data-end=\"3733\" data-col-size=\"md\">14,2 mm<\/td>\n<\/tr>\n<tr data-start=\"3734\" data-end=\"3754\">\n<td data-start=\"3734\" data-end=\"3745\" data-col-size=\"sm\">Peso<\/td>\n<td data-start=\"3745\" data-end=\"3754\" data-col-size=\"md\">142 g<\/td>\n<\/tr>\n<tr data-start=\"3755\" data-end=\"3790\">\n<td data-start=\"3755\" data-end=\"3773\" data-col-size=\"sm\">Material de la cuchilla<\/td>\n<td data-start=\"3773\" data-end=\"3790\" data-col-size=\"md\">B\u00f6hler M390MK<\/td>\n<\/tr>\n<tr data-start=\"3791\" data-end=\"3818\">\n<td data-start=\"3791\" data-end=\"3801\" data-col-size=\"sm\">Dureza<\/td>\n<td data-start=\"3801\" data-end=\"3818\" data-col-size=\"md\">aprox. 59-61 HRC<\/td>\n<\/tr>\n<tr data-start=\"3819\" data-end=\"3836\">\n<td data-start=\"3819\" data-end=\"3828\" data-col-size=\"sm\">Recorte<\/td>\n<td data-start=\"3828\" data-end=\"3836\" data-col-size=\"md\">Plano<\/td>\n<\/tr>\n<tr data-start=\"3837\" data-end=\"3873\">\n<td data-start=\"3837\" data-end=\"3853\" data-col-size=\"sm\">Superficie de la hoja<\/td>\n<td data-start=\"3853\" data-end=\"3873\" data-col-size=\"md\">Negro (bicolor)<\/td>\n<\/tr>\n<tr data-start=\"3874\" data-end=\"3912\">\n<td data-start=\"3874\" data-end=\"3894\" data-col-size=\"sm\">Material del mango<\/td>\n<td data-start=\"3894\" data-end=\"3912\" data-col-size=\"md\">Aluminio 6061-T6<\/td>\n<\/tr>\n<tr data-start=\"3913\" data-end=\"3937\">\n<td data-start=\"3913\" data-end=\"3930\" data-col-size=\"sm\">Color del asa<\/td>\n<td data-start=\"3930\" data-end=\"3937\" data-col-size=\"md\">Tan<\/td>\n<\/tr>\n<tr data-start=\"3938\" data-end=\"3982\">\n<td data-start=\"3938\" data-end=\"3952\" data-col-size=\"sm\">Mecanismo<\/td>\n<td data-start=\"3952\" data-end=\"3982\" data-col-size=\"md\">OTF de doble acci\u00f3n (bloqueo de la corredera)<\/td>\n<\/tr>\n<tr data-start=\"3983\" data-end=\"4028\">\n<td data-start=\"3983\" data-end=\"3995\" data-col-size=\"sm\">Apertura<\/td>\n<td data-start=\"3995\" data-end=\"4028\" data-col-size=\"md\">Autom\u00e1tica &#8211; deslizador de pulgar<\/td>\n<\/tr>\n<tr data-start=\"4029\" data-end=\"4060\">\n<td data-start=\"4029\" data-end=\"4036\" data-col-size=\"sm\">Pinza<\/td>\n<td data-start=\"4036\" data-end=\"4060\" data-col-size=\"md\">Derecha\/izquierda, basculante<\/td>\n<\/tr>\n<tr data-start=\"4061\" data-end=\"4091\">\n<td data-start=\"4061\" data-end=\"4071\" data-col-size=\"sm\">Productor<\/td>\n<td data-start=\"4071\" data-end=\"4091\" data-col-size=\"md\">Cuchillos Microtech<\/td>\n<\/tr>\n<tr data-start=\"4092\" data-end=\"4113\">\n<td data-start=\"4092\" data-end=\"4106\" data-col-size=\"sm\">Pa\u00eds de origen<\/td>\n<td data-start=\"4106\" data-end=\"4113\" data-col-size=\"md\">EE.UU.<\/td>\n<\/tr>\n<tr data-start=\"4114\" data-end=\"4152\">\n<td data-start=\"4114\" data-end=\"4125\" data-col-size=\"sm\">Dise\u00f1ador<\/td>\n<td data-start=\"4125\" data-end=\"4152\" data-col-size=\"md\">Anthony (Tony) Marfione<\/td>\n<\/tr>\n<\/tbody>\n<\/table>\n<\/div>\n<\/div>\n<hr data-start=\"4154\" data-end=\"4157\">\n<p data-start=\"4159\" data-end=\"4178\">\u2705 <strong data-start=\"4161\" data-end=\"4178\">Beneficios principales<\/strong><\/p>\n<ul data-start=\"4180\" data-end=\"4467\">\n<li data-start=\"4180\" data-end=\"4244\">\n<p data-start=\"4182\" data-end=\"4244\">\u00daltimo mecanismo OTF Gen III con funcionamiento extremadamente r\u00e1pido<\/p>\n<\/li>\n<li data-start=\"4245\" data-end=\"4294\">\n<p data-start=\"4247\" data-end=\"4294\">Exclusivo acero M390MK de larga duraci\u00f3n de la hoja<\/p>\n<\/li>\n<li data-start=\"4295\" data-end=\"4339\">\n<p data-start=\"4297\" data-end=\"4339\">Hoja interceptora con excelente penetraci\u00f3n<\/p>\n<\/li>\n<li data-start=\"4340\" data-end=\"4385\">\n<p data-start=\"4342\" data-end=\"4385\">Robusta construcci\u00f3n CNC en aluminio 6061-T6<\/p>\n<\/li>\n<li data-start=\"4386\" data-end=\"4439\">\n<p data-start=\"4388\" data-end=\"4439\">Dise\u00f1o de la serie Signature con la firma del fundador<\/p>\n<\/li>\n<li data-start=\"4440\" data-end=\"4467\">\n<p data-start=\"4442\" data-end=\"4467\">Uso totalmente reversible<\/p>\n<\/li>\n<\/ul>\n<hr data-start=\"4469\" data-end=\"4472\">\n<p data-start=\"4474\" data-end=\"4494\">\u26a0\ufe0f <strong data-start=\"4477\" data-end=\"4494\">Posibles restricciones<\/strong><\/p>\n<ul data-start=\"4496\" data-end=\"4721\">\n<li data-start=\"4496\" data-end=\"4554\">\n<p data-start=\"4498\" data-end=\"4554\">Mayor tama\u00f1o y peso que los cuchillos EDC convencionales<\/p>\n<\/li>\n<li data-start=\"4555\" data-end=\"4609\">\n<p data-start=\"4557\" data-end=\"4609\">Categor\u00eda de precio superior correspondiente a la clase superior<\/p>\n<\/li>\n<li data-start=\"4610\" data-end=\"4665\">\n<p data-start=\"4612\" data-end=\"4665\">El mecanismo autom\u00e1tico requiere un mantenimiento regular<\/p>\n<\/li>\n<li data-start=\"4666\" data-end=\"4721\">\n<p data-start=\"4668\" data-end=\"4721\">Una mayor resistencia del deslizador puede requerir una prensa m\u00e1s fuerte<\/p>\n<\/li>\n<\/ul>\n<hr data-start=\"4723\" data-end=\"4726\">\n<p data-start=\"4728\" data-end=\"4749\">\ud83d\udee0\ufe0f <strong data-start=\"4732\" data-end=\"4749\">Mantenimiento y cuidado<\/strong><\/p>\n<ul data-start=\"4751\" data-end=\"5186\">\n<li data-start=\"4751\" data-end=\"4821\">\n<p data-start=\"4753\" data-end=\"4821\">Limpia y seca la cuchilla despu\u00e9s de usarla para preservar su longevidad<\/p>\n<\/li>\n<li data-start=\"4822\" data-end=\"4888\">\n<p data-start=\"4824\" data-end=\"4888\">Mant\u00e9n el mango seco y limpio, especialmente despu\u00e9s de entrar en contacto con la humedad<\/p>\n<\/li>\n<li data-start=\"4889\" data-end=\"4949\">\n<p data-start=\"4891\" data-end=\"4949\">Lubrica ligeramente la cuchilla con aceite protector para guardarla durante m\u00e1s tiempo<\/p>\n<\/li>\n<li data-start=\"4950\" data-end=\"5013\">\n<p data-start=\"4952\" data-end=\"5013\">Limpia el mecanismo de suciedad regularmente y de vez en cuando engr\u00e1salo ligeramente<\/p>\n<\/li>\n<li data-start=\"5014\" data-end=\"5186\">\n<p data-start=\"5016\" data-end=\"5186\">Para afilar cuchillas, recomendamos el <strong data-start=\"5047\" data-end=\"5113\">Sistema Completo de Afilado Triangular Spyderco 204MF<\/strong>, tambi\u00e9n ideal para cuchillas lisas. \ud83d\uded2 Compra en nuestro sitio web Moskito.cz <\/p>\n<\/li>\n<\/ul>\n<p data-start=\"5188\" data-end=\"5272\">Un cuidado regular garantizar\u00e1 la fiabilidad a largo plazo del mecanismo y la m\u00e1xima vida \u00fatil de la cuchilla.<\/p>\n<hr data-start=\"5274\" data-end=\"5277\">\n<p data-start=\"5279\" data-end=\"5300\">\ud83c\udfaf <strong data-start=\"5282\" data-end=\"5300\">Recomendado para<\/strong><\/p>\n<ul data-start=\"5302\" data-end=\"5493\">\n<li data-start=\"5302\" data-end=\"5336\">\n<p data-start=\"5304\" data-end=\"5336\">Uso t\u00e1ctico profesional<\/p>\n<\/li>\n<li data-start=\"5337\" data-end=\"5372\">\n<p data-start=\"5339\" data-end=\"5372\">Fuerzas armadas y de seguridad<\/p>\n<\/li>\n<li data-start=\"5373\" data-end=\"5402\">\n<p data-start=\"5375\" data-end=\"5402\">Usuarios de exteriores exigentes<\/p>\n<\/li>\n<li data-start=\"5403\" data-end=\"5440\">\n<p data-start=\"5405\" data-end=\"5440\">Modelos Collectors Signature Series<\/p>\n<\/li>\n<li data-start=\"5441\" data-end=\"5493\">\n<p data-start=\"5443\" data-end=\"5493\">Usuarios que buscan el m\u00e1ximo rendimiento y robustez<\/p>\n<\/li>\n<\/ul>\n<hr data-start=\"5495\" data-end=\"5498\">\n<p data-start=\"5500\" data-end=\"5525\">\u2b50 <strong data-start=\"5502\" data-end=\"5525\">Calificaci\u00f3n final<\/strong><\/p>\n<p data-start=\"5527\" data-end=\"5769\">El Microtech Combat Troodon\u00ae Gen III Interceptor\u00ae Signature 1217-10TAS es la cumbre de los cuchillos OTF modernos. Combina la fabricaci\u00f3n americana, el exclusivo acero M390MK, la construcci\u00f3n CNC de precisi\u00f3n y el agresivo dise\u00f1o caracter\u00edstico del Interceptor. <\/p>\n<p data-start=\"5771\" data-end=\"5894\" data-is-last-node=\"\" data-is-only-node=\"\">Es un modelo tecnol\u00f3gicamente avanzado, robusto y prestigioso, dise\u00f1ado para quienes exigen calidad absoluta sin concesiones \ud83d\udd2a\ud83d\udd25<\/p>\n<\/div>\n<\/div>\n<\/div>\n","protected":false},"excerpt":{"rendered":"<p data-start=\"5527\" data-end=\"5769\"><strong>El Microtech Combat Troodon\u00ae Gen III Interceptor\u00ae Signature 1217-10TAS es la cumbre de los cuchillos OTF modernos. Combina la fabricaci\u00f3n americana, el exclusivo acero M390MK, la construcci\u00f3n CNC de precisi\u00f3n y el agresivo dise\u00f1o caracter\u00edstico del Interceptor. <\/strong><\/p>\n<p data-start=\"5771\" data-end=\"5894\" data-is-last-node=\"\" data-is-only-node=\"\"><strong>Es un modelo tecnol\u00f3gicamente avanzado, robusto y prestigioso, dise\u00f1ado para quienes exigen calidad absoluta sin concesiones \ud83d\udd2a\ud83d\udd25<\/strong><\/p>\n<p data-start=\"5771\" data-end=\"5894\" data-is-last-node=\"\" data-is-only-node=\"\"><strong>Env\u00edo gratis.<\/strong><\/p>\n","protected":false},"featured_media":436781,"comment_status":"open","ping_status":"closed","template":"","meta":[],"pwb-brand":[3752],"product_brand":[],"product_cat":[3729,3726],"product_tag":[],"class_list":{"0":"post-436877","1":"product","2":"type-product","3":"status-publish","4":"has-post-thumbnail","6":"pwb-brand-microtecnologia","7":"product_cat-cuchillos-de-tiro","8":"product_cat-cuchillos","10":"first","11":"instock","12":"taxable","13":"shipping-taxable","14":"purchasable","15":"product-type-simple"},"brands":[{"id":3752,"name":"microtecnolog\u00eda","slug":"microtecnologia"}],"_links":{"self":[{"href":"https:\/\/www.moskito.cz\/es\/wp-json\/wp\/v2\/product\/436877","targetHints":{"allow":["GET"]}}],"collection":[{"href":"https:\/\/www.moskito.cz\/es\/wp-json\/wp\/v2\/product"}],"about":[{"href":"https:\/\/www.moskito.cz\/es\/wp-json\/wp\/v2\/types\/product"}],"replies":[{"embeddable":true,"href":"https:\/\/www.moskito.cz\/es\/wp-json\/wp\/v2\/comments?post=436877"}],"wp:featuredmedia":[{"embeddable":true,"href":"https:\/\/www.moskito.cz\/es\/wp-json\/wp\/v2\/media\/436781"}],"wp:attachment":[{"href":"https:\/\/www.moskito.cz\/es\/wp-json\/wp\/v2\/media?parent=436877"}],"wp:term":[{"taxonomy":"pwb-brand","embeddable":true,"href":"https:\/\/www.moskito.cz\/es\/wp-json\/wp\/v2\/pwb-brand?post=436877"},{"taxonomy":"product_brand","embeddable":true,"href":"https:\/\/www.moskito.cz\/es\/wp-json\/wp\/v2\/product_brand?post=436877"},{"taxonomy":"product_cat","embeddable":true,"href":"https:\/\/www.moskito.cz\/es\/wp-json\/wp\/v2\/product_cat?post=436877"},{"taxonomy":"product_tag","embeddable":true,"href":"https:\/\/www.moskito.cz\/es\/wp-json\/wp\/v2\/product_tag?post=436877"}],"curies":[{"name":"wp","href":"https:\/\/api.w.org\/{rel}","templated":true}]}}