{"id":436910,"date":"2020-07-28T15:26:33","date_gmt":"2020-07-28T14:26:33","guid":{"rendered":"https:\/\/www.moskito.cz\/produkt\/cuchilla-de-expulsion-microtech-dirac-delta-227-1-ta\/"},"modified":"2026-02-12T14:22:49","modified_gmt":"2026-02-12T13:22:49","slug":"cuchilla-de-expulsion-microtech-dirac-delta-227-1-ta","status":"publish","type":"product","link":"https:\/\/www.moskito.cz\/es\/produkt\/cuchilla-de-expulsion-microtech-dirac-delta-227-1-ta\/","title":{"rendered":"Cuchilla de expulsi\u00f3n Microtech Dirac Delta 227-1 TA"},"content":{"rendered":"<p data-start=\"0\" data-end=\"371\">En cuanto cojas la <strong data-start=\"23\" data-end=\"84\">Microtech Dirac Delta\u00ae D\/E 227-1 TA (aluminio tostado, negro)<\/strong>, sabr\u00e1s al instante que tienes en tus manos una versi\u00f3n m\u00e1s grande y potente de la ic\u00f3nica serie Dirac. Esta navaja autom\u00e1tica OTF funciona en modo D\/A (Doble Acci\u00f3n) e incorpora un mecanismo de extensi\u00f3n de la hoja extremadamente r\u00e1pido. El deslizador est\u00e1 situado en el lateral de la empu\u00f1adura, lo que proporciona un control m\u00e1s natural y ergon\u00f3mico.  <\/p>\n<p data-start=\"373\" data-end=\"487\">Este modelo est\u00e1 fabricado y ensamblado al 100% en EE.UU. y dise\u00f1ado por Anthony Marfion, fabricante de cuchillos y propietario de Microtech Knives.<\/p>\n<hr data-start=\"489\" data-end=\"492\">\n<p data-start=\"494\" data-end=\"522\">\ud83d\udd25 <strong data-start=\"497\" data-end=\"522\">Car\u00e1cter y filosof\u00eda<\/strong><\/p>\n<p data-start=\"524\" data-end=\"736\">La Dirac Delta\u00ae es una versi\u00f3n ampliada del primer modelo D\/A OTF de Microtech, con un deslizador empotrado y montado lateralmente. Presenta una moderna empu\u00f1adura ergon\u00f3mica de l\u00edneas suavemente curvadas, inspirada en la legendaria serie HALO\u00ae. <\/p>\n<p data-start=\"738\" data-end=\"978\">La longitud total de 235 mm (9,25&#8243;) la convierte en un compromiso ideal entre una herramienta t\u00e1ctica de tama\u00f1o completo y una c\u00f3moda navaja EDC. La robusta construcci\u00f3n, el suave funcionamiento y la distintiva hoja sim\u00e9trica D\/E confieren a la Dirac Delta un car\u00e1cter fuerte y seguro. <\/p>\n<hr data-start=\"980\" data-end=\"983\">\n<p data-start=\"985\" data-end=\"1001\">\ud83c\udfed <strong data-start=\"988\" data-end=\"1001\">Sobre el productor<\/strong><\/p>\n<p data-start=\"1003\" data-end=\"1124\">Microtech es una marca estadounidense con m\u00e1s de 30 a\u00f1os de innovaci\u00f3n en el campo de las cuchillas autom\u00e1ticas. Sus caracter\u00edsticas t\u00edpicas son: <\/p>\n<ul data-start=\"1126\" data-end=\"1268\">\n<li data-start=\"1126\" data-end=\"1179\">\n<p data-start=\"1128\" data-end=\"1179\">tornillos patentados propios (herrajes patentados)<\/p>\n<\/li>\n<li data-start=\"1180\" data-end=\"1214\">\n<p data-start=\"1182\" data-end=\"1214\">mecanismo interno innovador<\/p>\n<\/li>\n<li data-start=\"1215\" data-end=\"1244\">\n<p data-start=\"1217\" data-end=\"1244\">rompe cristales integrado<\/p>\n<\/li>\n<li data-start=\"1245\" data-end=\"1268\">\n<p data-start=\"1247\" data-end=\"1268\">producci\u00f3n CNC de precisi\u00f3n<\/p>\n<\/li>\n<\/ul>\n<p data-start=\"1270\" data-end=\"1363\">Cada cuchillo se fabrica \u00edntegramente en EE.UU. prestando atenci\u00f3n a la calidad, los detalles y la fiabilidad a largo plazo.<\/p>\n<hr data-start=\"1365\" data-end=\"1368\">\n<p data-start=\"1370\" data-end=\"1396\">\ud83d\udde1\ufe0f <strong data-start=\"1374\" data-end=\"1396\">Hoja &#8211; Daga D\/E<\/strong><\/p>\n<p data-start=\"1398\" data-end=\"1647\">La hoja de <strong data-start=\"1409\" data-end=\"1437\">la Daga D\/E (Doble Filo<\/strong> ) est\u00e1 afilada por ambos lados y tiene una pronunciada nervadura central para mayor resistencia. Hay largos surcos de relieve\/drenaje en ambos lados que contribuyen a la resistencia del dise\u00f1o y a su aspecto distintivo. <\/p>\n<p data-start=\"1649\" data-end=\"1725\"><strong data-start=\"1666\" data-end=\"1714\">Acabado negro (capa de nanocompuesto mate)<\/strong> asegura:<\/p>\n<ul data-start=\"1727\" data-end=\"1837\">\n<li data-start=\"1727\" data-end=\"1754\">\n<p data-start=\"1729\" data-end=\"1754\">alta dureza superficial<\/p>\n<\/li>\n<li data-start=\"1755\" data-end=\"1770\">\n<p data-start=\"1757\" data-end=\"1770\">baja fricci\u00f3n<\/p>\n<\/li>\n<li data-start=\"1771\" data-end=\"1805\">\n<p data-start=\"1773\" data-end=\"1805\">excelente resistencia a la corrosi\u00f3n<\/p>\n<\/li>\n<li data-start=\"1806\" data-end=\"1837\">\n<p data-start=\"1808\" data-end=\"1837\">no reflectante, aspecto t\u00e1ctico<\/p>\n<\/li>\n<\/ul>\n<p data-start=\"1839\" data-end=\"1945\">El corte plano alto proporciona excelentes propiedades de corte, al tiempo que mantiene una alta penetraci\u00f3n y resistencia.<\/p>\n<p data-start=\"1947\" data-end=\"2124\">El potente mecanismo de extensi\u00f3n y retracci\u00f3n de la hoja requiere cierta fuerza para vencer la resistencia del muelle, por motivos de seguridad. El dise\u00f1o permite un uso c\u00f3modo tanto para diestros como para zurdos. <\/p>\n<hr data-start=\"2126\" data-end=\"2129\">\n<p data-start=\"2131\" data-end=\"2168\"><strong data-start=\"2134\" data-end=\"2168\">\ud83d\udd2c Acero &#8211; B\u00f6hler M390 Microclean<\/strong><\/p>\n<p data-start=\"2170\" data-end=\"2262\">El acero <strong data-start=\"2183\" data-end=\"2203\">M390 Microclean\u00ae<\/strong> utilizado es un acero martens\u00edtico al cromo-polvo de alto rendimiento:<\/p>\n<ul data-start=\"2264\" data-end=\"2354\">\n<li data-start=\"2264\" data-end=\"2286\">\n<p data-start=\"2266\" data-end=\"2286\">20,0 % de cromo (Cr)<\/p>\n<\/li>\n<li data-start=\"2287\" data-end=\"2307\">\n<p data-start=\"2289\" data-end=\"2307\">1,9 % de carbono (C)<\/p>\n<\/li>\n<li data-start=\"2308\" data-end=\"2328\">\n<p data-start=\"2310\" data-end=\"2328\">4,0 % vanadio (V)<\/p>\n<\/li>\n<li data-start=\"2329\" data-end=\"2354\">\n<p data-start=\"2331\" data-end=\"2354\">dureza aprox. 59-61 HRC<\/p>\n<\/li>\n<\/ul>\n<p data-start=\"2356\" data-end=\"2369\">Se caracteriza por:<\/p>\n<ul data-start=\"2371\" data-end=\"2553\">\n<li data-start=\"2371\" data-end=\"2418\">\n<p data-start=\"2373\" data-end=\"2418\">resistencia al desgaste extremadamente alta<\/p>\n<\/li>\n<li data-start=\"2419\" data-end=\"2448\">\n<p data-start=\"2421\" data-end=\"2448\">alta resistencia a la corrosi\u00f3n<\/p>\n<\/li>\n<li data-start=\"2449\" data-end=\"2474\">\n<p data-start=\"2451\" data-end=\"2474\">larga retenci\u00f3n de la hoja<\/p>\n<\/li>\n<li data-start=\"2475\" data-end=\"2504\">\n<p data-start=\"2477\" data-end=\"2504\">mantenimiento m\u00ednimo<\/p>\n<\/li>\n<li data-start=\"2505\" data-end=\"2553\">\n<p data-start=\"2507\" data-end=\"2553\">resistencia a la formaci\u00f3n de rebabas durante el rectificado<\/p>\n<\/li>\n<\/ul>\n<p data-start=\"2555\" data-end=\"2641\">Es comparable al CPM 20CV o al CTS-204P y lo fabrica B\u00f6hler Edelstahl en Austria.<\/p>\n<hr data-start=\"2643\" data-end=\"2646\">\n<p data-start=\"2648\" data-end=\"2675\">\ud83e\udde9 <strong data-start=\"2651\" data-end=\"2675\">Mango y construcci\u00f3n<\/strong><\/p>\n<p data-start=\"2677\" data-end=\"2772\">El mango est\u00e1 mecanizado con precisi\u00f3n mediante CNC en aluminio <strong data-start=\"2746\" data-end=\"2757\">6061-T6<\/strong> anodizado en color tostado.<\/p>\n<ul data-start=\"2774\" data-end=\"3120\">\n<li data-start=\"2774\" data-end=\"2811\">\n<p data-start=\"2776\" data-end=\"2811\">Textura antideslizante fresada en 3D<\/p>\n<\/li>\n<li data-start=\"2812\" data-end=\"2856\">\n<p data-start=\"2814\" data-end=\"2856\">Jimping en la parte superior e inferior del mango<\/p>\n<\/li>\n<li data-start=\"2857\" data-end=\"2908\">\n<p data-start=\"2859\" data-end=\"2908\">Deslizador lateral empotrado para un agarre m\u00e1s natural<\/p>\n<\/li>\n<li data-start=\"2909\" data-end=\"2948\">\n<p data-start=\"2911\" data-end=\"2948\">Perfil delgado para llevarlo c\u00f3modamente en el EDC<\/p>\n<\/li>\n<li data-start=\"2949\" data-end=\"2998\">\n<p data-start=\"2951\" data-end=\"2998\">Clip de transporte profundo (lado derecho\/izquierdo, inclinado hacia abajo)<\/p>\n<\/li>\n<li data-start=\"2999\" data-end=\"3057\">\n<p data-start=\"3001\" data-end=\"3057\">Clip con logotipo Microtech, n\u00famero de serie y fecha de fabricaci\u00f3n<\/p>\n<\/li>\n<li data-start=\"3058\" data-end=\"3120\">\n<p data-start=\"3060\" data-end=\"3120\">Rompevidrios &#8211; punta de acero con bola de carburo de tungsteno<\/p>\n<\/li>\n<\/ul>\n<hr data-start=\"3122\" data-end=\"3125\">\n<p data-start=\"3127\" data-end=\"3155\">\u2699\ufe0f <strong data-start=\"3130\" data-end=\"3155\">Especificaciones t\u00e9cnicas<\/strong><\/p>\n<div class=\"TyagGW_tableContainer\">\n<div class=\"group TyagGW_tableWrapper flex flex-col-reverse w-fit\" tabindex=\"-1\">\n<table class=\"w-fit min-w-(--thread-content-width)\" data-start=\"3157\" data-end=\"3784\">\n<thead data-start=\"3157\" data-end=\"3179\">\n<tr data-start=\"3157\" data-end=\"3179\">\n<th class=\"\" data-start=\"3157\" data-end=\"3168\" data-col-size=\"sm\">Par\u00e1metro<\/th>\n<th class=\"\" data-start=\"3168\" data-end=\"3179\" data-col-size=\"sm\">Valor<\/th>\n<\/tr>\n<\/thead>\n<tbody data-start=\"3204\" data-end=\"3784\">\n<tr data-start=\"3204\" data-end=\"3232\">\n<td data-start=\"3204\" data-end=\"3212\" data-col-size=\"sm\">Modelo<\/td>\n<td data-start=\"3212\" data-end=\"3232\" data-col-size=\"sm\">Dirac Delta\u00ae D\/E<\/td>\n<\/tr>\n<tr data-start=\"3233\" data-end=\"3264\">\n<td data-start=\"3233\" data-end=\"3252\" data-col-size=\"sm\">N\u00famero de producto<\/td>\n<td data-start=\"3252\" data-end=\"3264\" data-col-size=\"sm\">227-1 TA<\/td>\n<\/tr>\n<tr data-start=\"3265\" data-end=\"3291\">\n<td data-start=\"3265\" data-end=\"3281\" data-col-size=\"sm\">Longitud total<\/td>\n<td data-start=\"3281\" data-end=\"3291\" data-col-size=\"sm\">235 mm<\/td>\n<\/tr>\n<tr data-start=\"3292\" data-end=\"3318\">\n<td data-start=\"3292\" data-end=\"3307\" data-col-size=\"sm\">Longitud de la hoja<\/td>\n<td data-start=\"3307\" data-end=\"3318\" data-col-size=\"sm\">95,2 mm<\/td>\n<\/tr>\n<tr data-start=\"3319\" data-end=\"3347\">\n<td data-start=\"3319\" data-end=\"3337\" data-col-size=\"sm\">Grosor de la hoja<\/td>\n<td data-start=\"3337\" data-end=\"3347\" data-col-size=\"sm\">3,0 mm<\/td>\n<\/tr>\n<tr data-start=\"3348\" data-end=\"3375\">\n<td data-start=\"3348\" data-end=\"3365\" data-col-size=\"sm\">Longitud del mango<\/td>\n<td data-start=\"3365\" data-end=\"3375\" data-col-size=\"sm\">140 mm<\/td>\n<\/tr>\n<tr data-start=\"3376\" data-end=\"3407\">\n<td data-start=\"3376\" data-end=\"3396\" data-col-size=\"sm\">Grosor del mango<\/td>\n<td data-start=\"3396\" data-end=\"3407\" data-col-size=\"sm\">12,7 mm<\/td>\n<\/tr>\n<tr data-start=\"3408\" data-end=\"3428\">\n<td data-start=\"3408\" data-end=\"3419\" data-col-size=\"sm\">Peso<\/td>\n<td data-start=\"3419\" data-end=\"3428\" data-col-size=\"sm\">129 g<\/td>\n<\/tr>\n<tr data-start=\"3429\" data-end=\"3474\">\n<td data-start=\"3429\" data-end=\"3447\" data-col-size=\"sm\">Material de la cuchilla<\/td>\n<td data-start=\"3447\" data-end=\"3474\" data-col-size=\"sm\">B\u00f6hler M390 Microclean<\/td>\n<\/tr>\n<tr data-start=\"3475\" data-end=\"3502\">\n<td data-start=\"3475\" data-end=\"3485\" data-col-size=\"sm\">Dureza<\/td>\n<td data-start=\"3485\" data-end=\"3502\" data-col-size=\"sm\">aprox. 59-61 HRC<\/td>\n<\/tr>\n<tr data-start=\"3503\" data-end=\"3520\">\n<td data-start=\"3503\" data-end=\"3512\" data-col-size=\"sm\">Recorte<\/td>\n<td data-start=\"3512\" data-end=\"3520\" data-col-size=\"sm\">Plano<\/td>\n<\/tr>\n<tr data-start=\"3521\" data-end=\"3546\">\n<td data-start=\"3521\" data-end=\"3537\" data-col-size=\"sm\">Superficie de la hoja<\/td>\n<td data-start=\"3537\" data-end=\"3546\" data-col-size=\"sm\">Negro<\/td>\n<\/tr>\n<tr data-start=\"3547\" data-end=\"3585\">\n<td data-start=\"3547\" data-end=\"3567\" data-col-size=\"sm\">Material del mango<\/td>\n<td data-start=\"3567\" data-end=\"3585\" data-col-size=\"sm\">Aluminio 6061-T6<\/td>\n<\/tr>\n<tr data-start=\"3586\" data-end=\"3610\">\n<td data-start=\"3586\" data-end=\"3603\" data-col-size=\"sm\">Color del asa<\/td>\n<td data-start=\"3603\" data-end=\"3610\" data-col-size=\"sm\">Tan<\/td>\n<\/tr>\n<tr data-start=\"3611\" data-end=\"3649\">\n<td data-start=\"3611\" data-end=\"3625\" data-col-size=\"sm\">Mecanismo<\/td>\n<td data-start=\"3625\" data-end=\"3649\" data-col-size=\"sm\">D\/A OTF &#8211; Bloqueo de la corredera<\/td>\n<\/tr>\n<tr data-start=\"3650\" data-end=\"3698\">\n<td data-start=\"3650\" data-end=\"3662\" data-col-size=\"sm\">Apertura<\/td>\n<td data-start=\"3662\" data-end=\"3698\" data-col-size=\"sm\">Autom\u00e1tica &#8211; corredera de empujar\/tirar<\/td>\n<\/tr>\n<tr data-start=\"3699\" data-end=\"3730\">\n<td data-start=\"3699\" data-end=\"3706\" data-col-size=\"sm\">Pinza<\/td>\n<td data-start=\"3706\" data-end=\"3730\" data-col-size=\"sm\">Derecha\/izquierda, basculante<\/td>\n<\/tr>\n<tr data-start=\"3731\" data-end=\"3762\">\n<td data-start=\"3731\" data-end=\"3742\" data-col-size=\"sm\">Dise\u00f1ador<\/td>\n<td data-start=\"3742\" data-end=\"3762\" data-col-size=\"sm\">Anthony Marfione<\/td>\n<\/tr>\n<tr data-start=\"3763\" data-end=\"3784\">\n<td data-start=\"3763\" data-end=\"3777\" data-col-size=\"sm\">Pa\u00eds de origen<\/td>\n<td data-start=\"3777\" data-end=\"3784\" data-col-size=\"sm\">EE.UU.<\/td>\n<\/tr>\n<\/tbody>\n<\/table>\n<\/div>\n<\/div>\n<hr data-start=\"3786\" data-end=\"3789\">\n<p data-start=\"3791\" data-end=\"3810\">\u2705 <strong data-start=\"3793\" data-end=\"3810\">Beneficios principales<\/strong><\/p>\n<ul data-start=\"3812\" data-end=\"4035\">\n<li data-start=\"3812\" data-end=\"3851\">\n<p data-start=\"3814\" data-end=\"3851\">Mecanismo D\/A OTF extremadamente r\u00e1pido<\/p>\n<\/li>\n<li data-start=\"3852\" data-end=\"3898\">\n<p data-start=\"3854\" data-end=\"3898\">Pala sim\u00e9trica D\/E de gran penetraci\u00f3n<\/p>\n<\/li>\n<li data-start=\"3899\" data-end=\"3933\">\n<p data-start=\"3901\" data-end=\"3933\">Acero Premium M390 Microclean<\/p>\n<\/li>\n<li data-start=\"3934\" data-end=\"3982\">\n<p data-start=\"3936\" data-end=\"3982\">Empu\u00f1adura ergon\u00f3mica con deslizador empotrado<\/p>\n<\/li>\n<li data-start=\"3983\" data-end=\"4010\">\n<p data-start=\"3985\" data-end=\"4010\">Uso totalmente reversible<\/p>\n<\/li>\n<li data-start=\"4011\" data-end=\"4035\">\n<p data-start=\"4013\" data-end=\"4035\">100% de fabricaci\u00f3n estadounidense<\/p>\n<\/li>\n<\/ul>\n<hr data-start=\"4037\" data-end=\"4040\">\n<p data-start=\"4042\" data-end=\"4062\">\u26a0\ufe0f <strong data-start=\"4045\" data-end=\"4062\">Posibles restricciones<\/strong><\/p>\n<ul data-start=\"4064\" data-end=\"4236\">\n<li data-start=\"4064\" data-end=\"4125\">\n<p data-start=\"4066\" data-end=\"4125\">La cuchilla doble no es ideal para todo tipo de trabajos comunes<\/p>\n<\/li>\n<li data-start=\"4126\" data-end=\"4181\">\n<p data-start=\"4128\" data-end=\"4181\">El mecanismo autom\u00e1tico requiere un mantenimiento regular<\/p>\n<\/li>\n<li data-start=\"4182\" data-end=\"4236\">\n<p data-start=\"4184\" data-end=\"4236\">Categor\u00eda de precio superior correspondiente a la clase superior<\/p>\n<\/li>\n<\/ul>\n<hr data-start=\"4238\" data-end=\"4241\">\n<p data-start=\"4243\" data-end=\"4264\">\ud83d\udee0\ufe0f <strong data-start=\"4247\" data-end=\"4264\">Mantenimiento y cuidado<\/strong><\/p>\n<ul data-start=\"4266\" data-end=\"4637\">\n<li data-start=\"4266\" data-end=\"4336\">\n<p data-start=\"4268\" data-end=\"4336\">Limpia y seca la cuchilla despu\u00e9s de usarla para preservar su longevidad<\/p>\n<\/li>\n<li data-start=\"4337\" data-end=\"4403\">\n<p data-start=\"4339\" data-end=\"4403\">Mant\u00e9n el mango seco y limpio, especialmente despu\u00e9s de entrar en contacto con la humedad<\/p>\n<\/li>\n<li data-start=\"4404\" data-end=\"4464\">\n<p data-start=\"4406\" data-end=\"4464\">Lubrica ligeramente la cuchilla con aceite protector para guardarla durante m\u00e1s tiempo<\/p>\n<\/li>\n<li data-start=\"4465\" data-end=\"4637\">\n<p data-start=\"4467\" data-end=\"4637\">Para afilar cuchillas, recomendamos el <strong data-start=\"4498\" data-end=\"4564\">Sistema Completo de Afilado Triangular Spyderco 204MF<\/strong>, tambi\u00e9n ideal para cuchillas lisas. \ud83d\uded2 Compra en nuestro sitio web Moskito.cz <\/p>\n<\/li>\n<\/ul>\n<p data-start=\"4639\" data-end=\"4717\">Un mantenimiento regular garantiza un funcionamiento fiable del mecanismo y un afilado duradero.<\/p>\n<hr data-start=\"4719\" data-end=\"4722\">\n<p data-start=\"4724\" data-end=\"4745\">\ud83c\udfaf <strong data-start=\"4727\" data-end=\"4745\">Recomendado para<\/strong><\/p>\n<ul data-start=\"4747\" data-end=\"4891\">\n<li data-start=\"4747\" data-end=\"4772\">\n<p data-start=\"4749\" data-end=\"4772\">Usuarios exigentes de EDC<\/p>\n<\/li>\n<li data-start=\"4773\" data-end=\"4807\">\n<p data-start=\"4775\" data-end=\"4807\">Uso t\u00e1ctico profesional<\/p>\n<\/li>\n<li data-start=\"4808\" data-end=\"4843\">\n<p data-start=\"4810\" data-end=\"4843\">Coleccionistas de modelos OTF premium<\/p>\n<\/li>\n<li data-start=\"4844\" data-end=\"4891\">\n<p data-start=\"4846\" data-end=\"4891\">Usuarios que prefieren una cuchilla D\/E sim\u00e9trica<\/p>\n<\/li>\n<\/ul>\n<hr data-start=\"4893\" data-end=\"4896\">\n<p data-start=\"4898\" data-end=\"4923\">\u2b50 <strong data-start=\"4900\" data-end=\"4923\">Calificaci\u00f3n final<\/strong><\/p>\n<p data-start=\"4925\" data-end=\"5216\" data-is-last-node=\"\" data-is-only-node=\"\">La Microtech Dirac Delta\u00ae 227-1 TA combina una agresiva hoja sim\u00e9trica, una moderna ergonom\u00eda y un mecanismo OTF extremadamente r\u00e1pido. Con acero M390 de primera calidad, fabricaci\u00f3n estadounidense y artesan\u00eda de precisi\u00f3n, es un modelo potente y prestigioso para usuarios que buscan calidad sin concesiones \ud83d\udd2a\ud83d\udd25. <\/p>\n","protected":false},"excerpt":{"rendered":"<p><strong>La Microtech Dirac Delta\u00ae 227-1 TA combina una agresiva hoja sim\u00e9trica, una moderna ergonom\u00eda y un mecanismo OTF extremadamente r\u00e1pido. Con acero M390 de primera calidad, fabricaci\u00f3n estadounidense y artesan\u00eda de precisi\u00f3n, es un modelo potente y prestigioso para usuarios que buscan calidad sin concesiones \ud83d\udd2a\ud83d\udd25. <\/strong><\/p>\n<p><strong>Env\u00edo gratis.<\/strong><\/p>\n","protected":false},"featured_media":436839,"comment_status":"open","ping_status":"closed","template":"","meta":[],"pwb-brand":[3752],"product_brand":[],"product_cat":[3729,3726],"product_tag":[],"class_list":{"0":"post-436910","1":"product","2":"type-product","3":"status-publish","4":"has-post-thumbnail","6":"pwb-brand-microtecnologia","7":"product_cat-cuchillos-de-tiro","8":"product_cat-cuchillos","10":"first","11":"instock","12":"taxable","13":"shipping-taxable","14":"purchasable","15":"product-type-simple"},"brands":[{"id":3752,"name":"microtecnolog\u00eda","slug":"microtecnologia"}],"_links":{"self":[{"href":"https:\/\/www.moskito.cz\/es\/wp-json\/wp\/v2\/product\/436910","targetHints":{"allow":["GET"]}}],"collection":[{"href":"https:\/\/www.moskito.cz\/es\/wp-json\/wp\/v2\/product"}],"about":[{"href":"https:\/\/www.moskito.cz\/es\/wp-json\/wp\/v2\/types\/product"}],"replies":[{"embeddable":true,"href":"https:\/\/www.moskito.cz\/es\/wp-json\/wp\/v2\/comments?post=436910"}],"wp:featuredmedia":[{"embeddable":true,"href":"https:\/\/www.moskito.cz\/es\/wp-json\/wp\/v2\/media\/436839"}],"wp:attachment":[{"href":"https:\/\/www.moskito.cz\/es\/wp-json\/wp\/v2\/media?parent=436910"}],"wp:term":[{"taxonomy":"pwb-brand","embeddable":true,"href":"https:\/\/www.moskito.cz\/es\/wp-json\/wp\/v2\/pwb-brand?post=436910"},{"taxonomy":"product_brand","embeddable":true,"href":"https:\/\/www.moskito.cz\/es\/wp-json\/wp\/v2\/product_brand?post=436910"},{"taxonomy":"product_cat","embeddable":true,"href":"https:\/\/www.moskito.cz\/es\/wp-json\/wp\/v2\/product_cat?post=436910"},{"taxonomy":"product_tag","embeddable":true,"href":"https:\/\/www.moskito.cz\/es\/wp-json\/wp\/v2\/product_tag?post=436910"}],"curies":[{"name":"wp","href":"https:\/\/api.w.org\/{rel}","templated":true}]}}