{"id":436999,"date":"2026-02-12T14:50:14","date_gmt":"2026-02-12T13:50:14","guid":{"rendered":"https:\/\/www.moskito.cz\/produkt\/cuchilla-de-expulsion-microtech-dirac-delta-227-10apnc\/"},"modified":"2026-02-12T16:09:25","modified_gmt":"2026-02-12T15:09:25","slug":"cuchilla-de-expulsion-microtech-dirac-delta-227-10apnc","status":"publish","type":"product","link":"https:\/\/www.moskito.cz\/es\/produkt\/cuchilla-de-expulsion-microtech-dirac-delta-227-10apnc\/","title":{"rendered":"Cuchilla de expulsi\u00f3n Microtech Dirac Delta 227-10APNC"},"content":{"rendered":"<p data-start=\"0\" data-end=\"390\">En cuanto coges la <strong data-start=\"23\" data-end=\"112\">Microtech Dirac Delta\u00ae D\/E OTF 227-10APNC &#8211; Aluminio Claro Natural \/ M390 Apocal\u00edptica<\/strong>, sientes inmediatamente la combinaci\u00f3n de precisi\u00f3n t\u00e9cnica y est\u00e9tica cruda. Este modelo es una versi\u00f3n m\u00e1s grande y potente de la primera plataforma DAC OTF de desplazamiento lateral de Dirac, ahora en un atractivo acabado de Aluminio Transparente Natural con acabado de cuchilla Apocal\u00edptico. <\/p>\n<p data-start=\"392\" data-end=\"461\">Dise\u00f1ado por Anthony (Tony) Marfion y fabricado y ensamblado al 100% en EE.UU.<\/p>\n<hr data-start=\"463\" data-end=\"466\">\n<p data-start=\"468\" data-end=\"496\">\ud83d\udd25 <strong data-start=\"471\" data-end=\"496\">Car\u00e1cter y filosof\u00eda<\/strong><\/p>\n<p data-start=\"498\" data-end=\"708\">La Dirac Delta\u00ae es una interpretaci\u00f3n moderna de la navaja t\u00e1ctica OTF, con \u00e9nfasis en la ergonom\u00eda y la velocidad. El deslizador lateral encastrado permite un apoyo m\u00e1s natural del pulgar y un manejo m\u00e1s c\u00f3modo en comparaci\u00f3n con los deslizadores superiores tradicionales. <\/p>\n<p data-start=\"710\" data-end=\"936\">El modelo funciona en modo <strong data-start=\"733\" data-end=\"756\">D\/A (Doble Acci\u00f3n)<\/strong>: la hoja se extiende y se retrae con un solo movimiento del pulgar. El mecanismo es extremadamente r\u00e1pido, pero al mismo tiempo requiere una presi\u00f3n controlada para vencer la resistencia del muelle, lo que contribuye a la seguridad. <\/p>\n<p data-start=\"938\" data-end=\"1049\">La longitud total de unos 235 mm la convierte en una herramienta t\u00e1ctica completa que se lleva bien como EDC.<\/p>\n<hr data-start=\"1051\" data-end=\"1054\">\n<p data-start=\"1056\" data-end=\"1072\">\ud83c\udfed <strong data-start=\"1059\" data-end=\"1072\">Sobre el productor<\/strong><\/p>\n<p data-start=\"1074\" data-end=\"1202\">Microtech Knives es una marca estadounidense con m\u00e1s de 30 a\u00f1os de historia en la producci\u00f3n de cuchillos autom\u00e1ticos de gama alta. Sus caracter\u00edsticas t\u00edpicas son: <\/p>\n<ul data-start=\"1204\" data-end=\"1355\">\n<li data-start=\"1204\" data-end=\"1229\">\n<p data-start=\"1206\" data-end=\"1229\">Mecanizado CNC de precisi\u00f3n<\/p>\n<\/li>\n<li data-start=\"1230\" data-end=\"1261\">\n<p data-start=\"1232\" data-end=\"1261\">Cierres patentados<\/p>\n<\/li>\n<li data-start=\"1262\" data-end=\"1295\">\n<p data-start=\"1264\" data-end=\"1295\">Mecanismos internos innovadores<\/p>\n<\/li>\n<li data-start=\"1296\" data-end=\"1325\">\n<p data-start=\"1298\" data-end=\"1325\">Rompe cristales integrado<\/p>\n<\/li>\n<li data-start=\"1326\" data-end=\"1355\">\n<p data-start=\"1328\" data-end=\"1355\">Control de calidad coherente<\/p>\n<\/li>\n<\/ul>\n<p data-start=\"1357\" data-end=\"1431\">Cada pieza se fabrica y ensambla en EE.UU. bajo la direcci\u00f3n de Anthony Marfione.<\/p>\n<hr data-start=\"1433\" data-end=\"1436\">\n<p data-start=\"1438\" data-end=\"1486\">\ud83d\udde1\ufe0f <strong data-start=\"1442\" data-end=\"1486\">Hoja &#8211; Daga D\/E con acabado Apocal\u00edptico<\/strong><\/p>\n<p data-start=\"1488\" data-end=\"1693\">La hoja de <strong data-start=\"1499\" data-end=\"1527\">la Daga D\/E (Doble Filo<\/strong> ) est\u00e1 afilada sim\u00e9tricamente por ambos lados con una nervadura central distintiva para aumentar su resistencia. Los largos surcos longitudinales aumentan la estabilidad estructural y acent\u00faan su aspecto agresivo. <\/p>\n<p data-start=\"1695\" data-end=\"1821\">El acabado <strong data-start=\"1712\" data-end=\"1727\">Apocal\u00edptico<\/strong> confiere a la hoja un aspecto crudo, \u00abdesgastado por la batalla\u00bb, al tiempo que ayuda a enmascarar peque\u00f1os signos de uso.<\/p>\n<p data-start=\"1823\" data-end=\"1854\">El corte alto y plano garantiza:<\/p>\n<ul data-start=\"1856\" data-end=\"1925\">\n<li data-start=\"1856\" data-end=\"1884\">\n<p data-start=\"1858\" data-end=\"1884\">excelentes propiedades de corte<\/p>\n<\/li>\n<li data-start=\"1885\" data-end=\"1907\">\n<p data-start=\"1887\" data-end=\"1907\">alta penetraci\u00f3n<\/p>\n<\/li>\n<li data-start=\"1908\" data-end=\"1925\">\n<p data-start=\"1910\" data-end=\"1925\">fuerza de la punta<\/p>\n<\/li>\n<\/ul>\n<hr data-start=\"1927\" data-end=\"1930\">\n<p data-start=\"1932\" data-end=\"1957\"><strong data-start=\"1935\" data-end=\"1957\">\ud83d\udd2c Acero &#8211; B\u00f6hler M390<\/strong><\/p>\n<p data-start=\"1959\" data-end=\"2043\">El acero utilizado es acero inoxidable martens\u00edtico en polvo <strong data-start=\"1972\" data-end=\"1987\">B\u00f6hler M390<\/strong> de primera calidad:<\/p>\n<ul data-start=\"2045\" data-end=\"2136\">\n<li data-start=\"2045\" data-end=\"2064\">\n<p data-start=\"2047\" data-end=\"2064\">aprox. 20 % de cromo<\/p>\n<\/li>\n<li data-start=\"2065\" data-end=\"2085\">\n<p data-start=\"2067\" data-end=\"2085\">aprox. 1,9 % de carbono<\/p>\n<\/li>\n<li data-start=\"2086\" data-end=\"2104\">\n<p data-start=\"2088\" data-end=\"2104\">aprox. 4 % de vanadio<\/p>\n<\/li>\n<li data-start=\"2105\" data-end=\"2136\">\n<p data-start=\"2107\" data-end=\"2136\">dureza aproximada 59-61 HRC<\/p>\n<\/li>\n<\/ul>\n<p data-start=\"2138\" data-end=\"2151\">Se caracteriza por:<\/p>\n<ul data-start=\"2153\" data-end=\"2278\">\n<li data-start=\"2153\" data-end=\"2192\">\n<p data-start=\"2155\" data-end=\"2192\">resistencia extrema al desgaste<\/p>\n<\/li>\n<li data-start=\"2193\" data-end=\"2222\">\n<p data-start=\"2195\" data-end=\"2222\">alta resistencia a la corrosi\u00f3n<\/p>\n<\/li>\n<li data-start=\"2223\" data-end=\"2248\">\n<p data-start=\"2225\" data-end=\"2248\">larga retenci\u00f3n de la hoja<\/p>\n<\/li>\n<li data-start=\"2249\" data-end=\"2278\">\n<p data-start=\"2251\" data-end=\"2278\">mantenimiento m\u00ednimo<\/p>\n<\/li>\n<\/ul>\n<p data-start=\"2280\" data-end=\"2338\">Es uno de los aceros m\u00e1s respetados en la producci\u00f3n moderna de cuchiller\u00eda.<\/p>\n<hr data-start=\"2340\" data-end=\"2343\">\n<p data-start=\"2345\" data-end=\"2384\">\ud83e\udde9 <strong data-start=\"2348\" data-end=\"2384\">Asa &#8211; Aluminio transparente natural<\/strong><\/p>\n<p data-start=\"2386\" data-end=\"2520\">El mango es de aluminio <strong data-start=\"2430\" data-end=\"2441\">6061-T6<\/strong> anodizado en Aluminio Claro Natural, para un aspecto limpio, t\u00e9cnico y elegante.<\/p>\n<ul data-start=\"2522\" data-end=\"2831\">\n<li data-start=\"2522\" data-end=\"2563\">\n<p data-start=\"2524\" data-end=\"2563\">Textura antideslizante fresada CNC en 3D<\/p>\n<\/li>\n<li data-start=\"2564\" data-end=\"2608\">\n<p data-start=\"2566\" data-end=\"2608\">Jimping en la parte superior e inferior del mango<\/p>\n<\/li>\n<li data-start=\"2609\" data-end=\"2660\">\n<p data-start=\"2611\" data-end=\"2660\">Deslizador lateral empotrado para un control natural<\/p>\n<\/li>\n<li data-start=\"2661\" data-end=\"2691\">\n<p data-start=\"2663\" data-end=\"2691\">Perfil delgado adecuado para EDC<\/p>\n<\/li>\n<li data-start=\"2692\" data-end=\"2734\">\n<p data-start=\"2694\" data-end=\"2734\">Clip de transporte profundo (derecha\/izquierda, inclinado hacia abajo)<\/p>\n<\/li>\n<li data-start=\"2735\" data-end=\"2783\">\n<p data-start=\"2737\" data-end=\"2783\">Clip con logotipo, n\u00famero de serie y fecha de fabricaci\u00f3n<\/p>\n<\/li>\n<li data-start=\"2784\" data-end=\"2831\">\n<p data-start=\"2786\" data-end=\"2831\">Rompevidrios con bola de carburo de tungsteno<\/p>\n<\/li>\n<\/ul>\n<hr data-start=\"2833\" data-end=\"2836\">\n<p data-start=\"2838\" data-end=\"2866\">\u2699\ufe0f <strong data-start=\"2841\" data-end=\"2866\">Especificaciones t\u00e9cnicas<\/strong><\/p>\n<div class=\"TyagGW_tableContainer\">\n<div class=\"group TyagGW_tableWrapper flex flex-col-reverse w-fit\" tabindex=\"-1\">\n<table class=\"w-fit min-w-(--thread-content-width)\" data-start=\"2868\" data-end=\"3527\">\n<thead data-start=\"2868\" data-end=\"2890\">\n<tr data-start=\"2868\" data-end=\"2890\">\n<th class=\"\" data-start=\"2868\" data-end=\"2879\" data-col-size=\"sm\">Par\u00e1metro<\/th>\n<th class=\"\" data-start=\"2879\" data-end=\"2890\" data-col-size=\"sm\">Valor<\/th>\n<\/tr>\n<\/thead>\n<tbody data-start=\"2915\" data-end=\"3527\">\n<tr data-start=\"2915\" data-end=\"2947\">\n<td data-start=\"2915\" data-end=\"2923\" data-col-size=\"sm\">Modelo<\/td>\n<td data-start=\"2923\" data-end=\"2947\" data-col-size=\"sm\">Dirac Delta\u00ae D\/E OTF<\/td>\n<\/tr>\n<tr data-start=\"2948\" data-end=\"2981\">\n<td data-start=\"2948\" data-end=\"2967\" data-col-size=\"sm\">N\u00famero de producto<\/td>\n<td data-start=\"2967\" data-end=\"2981\" data-col-size=\"sm\">227-10APNC<\/td>\n<\/tr>\n<tr data-start=\"2982\" data-end=\"3012\">\n<td data-start=\"2982\" data-end=\"2998\" data-col-size=\"sm\">Longitud total<\/td>\n<td data-start=\"2998\" data-end=\"3012\" data-col-size=\"sm\">aprox. 235 mm<\/td>\n<\/tr>\n<tr data-start=\"3013\" data-end=\"3041\">\n<td data-start=\"3013\" data-end=\"3028\" data-col-size=\"sm\">Longitud de la hoja<\/td>\n<td data-start=\"3028\" data-end=\"3041\" data-col-size=\"sm\">aprox. 95 mm<\/td>\n<\/tr>\n<tr data-start=\"3042\" data-end=\"3074\">\n<td data-start=\"3042\" data-end=\"3060\" data-col-size=\"sm\">Grosor de la hoja<\/td>\n<td data-start=\"3060\" data-end=\"3074\" data-col-size=\"sm\">aprox. 3,0 mm<\/td>\n<\/tr>\n<tr data-start=\"3075\" data-end=\"3106\">\n<td data-start=\"3075\" data-end=\"3092\" data-col-size=\"sm\">Longitud del mango<\/td>\n<td data-start=\"3092\" data-end=\"3106\" data-col-size=\"sm\">aprox. 140 mm<\/td>\n<\/tr>\n<tr data-start=\"3107\" data-end=\"3142\">\n<td data-start=\"3107\" data-end=\"3127\" data-col-size=\"sm\">Grosor del mango<\/td>\n<td data-start=\"3127\" data-end=\"3142\" data-col-size=\"sm\">aprox. 12,7 mm<\/td>\n<\/tr>\n<tr data-start=\"3143\" data-end=\"3167\">\n<td data-start=\"3143\" data-end=\"3154\" data-col-size=\"sm\">Peso<\/td>\n<td data-start=\"3154\" data-end=\"3167\" data-col-size=\"sm\">129 g aprox.<\/td>\n<\/tr>\n<tr data-start=\"3168\" data-end=\"3201\">\n<td data-start=\"3168\" data-end=\"3186\" data-col-size=\"sm\">Material de la cuchilla<\/td>\n<td data-start=\"3186\" data-end=\"3201\" data-col-size=\"sm\">B\u00f6hler M390<\/td>\n<\/tr>\n<tr data-start=\"3202\" data-end=\"3229\">\n<td data-start=\"3202\" data-end=\"3212\" data-col-size=\"sm\">Dureza<\/td>\n<td data-start=\"3212\" data-end=\"3229\" data-col-size=\"sm\">aprox. 59-61 HRC<\/td>\n<\/tr>\n<tr data-start=\"3230\" data-end=\"3247\">\n<td data-start=\"3230\" data-end=\"3239\" data-col-size=\"sm\">Recorte<\/td>\n<td data-start=\"3239\" data-end=\"3247\" data-col-size=\"sm\">Plano<\/td>\n<\/tr>\n<tr data-start=\"3248\" data-end=\"3279\">\n<td data-start=\"3248\" data-end=\"3264\" data-col-size=\"sm\">Superficie de la hoja<\/td>\n<td data-start=\"3264\" data-end=\"3279\" data-col-size=\"sm\">Apocal\u00edptico<\/td>\n<\/tr>\n<tr data-start=\"3280\" data-end=\"3318\">\n<td data-start=\"3280\" data-end=\"3300\" data-col-size=\"sm\">Material del mango<\/td>\n<td data-start=\"3300\" data-end=\"3318\" data-col-size=\"sm\">Aluminio 6061-T6<\/td>\n<\/tr>\n<tr data-start=\"3319\" data-end=\"3353\">\n<td data-start=\"3319\" data-end=\"3336\" data-col-size=\"sm\">Color del asa<\/td>\n<td data-start=\"3336\" data-end=\"3353\" data-col-size=\"sm\">Natural Claro<\/td>\n<\/tr>\n<tr data-start=\"3354\" data-end=\"3392\">\n<td data-start=\"3354\" data-end=\"3368\" data-col-size=\"sm\">Mecanismo<\/td>\n<td data-start=\"3368\" data-end=\"3392\" data-col-size=\"sm\">D\/A OTF &#8211; Bloqueo de la corredera<\/td>\n<\/tr>\n<tr data-start=\"3393\" data-end=\"3441\">\n<td data-start=\"3393\" data-end=\"3405\" data-col-size=\"sm\">Apertura<\/td>\n<td data-start=\"3405\" data-end=\"3441\" data-col-size=\"sm\">Autom\u00e1tica &#8211; corredera de empujar\/tirar<\/td>\n<\/tr>\n<tr data-start=\"3442\" data-end=\"3473\">\n<td data-start=\"3442\" data-end=\"3449\" data-col-size=\"sm\">Pinza<\/td>\n<td data-start=\"3449\" data-end=\"3473\" data-col-size=\"sm\">Derecha\/izquierda, basculante<\/td>\n<\/tr>\n<tr data-start=\"3474\" data-end=\"3505\">\n<td data-start=\"3474\" data-end=\"3485\" data-col-size=\"sm\">Dise\u00f1ador<\/td>\n<td data-start=\"3485\" data-end=\"3505\" data-col-size=\"sm\">Anthony Marfione<\/td>\n<\/tr>\n<tr data-start=\"3506\" data-end=\"3527\">\n<td data-start=\"3506\" data-end=\"3520\" data-col-size=\"sm\">Pa\u00eds de origen<\/td>\n<td data-start=\"3520\" data-end=\"3527\" data-col-size=\"sm\">EE.UU.<\/td>\n<\/tr>\n<\/tbody>\n<\/table>\n<\/div>\n<\/div>\n<hr data-start=\"3529\" data-end=\"3532\">\n<p data-start=\"3534\" data-end=\"3553\">\u2705 <strong data-start=\"3536\" data-end=\"3553\">Beneficios principales<\/strong><\/p>\n<ul data-start=\"3555\" data-end=\"3787\">\n<li data-start=\"3555\" data-end=\"3594\">\n<p data-start=\"3557\" data-end=\"3594\">Mecanismo D\/A OTF extremadamente r\u00e1pido<\/p>\n<\/li>\n<li data-start=\"3595\" data-end=\"3641\">\n<p data-start=\"3597\" data-end=\"3641\">Pala sim\u00e9trica D\/E de gran penetraci\u00f3n<\/p>\n<\/li>\n<li data-start=\"3642\" data-end=\"3664\">\n<p data-start=\"3644\" data-end=\"3664\">Acero de primera calidad M390<\/p>\n<\/li>\n<li data-start=\"3665\" data-end=\"3714\">\n<p data-start=\"3667\" data-end=\"3714\">Superficie apocal\u00edptica que oculta signos de uso<\/p>\n<\/li>\n<li data-start=\"3715\" data-end=\"3745\">\n<p data-start=\"3717\" data-end=\"3745\">Deslizador lateral ergon\u00f3mico<\/p>\n<\/li>\n<li data-start=\"3746\" data-end=\"3787\">\n<p data-start=\"3748\" data-end=\"3787\">Construcci\u00f3n de aluminio ligera pero resistente<\/p>\n<\/li>\n<\/ul>\n<hr data-start=\"3789\" data-end=\"3792\">\n<p data-start=\"3794\" data-end=\"3814\">\u26a0\ufe0f <strong data-start=\"3797\" data-end=\"3814\">Posibles restricciones<\/strong><\/p>\n<ul data-start=\"3816\" data-end=\"3988\">\n<li data-start=\"3816\" data-end=\"3870\">\n<p data-start=\"3818\" data-end=\"3870\">El doble filo no es ideal para todas las tareas habituales<\/p>\n<\/li>\n<li data-start=\"3871\" data-end=\"3926\">\n<p data-start=\"3873\" data-end=\"3926\">El mecanismo autom\u00e1tico requiere un mantenimiento regular<\/p>\n<\/li>\n<li data-start=\"3927\" data-end=\"3988\">\n<p data-start=\"3929\" data-end=\"3988\">Categor\u00eda de precio superior correspondiente a una mano de obra de primera calidad<\/p>\n<\/li>\n<\/ul>\n<hr data-start=\"3990\" data-end=\"3993\">\n<p data-start=\"3995\" data-end=\"4016\">\ud83d\udee0\ufe0f <strong data-start=\"3999\" data-end=\"4016\">Mantenimiento y cuidado<\/strong><\/p>\n<ul data-start=\"4018\" data-end=\"4389\">\n<li data-start=\"4018\" data-end=\"4088\">\n<p data-start=\"4020\" data-end=\"4088\">Limpia y seca la cuchilla despu\u00e9s de usarla para preservar su longevidad<\/p>\n<\/li>\n<li data-start=\"4089\" data-end=\"4155\">\n<p data-start=\"4091\" data-end=\"4155\">Mant\u00e9n el mango seco y limpio, especialmente despu\u00e9s de entrar en contacto con la humedad<\/p>\n<\/li>\n<li data-start=\"4156\" data-end=\"4216\">\n<p data-start=\"4158\" data-end=\"4216\">Lubrica ligeramente la cuchilla con aceite protector para guardarla durante m\u00e1s tiempo<\/p>\n<\/li>\n<li data-start=\"4217\" data-end=\"4389\">\n<p data-start=\"4219\" data-end=\"4389\">Para afilar cuchillas, recomendamos el <strong data-start=\"4250\" data-end=\"4316\">Sistema Completo de Afilado Triangular Spyderco 204MF<\/strong>, tambi\u00e9n ideal para cuchillas lisas. \ud83d\uded2 Compra en nuestro sitio web Moskito.cz <\/p>\n<\/li>\n<\/ul>\n<p data-start=\"4391\" data-end=\"4458\">Un cuidado regular garantiza la fiabilidad a largo plazo y el m\u00e1ximo rendimiento.<\/p>\n<hr data-start=\"4460\" data-end=\"4463\">\n<p data-start=\"4465\" data-end=\"4486\">\ud83c\udfaf <strong data-start=\"4468\" data-end=\"4486\">Recomendado para<\/strong><\/p>\n<ul data-start=\"4488\" data-end=\"4642\">\n<li data-start=\"4488\" data-end=\"4513\">\n<p data-start=\"4490\" data-end=\"4513\">Usuarios exigentes de EDC<\/p>\n<\/li>\n<li data-start=\"4514\" data-end=\"4548\">\n<p data-start=\"4516\" data-end=\"4548\">Uso t\u00e1ctico profesional<\/p>\n<\/li>\n<li data-start=\"4549\" data-end=\"4590\">\n<p data-start=\"4551\" data-end=\"4590\">Coleccionistas de modelos Microtech premium<\/p>\n<\/li>\n<li data-start=\"4591\" data-end=\"4642\">\n<p data-start=\"4593\" data-end=\"4642\">Usuarios que prefieren la geometr\u00eda sim\u00e9trica D\/E<\/p>\n<\/li>\n<\/ul>\n<hr data-start=\"4644\" data-end=\"4647\">\n<p data-start=\"4649\" data-end=\"4674\">\u2b50 <strong data-start=\"4651\" data-end=\"4674\">Calificaci\u00f3n final<\/strong><\/p>\n<p data-start=\"4676\" data-end=\"4944\" data-is-last-node=\"\" data-is-only-node=\"\">La Microtech Dirac Delta\u00ae D\/E 227-10APNC combina una ergonom\u00eda moderna, una agresiva hoja sim\u00e9trica y acero M390 de primera calidad con un aspecto apocal\u00edptico \u00fanico. El resultado es una navaja OTF t\u00e9cnicamente avanzada, r\u00e1pida y visualmente impactante para quienes desean rendimiento y estilo sin concesiones \ud83d\udd2a\ud83d\udd25. <\/p>\n","protected":false},"excerpt":{"rendered":"<p><strong>La Microtech Dirac Delta\u00ae D\/E 227-10APNC combina una ergonom\u00eda moderna, una agresiva hoja sim\u00e9trica y acero M390 de primera calidad con un aspecto apocal\u00edptico \u00fanico. El resultado es una navaja OTF t\u00e9cnicamente avanzada, r\u00e1pida y visualmente impactante para quienes desean rendimiento y estilo sin concesiones \ud83d\udd2a\ud83d\udd25. <\/strong><\/p>\n<p><strong>Env\u00edo gratis.<\/strong><\/p>\n","protected":false},"featured_media":436924,"comment_status":"open","ping_status":"closed","template":"","meta":[],"pwb-brand":[3752],"product_brand":[],"product_cat":[3729,3726],"product_tag":[],"class_list":{"0":"post-436999","1":"product","2":"type-product","3":"status-publish","4":"has-post-thumbnail","6":"pwb-brand-microtecnologia","7":"product_cat-cuchillos-de-tiro","8":"product_cat-cuchillos","10":"first","11":"instock","12":"taxable","13":"shipping-taxable","14":"purchasable","15":"product-type-simple"},"brands":[{"id":3752,"name":"microtecnolog\u00eda","slug":"microtecnologia"}],"_links":{"self":[{"href":"https:\/\/www.moskito.cz\/es\/wp-json\/wp\/v2\/product\/436999","targetHints":{"allow":["GET"]}}],"collection":[{"href":"https:\/\/www.moskito.cz\/es\/wp-json\/wp\/v2\/product"}],"about":[{"href":"https:\/\/www.moskito.cz\/es\/wp-json\/wp\/v2\/types\/product"}],"replies":[{"embeddable":true,"href":"https:\/\/www.moskito.cz\/es\/wp-json\/wp\/v2\/comments?post=436999"}],"wp:featuredmedia":[{"embeddable":true,"href":"https:\/\/www.moskito.cz\/es\/wp-json\/wp\/v2\/media\/436924"}],"wp:attachment":[{"href":"https:\/\/www.moskito.cz\/es\/wp-json\/wp\/v2\/media?parent=436999"}],"wp:term":[{"taxonomy":"pwb-brand","embeddable":true,"href":"https:\/\/www.moskito.cz\/es\/wp-json\/wp\/v2\/pwb-brand?post=436999"},{"taxonomy":"product_brand","embeddable":true,"href":"https:\/\/www.moskito.cz\/es\/wp-json\/wp\/v2\/product_brand?post=436999"},{"taxonomy":"product_cat","embeddable":true,"href":"https:\/\/www.moskito.cz\/es\/wp-json\/wp\/v2\/product_cat?post=436999"},{"taxonomy":"product_tag","embeddable":true,"href":"https:\/\/www.moskito.cz\/es\/wp-json\/wp\/v2\/product_tag?post=436999"}],"curies":[{"name":"wp","href":"https:\/\/api.w.org\/{rel}","templated":true}]}}