{"id":437096,"date":"2026-02-13T15:19:03","date_gmt":"2026-02-13T14:19:03","guid":{"rendered":"https:\/\/www.moskito.cz\/produkt\/cuchilla-de-expulsion-microtech-stitch-169-2nc\/"},"modified":"2026-02-13T15:39:35","modified_gmt":"2026-02-13T14:39:35","slug":"cuchilla-de-expulsion-microtech-stitch-169-2nc","status":"publish","type":"product","link":"https:\/\/www.moskito.cz\/es\/produkt\/cuchilla-de-expulsion-microtech-stitch-169-2nc\/","title":{"rendered":"Cuchilla de expulsi\u00f3n Microtech STITCH 169-2NC"},"content":{"rendered":"<h1 data-start=\"0\" data-end=\"81\">Microtech STITCH\u00ae S\/E OTF 169-2NC &#8211; Parte Serrada Negra \/ Aluminio Transparente Natural<\/h1>\n<p data-start=\"83\" data-end=\"439\">En cuanto cojas la <strong data-start=\"106\" data-end=\"189\">Microtech STITCH\u00ae S\/E OTF 169-2NC &#8211; Serrada Parcialmente Negra \/ Aluminio Transparente Natural<\/strong>, sentir\u00e1s inmediatamente la combinaci\u00f3n de fuerza bruta y precisi\u00f3n de la artesan\u00eda americana. Este modelo lleva el ic\u00f3nico dise\u00f1o Stitch a la plataforma autom\u00e1tica OTF e incorpora una hoja parcialmente serrada para una m\u00e1xima versatilidad en el uso cotidiano y t\u00e1ctico. <\/p>\n<p data-start=\"441\" data-end=\"510\">Dise\u00f1ado por Anthony (Tony) Marfion y fabricado y ensamblado al 100% en EE.UU.<\/p>\n<hr data-start=\"512\" data-end=\"515\">\n<h2 data-start=\"517\" data-end=\"544\">\ud83d\udd25 Car\u00e1cter y filosof\u00eda<\/h2>\n<p data-start=\"546\" data-end=\"763\">STITCH\u00ae es una robusta navaja t\u00e1ctica OTF construida centr\u00e1ndose en el rendimiento, la seguridad de agarre y la capacidad de respuesta. En comparaci\u00f3n con modelos m\u00e1s sutiles, se siente m\u00e1s s\u00f3lida y segura: una herramienta preparada para un manejo m\u00e1s duro. <\/p>\n<p data-start=\"765\" data-end=\"983\">El modelo funciona en modo D\/A (Doble Acci\u00f3n): la hoja se extiende y se retrae con un movimiento del pulgar mediante el deslizador lateral. El mecanismo es extremadamente r\u00e1pido y requiere una presi\u00f3n controlada, lo que contribuye a la seguridad durante el transporte. <\/p>\n<p data-start=\"985\" data-end=\"1102\">La longitud total de unos 216 mm la convierte en una herramienta de trabajo y t\u00e1ctica con todas las funciones, que se lleva bien como EDC.<\/p>\n<hr data-start=\"1104\" data-end=\"1107\">\n<h2 data-start=\"1109\" data-end=\"1124\">\ud83c\udfed Acerca del fabricante<\/h2>\n<p data-start=\"1126\" data-end=\"1279\"><strong data-start=\"1126\" data-end=\"1167\"><span class=\"hover:entity-accent entity-underline inline cursor-pointer align-baseline\"><span class=\"whitespace-normal\">Cuchillos Microtech<\/span><\/span><\/strong> es una marca estadounidense con m\u00e1s de 30 a\u00f1os de historia en la producci\u00f3n de cuchillos autom\u00e1ticos de alta gama. Sus caracter\u00edsticas t\u00edpicas son: <\/p>\n<ul data-start=\"1281\" data-end=\"1432\">\n<li data-start=\"1281\" data-end=\"1306\">\n<p data-start=\"1283\" data-end=\"1306\">Mecanizado CNC de precisi\u00f3n<\/p>\n<\/li>\n<li data-start=\"1307\" data-end=\"1338\">\n<p data-start=\"1309\" data-end=\"1338\">Cierres patentados<\/p>\n<\/li>\n<li data-start=\"1339\" data-end=\"1372\">\n<p data-start=\"1341\" data-end=\"1372\">Mecanismos internos innovadores<\/p>\n<\/li>\n<li data-start=\"1373\" data-end=\"1402\">\n<p data-start=\"1375\" data-end=\"1402\">Rompe cristales integrado<\/p>\n<\/li>\n<li data-start=\"1403\" data-end=\"1432\">\n<p data-start=\"1405\" data-end=\"1432\">Control de calidad coherente<\/p>\n<\/li>\n<\/ul>\n<p data-start=\"1434\" data-end=\"1508\">Cada pieza se fabrica y ensambla en EE.UU. bajo la direcci\u00f3n de Anthony Marfione.<\/p>\n<hr data-start=\"1510\" data-end=\"1513\">\n<h2 data-start=\"1515\" data-end=\"1563\">\ud83d\udde1\ufe0f Cuchilla &#8211; S\/E Parte Serrada con acabado negro<\/h2>\n<p data-start=\"1565\" data-end=\"1702\">La hoja tipo S\/E (Single Edge) combina una hoja lisa con una secci\u00f3n parcialmente dentada (Part Serrate), lo que ampl\u00eda significativamente su uso pr\u00e1ctico.<\/p>\n<p data-start=\"1704\" data-end=\"1731\">La parte lisa es ideal para:<\/p>\n<ul data-start=\"1733\" data-end=\"1795\">\n<li data-start=\"1733\" data-end=\"1756\">\n<p data-start=\"1735\" data-end=\"1756\">cortes precisos y limpios<\/p>\n<\/li>\n<li data-start=\"1757\" data-end=\"1776\">\n<p data-start=\"1759\" data-end=\"1776\">Tareas comunes del EDC<\/p>\n<\/li>\n<li data-start=\"1777\" data-end=\"1795\">\n<p data-start=\"1779\" data-end=\"1795\">trabajo detallado<\/p>\n<\/li>\n<\/ul>\n<p data-start=\"1797\" data-end=\"1825\">La parte dentada se puede manejar:<\/p>\n<ul data-start=\"1827\" data-end=\"1895\">\n<li data-start=\"1827\" data-end=\"1845\">\n<p data-start=\"1829\" data-end=\"1845\">cuerdas y cordeles<\/p>\n<\/li>\n<li data-start=\"1846\" data-end=\"1857\">\n<p data-start=\"1848\" data-end=\"1857\">correas<\/p>\n<\/li>\n<li data-start=\"1858\" data-end=\"1895\">\n<p data-start=\"1860\" data-end=\"1895\">textiles y materiales fibrosos<\/p>\n<\/li>\n<\/ul>\n<p data-start=\"1897\" data-end=\"1977\">El acabado negro reduce los reflejos y confiere al cuchillo un aspecto t\u00e1ctico y t\u00e9cnico.<\/p>\n<p data-start=\"1979\" data-end=\"2010\">El corte alto y plano garantiza:<\/p>\n<ul data-start=\"2012\" data-end=\"2087\">\n<li data-start=\"2012\" data-end=\"2040\">\n<p data-start=\"2014\" data-end=\"2040\">excelentes propiedades de corte<\/p>\n<\/li>\n<li data-start=\"2041\" data-end=\"2069\">\n<p data-start=\"2043\" data-end=\"2069\">buen control del corte<\/p>\n<\/li>\n<li data-start=\"2070\" data-end=\"2087\">\n<p data-start=\"2072\" data-end=\"2087\">fuerza de la punta<\/p>\n<\/li>\n<\/ul>\n<hr data-start=\"2089\" data-end=\"2092\">\n<h2 data-start=\"2094\" data-end=\"2118\">\ud83d\udd2c Acero &#8211; B\u00f6hler M390<\/h2>\n<p data-start=\"2120\" data-end=\"2229\">La hoja est\u00e1 fabricada con acero en polvo <strong data-start=\"2164\" data-end=\"2179\">B\u00f6hler M390<\/strong> de primera calidad, que es uno de los mejores de la fabricaci\u00f3n moderna de cuchillos.<\/p>\n<div class=\"contain-inline-size rounded-2xl corner-superellipse\/1.1 relative bg-token-sidebar-surface-primary\">\n<div class=\"sticky top-[calc(var(--sticky-padding-top)+9*var(--spacing))]\">\n<div class=\"absolute end-0 bottom-0 flex h-9 items-center pe-2\">\n<div class=\"bg-token-bg-elevated-secondary text-token-text-secondary flex items-center gap-4 rounded-sm px-2 font-sans text-xs\"><\/div>\n<\/div>\n<\/div>\n<div class=\"overflow-y-auto p-4\" dir=\"ltr\"><code class=\"whitespace-pre!\">cca <span class=\"hljs-number\">20<\/span> <span class=\"hljs-comment\">% chromu  <\/span><br \/>\ncca <span class=\"hljs-number\">1<\/span>,<span class=\"hljs-number\">9<\/span> <span class=\"hljs-comment\">% uhl\u00edku  <\/span><br \/>\ncca <span class=\"hljs-number\">4<\/span> <span class=\"hljs-comment\">% vanadu  <\/span><br \/>\ntvrdost p\u0159ibli\u017en\u011b <span class=\"hljs-number\">59<\/span>\u2013<span class=\"hljs-number\">61<\/span> HRC<br \/>\n<\/code><\/div>\n<\/div>\n<p data-start=\"2332\" data-end=\"2345\">Se caracteriza por:<\/p>\n<ul data-start=\"2347\" data-end=\"2472\">\n<li data-start=\"2347\" data-end=\"2386\">\n<p data-start=\"2349\" data-end=\"2386\">resistencia extrema al desgaste<\/p>\n<\/li>\n<li data-start=\"2387\" data-end=\"2416\">\n<p data-start=\"2389\" data-end=\"2416\">alta resistencia a la corrosi\u00f3n<\/p>\n<\/li>\n<li data-start=\"2417\" data-end=\"2442\">\n<p data-start=\"2419\" data-end=\"2442\">larga retenci\u00f3n de la hoja<\/p>\n<\/li>\n<li data-start=\"2443\" data-end=\"2472\">\n<p data-start=\"2445\" data-end=\"2472\">mantenimiento m\u00ednimo<\/p>\n<\/li>\n<\/ul>\n<p data-start=\"2474\" data-end=\"2527\">Es uno de los aceros m\u00e1s respetados en el segmento premium.<\/p>\n<hr data-start=\"2529\" data-end=\"2532\">\n<h2 data-start=\"2534\" data-end=\"2572\">\ud83e\udde9 Asa &#8211; Aluminio transparente natural<\/h2>\n<p data-start=\"2574\" data-end=\"2708\">La empu\u00f1adura es de aluminio 6061-T6 anodizado en Aluminio Claro Natural, para un aspecto limpio, t\u00e9cnico y profesional.<\/p>\n<ul data-start=\"2710\" data-end=\"3021\">\n<li data-start=\"2710\" data-end=\"2751\">\n<p data-start=\"2712\" data-end=\"2751\">Textura antideslizante fresada CNC en 3D<\/p>\n<\/li>\n<li data-start=\"2752\" data-end=\"2814\">\n<p data-start=\"2754\" data-end=\"2814\">Forma ergon\u00f3mica inspirada en el dise\u00f1o original Stitch<\/p>\n<\/li>\n<li data-start=\"2815\" data-end=\"2856\">\n<p data-start=\"2817\" data-end=\"2856\">Deslizador lateral para un control natural<\/p>\n<\/li>\n<li data-start=\"2857\" data-end=\"2887\">\n<p data-start=\"2859\" data-end=\"2887\">Construcci\u00f3n delgada pero s\u00f3lida<\/p>\n<\/li>\n<li data-start=\"2888\" data-end=\"2930\">\n<p data-start=\"2890\" data-end=\"2930\">Clip de transporte profundo (derecha\/izquierda, inclinado hacia abajo)<\/p>\n<\/li>\n<li data-start=\"2931\" data-end=\"2973\">\n<p data-start=\"2933\" data-end=\"2973\">Clip con n\u00famero de serie y fecha de fabricaci\u00f3n<\/p>\n<\/li>\n<li data-start=\"2974\" data-end=\"3021\">\n<p data-start=\"2976\" data-end=\"3021\">Rompevidrios con bola de carburo de tungsteno<\/p>\n<\/li>\n<\/ul>\n<p data-start=\"3023\" data-end=\"3103\">El resultado es una construcci\u00f3n ligera pero extremadamente resistente, adecuada para el uso diario.<\/p>\n<hr data-start=\"3105\" data-end=\"3108\">\n<h2 data-start=\"3110\" data-end=\"3137\">\u2699\ufe0f Especificaciones t\u00e9cnicas<\/h2>\n<div class=\"TyagGW_tableContainer\">\n<div class=\"group TyagGW_tableWrapper flex flex-col-reverse w-fit\" tabindex=\"-1\">\n<table class=\"w-fit min-w-(--thread-content-width)\" data-start=\"3139\" data-end=\"3785\">\n<thead data-start=\"3139\" data-end=\"3161\">\n<tr data-start=\"3139\" data-end=\"3161\">\n<th class=\"\" data-start=\"3139\" data-end=\"3150\" data-col-size=\"sm\">Par\u00e1metro<\/th>\n<th class=\"\" data-start=\"3150\" data-end=\"3161\" data-col-size=\"sm\">Valor<\/th>\n<\/tr>\n<\/thead>\n<tbody data-start=\"3188\" data-end=\"3785\">\n<tr data-start=\"3188\" data-end=\"3215\">\n<td data-start=\"3188\" data-end=\"3196\" data-col-size=\"sm\">Modelo<\/td>\n<td data-start=\"3196\" data-end=\"3215\" data-col-size=\"sm\">STITCH\u00ae S\/E OTF<\/td>\n<\/tr>\n<tr data-start=\"3216\" data-end=\"3246\">\n<td data-start=\"3216\" data-end=\"3235\" data-col-size=\"sm\">N\u00famero de producto<\/td>\n<td data-start=\"3235\" data-end=\"3246\" data-col-size=\"sm\">169-2NC<\/td>\n<\/tr>\n<tr data-start=\"3247\" data-end=\"3277\">\n<td data-start=\"3247\" data-end=\"3263\" data-col-size=\"sm\">Longitud total<\/td>\n<td data-start=\"3263\" data-end=\"3277\" data-col-size=\"sm\">aprox. 216 mm<\/td>\n<\/tr>\n<tr data-start=\"3278\" data-end=\"3306\">\n<td data-start=\"3278\" data-end=\"3293\" data-col-size=\"sm\">Longitud de la hoja<\/td>\n<td data-start=\"3293\" data-end=\"3306\" data-col-size=\"sm\">aprox. 95 mm<\/td>\n<\/tr>\n<tr data-start=\"3307\" data-end=\"3339\">\n<td data-start=\"3307\" data-end=\"3325\" data-col-size=\"sm\">Grosor de la hoja<\/td>\n<td data-start=\"3325\" data-end=\"3339\" data-col-size=\"sm\">aprox. 3,2 mm<\/td>\n<\/tr>\n<tr data-start=\"3340\" data-end=\"3371\">\n<td data-start=\"3340\" data-end=\"3357\" data-col-size=\"sm\">Longitud del mango<\/td>\n<td data-start=\"3357\" data-end=\"3371\" data-col-size=\"sm\">aprox. 127 mm<\/td>\n<\/tr>\n<tr data-start=\"3372\" data-end=\"3396\">\n<td data-start=\"3372\" data-end=\"3383\" data-col-size=\"sm\">Peso<\/td>\n<td data-start=\"3383\" data-end=\"3396\" data-col-size=\"sm\">aprox. 130 g<\/td>\n<\/tr>\n<tr data-start=\"3397\" data-end=\"3430\">\n<td data-start=\"3397\" data-end=\"3415\" data-col-size=\"sm\">Material de la cuchilla<\/td>\n<td data-start=\"3415\" data-end=\"3430\" data-col-size=\"sm\">B\u00f6hler M390<\/td>\n<\/tr>\n<tr data-start=\"3431\" data-end=\"3458\">\n<td data-start=\"3431\" data-end=\"3441\" data-col-size=\"sm\">Dureza<\/td>\n<td data-start=\"3441\" data-end=\"3458\" data-col-size=\"sm\">aprox. 59-61 HRC<\/td>\n<\/tr>\n<tr data-start=\"3459\" data-end=\"3476\">\n<td data-start=\"3459\" data-end=\"3468\" data-col-size=\"sm\">Recorte<\/td>\n<td data-start=\"3468\" data-end=\"3476\" data-col-size=\"sm\">Plano<\/td>\n<\/tr>\n<tr data-start=\"3477\" data-end=\"3502\">\n<td data-start=\"3477\" data-end=\"3493\" data-col-size=\"sm\">Superficie de la hoja<\/td>\n<td data-start=\"3493\" data-end=\"3502\" data-col-size=\"sm\">Negro<\/td>\n<\/tr>\n<tr data-start=\"3503\" data-end=\"3537\">\n<td data-start=\"3503\" data-end=\"3515\" data-col-size=\"sm\">Tipo de hoja<\/td>\n<td data-start=\"3515\" data-end=\"3537\" data-col-size=\"sm\">Parcialmente dentada<\/td>\n<\/tr>\n<tr data-start=\"3538\" data-end=\"3576\">\n<td data-start=\"3538\" data-end=\"3558\" data-col-size=\"sm\">Material del mango<\/td>\n<td data-start=\"3558\" data-end=\"3576\" data-col-size=\"sm\">Aluminio 6061-T6<\/td>\n<\/tr>\n<tr data-start=\"3577\" data-end=\"3611\">\n<td data-start=\"3577\" data-end=\"3594\" data-col-size=\"sm\">Color del asa<\/td>\n<td data-start=\"3594\" data-end=\"3611\" data-col-size=\"sm\">Natural Claro<\/td>\n<\/tr>\n<tr data-start=\"3612\" data-end=\"3650\">\n<td data-start=\"3612\" data-end=\"3626\" data-col-size=\"sm\">Mecanismo<\/td>\n<td data-start=\"3626\" data-end=\"3650\" data-col-size=\"sm\">D\/A OTF &#8211; Bloqueo de la corredera<\/td>\n<\/tr>\n<tr data-start=\"3651\" data-end=\"3699\">\n<td data-start=\"3651\" data-end=\"3663\" data-col-size=\"sm\">Apertura<\/td>\n<td data-start=\"3663\" data-end=\"3699\" data-col-size=\"sm\">Autom\u00e1tica &#8211; corredera de empujar\/tirar<\/td>\n<\/tr>\n<tr data-start=\"3700\" data-end=\"3731\">\n<td data-start=\"3700\" data-end=\"3707\" data-col-size=\"sm\">Pinza<\/td>\n<td data-start=\"3707\" data-end=\"3731\" data-col-size=\"sm\">Derecha\/izquierda, basculante<\/td>\n<\/tr>\n<tr data-start=\"3732\" data-end=\"3763\">\n<td data-start=\"3732\" data-end=\"3743\" data-col-size=\"sm\">Dise\u00f1ador<\/td>\n<td data-start=\"3743\" data-end=\"3763\" data-col-size=\"sm\">Anthony Marfione<\/td>\n<\/tr>\n<tr data-start=\"3764\" data-end=\"3785\">\n<td data-start=\"3764\" data-end=\"3778\" data-col-size=\"sm\">Pa\u00eds de origen<\/td>\n<td data-start=\"3778\" data-end=\"3785\" data-col-size=\"sm\">EE.UU.<\/td>\n<\/tr>\n<\/tbody>\n<\/table>\n<\/div>\n<\/div>\n<hr data-start=\"3787\" data-end=\"3790\">\n<h2 data-start=\"3792\" data-end=\"3810\">\u2705 Beneficios principales<\/h2>\n<ul data-start=\"3812\" data-end=\"4028\">\n<li data-start=\"3812\" data-end=\"3851\">\n<p data-start=\"3814\" data-end=\"3851\">Mecanismo D\/A OTF extremadamente r\u00e1pido<\/p>\n<\/li>\n<li data-start=\"3852\" data-end=\"3907\">\n<p data-start=\"3854\" data-end=\"3907\">Combinaci\u00f3n universal de hoja lisa y dentada<\/p>\n<\/li>\n<li data-start=\"3908\" data-end=\"3930\">\n<p data-start=\"3910\" data-end=\"3930\">Acero de primera calidad M390<\/p>\n<\/li>\n<li data-start=\"3931\" data-end=\"3963\">\n<p data-start=\"3933\" data-end=\"3963\">Acabado t\u00e1ctico de la hoja en negro<\/p>\n<\/li>\n<li data-start=\"3964\" data-end=\"3993\">\n<p data-start=\"3966\" data-end=\"3993\">Agarre ergon\u00f3mico y seguro<\/p>\n<\/li>\n<li data-start=\"3994\" data-end=\"4028\">\n<p data-start=\"3996\" data-end=\"4028\">Construcci\u00f3n ligera pero robusta<\/p>\n<\/li>\n<\/ul>\n<hr data-start=\"4030\" data-end=\"4033\">\n<h2 data-start=\"4035\" data-end=\"4054\">\u26a0\ufe0f Posibles restricciones<\/h2>\n<ul data-start=\"4056\" data-end=\"4232\">\n<li data-start=\"4056\" data-end=\"4114\">\n<p data-start=\"4058\" data-end=\"4114\">El dentado parcial puede no ser adecuado para todos los usuarios<\/p>\n<\/li>\n<li data-start=\"4115\" data-end=\"4170\">\n<p data-start=\"4117\" data-end=\"4170\">El mecanismo autom\u00e1tico requiere un mantenimiento regular<\/p>\n<\/li>\n<li data-start=\"4171\" data-end=\"4232\">\n<p data-start=\"4173\" data-end=\"4232\">Categor\u00eda de precio superior correspondiente a una mano de obra de primera calidad<\/p>\n<\/li>\n<\/ul>\n<hr data-start=\"4234\" data-end=\"4237\">\n<h2 data-start=\"4239\" data-end=\"4259\">\ud83d\udee0\ufe0f Mantenimiento y cuidado<\/h2>\n<ul data-start=\"4261\" data-end=\"4620\">\n<li data-start=\"4261\" data-end=\"4331\">\n<p data-start=\"4263\" data-end=\"4331\">Limpia y seca la cuchilla despu\u00e9s de usarla para preservar su longevidad<\/p>\n<\/li>\n<li data-start=\"4332\" data-end=\"4398\">\n<p data-start=\"4334\" data-end=\"4398\">Mant\u00e9n el mango seco y limpio, especialmente despu\u00e9s de entrar en contacto con la humedad<\/p>\n<\/li>\n<li data-start=\"4399\" data-end=\"4459\">\n<p data-start=\"4401\" data-end=\"4459\">Lubrica ligeramente la cuchilla con aceite protector para guardarla durante m\u00e1s tiempo<\/p>\n<\/li>\n<li data-start=\"4460\" data-end=\"4620\">\n<p data-start=\"4462\" data-end=\"4620\">Para afilar cuchillas recomendamos <strong data-start=\"4493\" data-end=\"4532\">el afilador triangular Spyderco 204MF<\/strong>, ideal para cuchillas combinadas con estr\u00edas. \ud83d\uded2 Compra en nuestro sitio web Moskito.cz <\/p>\n<\/li>\n<\/ul>\n<p data-start=\"4622\" data-end=\"4689\">Un cuidado regular garantiza la fiabilidad a largo plazo y el m\u00e1ximo rendimiento.<\/p>\n<hr data-start=\"4691\" data-end=\"4694\">\n<h2 data-start=\"4696\" data-end=\"4716\">\ud83c\udfaf Recomendado para<\/h2>\n<ul data-start=\"4718\" data-end=\"4863\">\n<li data-start=\"4718\" data-end=\"4743\">\n<p data-start=\"4720\" data-end=\"4743\">Usuarios exigentes de EDC<\/p>\n<\/li>\n<li data-start=\"4744\" data-end=\"4778\">\n<p data-start=\"4746\" data-end=\"4778\">Uso t\u00e1ctico profesional<\/p>\n<\/li>\n<li data-start=\"4779\" data-end=\"4821\">\n<p data-start=\"4781\" data-end=\"4821\">Usuarios que necesitan una cuchilla universal<\/p>\n<\/li>\n<li data-start=\"4822\" data-end=\"4863\">\n<p data-start=\"4824\" data-end=\"4863\">Colectores de modelos premium Microtech<\/p>\n<\/li>\n<\/ul>\n<hr data-start=\"4865\" data-end=\"4868\">\n<h2 data-start=\"4870\" data-end=\"4894\">\u2b50 Calificaci\u00f3n final<\/h2>\n<p data-start=\"4896\" data-end=\"5148\" data-is-last-node=\"\" data-is-only-node=\"\">La Microtech STITCH\u00ae S\/E OTF 169-2NC combina un dise\u00f1o agresivo, una pr\u00e1ctica combinaci\u00f3n de hojas y acero M390 de primera calidad con la precisi\u00f3n de la fabricaci\u00f3n americana. El resultado es una navaja OTF r\u00e1pida, robusta y visualmente impactante para quienes desean el m\u00e1ximo rendimiento sin concesiones \ud83d\udd2a\ud83d\udd25. <\/p>\n","protected":false},"excerpt":{"rendered":"<p><strong>La Microtech STITCH\u00ae S\/E OTF 169-2NC combina un dise\u00f1o agresivo, una pr\u00e1ctica combinaci\u00f3n de hojas y acero M390 de primera calidad con la precisi\u00f3n de la fabricaci\u00f3n americana. El resultado es una navaja OTF r\u00e1pida, robusta y visualmente impactante para quienes desean el m\u00e1ximo rendimiento sin concesiones \ud83d\udd2a\ud83d\udd25. <\/strong><\/p>\n<p><strong>Env\u00edo gratis.<\/strong><\/p>\n","protected":false},"featured_media":437019,"comment_status":"open","ping_status":"closed","template":"","meta":[],"pwb-brand":[3752],"product_brand":[],"product_cat":[3729,3726],"product_tag":[],"class_list":{"0":"post-437096","1":"product","2":"type-product","3":"status-publish","4":"has-post-thumbnail","6":"pwb-brand-microtecnologia","7":"product_cat-cuchillos-de-tiro","8":"product_cat-cuchillos","10":"first","11":"instock","12":"taxable","13":"shipping-taxable","14":"purchasable","15":"product-type-simple"},"brands":[{"id":3752,"name":"microtecnolog\u00eda","slug":"microtecnologia"}],"_links":{"self":[{"href":"https:\/\/www.moskito.cz\/es\/wp-json\/wp\/v2\/product\/437096","targetHints":{"allow":["GET"]}}],"collection":[{"href":"https:\/\/www.moskito.cz\/es\/wp-json\/wp\/v2\/product"}],"about":[{"href":"https:\/\/www.moskito.cz\/es\/wp-json\/wp\/v2\/types\/product"}],"replies":[{"embeddable":true,"href":"https:\/\/www.moskito.cz\/es\/wp-json\/wp\/v2\/comments?post=437096"}],"wp:featuredmedia":[{"embeddable":true,"href":"https:\/\/www.moskito.cz\/es\/wp-json\/wp\/v2\/media\/437019"}],"wp:attachment":[{"href":"https:\/\/www.moskito.cz\/es\/wp-json\/wp\/v2\/media?parent=437096"}],"wp:term":[{"taxonomy":"pwb-brand","embeddable":true,"href":"https:\/\/www.moskito.cz\/es\/wp-json\/wp\/v2\/pwb-brand?post=437096"},{"taxonomy":"product_brand","embeddable":true,"href":"https:\/\/www.moskito.cz\/es\/wp-json\/wp\/v2\/product_brand?post=437096"},{"taxonomy":"product_cat","embeddable":true,"href":"https:\/\/www.moskito.cz\/es\/wp-json\/wp\/v2\/product_cat?post=437096"},{"taxonomy":"product_tag","embeddable":true,"href":"https:\/\/www.moskito.cz\/es\/wp-json\/wp\/v2\/product_tag?post=437096"}],"curies":[{"name":"wp","href":"https:\/\/api.w.org\/{rel}","templated":true}]}}