{"id":437144,"date":"2023-11-15T16:12:09","date_gmt":"2023-11-15T15:12:09","guid":{"rendered":"https:\/\/www.moskito.cz\/produkt\/cuchillo-de-expulsion-microtech-borka-puntada-apocaliptica-169-10apnc\/"},"modified":"2026-02-13T16:18:20","modified_gmt":"2026-02-13T15:18:20","slug":"cuchillo-de-expulsion-microtech-borka-puntada-apocaliptica-169-10apnc","status":"publish","type":"product","link":"https:\/\/www.moskito.cz\/es\/produkt\/cuchillo-de-expulsion-microtech-borka-puntada-apocaliptica-169-10apnc\/","title":{"rendered":"Cuchillo de Expulsi\u00f3n Microtech\/Borka Puntada Apocal\u00edptica 169-10APNC"},"content":{"rendered":"<h1 data-start=\"0\" data-end=\"91\"><strong data-start=\"2\" data-end=\"91\">Microtech\/Borka STITCH\u00ae Apocal\u00edptico OTF 169-10APNC &#8211; Transparente natural \/ Apocal\u00edptico M390<\/strong><\/h1>\n<p data-start=\"93\" data-end=\"491\">En cuanto cojas la <strong data-start=\"116\" data-end=\"205\">Microtech\/Borka STITCH\u00ae Apocalyptic OTF 169-10APNC &#8211; Natural Transparente \/ Apocalyptic M390<\/strong>, sentir\u00e1s inmediatamente la combinaci\u00f3n de precisi\u00f3n t\u00e9cnica, est\u00e9tica cruda y car\u00e1cter t\u00e1ctico contundente. Este modelo, fruto de la colaboraci\u00f3n entre <strong data-start=\"343\" data-end=\"356\">Microtech<\/strong> y <strong data-start=\"381\" data-end=\"397\">Borka Blades<\/strong>, ofrece un rendimiento robusto, un dise\u00f1o distintivo y la m\u00e1xima versatilidad para EDC y despliegues t\u00e1cticos. <\/p>\n<p data-start=\"493\" data-end=\"591\">Dise\u00f1ado por Anthony (Tony) Marfion en colaboraci\u00f3n con Borka Blades y fabricado y ensamblado al 100% en EE.UU.<\/p>\n<hr data-start=\"593\" data-end=\"596\">\n<h2 data-start=\"598\" data-end=\"625\">\ud83d\udd25 Car\u00e1cter y filosof\u00eda<\/h2>\n<p data-start=\"627\" data-end=\"935\">STITCH\u00ae Apocalyptic es una interpretaci\u00f3n de la cl\u00e1sica navaja OTF con \u00e9nfasis en la potencia, la activaci\u00f3n r\u00e1pida y un estilo visual agresivo. El deslizador empotrado en el lateral proporciona un apoyo natural del pulgar y un control c\u00f3modo sin molestos \u00abdeslizamientos\u00bb. Este modelo combina la practicidad de un cuchillo t\u00e1ctico con un aspecto art\u00edstico y crudo.  <\/p>\n<p data-start=\"937\" data-end=\"1170\">El modelo funciona en modo D\/A (Doble Acci\u00f3n): la hoja se extiende y se retrae con un solo movimiento del pulgar. El mecanismo es extremadamente r\u00e1pido, pero al mismo tiempo requiere una presi\u00f3n controlada para vencer la resistencia del muelle, lo que aumenta la seguridad durante el manejo. <\/p>\n<p data-start=\"1172\" data-end=\"1283\">La longitud total de unos 226 mm la convierte en una herramienta t\u00e1ctica de tama\u00f1o normal que se lleva bien como EDC.<\/p>\n<hr data-start=\"1285\" data-end=\"1288\">\n<h2 data-start=\"1290\" data-end=\"1305\">\ud83c\udfed Acerca del fabricante<\/h2>\n<p data-start=\"1307\" data-end=\"1425\"><strong data-start=\"1307\" data-end=\"1348\"><span class=\"hover:entity-accent entity-underline inline cursor-pointer align-baseline\"><span class=\"whitespace-normal\">Cuchillos Microtech<\/span><\/span><\/strong> y <strong data-start=\"1351\" data-end=\"1367\">Borka Blades<\/strong> son leyendas en el campo del arte y el dise\u00f1o de cuchillos.<\/p>\n<p data-start=\"1427\" data-end=\"1523\">Microtech Knives es una marca con m\u00e1s de 30 a\u00f1os de tradici\u00f3n en la fabricaci\u00f3n de cuchillos autom\u00e1ticos, conocida por:<\/p>\n<ul data-start=\"1525\" data-end=\"1677\">\n<li data-start=\"1525\" data-end=\"1550\">\n<p data-start=\"1527\" data-end=\"1550\">Mecanizado CNC de precisi\u00f3n<\/p>\n<\/li>\n<li data-start=\"1551\" data-end=\"1582\">\n<p data-start=\"1553\" data-end=\"1582\">Cierres patentados<\/p>\n<\/li>\n<li data-start=\"1583\" data-end=\"1616\">\n<p data-start=\"1585\" data-end=\"1616\">Mecanismos internos innovadores<\/p>\n<\/li>\n<li data-start=\"1617\" data-end=\"1646\">\n<p data-start=\"1619\" data-end=\"1646\">Rompe cristales integrado<\/p>\n<\/li>\n<li data-start=\"1647\" data-end=\"1677\">\n<p data-start=\"1649\" data-end=\"1677\">Control de calidad coherente<\/p>\n<\/li>\n<\/ul>\n<p data-start=\"1679\" data-end=\"1761\">Borka Blades aporta al proyecto una autenticidad est\u00e9tica y un estilo \u00fanicos.<\/p>\n<p data-start=\"1763\" data-end=\"1837\">Cada pieza se fabrica y ensambla en EE.UU. bajo la direcci\u00f3n de Anthony Marfione.<\/p>\n<hr data-start=\"1839\" data-end=\"1842\">\n<h2 data-start=\"1844\" data-end=\"1890\">\ud83d\udde1\ufe0f Hoja &#8211; Lanza D\/E con acabado Apocal\u00edptico<\/h2>\n<p data-start=\"1892\" data-end=\"2125\">La hoja de la lanza D\/E (Doble Filo) est\u00e1 afilada sim\u00e9tricamente por ambos lados, con una pronunciada nervadura central para aumentar su resistencia. El dise\u00f1o se inspira en las dagas t\u00e1cticas cl\u00e1sicas, combinando una geometr\u00eda agresiva con una pr\u00e1ctica versatilidad. <\/p>\n<p data-start=\"2127\" data-end=\"2248\">El acabado Apocal\u00edptico confiere a la hoja un aspecto robusto y \u00abdesgastado por la batalla\u00bb, a la vez que ayuda a enmascarar peque\u00f1os signos de uso.<\/p>\n<p data-start=\"2250\" data-end=\"2281\">El corte alto y plano garantiza:<\/p>\n<ul data-start=\"2283\" data-end=\"2352\">\n<li data-start=\"2283\" data-end=\"2311\">\n<p data-start=\"2285\" data-end=\"2311\">excelentes propiedades de corte<\/p>\n<\/li>\n<li data-start=\"2312\" data-end=\"2334\">\n<p data-start=\"2314\" data-end=\"2334\">alta penetraci\u00f3n<\/p>\n<\/li>\n<li data-start=\"2335\" data-end=\"2352\">\n<p data-start=\"2337\" data-end=\"2352\">fuerza de la punta<\/p>\n<\/li>\n<\/ul>\n<hr data-start=\"2354\" data-end=\"2357\">\n<h2 data-start=\"2359\" data-end=\"2383\">\ud83d\udd2c Acero &#8211; B\u00f6hler M390<\/h2>\n<p data-start=\"2385\" data-end=\"2495\">Acero utilizado <strong data-start=\"2398\" data-end=\"2439\"><span class=\"hover:entity-accent entity-underline inline cursor-pointer align-baseline\"><span class=\"whitespace-normal\">B\u00f6hler M390<\/span><\/span><\/strong> es un acero inoxidable martens\u00edtico pulverizado de calidad superior:<\/p>\n<ul data-start=\"2497\" data-end=\"2588\">\n<li data-start=\"2497\" data-end=\"2516\">\n<p data-start=\"2499\" data-end=\"2516\">aprox. 20 % de cromo<\/p>\n<\/li>\n<li data-start=\"2517\" data-end=\"2537\">\n<p data-start=\"2519\" data-end=\"2537\">aprox. 1,9 % de carbono<\/p>\n<\/li>\n<li data-start=\"2538\" data-end=\"2556\">\n<p data-start=\"2540\" data-end=\"2556\">aprox. 4 % de vanadio<\/p>\n<\/li>\n<li data-start=\"2557\" data-end=\"2588\">\n<p data-start=\"2559\" data-end=\"2588\">dureza aproximada 59-61 HRC<\/p>\n<\/li>\n<\/ul>\n<p data-start=\"2590\" data-end=\"2603\">Se caracteriza por:<\/p>\n<ul data-start=\"2605\" data-end=\"2730\">\n<li data-start=\"2605\" data-end=\"2644\">\n<p data-start=\"2607\" data-end=\"2644\">resistencia extrema al desgaste<\/p>\n<\/li>\n<li data-start=\"2645\" data-end=\"2674\">\n<p data-start=\"2647\" data-end=\"2674\">alta resistencia a la corrosi\u00f3n<\/p>\n<\/li>\n<li data-start=\"2675\" data-end=\"2700\">\n<p data-start=\"2677\" data-end=\"2700\">larga retenci\u00f3n de la hoja<\/p>\n<\/li>\n<li data-start=\"2701\" data-end=\"2730\">\n<p data-start=\"2703\" data-end=\"2730\">mantenimiento m\u00ednimo<\/p>\n<\/li>\n<\/ul>\n<p data-start=\"2732\" data-end=\"2790\">Es uno de los aceros m\u00e1s respetados en la producci\u00f3n moderna de cuchiller\u00eda.<\/p>\n<hr data-start=\"2792\" data-end=\"2795\">\n<h2 data-start=\"2797\" data-end=\"2835\">\ud83e\udde9 Asa &#8211; Aluminio transparente natural<\/h2>\n<p data-start=\"2837\" data-end=\"2967\">El mango es de aluminio 6061-T6 anodizado en Aluminio Claro Natural, para un aspecto limpio, t\u00e9cnico y elegante.<\/p>\n<ul data-start=\"2969\" data-end=\"3278\">\n<li data-start=\"2969\" data-end=\"3010\">\n<p data-start=\"2971\" data-end=\"3010\">Textura antideslizante fresada CNC en 3D<\/p>\n<\/li>\n<li data-start=\"3011\" data-end=\"3055\">\n<p data-start=\"3013\" data-end=\"3055\">Jimping en la parte superior e inferior del mango<\/p>\n<\/li>\n<li data-start=\"3056\" data-end=\"3107\">\n<p data-start=\"3058\" data-end=\"3107\">Deslizador lateral empotrado para un control natural<\/p>\n<\/li>\n<li data-start=\"3108\" data-end=\"3138\">\n<p data-start=\"3110\" data-end=\"3138\">Perfil delgado adecuado para EDC<\/p>\n<\/li>\n<li data-start=\"3139\" data-end=\"3181\">\n<p data-start=\"3141\" data-end=\"3181\">Clip de transporte profundo (derecha\/izquierda, inclinado hacia abajo)<\/p>\n<\/li>\n<li data-start=\"3182\" data-end=\"3230\">\n<p data-start=\"3184\" data-end=\"3230\">Clip con logotipo, n\u00famero de serie y fecha de fabricaci\u00f3n<\/p>\n<\/li>\n<li data-start=\"3231\" data-end=\"3278\">\n<p data-start=\"3233\" data-end=\"3278\">Rompevidrios con bola de carburo de tungsteno<\/p>\n<\/li>\n<\/ul>\n<hr data-start=\"3280\" data-end=\"3283\">\n<h2 data-start=\"3285\" data-end=\"3312\">\u2699\ufe0f Especificaciones t\u00e9cnicas<\/h2>\n<div class=\"TyagGW_tableContainer\">\n<div class=\"group TyagGW_tableWrapper flex flex-col-reverse w-fit\" tabindex=\"-1\">\n<table class=\"w-fit min-w-(--thread-content-width)\" data-start=\"3314\" data-end=\"3964\">\n<thead data-start=\"3314\" data-end=\"3344\">\n<tr data-start=\"3314\" data-end=\"3344\">\n<th class=\"\" data-start=\"3314\" data-end=\"3329\" data-col-size=\"sm\"><strong data-start=\"3316\" data-end=\"3328\">Par\u00e1metro<\/strong><\/th>\n<th class=\"\" data-start=\"3329\" data-end=\"3344\" data-col-size=\"sm\"><strong data-start=\"3331\" data-end=\"3342\">Valor<\/strong><\/th>\n<\/tr>\n<\/thead>\n<tbody data-start=\"3376\" data-end=\"3964\">\n<tr data-start=\"3376\" data-end=\"3411\">\n<td data-start=\"3376\" data-end=\"3384\" data-col-size=\"sm\">Modelo<\/td>\n<td data-start=\"3384\" data-end=\"3411\" data-col-size=\"sm\">STITCH\u00ae Apocal\u00edptico OTF<\/td>\n<\/tr>\n<tr data-start=\"3412\" data-end=\"3445\">\n<td data-start=\"3412\" data-end=\"3431\" data-col-size=\"sm\">N\u00famero de producto<\/td>\n<td data-start=\"3431\" data-end=\"3445\" data-col-size=\"sm\">169-10APNC<\/td>\n<\/tr>\n<tr data-start=\"3446\" data-end=\"3476\">\n<td data-start=\"3446\" data-end=\"3462\" data-col-size=\"sm\">Longitud total<\/td>\n<td data-start=\"3462\" data-end=\"3476\" data-col-size=\"sm\">aprox. 226 mm<\/td>\n<\/tr>\n<tr data-start=\"3477\" data-end=\"3505\">\n<td data-start=\"3477\" data-end=\"3492\" data-col-size=\"sm\">Longitud de la hoja<\/td>\n<td data-start=\"3492\" data-end=\"3505\" data-col-size=\"sm\">aprox. 95 mm<\/td>\n<\/tr>\n<tr data-start=\"3506\" data-end=\"3538\">\n<td data-start=\"3506\" data-end=\"3524\" data-col-size=\"sm\">Grosor de la hoja<\/td>\n<td data-start=\"3524\" data-end=\"3538\" data-col-size=\"sm\">aprox. 3,0 mm<\/td>\n<\/tr>\n<tr data-start=\"3539\" data-end=\"3570\">\n<td data-start=\"3539\" data-end=\"3556\" data-col-size=\"sm\">Longitud del mango<\/td>\n<td data-start=\"3556\" data-end=\"3570\" data-col-size=\"sm\">aprox. 131 mm<\/td>\n<\/tr>\n<tr data-start=\"3571\" data-end=\"3595\">\n<td data-start=\"3571\" data-end=\"3582\" data-col-size=\"sm\">Peso<\/td>\n<td data-start=\"3582\" data-end=\"3595\" data-col-size=\"sm\">aprox. 135 g<\/td>\n<\/tr>\n<tr data-start=\"3596\" data-end=\"3629\">\n<td data-start=\"3596\" data-end=\"3614\" data-col-size=\"sm\">Material de la cuchilla<\/td>\n<td data-start=\"3614\" data-end=\"3629\" data-col-size=\"sm\">B\u00f6hler M390<\/td>\n<\/tr>\n<tr data-start=\"3630\" data-end=\"3657\">\n<td data-start=\"3630\" data-end=\"3640\" data-col-size=\"sm\">Dureza<\/td>\n<td data-start=\"3640\" data-end=\"3657\" data-col-size=\"sm\">aprox. 59-61 HRC<\/td>\n<\/tr>\n<tr data-start=\"3658\" data-end=\"3675\">\n<td data-start=\"3658\" data-end=\"3667\" data-col-size=\"sm\">Recorte<\/td>\n<td data-start=\"3667\" data-end=\"3675\" data-col-size=\"sm\">Plano<\/td>\n<\/tr>\n<tr data-start=\"3676\" data-end=\"3707\">\n<td data-start=\"3676\" data-end=\"3692\" data-col-size=\"sm\">Superficie de la hoja<\/td>\n<td data-start=\"3692\" data-end=\"3707\" data-col-size=\"sm\">Apocal\u00edptico<\/td>\n<\/tr>\n<tr data-start=\"3708\" data-end=\"3746\">\n<td data-start=\"3708\" data-end=\"3728\" data-col-size=\"sm\">Material del mango<\/td>\n<td data-start=\"3728\" data-end=\"3746\" data-col-size=\"sm\">Aluminio 6061-T6<\/td>\n<\/tr>\n<tr data-start=\"3747\" data-end=\"3781\">\n<td data-start=\"3747\" data-end=\"3764\" data-col-size=\"sm\">Color del asa<\/td>\n<td data-start=\"3764\" data-end=\"3781\" data-col-size=\"sm\">Natural Claro<\/td>\n<\/tr>\n<tr data-start=\"3782\" data-end=\"3820\">\n<td data-start=\"3782\" data-end=\"3796\" data-col-size=\"sm\">Mecanismo<\/td>\n<td data-start=\"3796\" data-end=\"3820\" data-col-size=\"sm\">D\/A OTF &#8211; Bloqueo de la corredera<\/td>\n<\/tr>\n<tr data-start=\"3821\" data-end=\"3865\">\n<td data-start=\"3821\" data-end=\"3833\" data-col-size=\"sm\">Apertura<\/td>\n<td data-start=\"3833\" data-end=\"3865\" data-col-size=\"sm\">Autom\u00e1tica &#8211; corredera lateral<\/td>\n<\/tr>\n<tr data-start=\"3866\" data-end=\"3897\">\n<td data-start=\"3866\" data-end=\"3873\" data-col-size=\"sm\">Pinza<\/td>\n<td data-start=\"3873\" data-end=\"3897\" data-col-size=\"sm\">Derecha\/izquierda, basculante<\/td>\n<\/tr>\n<tr data-start=\"3898\" data-end=\"3942\">\n<td data-start=\"3898\" data-end=\"3907\" data-col-size=\"sm\">Dise\u00f1o<\/td>\n<td data-start=\"3907\" data-end=\"3942\" data-col-size=\"sm\">Anthony Marfione y Borka Blades<\/td>\n<\/tr>\n<tr data-start=\"3943\" data-end=\"3964\">\n<td data-start=\"3943\" data-end=\"3957\" data-col-size=\"sm\">Pa\u00eds de origen<\/td>\n<td data-start=\"3957\" data-end=\"3964\" data-col-size=\"sm\">EE.UU.<\/td>\n<\/tr>\n<\/tbody>\n<\/table>\n<\/div>\n<\/div>\n<hr data-start=\"3966\" data-end=\"3969\">\n<h2 data-start=\"3971\" data-end=\"3989\">\u2705 Beneficios principales<\/h2>\n<ul data-start=\"3991\" data-end=\"4263\">\n<li data-start=\"3991\" data-end=\"4030\">\n<p data-start=\"3993\" data-end=\"4030\">Mecanismo D\/A OTF extremadamente r\u00e1pido<\/p>\n<\/li>\n<li data-start=\"4031\" data-end=\"4077\">\n<p data-start=\"4033\" data-end=\"4077\">Pala sim\u00e9trica D\/E de gran penetraci\u00f3n<\/p>\n<\/li>\n<li data-start=\"4078\" data-end=\"4100\">\n<p data-start=\"4080\" data-end=\"4100\">Acero de primera calidad M390<\/p>\n<\/li>\n<li data-start=\"4101\" data-end=\"4150\">\n<p data-start=\"4103\" data-end=\"4150\">Superficie apocal\u00edptica que oculta signos de uso<\/p>\n<\/li>\n<li data-start=\"4151\" data-end=\"4181\">\n<p data-start=\"4153\" data-end=\"4181\">Deslizador lateral ergon\u00f3mico<\/p>\n<\/li>\n<li data-start=\"4182\" data-end=\"4223\">\n<p data-start=\"4184\" data-end=\"4223\">Construcci\u00f3n de aluminio ligera pero resistente<\/p>\n<\/li>\n<li data-start=\"4224\" data-end=\"4263\">\n<p data-start=\"4226\" data-end=\"4263\">Dise\u00f1o en colaboraci\u00f3n con Borka Blades<\/p>\n<\/li>\n<\/ul>\n<hr data-start=\"4265\" data-end=\"4268\">\n<h2 data-start=\"4270\" data-end=\"4289\">\u26a0\ufe0f Posibles restricciones<\/h2>\n<ul data-start=\"4291\" data-end=\"4469\">\n<li data-start=\"4291\" data-end=\"4351\">\n<p data-start=\"4293\" data-end=\"4351\">Las cuchillas dobles pueden no ser ideales para todas las tareas habituales<\/p>\n<\/li>\n<li data-start=\"4352\" data-end=\"4407\">\n<p data-start=\"4354\" data-end=\"4407\">El mecanismo autom\u00e1tico requiere un mantenimiento regular<\/p>\n<\/li>\n<li data-start=\"4408\" data-end=\"4469\">\n<p data-start=\"4410\" data-end=\"4469\">Categor\u00eda de precio superior correspondiente a una mano de obra de primera calidad<\/p>\n<\/li>\n<\/ul>\n<hr data-start=\"4471\" data-end=\"4474\">\n<h2 data-start=\"4476\" data-end=\"4496\">\ud83d\udee0\ufe0f Mantenimiento y cuidado<\/h2>\n<ul data-start=\"4498\" data-end=\"4865\">\n<li data-start=\"4498\" data-end=\"4568\">\n<p data-start=\"4500\" data-end=\"4568\">Limpia y seca la cuchilla despu\u00e9s de usarla para preservar su longevidad<\/p>\n<\/li>\n<li data-start=\"4569\" data-end=\"4635\">\n<p data-start=\"4571\" data-end=\"4635\">Mant\u00e9n el mango seco y limpio, especialmente despu\u00e9s de entrar en contacto con la humedad<\/p>\n<\/li>\n<li data-start=\"4636\" data-end=\"4696\">\n<p data-start=\"4638\" data-end=\"4696\">Lubrica ligeramente la cuchilla con aceite protector para guardarla durante m\u00e1s tiempo<\/p>\n<\/li>\n<li data-start=\"4697\" data-end=\"4865\">\n<p data-start=\"4699\" data-end=\"4865\">Para afilar cuchillas, recomendamos el Sistema Completo de Afilado Triangular Spyderco 204MF, tambi\u00e9n ideal para cuchillas lisas. \ud83d\uded2 Compra en nuestro sitio web Moskito.cz <\/p>\n<\/li>\n<\/ul>\n<p data-start=\"4867\" data-end=\"4934\">Un cuidado regular garantiza la fiabilidad a largo plazo y el m\u00e1ximo rendimiento.<\/p>\n<hr data-start=\"4936\" data-end=\"4939\">\n<h2 data-start=\"4941\" data-end=\"4961\">\ud83c\udfaf Recomendado para<\/h2>\n<ul data-start=\"4963\" data-end=\"5114\">\n<li data-start=\"4963\" data-end=\"4988\">\n<p data-start=\"4965\" data-end=\"4988\">Usuarios exigentes de EDC<\/p>\n<\/li>\n<li data-start=\"4989\" data-end=\"5023\">\n<p data-start=\"4991\" data-end=\"5023\">Uso t\u00e1ctico profesional<\/p>\n<\/li>\n<li data-start=\"5024\" data-end=\"5065\">\n<p data-start=\"5026\" data-end=\"5065\">Coleccionistas de modelos Microtech premium<\/p>\n<\/li>\n<li data-start=\"5066\" data-end=\"5114\">\n<p data-start=\"5068\" data-end=\"5114\">Aficionados a las colaboraciones limitadas de dise\u00f1o<\/p>\n<\/li>\n<\/ul>\n<hr data-start=\"5116\" data-end=\"5119\">\n<h2 data-start=\"5121\" data-end=\"5145\">\u2b50 Calificaci\u00f3n final<\/h2>\n<p data-start=\"5147\" data-end=\"5455\" data-is-last-node=\"\" data-is-only-node=\"\"><strong data-start=\"5147\" data-end=\"5201\">La Microtech\/Borka STITCH\u00ae Apocalyptic OTF 169-10APNC<\/strong> combina una moderna ergonom\u00eda, una agresiva hoja sim\u00e9trica y acero M390 de primera calidad con el visualmente impactante aspecto y dise\u00f1o Apocalyptic de Borka Blades. El resultado es una navaja OTF t\u00e9cnicamente avanzada, r\u00e1pida y distintiva para quienes desean rendimiento y estilo sin concesiones \ud83d\udd2a\ud83d\udd25. <\/p>\n","protected":false},"excerpt":{"rendered":"<p><strong>La Microtech\/Borka STITCH\u00ae Apocalyptic OTF 169-10APNC combina una moderna ergonom\u00eda, una agresiva hoja sim\u00e9trica y acero M390 de primera calidad con el visualmente impactante aspecto y dise\u00f1o Apocalyptic de Borka Blades. El resultado es una navaja OTF t\u00e9cnicamente avanzada, r\u00e1pida y distintiva para quienes desean rendimiento y estilo sin concesiones \ud83d\udd2a\ud83d\udd25. <\/strong><\/p>\n<p><strong>Env\u00edo gratis.<\/strong><\/p>\n","protected":false},"featured_media":437145,"comment_status":"open","ping_status":"closed","template":"","meta":[],"pwb-brand":[3752],"product_brand":[],"product_cat":[3729,3726],"product_tag":[3756],"class_list":{"0":"post-437144","1":"product","2":"type-product","3":"status-publish","4":"has-post-thumbnail","6":"pwb-brand-microtecnologia","7":"product_cat-cuchillos-de-tiro","8":"product_cat-cuchillos","9":"product_tag-b2b-es","11":"first","12":"outofstock","13":"taxable","14":"shipping-taxable","15":"purchasable","16":"product-type-simple"},"brands":[{"id":3752,"name":"microtecnolog\u00eda","slug":"microtecnologia"}],"_links":{"self":[{"href":"https:\/\/www.moskito.cz\/es\/wp-json\/wp\/v2\/product\/437144","targetHints":{"allow":["GET"]}}],"collection":[{"href":"https:\/\/www.moskito.cz\/es\/wp-json\/wp\/v2\/product"}],"about":[{"href":"https:\/\/www.moskito.cz\/es\/wp-json\/wp\/v2\/types\/product"}],"replies":[{"embeddable":true,"href":"https:\/\/www.moskito.cz\/es\/wp-json\/wp\/v2\/comments?post=437144"}],"wp:featuredmedia":[{"embeddable":true,"href":"https:\/\/www.moskito.cz\/es\/wp-json\/wp\/v2\/media\/437145"}],"wp:attachment":[{"href":"https:\/\/www.moskito.cz\/es\/wp-json\/wp\/v2\/media?parent=437144"}],"wp:term":[{"taxonomy":"pwb-brand","embeddable":true,"href":"https:\/\/www.moskito.cz\/es\/wp-json\/wp\/v2\/pwb-brand?post=437144"},{"taxonomy":"product_brand","embeddable":true,"href":"https:\/\/www.moskito.cz\/es\/wp-json\/wp\/v2\/product_brand?post=437144"},{"taxonomy":"product_cat","embeddable":true,"href":"https:\/\/www.moskito.cz\/es\/wp-json\/wp\/v2\/product_cat?post=437144"},{"taxonomy":"product_tag","embeddable":true,"href":"https:\/\/www.moskito.cz\/es\/wp-json\/wp\/v2\/product_tag?post=437144"}],"curies":[{"name":"wp","href":"https:\/\/api.w.org\/{rel}","templated":true}]}}