{"id":437179,"date":"2026-02-13T15:41:15","date_gmt":"2026-02-13T14:41:15","guid":{"rendered":"https:\/\/www.moskito.cz\/produkt\/cuchilla-de-puntada-microtech-169rl-1flgtta\/"},"modified":"2026-02-13T16:18:32","modified_gmt":"2026-02-13T15:18:32","slug":"cuchilla-de-puntada-microtech-169rl-1flgtta","status":"publish","type":"product","link":"https:\/\/www.moskito.cz\/es\/produkt\/cuchilla-de-puntada-microtech-169rl-1flgtta\/","title":{"rendered":"Cuchilla de puntada Microtech 169RL-1FLGTTA"},"content":{"rendered":"<h1 data-start=\"0\" data-end=\"85\"><strong data-start=\"2\" data-end=\"85\">Microtech STITCH\u00ae 169RL-1FLGTTA &#8211; Negro bicolor \/ M390MK (dise\u00f1o Borka Blades)<\/strong><\/h1>\n<p data-start=\"87\" data-end=\"427\">En cuanto cojas la <strong data-start=\"110\" data-end=\"177\"><span class=\"hover:entity-accent entity-underline inline cursor-pointer align-baseline\"><span class=\"whitespace-normal\">Microtech STITCH 169RL-1FLGTTA<\/span><\/span> &#8211; Two Tone Black \/ M390MK<\/strong>, sentir\u00e1s inmediatamente la combinaci\u00f3n de mec\u00e1nica de precisi\u00f3n y estilo distintivo que se cre\u00f3 en colaboraci\u00f3n con el renombrado taller de cuchiller\u00eda <strong data-start=\"310\" data-end=\"326\">Borka Blades<\/strong>. La Stitch en versi\u00f3n de cierre lleva la potencia del legendario modelo a un formato EDC compacto y fiable. <\/p>\n<p data-start=\"429\" data-end=\"527\">Dise\u00f1ado por Anthony (Tony) Marfion en colaboraci\u00f3n con Borka Blades y fabricado y ensamblado al 100% en EE.UU.<\/p>\n<hr data-start=\"529\" data-end=\"532\">\n<h2 data-start=\"534\" data-end=\"561\">\ud83d\udd25 Car\u00e1cter y filosof\u00eda<\/h2>\n<p data-start=\"563\" data-end=\"831\">La Microtech Stitch\u00ae en versi\u00f3n de cierre est\u00e1 dise\u00f1ada para el uso diario, pero haciendo hincapi\u00e9 en la robustez, la seguridad de agarre y la rapidez de manejo. El dise\u00f1o del cuerpo bicolor tiene un aspecto t\u00e9cnico y moderno, mientras que la ergonom\u00eda y el equilibrio de la navaja garantizan un agarre c\u00f3modo y seguro en la mano. <\/p>\n<p data-start=\"833\" data-end=\"1074\">El modelo funciona con un fiable bloqueo <strong data-start=\"862\" data-end=\"876\">de forro<\/strong> con una suave apertura de <strong data-start=\"911\" data-end=\"923\">aleta<\/strong>, que permite desplegar la hoja a la velocidad del rayo con un solo movimiento suave. La apertura es r\u00e1pida y segura, mientras que el bloqueo asegura cuidadosamente la hoja en la posici\u00f3n de trabajo. <\/p>\n<p data-start=\"1076\" data-end=\"1195\">La longitud total cuando est\u00e1 desconectada la convierte en una herramienta EDC c\u00f3moda y pr\u00e1ctica, f\u00e1cil de llevar en el bolsillo y en el cintur\u00f3n.<\/p>\n<hr data-start=\"1197\" data-end=\"1200\">\n<h2 data-start=\"1202\" data-end=\"1217\">\ud83c\udfed Acerca del fabricante<\/h2>\n<p data-start=\"1219\" data-end=\"1399\"><strong data-start=\"1219\" data-end=\"1260\"><span class=\"hover:entity-accent entity-underline inline cursor-pointer align-baseline\"><span class=\"whitespace-normal\">Cuchillos Microtech<\/span><\/span><\/strong> es una marca estadounidense con m\u00e1s de treinta a\u00f1os de historia en la fabricaci\u00f3n de cuchillos de alta gama, que es sin\u00f3nimo de innovaci\u00f3n, calidad y mano de obra de precisi\u00f3n.<\/p>\n<p data-start=\"1401\" data-end=\"1441\">Las caracter\u00edsticas t\u00edpicas de los productos Microtech son<\/p>\n<ul data-start=\"1443\" data-end=\"1606\">\n<li data-start=\"1443\" data-end=\"1468\">\n<p data-start=\"1445\" data-end=\"1468\">Mecanizado CNC de precisi\u00f3n<\/p>\n<\/li>\n<li data-start=\"1469\" data-end=\"1502\">\n<p data-start=\"1471\" data-end=\"1502\">Elementos de dise\u00f1o patentados<\/p>\n<\/li>\n<li data-start=\"1503\" data-end=\"1536\">\n<p data-start=\"1505\" data-end=\"1536\">Mecanismos internos innovadores<\/p>\n<\/li>\n<li data-start=\"1537\" data-end=\"1566\">\n<p data-start=\"1539\" data-end=\"1566\">Control de calidad coherente<\/p>\n<\/li>\n<li data-start=\"1567\" data-end=\"1606\">\n<p data-start=\"1569\" data-end=\"1606\">Producci\u00f3n y montaje completos en EE.UU.<\/p>\n<\/li>\n<\/ul>\n<p data-start=\"1608\" data-end=\"1673\">Cada pieza se fabrica y prueba bajo la direcci\u00f3n de Anthony Marfione.<\/p>\n<hr data-start=\"1675\" data-end=\"1678\">\n<h2 data-start=\"1680\" data-end=\"1718\">\ud83d\udde1\ufe0f Hoja &#8211; Negro bicolor con M390MK<\/h2>\n<p data-start=\"1720\" data-end=\"2001\">La hoja del cuchillo es de acero inoxidable de primera calidad <strong data-start=\"1769\" data-end=\"1810\"><span class=\"hover:entity-accent entity-underline inline cursor-pointer align-baseline\"><span class=\"whitespace-normal\">B\u00f6hler M390MK<\/span><\/span><\/strong>que es uno de los mejores de la producci\u00f3n moderna de cuchiller\u00eda. El acabado Two Tone confiere a la hoja un aspecto elegante y t\u00e1ctico a la vez: la combinaci\u00f3n de superficies mate y brillante acent\u00faa la geometr\u00eda y los detalles del corte. <\/p>\n<p data-start=\"2003\" data-end=\"2017\">Ventajas de la cuchilla:<\/p>\n<ul data-start=\"2019\" data-end=\"2135\">\n<li data-start=\"2019\" data-end=\"2043\">\n<p data-start=\"2021\" data-end=\"2043\">alta retenci\u00f3n de la hoja<\/p>\n<\/li>\n<li data-start=\"2044\" data-end=\"2081\">\n<p data-start=\"2046\" data-end=\"2081\">excelente resistencia al desgaste<\/p>\n<\/li>\n<li data-start=\"2082\" data-end=\"2113\">\n<p data-start=\"2084\" data-end=\"2113\">excelente resistencia a la corrosi\u00f3n<\/p>\n<\/li>\n<li data-start=\"2114\" data-end=\"2135\">\n<p data-start=\"2116\" data-end=\"2135\">f\u00e1cil mantenimiento<\/p>\n<\/li>\n<\/ul>\n<p data-start=\"2137\" data-end=\"2168\">El corte alto y plano garantiza:<\/p>\n<ul data-start=\"2170\" data-end=\"2238\">\n<li data-start=\"2170\" data-end=\"2198\">\n<p data-start=\"2172\" data-end=\"2198\">excelentes propiedades de corte<\/p>\n<\/li>\n<li data-start=\"2199\" data-end=\"2220\">\n<p data-start=\"2201\" data-end=\"2220\">buena resistencia a la perforaci\u00f3n<\/p>\n<\/li>\n<li data-start=\"2221\" data-end=\"2238\">\n<p data-start=\"2223\" data-end=\"2238\">fuerza de la punta<\/p>\n<\/li>\n<\/ul>\n<hr data-start=\"2240\" data-end=\"2243\">\n<h2 data-start=\"2245\" data-end=\"2271\">\ud83d\udd2c Acero &#8211; B\u00f6hler M390MK<\/h2>\n<p data-start=\"2273\" data-end=\"2352\">El acero M390MK es una evoluci\u00f3n del legendario acero en polvo M390 con una composici\u00f3n modificada para:<\/p>\n<ul data-start=\"2354\" data-end=\"2498\">\n<li data-start=\"2354\" data-end=\"2397\">\n<p data-start=\"2356\" data-end=\"2397\">mayor estabilidad durante el tratamiento t\u00e9rmico<\/p>\n<\/li>\n<li data-start=\"2398\" data-end=\"2430\">\n<p data-start=\"2400\" data-end=\"2430\">estructura m\u00e1s fina del material<\/p>\n<\/li>\n<li data-start=\"2431\" data-end=\"2498\">\n<p data-start=\"2433\" data-end=\"2498\">Retenci\u00f3n de la hoja ligeramente mejor, manteniendo la resistencia a la corrosi\u00f3n<\/p>\n<\/li>\n<\/ul>\n<p data-start=\"2500\" data-end=\"2611\">Este acero es popular entre los fabricantes de cuchillos y los usuarios exigentes por su combinaci\u00f3n de dureza, durabilidad y facilidad de mantenimiento.<\/p>\n<hr data-start=\"2613\" data-end=\"2616\">\n<h2 data-start=\"2618\" data-end=\"2678\">\ud83e\udde9 Empu\u00f1adura &#8211; Aluminio negro bicolor con elementos de dise\u00f1o Borka<\/h2>\n<p data-start=\"2680\" data-end=\"2823\">La empu\u00f1adura est\u00e1 mecanizada con precisi\u00f3n mediante CNC en aluminio anodizado con un acabado negro bicolor, t\u00e9cnica y est\u00e9ticamente equilibrado.<\/p>\n<p data-start=\"2825\" data-end=\"2852\">Caracter\u00edsticas principales del mango:<\/p>\n<ul data-start=\"2854\" data-end=\"3097\">\n<li data-start=\"2854\" data-end=\"2891\">\n<p data-start=\"2856\" data-end=\"2891\">Textura antideslizante fresada en 3D<\/p>\n<\/li>\n<li data-start=\"2892\" data-end=\"2936\">\n<p data-start=\"2894\" data-end=\"2936\">Forma ergon\u00f3mica para un agarre seguro<\/p>\n<\/li>\n<li data-start=\"2937\" data-end=\"2975\">\n<p data-start=\"2939\" data-end=\"2975\">Aleta para apertura r\u00e1pida de la hoja<\/p>\n<\/li>\n<li data-start=\"2976\" data-end=\"3021\">\n<p data-start=\"2978\" data-end=\"3021\">Elegantes elementos de dise\u00f1o de las <strong data-start=\"3005\" data-end=\"3021\">cuchillas Borka<\/strong><\/p>\n<\/li>\n<li data-start=\"3022\" data-end=\"3064\">\n<p data-start=\"3024\" data-end=\"3064\">Clip de transporte profundo (derecha\/izquierda, inclinado hacia abajo)<\/p>\n<\/li>\n<li data-start=\"3065\" data-end=\"3097\">\n<p data-start=\"3067\" data-end=\"3097\">N\u00famero de serie y marca del fabricante<\/p>\n<\/li>\n<\/ul>\n<p data-start=\"3099\" data-end=\"3219\">El resultado es una empu\u00f1adura robusta pero elegante que se adapta a la mano y proporciona confianza incluso en un uso exigente.<\/p>\n<hr data-start=\"3221\" data-end=\"3224\">\n<h2 data-start=\"3226\" data-end=\"3253\">\u2699\ufe0f Especificaciones t\u00e9cnicas<\/h2>\n<div class=\"TyagGW_tableContainer\">\n<div class=\"group TyagGW_tableWrapper flex flex-col-reverse w-fit\" tabindex=\"-1\">\n<table class=\"w-fit min-w-(--thread-content-width)\" data-start=\"3255\" data-end=\"3871\">\n<thead data-start=\"3255\" data-end=\"3285\">\n<tr data-start=\"3255\" data-end=\"3285\">\n<th class=\"\" data-start=\"3255\" data-end=\"3270\" data-col-size=\"sm\"><strong data-start=\"3257\" data-end=\"3269\">Par\u00e1metro<\/strong><\/th>\n<th class=\"\" data-start=\"3270\" data-end=\"3285\" data-col-size=\"sm\"><strong data-start=\"3272\" data-end=\"3283\">Valor<\/strong><\/th>\n<\/tr>\n<\/thead>\n<tbody data-start=\"3317\" data-end=\"3871\">\n<tr data-start=\"3317\" data-end=\"3336\">\n<td data-start=\"3317\" data-end=\"3325\" data-col-size=\"sm\">Modelo<\/td>\n<td data-start=\"3325\" data-end=\"3336\" data-col-size=\"sm\">STITCH<\/td>\n<\/tr>\n<tr data-start=\"3337\" data-end=\"3373\">\n<td data-start=\"3337\" data-end=\"3356\" data-col-size=\"sm\">N\u00famero del producto<\/td>\n<td data-start=\"3356\" data-end=\"3373\" data-col-size=\"sm\">169RL-1FLGTTA<\/td>\n<\/tr>\n<tr data-start=\"3374\" data-end=\"3415\">\n<td data-start=\"3374\" data-end=\"3401\" data-col-size=\"sm\">Longitud total (abierta)<\/td>\n<td data-start=\"3401\" data-end=\"3415\" data-col-size=\"sm\">aprox. 217 mm<\/td>\n<\/tr>\n<tr data-start=\"3416\" data-end=\"3444\">\n<td data-start=\"3416\" data-end=\"3431\" data-col-size=\"sm\">Longitud de la hoja<\/td>\n<td data-start=\"3431\" data-end=\"3444\" data-col-size=\"sm\">aprox. 93 mm<\/td>\n<\/tr>\n<tr data-start=\"3445\" data-end=\"3477\">\n<td data-start=\"3445\" data-end=\"3463\" data-col-size=\"sm\">Grosor de la hoja<\/td>\n<td data-start=\"3463\" data-end=\"3477\" data-col-size=\"sm\">aprox. 3,0 mm<\/td>\n<\/tr>\n<tr data-start=\"3478\" data-end=\"3509\">\n<td data-start=\"3478\" data-end=\"3495\" data-col-size=\"sm\">Longitud del mango<\/td>\n<td data-start=\"3495\" data-end=\"3509\" data-col-size=\"sm\">aprox. 117 mm<\/td>\n<\/tr>\n<tr data-start=\"3510\" data-end=\"3534\">\n<td data-start=\"3510\" data-end=\"3521\" data-col-size=\"sm\">Peso<\/td>\n<td data-start=\"3521\" data-end=\"3534\" data-col-size=\"sm\">aprox. 120 g<\/td>\n<\/tr>\n<tr data-start=\"3535\" data-end=\"3570\">\n<td data-start=\"3535\" data-end=\"3553\" data-col-size=\"sm\">Material de la cuchilla<\/td>\n<td data-start=\"3553\" data-end=\"3570\" data-col-size=\"sm\">B\u00f6hler M390MK<\/td>\n<\/tr>\n<tr data-start=\"3571\" data-end=\"3588\">\n<td data-start=\"3571\" data-end=\"3580\" data-col-size=\"sm\">Recorte<\/td>\n<td data-start=\"3580\" data-end=\"3588\" data-col-size=\"sm\">Plano<\/td>\n<\/tr>\n<tr data-start=\"3589\" data-end=\"3623\">\n<td data-start=\"3589\" data-end=\"3605\" data-col-size=\"sm\">Superficie de la hoja<\/td>\n<td data-start=\"3605\" data-end=\"3623\" data-col-size=\"sm\">Negro bicolor<\/td>\n<\/tr>\n<tr data-start=\"3624\" data-end=\"3662\">\n<td data-start=\"3624\" data-end=\"3644\" data-col-size=\"sm\">Material del mango<\/td>\n<td data-start=\"3644\" data-end=\"3662\" data-col-size=\"sm\">Aluminio 6061-T6<\/td>\n<\/tr>\n<tr data-start=\"3663\" data-end=\"3698\">\n<td data-start=\"3663\" data-end=\"3680\" data-col-size=\"sm\">Color del asa<\/td>\n<td data-start=\"3680\" data-end=\"3698\" data-col-size=\"sm\">Negro bicolor<\/td>\n<\/tr>\n<tr data-start=\"3699\" data-end=\"3737\">\n<td data-start=\"3699\" data-end=\"3713\" data-col-size=\"sm\">Mecanismo<\/td>\n<td data-start=\"3713\" data-end=\"3737\" data-col-size=\"sm\">Aleta \/ Bloqueo de la camisa<\/td>\n<\/tr>\n<tr data-start=\"3738\" data-end=\"3772\">\n<td data-start=\"3738\" data-end=\"3750\" data-col-size=\"sm\">Abrir<\/td>\n<td data-start=\"3750\" data-end=\"3772\" data-col-size=\"sm\">Manual &#8211; aleta<\/td>\n<\/tr>\n<tr data-start=\"3773\" data-end=\"3804\">\n<td data-start=\"3773\" data-end=\"3780\" data-col-size=\"sm\">Pinza<\/td>\n<td data-start=\"3780\" data-end=\"3804\" data-col-size=\"sm\">Derecha\/izquierda, basculante<\/td>\n<\/tr>\n<tr data-start=\"3805\" data-end=\"3849\">\n<td data-start=\"3805\" data-end=\"3814\" data-col-size=\"sm\">Dise\u00f1o<\/td>\n<td data-start=\"3814\" data-end=\"3849\" data-col-size=\"sm\">Anthony Marfione y Borka Blades<\/td>\n<\/tr>\n<tr data-start=\"3850\" data-end=\"3871\">\n<td data-start=\"3850\" data-end=\"3864\" data-col-size=\"sm\">Pa\u00eds de origen<\/td>\n<td data-start=\"3864\" data-end=\"3871\" data-col-size=\"sm\">EE.UU.<\/td>\n<\/tr>\n<\/tbody>\n<\/table>\n<\/div>\n<\/div>\n<hr data-start=\"3873\" data-end=\"3876\">\n<h2 data-start=\"3878\" data-end=\"3896\">\u2705 Beneficios principales<\/h2>\n<ul data-start=\"3898\" data-end=\"4141\">\n<li data-start=\"3898\" data-end=\"3949\">\n<p data-start=\"3900\" data-end=\"3949\">Acero M390MK de primera calidad con excelente retenci\u00f3n de la hoja<\/p>\n<\/li>\n<li data-start=\"3950\" data-end=\"3985\">\n<p data-start=\"3952\" data-end=\"3985\">Elegante dise\u00f1o en dos tonos de negro<\/p>\n<\/li>\n<li data-start=\"3986\" data-end=\"4029\">\n<p data-start=\"3988\" data-end=\"4029\">Apertura r\u00e1pida y fiable de la aleta<\/p>\n<\/li>\n<li data-start=\"4030\" data-end=\"4061\">\n<p data-start=\"4032\" data-end=\"4061\">Empu\u00f1adura ergon\u00f3mica y robusta<\/p>\n<\/li>\n<li data-start=\"4062\" data-end=\"4101\">\n<p data-start=\"4064\" data-end=\"4101\">Clip de transporte profundo para un ajuste c\u00f3modo<\/p>\n<\/li>\n<li data-start=\"4102\" data-end=\"4141\">\n<p data-start=\"4104\" data-end=\"4141\">Dise\u00f1o en colaboraci\u00f3n con Borka Blades<\/p>\n<\/li>\n<\/ul>\n<hr data-start=\"4143\" data-end=\"4146\">\n<h2 data-start=\"4148\" data-end=\"4167\">\u26a0\ufe0f Posibles restricciones<\/h2>\n<ul data-start=\"4169\" data-end=\"4380\">\n<li data-start=\"4169\" data-end=\"4257\">\n<p data-start=\"4171\" data-end=\"4257\">La apertura manual puede no convenir a todos los usuarios que necesitan un despliegue autom\u00e1tico<\/p>\n<\/li>\n<li data-start=\"4258\" data-end=\"4328\">\n<p data-start=\"4260\" data-end=\"4328\">Categor\u00eda de precio superior correspondiente a material y dise\u00f1o de primera calidad<\/p>\n<\/li>\n<li data-start=\"4329\" data-end=\"4380\">\n<p data-start=\"4331\" data-end=\"4380\">El dise\u00f1o robusto puede ser m\u00e1s distintivo en el bolsillo<\/p>\n<\/li>\n<\/ul>\n<hr data-start=\"4382\" data-end=\"4385\">\n<h2 data-start=\"4387\" data-end=\"4407\">\ud83d\udee0\ufe0f Mantenimiento y cuidado<\/h2>\n<ul data-start=\"4409\" data-end=\"4840\">\n<li data-start=\"4409\" data-end=\"4479\">\n<p data-start=\"4411\" data-end=\"4479\">Limpia y seca la cuchilla despu\u00e9s de usarla para preservar su longevidad<\/p>\n<\/li>\n<li data-start=\"4480\" data-end=\"4546\">\n<p data-start=\"4482\" data-end=\"4546\">Mant\u00e9n el mango seco y limpio, especialmente despu\u00e9s de entrar en contacto con la humedad<\/p>\n<\/li>\n<li data-start=\"4547\" data-end=\"4607\">\n<p data-start=\"4549\" data-end=\"4607\">Lubrica ligeramente la cuchilla con aceite protector para guardarla durante m\u00e1s tiempo<\/p>\n<\/li>\n<li data-start=\"4608\" data-end=\"4669\">\n<p data-start=\"4610\" data-end=\"4669\">Inspecciona la cerradura regularmente y l\u00edmpiala de suciedad si es necesario<\/p>\n<\/li>\n<li data-start=\"4670\" data-end=\"4840\">\n<p data-start=\"4672\" data-end=\"4840\">Para afilar la hoja recomendamos <strong data-start=\"4703\" data-end=\"4769\">el sistema completo de afilado Spyderco Tri-Angle Sharpmaker 204MF<\/strong>, ideal para hojas lisas. \ud83d\uded2 Compra en nuestro sitio web Moskito.cz <\/p>\n<\/li>\n<\/ul>\n<p data-start=\"4842\" data-end=\"4909\">Un cuidado regular garantiza la fiabilidad a largo plazo y el m\u00e1ximo rendimiento.<\/p>\n<hr data-start=\"4911\" data-end=\"4914\">\n<h2 data-start=\"4916\" data-end=\"4936\">\ud83c\udfaf Recomendado para<\/h2>\n<ul data-start=\"4938\" data-end=\"5082\">\n<li data-start=\"4938\" data-end=\"4963\">\n<p data-start=\"4940\" data-end=\"4963\">Usuarios exigentes de EDC<\/p>\n<\/li>\n<li data-start=\"4964\" data-end=\"4993\">\n<p data-start=\"4966\" data-end=\"4993\">Coleccionistas de cuchillos Premium<\/p>\n<\/li>\n<li data-start=\"4994\" data-end=\"5029\">\n<p data-start=\"4996\" data-end=\"5029\">Aficionados a las colaboraciones de dise\u00f1o<\/p>\n<\/li>\n<li data-start=\"5030\" data-end=\"5082\">\n<p data-start=\"5032\" data-end=\"5082\">Usuarios que exigen acero y construcci\u00f3n de primera calidad<\/p>\n<\/li>\n<\/ul>\n<hr data-start=\"5084\" data-end=\"5087\">\n<h2 data-start=\"5089\" data-end=\"5113\">\u2b50 Calificaci\u00f3n final<\/h2>\n<p data-start=\"5115\" data-end=\"5415\" data-is-last-node=\"\" data-is-only-node=\"\">La <strong data-start=\"5115\" data-end=\"5150\">Microtech STITCH\u00ae 169RL-1FLGTTA<\/strong> representa una combinaci\u00f3n excepcional de dise\u00f1o, material y precisi\u00f3n de ingenier\u00eda. Con acero M390MK de primera calidad, la colaboraci\u00f3n con Borka Blades y una ergonom\u00eda robusta, es una navaja de cierre elegante y muy funcional para quienes desean rendimiento, est\u00e9tica y calidad sin concesiones \ud83d\udd2a\ud83d\udd25. <\/p>\n","protected":false},"excerpt":{"rendered":"<p><strong>La Microtech STITCH\u00ae 169RL-1FLGTTA representa una combinaci\u00f3n excepcional de dise\u00f1o, material y precisi\u00f3n de ingenier\u00eda. Con acero M390MK de primera calidad, la colaboraci\u00f3n con Borka Blades y una ergonom\u00eda robusta, es una navaja de cierre elegante y muy funcional para quienes desean rendimiento, est\u00e9tica y calidad sin concesiones \ud83d\udd2a\ud83d\udd25. <\/strong><\/p>\n<p><strong>Env\u00edo gratis.<\/strong><\/p>\n","protected":false},"featured_media":437046,"comment_status":"open","ping_status":"closed","template":"","meta":[],"pwb-brand":[3752],"product_brand":[],"product_cat":[3730,3726],"product_tag":[],"class_list":{"0":"post-437179","1":"product","2":"type-product","3":"status-publish","4":"has-post-thumbnail","6":"pwb-brand-microtecnologia","7":"product_cat-cuchillas-de-cierre","8":"product_cat-cuchillos","10":"first","11":"instock","12":"taxable","13":"shipping-taxable","14":"purchasable","15":"product-type-simple"},"brands":[{"id":3752,"name":"microtecnolog\u00eda","slug":"microtecnologia"}],"_links":{"self":[{"href":"https:\/\/www.moskito.cz\/es\/wp-json\/wp\/v2\/product\/437179","targetHints":{"allow":["GET"]}}],"collection":[{"href":"https:\/\/www.moskito.cz\/es\/wp-json\/wp\/v2\/product"}],"about":[{"href":"https:\/\/www.moskito.cz\/es\/wp-json\/wp\/v2\/types\/product"}],"replies":[{"embeddable":true,"href":"https:\/\/www.moskito.cz\/es\/wp-json\/wp\/v2\/comments?post=437179"}],"wp:featuredmedia":[{"embeddable":true,"href":"https:\/\/www.moskito.cz\/es\/wp-json\/wp\/v2\/media\/437046"}],"wp:attachment":[{"href":"https:\/\/www.moskito.cz\/es\/wp-json\/wp\/v2\/media?parent=437179"}],"wp:term":[{"taxonomy":"pwb-brand","embeddable":true,"href":"https:\/\/www.moskito.cz\/es\/wp-json\/wp\/v2\/pwb-brand?post=437179"},{"taxonomy":"product_brand","embeddable":true,"href":"https:\/\/www.moskito.cz\/es\/wp-json\/wp\/v2\/product_brand?post=437179"},{"taxonomy":"product_cat","embeddable":true,"href":"https:\/\/www.moskito.cz\/es\/wp-json\/wp\/v2\/product_cat?post=437179"},{"taxonomy":"product_tag","embeddable":true,"href":"https:\/\/www.moskito.cz\/es\/wp-json\/wp\/v2\/product_tag?post=437179"}],"curies":[{"name":"wp","href":"https:\/\/api.w.org\/{rel}","templated":true}]}}