{"id":437301,"date":"2026-02-09T19:36:39","date_gmt":"2026-02-09T18:36:39","guid":{"rendered":"https:\/\/www.moskito.cz\/produkt\/navaja-spyderco-essenza-c272albkp\/"},"modified":"2026-02-15T11:39:06","modified_gmt":"2026-02-15T10:39:06","slug":"navaja-spyderco-essenza-c272albkp","status":"publish","type":"product","link":"https:\/\/www.moskito.cz\/es\/produkt\/navaja-spyderco-essenza-c272albkp\/","title":{"rendered":"Navaja Spyderco Essenza C272ALBKP"},"content":{"rendered":"<div class=\"flex flex-col text-sm pb-25\">\n<article class=\"text-token-text-primary w-full focus:outline-none [--shadow-height:45px] has-data-writing-block:pointer-events-none has-data-writing-block:-mt-(--shadow-height) has-data-writing-block:pt-(--shadow-height) [&amp;:has([data-writing-block])&gt;*]:pointer-events-auto scroll-mt-[calc(var(--header-height)+min(200px,max(70px,20svh)))]\" dir=\"auto\" tabindex=\"-1\" data-turn-id=\"request-WEB:a32a4206-734b-4a83-b1e2-42833545ac64-8\" data-testid=\"conversation-turn-18\" data-scroll-anchor=\"true\" data-turn=\"assistant\">\n<div class=\"text-base my-auto mx-auto pb-10 [--thread-content-margin:--spacing(4)] @w-sm\/main:[--thread-content-margin:--spacing(6)] @w-lg\/main:[--thread-content-margin:--spacing(16)] px-(--thread-content-margin)\">\n<div class=\"[--thread-content-max-width:40rem] @w-lg\/main:[--thread-content-max-width:48rem] mx-auto max-w-(--thread-content-max-width) flex-1 group\/turn-messages focus-visible:outline-hidden relative flex w-full min-w-0 flex-col agent-turn\" tabindex=\"-1\">\n<div class=\"flex max-w-full flex-col grow\">\n<div class=\"min-h-8 text-message relative flex w-full flex-col items-end gap-2 text-start break-words whitespace-normal [.text-message+&amp;]:mt-1\" dir=\"auto\" data-message-author-role=\"assistant\" data-message-id=\"90d053d4-647e-41dd-a078-066020e44e54\" data-message-model-slug=\"gpt-5-2\">\n<div class=\"flex w-full flex-col gap-1 empty:hidden first:pt-[1px]\">\n<div class=\"markdown prose dark:prose-invert w-full wrap-break-word light markdown-new-styling\">\n<p data-start=\"107\" data-end=\"444\">Al empu\u00f1ar la <strong data-start=\"123\" data-end=\"153\">Spyderco Essenza C272ALBKP<\/strong> en la palma de la mano, sentir\u00e1s inmediatamente lo que esperas de una navaja EDC de primera: un <strong data-start=\"222\" data-end=\"279\">equilibrio de rendimiento, sencillez y excelente ergonom\u00eda<\/strong> en un paquete compacto. La Essenza es una de las novedades de Spyderco, que ofrece materiales modernos y controles intuitivos sin comprometer la funcionalidad. <\/p>\n<p data-start=\"446\" data-end=\"690\">Esta navaja est\u00e1 dise\u00f1ada para usuarios que desean una navaja de cierre elegante, pr\u00e1ctica y muy fiable para llevar a diario. Cabe perfectamente en el bolsillo y en la mano, est\u00e1 lista para usar al instante y ofrece un rendimiento en el que puedes confiar. <\/p>\n<hr data-start=\"692\" data-end=\"695\">\n<h2 data-start=\"697\" data-end=\"721\">Car\u00e1cter y filosof\u00eda<\/h2>\n<p data-start=\"723\" data-end=\"961\">La Spyderco Essenza est\u00e1 dise\u00f1ada con una visi\u00f3n clara: <strong data-start=\"768\" data-end=\"843\">equilibrio, sencillez y comodidad combinados con un alto rendimiento de corte<\/strong>. No se trata de un dise\u00f1o recargado ni de \u00abjuegos\u00bb t\u00e9cnicos, sino de una herramienta real que realiza el trabajo con el m\u00ednimo esfuerzo. <\/p>\n<p data-start=\"963\" data-end=\"1295\">La hoja con acabado negro est\u00e1 fabricada con acero inoxidable <strong data-start=\"1025\" data-end=\"1038\">CPM S45VN<\/strong> de alta calidad, que es un acero de alto rendimiento con una excelente resistencia al desgaste, una excelente retenci\u00f3n del filo y una gran resistencia a la corrosi\u00f3n. Esto hace que la Essenza est\u00e9 preparada para realizar una amplia gama de tareas de corte, desde las tareas cotidianas normales hasta los cortes m\u00e1s exigentes desde el punto de vista t\u00e9cnico. <\/p>\n<p data-start=\"1297\" data-end=\"1546\">La forma <strong data-start=\"1318\" data-end=\"1333\">de<\/strong> hoja proporciona una versatilidad y un control excelentes: ideal tanto para cortes de tensi\u00f3n de precisi\u00f3n como para cortes de potencia en materiales de mayor densidad. El corte optimizado garantiza un corte suave sin \u00abenganches\u00bb innecesarios. <\/p>\n<p data-start=\"1548\" data-end=\"1775\">El mango ergon\u00f3mico con tinte azul-negro est\u00e1 dise\u00f1ado para adaptarse perfectamente a la palma de la mano, incluso durante un uso prolongado. El fino acabado texturizado del mango mejora el agarre, garantizando un agarre seguro incluso en condiciones dif\u00edciles. <\/p>\n<p data-start=\"1777\" data-end=\"1977\">Los controles de la navaja son intuitivos: el tradicional <strong data-start=\"1816\" data-end=\"1839\">Orificio Redondo Spyderco<\/strong> permite una apertura r\u00e1pida y suave con una sola mano, mientras que el <strong data-start=\"1898\" data-end=\"1912\">Bloqueo del Marco<\/strong> garantiza que la hoja quede bloqueada con firmeza y seguridad durante las operaciones de corte.<\/p>\n<hr data-start=\"1979\" data-end=\"1982\">\n<h2 data-start=\"1984\" data-end=\"1999\">\ud83c\udfed Acerca del fabricante<\/h2>\n<p data-start=\"2001\" data-end=\"2385\">Spyderco es una marca con una profunda historia de innovaci\u00f3n en el campo de las navajas de cierre. Desde su primer dise\u00f1o patentado de apertura con una sola mano hasta los modernos modelos actuales, Spyderco ha estado detr\u00e1s de muchos dise\u00f1os innovadores que han definido la forma en que pensamos hoy en d\u00eda sobre las navajas EDC. La Essenza es el siguiente paso en esa tradici\u00f3n: una herramienta sencilla, eficaz y fiable para el uso diario.  <\/p>\n<hr data-start=\"2387\" data-end=\"2390\">\n<h2 data-start=\"2392\" data-end=\"2419\">\u2699\ufe0f Especificaciones t\u00e9cnicas<\/h2>\n<div class=\"TyagGW_tableContainer\">\n<div class=\"group TyagGW_tableWrapper flex flex-col-reverse w-fit\" tabindex=\"-1\">\n<table class=\"w-fit min-w-(--thread-content-width)\" data-start=\"2421\" data-end=\"3012\">\n<thead data-start=\"2421\" data-end=\"2443\">\n<tr data-start=\"2421\" data-end=\"2443\">\n<th class=\"\" data-start=\"2421\" data-end=\"2432\" data-col-size=\"sm\">Par\u00e1metro<\/th>\n<th class=\"\" data-start=\"2432\" data-end=\"2443\" data-col-size=\"md\">Valor<\/th>\n<\/tr>\n<\/thead>\n<tbody data-start=\"2467\" data-end=\"3012\">\n<tr data-start=\"2467\" data-end=\"2541\">\n<td data-start=\"2467\" data-end=\"2475\" data-col-size=\"sm\">Modelo<\/td>\n<td data-start=\"2475\" data-end=\"2541\" data-col-size=\"md\">Spyderco Essenza &#8211; hoja negra, mango negro azulado (C272ALBKP)<\/td>\n<\/tr>\n<tr data-start=\"2542\" data-end=\"2564\">\n<td data-start=\"2542\" data-end=\"2548\" data-col-size=\"sm\">Tipo<\/td>\n<td data-start=\"2548\" data-end=\"2564\" data-col-size=\"md\">Cuchilla de cierre<\/td>\n<\/tr>\n<tr data-start=\"2565\" data-end=\"2596\">\n<td data-start=\"2565\" data-end=\"2581\" data-col-size=\"sm\">Longitud total<\/td>\n<td data-start=\"2581\" data-end=\"2596\" data-col-size=\"md\">aprox. 18,4 cm<\/td>\n<\/tr>\n<tr data-start=\"2597\" data-end=\"2626\">\n<td data-start=\"2597\" data-end=\"2612\" data-col-size=\"sm\">Longitud de la hoja<\/td>\n<td data-start=\"2612\" data-end=\"2626\" data-col-size=\"md\">aprox. 8,1 cm<\/td>\n<\/tr>\n<tr data-start=\"2627\" data-end=\"2659\">\n<td data-start=\"2627\" data-end=\"2645\" data-col-size=\"sm\">Grosor de la hoja<\/td>\n<td data-start=\"2645\" data-end=\"2659\" data-col-size=\"md\">aprox. 3,4 mm<\/td>\n<\/tr>\n<tr data-start=\"2660\" data-end=\"2691\">\n<td data-start=\"2660\" data-end=\"2678\" data-col-size=\"sm\">Material de la cuchilla<\/td>\n<td data-start=\"2678\" data-end=\"2691\" data-col-size=\"md\">CPM S45VN<\/td>\n<\/tr>\n<tr data-start=\"2692\" data-end=\"2721\">\n<td data-start=\"2692\" data-end=\"2706\" data-col-size=\"sm\">Forma de la hoja<\/td>\n<td data-start=\"2706\" data-end=\"2721\" data-col-size=\"md\">Forma de hoja<\/td>\n<\/tr>\n<tr data-start=\"2722\" data-end=\"2750\">\n<td data-start=\"2722\" data-end=\"2731\" data-col-size=\"sm\">Recorte<\/td>\n<td data-start=\"2731\" data-end=\"2750\" data-col-size=\"md\">Rectificado Plano Completo<\/td>\n<\/tr>\n<tr data-start=\"2751\" data-end=\"2780\">\n<td data-start=\"2751\" data-end=\"2767\" data-col-size=\"sm\">Superficie de la hoja<\/td>\n<td data-start=\"2767\" data-end=\"2780\" data-col-size=\"md\">DLC negro<\/td>\n<\/tr>\n<tr data-start=\"2781\" data-end=\"2799\">\n<td data-start=\"2781\" data-end=\"2789\" data-col-size=\"sm\">Alimentaci\u00f3n<\/td>\n<td data-start=\"2789\" data-end=\"2799\" data-col-size=\"md\">Suave<\/td>\n<\/tr>\n<tr data-start=\"2800\" data-end=\"2840\">\n<td data-start=\"2800\" data-end=\"2810\" data-col-size=\"sm\">Asa<\/td>\n<td data-start=\"2810\" data-end=\"2840\" data-col-size=\"md\">aluminio \/ acabado azul-negro<\/td>\n<\/tr>\n<tr data-start=\"2841\" data-end=\"2863\">\n<td data-start=\"2841\" data-end=\"2849\" data-col-size=\"sm\">Castillo<\/td>\n<td data-start=\"2849\" data-end=\"2863\" data-col-size=\"md\">Cerradura de bastidor<\/td>\n<\/tr>\n<tr data-start=\"2864\" data-end=\"2899\">\n<td data-start=\"2864\" data-end=\"2876\" data-col-size=\"sm\">Apertura<\/td>\n<td data-start=\"2876\" data-end=\"2899\" data-col-size=\"md\">Spyderco Agujero Redondo<\/td>\n<\/tr>\n<tr data-start=\"2900\" data-end=\"2944\">\n<td data-start=\"2900\" data-end=\"2907\" data-col-size=\"sm\">Clip<\/td>\n<td data-start=\"2907\" data-end=\"2944\" data-col-size=\"md\">4 posiciones (izquierda\/derecha, arriba\/abajo)<\/td>\n<\/tr>\n<tr data-start=\"2945\" data-end=\"2969\">\n<td data-start=\"2945\" data-end=\"2956\" data-col-size=\"sm\">Peso<\/td>\n<td data-start=\"2956\" data-end=\"2969\" data-col-size=\"md\">aprox. 105 g<\/td>\n<\/tr>\n<tr data-start=\"2970\" data-end=\"3012\">\n<td data-start=\"2970\" data-end=\"2982\" data-col-size=\"sm\">Categor\u00eda<\/td>\n<td data-start=\"2982\" data-end=\"3012\" data-col-size=\"md\">Elegante cuchillo de cierre EDC<\/td>\n<\/tr>\n<\/tbody>\n<\/table>\n<\/div>\n<\/div>\n<hr data-start=\"3014\" data-end=\"3017\">\n<h2 data-start=\"3019\" data-end=\"3037\">\u2705 Beneficios principales<\/h2>\n<ul data-start=\"3039\" data-end=\"3362\">\n<li data-start=\"3039\" data-end=\"3125\">\n<p data-start=\"3041\" data-end=\"3125\"><strong data-start=\"3041\" data-end=\"3068\">Acero de primera calidad CPM S45VN<\/strong>: excelente equilibrio entre afilado, durabilidad y mantenimiento<\/p>\n<\/li>\n<li data-start=\"3126\" data-end=\"3193\">\n<p data-start=\"3128\" data-end=\"3193\"><strong data-start=\"3128\" data-end=\"3159\">Dise\u00f1o compacto y c\u00f3modo<\/strong>, ideal para llevar a diario<\/p>\n<\/li>\n<li data-start=\"3194\" data-end=\"3251\">\n<p data-start=\"3196\" data-end=\"3251\"><strong data-start=\"3196\" data-end=\"3210\">Bloqueo del bastidor<\/strong>: bloqueo robusto y seguro de la hoja<\/p>\n<\/li>\n<li data-start=\"3252\" data-end=\"3311\">\n<p data-start=\"3254\" data-end=\"3311\"><strong data-start=\"3254\" data-end=\"3277\">Agujero redondo Spyderco<\/strong>: apertura r\u00e1pida e intuitiva<\/p>\n<\/li>\n<li data-start=\"3312\" data-end=\"3362\">\n<p data-start=\"3314\" data-end=\"3362\"><strong data-start=\"3314\" data-end=\"3333\">Clip de 4 posiciones<\/strong>: opciones de uso flexibles<\/p>\n<\/li>\n<\/ul>\n<hr data-start=\"3364\" data-end=\"3367\">\n<h2 data-start=\"3369\" data-end=\"3388\">\u26a0\ufe0f Posibles restricciones<\/h2>\n<ul data-start=\"3390\" data-end=\"3631\">\n<li data-start=\"3390\" data-end=\"3481\">\n<p data-start=\"3392\" data-end=\"3481\"><strong data-start=\"3392\" data-end=\"3410\">Tama\u00f1o m\u00e1s peque\u00f1o<\/strong> &#8211; para algunos usuarios puede no ser ideal para tareas exigentes al aire libre<\/p>\n<\/li>\n<li data-start=\"3482\" data-end=\"3549\">\n<p data-start=\"3484\" data-end=\"3549\"><strong data-start=\"3484\" data-end=\"3513\">Dise\u00f1o orientado al uso personal<\/strong>, no es un cuchillo de \u00abtrabajo\u00bb robusto<\/p>\n<\/li>\n<li data-start=\"3550\" data-end=\"3631\">\n<p data-start=\"3552\" data-end=\"3631\"><strong data-start=\"3552\" data-end=\"3576\">Acabado DLC<\/strong> &#8211; puede desgastarse gradualmente en los bordes durante el trabajo intensivo<\/p>\n<\/li>\n<\/ul>\n<hr data-start=\"3633\" data-end=\"3636\">\n<h2 data-start=\"3638\" data-end=\"3658\">\ud83d\udee0\ufe0f Mantenimiento y cuidado<\/h2>\n<ul data-start=\"3660\" data-end=\"3868\">\n<li data-start=\"3660\" data-end=\"3719\">\n<p data-start=\"3662\" data-end=\"3719\">Seca la cuchilla despu\u00e9s de usarla, especialmente cuando est\u00e9 en contacto con la humedad<\/p>\n<\/li>\n<li data-start=\"3720\" data-end=\"3785\">\n<p data-start=\"3722\" data-end=\"3785\">Comprueba regularmente el funcionamiento de la cerradura del marco y del mecanismo de apertura<\/p>\n<\/li>\n<li data-start=\"3786\" data-end=\"3868\">\n<p data-start=\"3788\" data-end=\"3868\">Mant\u00e9n la cuchilla afil\u00e1ndola regularmente para conservarla afilada tras largos periodos de uso<\/p>\n<\/li>\n<\/ul>\n<hr data-start=\"3870\" data-end=\"3873\">\n<h2 data-start=\"3875\" data-end=\"3917\">\ud83d\udd2a Accesorios recomendados para afilar<\/h2>\n<p data-start=\"3919\" data-end=\"4093\"><strong data-start=\"3919\" data-end=\"3985\">Sistema de afilado completo Spyderco Tri-Angle Sharpmaker 204MF<\/strong>: un sistema sencillo y eficaz para mantener una cuchilla de precisi\u00f3n para tu Essenza.<br data-start=\"4063\" data-end=\"4066\">\ud83d\uded2 Comprar en <strong data-start=\"4079\" data-end=\"4093\">Moskito.cz<\/strong><\/p>\n<hr data-start=\"4095\" data-end=\"4098\">\n<h2 data-start=\"4100\" data-end=\"4120\">\ud83c\udfaf Recomendado para<\/h2>\n<ul data-start=\"4122\" data-end=\"4316\">\n<li data-start=\"4122\" data-end=\"4147\">\n<p data-start=\"4124\" data-end=\"4147\">uso diario EDC<\/p>\n<\/li>\n<li data-start=\"4148\" data-end=\"4202\">\n<p data-start=\"4150\" data-end=\"4202\">usuarios que quieren un cuchillo compacto pero potente<\/p>\n<\/li>\n<li data-start=\"4203\" data-end=\"4242\">\n<p data-start=\"4205\" data-end=\"4242\">los que aprecian la ergonom\u00eda confortable<\/p>\n<\/li>\n<li data-start=\"4243\" data-end=\"4271\">\n<p data-start=\"4245\" data-end=\"4271\">Fans de Spyderco<\/p>\n<\/li>\n<li data-start=\"4272\" data-end=\"4316\">\n<p data-start=\"4274\" data-end=\"4316\">Cortes pr\u00e1cticos de materiales de tama\u00f1o diario<\/p>\n<\/li>\n<\/ul>\n<hr data-start=\"4318\" data-end=\"4321\">\n<h2 data-start=\"4323\" data-end=\"4347\">\u2b50 Calificaci\u00f3n final<\/h2>\n<p data-start=\"4349\" data-end=\"4639\">Spyderco Essenza C272ALBKP &#8211; hoja negra con mango negro azulado es una <strong data-start=\"4416\" data-end=\"4463\">navaja de cierre elegante, c\u00f3moda y fiable<\/strong> que se convertir\u00e1 en una gran compa\u00f1era para las tareas cotidianas. Con acero de primera calidad, mec\u00e1nica intuitiva y dise\u00f1o ergon\u00f3mico, la Essenza ofrece un alto rendimiento de corte en un paquete compacto. <\/p>\n<p data-start=\"4641\" data-end=\"4701\">Essenza: <strong data-start=\"4651\" data-end=\"4696\">elegancia, funcionalidad y confianza en cada corte.<\/strong> \ud83d\udd2a\ud83d\udcbc<\/p>\n<\/div>\n<\/div>\n<\/div>\n<\/div>\n<div class=\"z-0 flex min-h-[46px] justify-start\"><\/div>\n<\/div>\n<\/div>\n<\/article>\n<\/div>\n<div class=\"pointer-events-none h-px w-px absolute bottom-0\" aria-hidden=\"true\" data-edge=\"true\"><\/div>\n","protected":false},"excerpt":{"rendered":"<div class=\"flex max-w-full flex-col grow\">\n<div class=\"min-h-8 text-message relative flex w-full flex-col items-end gap-2 text-start break-words whitespace-normal [.text-message+&amp;]:mt-1\" dir=\"auto\" data-message-author-role=\"assistant\" data-message-id=\"90d053d4-647e-41dd-a078-066020e44e54\" data-message-model-slug=\"gpt-5-2\">\n<div class=\"flex w-full flex-col gap-1 empty:hidden first:pt-[1px]\">\n<div class=\"markdown prose dark:prose-invert w-full wrap-break-word light markdown-new-styling\">\n<p data-start=\"4349\" data-end=\"4639\"><strong>Spyderco Essenza C272ALBKP &#8211; hoja negra con mango negro azulado es una navaja de cierre elegante, c\u00f3moda y fiable que se convertir\u00e1 en una gran compa\u00f1era para las tareas cotidianas. Con acero de primera calidad, mec\u00e1nica intuitiva y dise\u00f1o ergon\u00f3mico, la Essenza ofrece un alto rendimiento de corte en un paquete compacto. <\/strong><\/p>\n<p data-start=\"4641\" data-end=\"4701\"><strong>Essenza: elegancia, funcionalidad y confianza en cada corte. \ud83d\udd2a\ud83d\udcbc <\/strong><\/p>\n<\/div>\n<\/div>\n<\/div>\n<\/div>\n<div class=\"z-0 flex min-h-[46px] justify-start\"><strong>Env\u00edo gratis.<\/strong><\/div>\n","protected":false},"featured_media":436728,"comment_status":"open","ping_status":"closed","template":"","meta":[],"pwb-brand":[3771],"product_brand":[],"product_cat":[3730,3726],"product_tag":[],"class_list":{"0":"post-437301","1":"product","2":"type-product","3":"status-publish","4":"has-post-thumbnail","6":"pwb-brand-spyderco-es","7":"product_cat-cuchillas-de-cierre","8":"product_cat-cuchillos","10":"first","11":"instock","12":"taxable","13":"shipping-taxable","14":"purchasable","15":"product-type-simple"},"brands":[{"id":3771,"name":"spyderco","slug":"spyderco-es"}],"_links":{"self":[{"href":"https:\/\/www.moskito.cz\/es\/wp-json\/wp\/v2\/product\/437301","targetHints":{"allow":["GET"]}}],"collection":[{"href":"https:\/\/www.moskito.cz\/es\/wp-json\/wp\/v2\/product"}],"about":[{"href":"https:\/\/www.moskito.cz\/es\/wp-json\/wp\/v2\/types\/product"}],"replies":[{"embeddable":true,"href":"https:\/\/www.moskito.cz\/es\/wp-json\/wp\/v2\/comments?post=437301"}],"wp:featuredmedia":[{"embeddable":true,"href":"https:\/\/www.moskito.cz\/es\/wp-json\/wp\/v2\/media\/436728"}],"wp:attachment":[{"href":"https:\/\/www.moskito.cz\/es\/wp-json\/wp\/v2\/media?parent=437301"}],"wp:term":[{"taxonomy":"pwb-brand","embeddable":true,"href":"https:\/\/www.moskito.cz\/es\/wp-json\/wp\/v2\/pwb-brand?post=437301"},{"taxonomy":"product_brand","embeddable":true,"href":"https:\/\/www.moskito.cz\/es\/wp-json\/wp\/v2\/product_brand?post=437301"},{"taxonomy":"product_cat","embeddable":true,"href":"https:\/\/www.moskito.cz\/es\/wp-json\/wp\/v2\/product_cat?post=437301"},{"taxonomy":"product_tag","embeddable":true,"href":"https:\/\/www.moskito.cz\/es\/wp-json\/wp\/v2\/product_tag?post=437301"}],"curies":[{"name":"wp","href":"https:\/\/api.w.org\/{rel}","templated":true}]}}