{"id":437349,"date":"2026-02-15T11:52:54","date_gmt":"2026-02-15T10:52:54","guid":{"rendered":"https:\/\/www.moskito.cz\/produkt\/cuchillo-spyderco-para-3-cierre-salado-c223gbkylmcp\/"},"modified":"2026-02-15T12:03:27","modified_gmt":"2026-02-15T11:03:27","slug":"cuchillo-spyderco-para-3-cierre-salado-c223gbkylmcp","status":"publish","type":"product","link":"https:\/\/www.moskito.cz\/es\/produkt\/cuchillo-spyderco-para-3-cierre-salado-c223gbkylmcp\/","title":{"rendered":"Cuchillo Spyderco Para 3 Cierre Salado C223GBKYLMCP"},"content":{"rendered":"<p data-start=\"114\" data-end=\"436\">En cuanto cojas la <strong data-start=\"137\" data-end=\"187\">Spyderco Para 3 Salt CPM MagnaCut C223GBKYLMCP<\/strong>, sentir\u00e1s inmediatamente el tama\u00f1o compacto, el manejo preciso y la confianza que aporta el bloqueo por compresi\u00f3n. Este modelo combina la legendaria plataforma Para 3 con el moderno acero CPM MagnaCut y un distintivo mango de G10 amarillo y negro que destaca tanto funcional como visualmente. <\/p>\n<p data-start=\"438\" data-end=\"551\">Dise\u00f1ado por Eric Glesser y Sal Glesser y fabricado en EE.UU. por <strong data-start=\"509\" data-end=\"550\"><span class=\"hover:entity-accent entity-underline inline cursor-pointer align-baseline\"><span class=\"whitespace-normal\">Spyderco<\/span><\/span><\/strong>.<\/p>\n<hr data-start=\"553\" data-end=\"556\">\n<p data-start=\"558\" data-end=\"586\">\ud83d\udd25 <strong data-start=\"561\" data-end=\"586\">Car\u00e1cter y filosof\u00eda<\/strong><\/p>\n<p data-start=\"588\" data-end=\"754\">La Para 3 Salt es una navaja compacta EDC dise\u00f1ada para ofrecer el m\u00e1ximo rendimiento en el uso diario. Gracias a su hoja m\u00e1s corta, ofrece un excelente control y suficiente potencia de corte. <\/p>\n<p data-start=\"756\" data-end=\"811\">El modelo utiliza <strong data-start=\"770\" data-end=\"790\">el bloqueo de compresi\u00f3n<\/strong>, que se caracteriza por:<\/p>\n<p data-start=\"813\" data-end=\"906\">alta resistencia<br data-start=\"829\" data-end=\"832\">desbloqueo seguro sin introducir los dedos en la trayectoria de la cuchilla<br data-start=\"887\" data-end=\"890\">funcionamiento suave<\/p>\n<p data-start=\"908\" data-end=\"1013\">Su longitud total de 18,5 cm la convierte en el compromiso ideal entre compacidad y herramienta de trabajo completa.<\/p>\n<hr data-start=\"1015\" data-end=\"1018\">\n<p data-start=\"1020\" data-end=\"1036\">\ud83c\udfed <strong data-start=\"1023\" data-end=\"1036\">Sobre el productor<\/strong><\/p>\n<p data-start=\"1038\" data-end=\"1102\">Spyderco es una marca estadounidense fundada en 1976. Caracter\u00edsticas t\u00edpicas: <\/p>\n<p data-start=\"1104\" data-end=\"1235\">Ic\u00f3nica apertura de hoja redonda<br data-start=\"1134\" data-end=\"1137\">\u00c9nfasis en la ergonom\u00eda y la funcionalidad<br data-start=\"1167\" data-end=\"1170\">Cooperaci\u00f3n con los principales metal\u00fargicos<br data-start=\"1201\" data-end=\"1204\">Modelos clave fabricados en EE.UU.<\/p>\n<p data-start=\"1237\" data-end=\"1298\">El Para 3 es una de las plataformas EDC m\u00e1s populares de la marca.<\/p>\n<hr data-start=\"1300\" data-end=\"1303\">\n<p data-start=\"1305\" data-end=\"1352\">\ud83d\udde1\ufe0f <strong data-start=\"1309\" data-end=\"1352\">Hoja &#8211; Punta ca\u00edda con corte totalmente plano<\/strong><\/p>\n<p data-start=\"1354\" data-end=\"1440\">La hoja <strong data-start=\"1365\" data-end=\"1379\">Drop Point<\/strong> proporciona versatilidad y un control preciso de la punta.<\/p>\n<p data-start=\"1442\" data-end=\"1469\">El corte plano completo proporciona:<\/p>\n<p data-start=\"1471\" data-end=\"1565\">excelentes propiedades de corte<br data-start=\"1495\" data-end=\"1498\">suave penetraci\u00f3n en el material<br data-start=\"1522\" data-end=\"1525\">equilibrada relaci\u00f3n resistencia\/rendimiento<\/p>\n<p data-start=\"1567\" data-end=\"1664\">La altura de la hoja de 3,3 cm y el grosor de 4 mm confieren al cuchillo un car\u00e1cter robusto, al tiempo que mantienen una buena potencia de corte.<\/p>\n<hr data-start=\"1666\" data-end=\"1669\">\n<p data-start=\"1671\" data-end=\"1697\"><strong data-start=\"1674\" data-end=\"1697\">\ud83d\udd2c Acero &#8211; CPM MagnaCut<\/strong><\/p>\n<p data-start=\"1699\" data-end=\"1760\">CPM MagnaCut es un moderno polvo de acero dise\u00f1ado para combinar:<\/p>\n<p data-start=\"1762\" data-end=\"1840\">alta resistencia a la corrosi\u00f3n<br data-start=\"1791\" data-end=\"1794\">larga retenci\u00f3n de la hoja<br data-start=\"1814\" data-end=\"1817\">excelente tenacidad<\/p>\n<p data-start=\"1842\" data-end=\"1894\">Es adecuado para un uso exigente en EDC y entornos h\u00famedos.<\/p>\n<hr data-start=\"1896\" data-end=\"1899\">\n<p data-start=\"1901\" data-end=\"1933\">\ud83e\udde9 E <strong data-start=\"1904\" data-end=\"1933\">mpu\u00f1adura &#8211; G10 amarillo-negro<\/strong><\/p>\n<p data-start=\"1935\" data-end=\"1970\">El mango es de G10 resistente:<\/p>\n<p data-start=\"1972\" data-end=\"2139\">material compuesto resistente<br data-start=\"1997\" data-end=\"2000\">superficie texturizada para un agarre seguro<br data-start=\"2034\" data-end=\"2037\">resistencia a la humedad y a la tensi\u00f3n mec\u00e1nica<br data-start=\"2083\" data-end=\"2086\">combinaci\u00f3n distintiva amarillo-negro para una mejor visibilidad<\/p>\n<p data-start=\"2141\" data-end=\"2188\">El clip de cuatro posiciones permite llevarlo tanto a la derecha como a la izquierda.<\/p>\n<hr data-start=\"2190\" data-end=\"2193\">\n<p data-start=\"2195\" data-end=\"2223\">\u2699\ufe0f <strong data-start=\"2198\" data-end=\"2223\">Especificaciones t\u00e9cnicas<\/strong><\/p>\n<div class=\"TyagGW_tableContainer\">\n<div class=\"group TyagGW_tableWrapper flex flex-col-reverse w-fit\" tabindex=\"-1\">\n<table class=\"w-fit min-w-(--thread-content-width)\" data-start=\"2225\" data-end=\"2681\">\n<thead data-start=\"2225\" data-end=\"2243\">\n<tr data-start=\"2225\" data-end=\"2243\">\n<th class=\"\" data-start=\"2225\" data-end=\"2234\" data-col-size=\"sm\">Par\u00e1metro<\/th>\n<th class=\"\" data-start=\"2234\" data-end=\"2243\" data-col-size=\"sm\">Valor<\/th>\n<\/tr>\n<\/thead>\n<tbody data-start=\"2252\" data-end=\"2681\">\n<tr data-start=\"2252\" data-end=\"2269\">\n<td data-start=\"2252\" data-end=\"2259\" data-col-size=\"sm\">Marca<\/td>\n<td data-start=\"2259\" data-end=\"2269\" data-col-size=\"sm\">Spyderco<\/td>\n<\/tr>\n<tr data-start=\"2270\" data-end=\"2291\">\n<td data-start=\"2270\" data-end=\"2276\" data-col-size=\"sm\">Color<\/td>\n<td data-start=\"2276\" data-end=\"2291\" data-col-size=\"sm\">amarillo , negro<\/td>\n<\/tr>\n<tr data-start=\"2292\" data-end=\"2328\">\n<td data-start=\"2292\" data-end=\"2300\" data-col-size=\"sm\">Dise\u00f1ador<\/td>\n<td data-start=\"2300\" data-end=\"2328\" data-col-size=\"sm\">Eric Glesser , Sal Glesser<\/td>\n<\/tr>\n<tr data-start=\"2329\" data-end=\"2349\">\n<td data-start=\"2329\" data-end=\"2344\" data-col-size=\"sm\">Se puede grabar<\/td>\n<td data-start=\"2344\" data-end=\"2349\" data-col-size=\"sm\">S\u00ed<\/td>\n<\/tr>\n<tr data-start=\"2350\" data-end=\"2398\">\n<td data-start=\"2350\" data-end=\"2387\" data-col-size=\"sm\">Garant\u00eda contra defectos de material y fabricaci\u00f3n<\/td>\n<td data-col-size=\"sm\" data-start=\"2387\" data-end=\"2398\">De por vida<\/td>\n<\/tr>\n<tr data-start=\"2399\" data-end=\"2423\">\n<td data-start=\"2399\" data-end=\"2405\" data-col-size=\"sm\">Serie<\/td>\n<td data-start=\"2405\" data-end=\"2423\" data-col-size=\"sm\">P\u00e1rrafo 3 , Sal<\/td>\n<\/tr>\n<tr data-start=\"2424\" data-end=\"2451\">\n<td data-start=\"2424\" data-end=\"2436\" data-col-size=\"sm\">Pa\u00eds de origen<\/td>\n<td data-start=\"2436\" data-end=\"2451\" data-col-size=\"sm\">Estados Unidos<\/td>\n<\/tr>\n<tr data-start=\"2452\" data-end=\"2482\">\n<td data-start=\"2452\" data-end=\"2466\" data-col-size=\"sm\">N\u00famero de art\u00edculo<\/td>\n<td data-col-size=\"sm\" data-start=\"2466\" data-end=\"2482\">SPC223GBKYLMCP<\/td>\n<\/tr>\n<tr data-start=\"2483\" data-end=\"2504\">\n<td data-start=\"2483\" data-end=\"2496\" data-col-size=\"sm\">Altura de la cuchilla<\/td>\n<td data-start=\"2496\" data-end=\"2504\" data-col-size=\"sm\">3,3 cm<\/td>\n<\/tr>\n<tr data-start=\"2505\" data-end=\"2526\">\n<td data-start=\"2505\" data-end=\"2518\" data-col-size=\"sm\">Longitud de la hoja<\/td>\n<td data-start=\"2518\" data-end=\"2526\" data-col-size=\"sm\">7,6 cm<\/td>\n<\/tr>\n<tr data-start=\"2527\" data-end=\"2547\">\n<td data-start=\"2527\" data-end=\"2539\" data-col-size=\"sm\">Longitud de la hoja<\/td>\n<td data-start=\"2539\" data-end=\"2547\" data-col-size=\"sm\">6,7 cm<\/td>\n<\/tr>\n<tr data-start=\"2548\" data-end=\"2570\">\n<td data-start=\"2548\" data-end=\"2564\" data-col-size=\"sm\">Grosor de la hoja<\/td>\n<td data-start=\"2564\" data-end=\"2570\" data-col-size=\"sm\">4 mm<\/td>\n<\/tr>\n<tr data-start=\"2571\" data-end=\"2592\">\n<td data-start=\"2571\" data-end=\"2585\" data-col-size=\"sm\">Longitud cerrada<\/td>\n<td data-col-size=\"sm\" data-start=\"2585\" data-end=\"2592\">11 cm<\/td>\n<\/tr>\n<tr data-start=\"2593\" data-end=\"2616\">\n<td data-start=\"2593\" data-end=\"2607\" data-col-size=\"sm\">Longitud total<\/td>\n<td data-start=\"2607\" data-end=\"2616\" data-col-size=\"sm\">18,5 cm<\/td>\n<\/tr>\n<tr data-start=\"2617\" data-end=\"2632\">\n<td data-start=\"2617\" data-end=\"2626\" data-col-size=\"sm\">Peso<\/td>\n<td data-start=\"2626\" data-end=\"2632\" data-col-size=\"sm\">97 g<\/td>\n<\/tr>\n<tr data-start=\"2633\" data-end=\"2656\">\n<td data-start=\"2633\" data-end=\"2651\" data-col-size=\"sm\">Material de la empu\u00f1adura<\/td>\n<td data-start=\"2651\" data-end=\"2656\" data-col-size=\"sm\">G10<\/td>\n<\/tr>\n<tr data-start=\"2657\" data-end=\"2681\">\n<td data-start=\"2657\" data-end=\"2667\" data-col-size=\"sm\">Tipo de acero<\/td>\n<td data-start=\"2667\" data-end=\"2681\" data-col-size=\"sm\">CPM Magnacut<\/td>\n<\/tr>\n<\/tbody>\n<\/table>\n<\/div>\n<\/div>\n<hr data-start=\"2683\" data-end=\"2686\">\n<p data-start=\"2688\" data-end=\"2707\">\u2705 <strong data-start=\"2690\" data-end=\"2707\">Beneficios principales<\/strong><\/p>\n<p data-start=\"2709\" data-end=\"2845\">Acero de primera calidad CPM MagnaCut<br data-start=\"2735\" data-end=\"2738\">Fiable bloqueo de compresi\u00f3n<br data-start=\"2765\" data-end=\"2768\">Formato compacto y ergon\u00f3mico<br data-start=\"2798\" data-end=\"2801\">Distintivo esquema de colores<br data-start=\"2826\" data-end=\"2829\">Fabricado en EE.UU.<\/p>\n<hr data-start=\"2847\" data-end=\"2850\">\n<p data-start=\"2852\" data-end=\"2872\">\u26a0\ufe0f <strong data-start=\"2855\" data-end=\"2872\">Posibles restricciones<\/strong><\/p>\n<p data-start=\"2874\" data-end=\"2957\">Apertura manual<br data-start=\"2892\" data-end=\"2895\">Hoja robusta grosor 4 mm<br data-start=\"2927\" data-end=\"2930\">Categor\u00eda de precio Premium<\/p>\n<hr data-start=\"2959\" data-end=\"2962\">\n<p data-start=\"2964\" data-end=\"2985\">\ud83d\udee0\ufe0f <strong data-start=\"2968\" data-end=\"2985\">Mantenimiento y cuidado<\/strong><\/p>\n<p data-start=\"2987\" data-end=\"3055\">Limpia y seca la cuchilla despu\u00e9s de usarla para preservar su longevidad<\/p>\n<p data-start=\"3057\" data-end=\"3121\">Mant\u00e9n el mango seco y limpio, especialmente despu\u00e9s de entrar en contacto con la humedad<\/p>\n<p data-start=\"3123\" data-end=\"3181\">Lubrica ligeramente la cuchilla con aceite protector para guardarla durante m\u00e1s tiempo<\/p>\n<p data-start=\"3183\" data-end=\"3349\">Para afilar cuchillas, recomendamos el Sistema Completo de Afilado Triangular Spyderco 204MF, tambi\u00e9n ideal para cuchillas lisas. \ud83d\uded2 Compra en nuestro sitio web Moskito.cz <\/p>\n<p data-start=\"3351\" data-end=\"3418\">Un cuidado regular garantiza la fiabilidad a largo plazo y el m\u00e1ximo rendimiento.<\/p>\n<hr data-start=\"3420\" data-end=\"3423\">\n<p data-start=\"3425\" data-end=\"3446\">\ud83c\udfaf <strong data-start=\"3428\" data-end=\"3446\">Recomendado para<\/strong><\/p>\n<p data-start=\"3448\" data-end=\"3550\">Usuarios exigentes de EDC<br data-start=\"3469\" data-end=\"3472\">Actividades al aire libre y acu\u00e1ticas<br data-start=\"3496\" data-end=\"3499\">Uso profesional<br data-start=\"3520\" data-end=\"3523\">Ventiladores de plataforma Para 3<\/p>\n<hr data-start=\"3552\" data-end=\"3555\">\n<p data-start=\"3557\" data-end=\"3582\">\u2b50 <strong data-start=\"3559\" data-end=\"3582\">Calificaci\u00f3n final<\/strong><\/p>\n<p data-start=\"3584\" data-end=\"3822\" data-is-last-node=\"\" data-is-only-node=\"\">La Spyderco Para 3 Salt CPM MagnaCut C223GBKYLMCP combina unas dimensiones compactas, un moderno acero con recubrimiento en polvo y un s\u00f3lido bloqueo de compresi\u00f3n en una navaja EDC muy funcional. El resultado es una herramienta de trabajo t\u00e9cnicamente avanzada, duradera y distintiva sin concesiones \ud83d\udd2a\ud83d\udfe1\u26ab <\/p>\n","protected":false},"excerpt":{"rendered":"<p><strong>La Spyderco Para 3 Salt CPM MagnaCut C223GBKYLMCP combina unas dimensiones compactas, un moderno acero con recubrimiento en polvo y un s\u00f3lido bloqueo de compresi\u00f3n en una navaja EDC muy funcional. El resultado es una herramienta de trabajo t\u00e9cnicamente avanzada, duradera y distintiva sin concesiones \ud83d\udd2a\ud83d\udfe1\u26ab <\/strong><\/p>\n<p><strong>Env\u00edo gratis.<\/strong><\/p>\n","protected":false},"featured_media":437300,"comment_status":"open","ping_status":"closed","template":"","meta":[],"pwb-brand":[3771],"product_brand":[],"product_cat":[3730,3726],"product_tag":[],"class_list":{"0":"post-437349","1":"product","2":"type-product","3":"status-publish","4":"has-post-thumbnail","6":"pwb-brand-spyderco-es","7":"product_cat-cuchillas-de-cierre","8":"product_cat-cuchillos","10":"first","11":"instock","12":"taxable","13":"shipping-taxable","14":"purchasable","15":"product-type-simple"},"brands":[{"id":3771,"name":"spyderco","slug":"spyderco-es"}],"_links":{"self":[{"href":"https:\/\/www.moskito.cz\/es\/wp-json\/wp\/v2\/product\/437349","targetHints":{"allow":["GET"]}}],"collection":[{"href":"https:\/\/www.moskito.cz\/es\/wp-json\/wp\/v2\/product"}],"about":[{"href":"https:\/\/www.moskito.cz\/es\/wp-json\/wp\/v2\/types\/product"}],"replies":[{"embeddable":true,"href":"https:\/\/www.moskito.cz\/es\/wp-json\/wp\/v2\/comments?post=437349"}],"wp:featuredmedia":[{"embeddable":true,"href":"https:\/\/www.moskito.cz\/es\/wp-json\/wp\/v2\/media\/437300"}],"wp:attachment":[{"href":"https:\/\/www.moskito.cz\/es\/wp-json\/wp\/v2\/media?parent=437349"}],"wp:term":[{"taxonomy":"pwb-brand","embeddable":true,"href":"https:\/\/www.moskito.cz\/es\/wp-json\/wp\/v2\/pwb-brand?post=437349"},{"taxonomy":"product_brand","embeddable":true,"href":"https:\/\/www.moskito.cz\/es\/wp-json\/wp\/v2\/product_brand?post=437349"},{"taxonomy":"product_cat","embeddable":true,"href":"https:\/\/www.moskito.cz\/es\/wp-json\/wp\/v2\/product_cat?post=437349"},{"taxonomy":"product_tag","embeddable":true,"href":"https:\/\/www.moskito.cz\/es\/wp-json\/wp\/v2\/product_tag?post=437349"}],"curies":[{"name":"wp","href":"https:\/\/api.w.org\/{rel}","templated":true}]}}