{"id":437360,"date":"2025-08-12T14:03:53","date_gmt":"2025-08-12T13:03:53","guid":{"rendered":"https:\/\/www.moskito.cz\/produkt\/navaja-spyderco-manix-2-cierra-sal-c101pyl2\/"},"modified":"2026-02-15T12:56:33","modified_gmt":"2026-02-15T11:56:33","slug":"navaja-spyderco-manix-2-cierra-sal-c101pyl2","status":"publish","type":"product","link":"https:\/\/www.moskito.cz\/es\/produkt\/navaja-spyderco-manix-2-cierra-sal-c101pyl2\/","title":{"rendered":"Navaja Spyderco Manix 2 Cierra Sal C101PYL2"},"content":{"rendered":"<h2 data-pm-slice=\"1 1 []\">Cuchillo Ligero Spyderco Manix 2 Salt &#8211; Hoja lisa satinada CPM-MagnaCut, Mangos FRN Amarillos &#8211; C101PYL2<\/h2>\n<h3>Introducci\u00f3n<\/h3>\n<p>La Spyderco Manix 2 Salt Lightweight es la prueba de que incluso una navaja de cierre puede ser tan duradera como un equipo de buceo profesional. Por primera vez, la serie Salt incorpora la legendaria construcci\u00f3n Manix 2 combinada con el acero inoxidable ultraduradero CPM MagnaCut y el exclusivo sistema Ball Bearing Lock. Este modelo est\u00e1 dise\u00f1ado para una durabilidad extrema en entornos en los que la sal y la humedad son adversarios habituales: tanto si est\u00e1s en un barco, en el mar o trabajando en un entorno h\u00famedo.  <\/p>\n<div>\n<hr>\n<\/div>\n<h3>Historia y desarrollo<\/h3>\n<p>La serie <strong>Salt<\/strong> se introdujo en 2003 y estableci\u00f3 un nuevo est\u00e1ndar para las navajas con una resistencia extrema a la corrosi\u00f3n. Los modelos originales se basaban en los probados cierres japoneses de bloqueo trasero, pero en 2017 se a\u00f1adi\u00f3 a la familia el modelo Salt Caribe con el m\u00e1s moderno Bloqueo de Compresi\u00f3n. La Manix 2 Salt Lightweight, sin embargo, es la primera que combina el <strong>Cierre de Bolas<\/strong> con la construcci\u00f3n Salt.<br \/>\nLa inspiraci\u00f3n vino de la Manix 2 Lightweight original, una navaja revolucionaria con mango FRCP transl\u00facido que gan\u00f3 el premio <strong>al Dise\u00f1o Americano M\u00e1s Innovador<\/strong> en el Blade Show de 2010. La versi\u00f3n Salt lleva este concepto a\u00fan m\u00e1s lejos utilizando acero CPM MagnaCut de primera calidad y componentes resistentes a la corrosi\u00f3n cuidadosamente seleccionados en todo el mecanismo.   <\/p>\n<div>\n<hr>\n<\/div>\n<h3>Especificaciones t\u00e9cnicas<\/h3>\n<table>\n<tbody>\n<tr>\n<th>Par\u00e1metro<\/th>\n<th>Valor<\/th>\n<\/tr>\n<tr>\n<td>Longitud de la hoja<\/td>\n<td>86 mm (3,37&#8243;)<\/td>\n<\/tr>\n<tr>\n<td>Hoja<\/td>\n<td>73 mm (2,88&#8243;)<\/td>\n<\/tr>\n<tr>\n<td>Longitud de la cuchilla cerrada<\/td>\n<td>118 mm (4,66&#8243;)<\/td>\n<\/tr>\n<tr>\n<td>Longitud total<\/td>\n<td>204 mm (8,03&#8243;)<\/td>\n<\/tr>\n<tr>\n<td>Cuchillas de acero<\/td>\n<td>CPM MagnaCut<\/td>\n<\/tr>\n<tr>\n<td>Grosor de la hoja<\/td>\n<td>3,2 mm<\/td>\n<\/tr>\n<tr>\n<td>Forma de hoja<\/td>\n<td>Forma de hoja<\/td>\n<\/tr>\n<tr>\n<td>Esmerilado<\/td>\n<td>Plano completo<\/td>\n<\/tr>\n<tr>\n<td>Superficie de la hoja<\/td>\n<td>Satinado<\/td>\n<\/tr>\n<tr>\n<td>Material del mango<\/td>\n<td>FRN amarillo<\/td>\n<\/tr>\n<tr>\n<td>Mecanismo fusible<\/td>\n<td>Bloqueo de rodamiento de bolas<\/td>\n<\/tr>\n<tr>\n<td>Clip<\/td>\n<td>Reversible, basculante, lado derecho\/izquierdo<\/td>\n<\/tr>\n<tr>\n<td>Peso<\/td>\n<td>82 g<\/td>\n<\/tr>\n<tr>\n<td>Producci\u00f3n<\/td>\n<td>Golden, Colorado, EE.UU.<\/td>\n<\/tr>\n<\/tbody>\n<\/table>\n<div>\n<hr>\n<\/div>\n<h3>Principales ventajas<\/h3>\n<ul data-spread=\"false\">\n<li><strong>CPM MagnaCut<\/strong>: acero inoxidable de primera calidad con una excelente combinaci\u00f3n de tenacidad, retenci\u00f3n de la hoja y resistencia a la corrosi\u00f3n.<\/li>\n<li><strong>Bloqueo de rodamiento<\/strong> de <strong>bolas<\/strong>: funcionamiento suave, alta resistencia, controlabilidad por ambos lados.<\/li>\n<li><strong>Peso ultraligero<\/strong>: s\u00f3lo 82 g para un ajuste c\u00f3modo.<\/li>\n<li><strong>Mango FRN<\/strong>: duradero, ligero y con un profundo dibujo antideslizante.<\/li>\n<li><strong>Resistencia total a la corrosi\u00f3n<\/strong>: no s\u00f3lo la cuchilla, sino tambi\u00e9n todas las piezas met\u00e1licas est\u00e1n cuidadosamente seleccionadas contra la corrosi\u00f3n galv\u00e1nica.<\/li>\n<\/ul>\n<div>\n<hr>\n<\/div>\n<h3>Desventajas<\/h3>\n<ul data-spread=\"false\">\n<li>El mango amarillo brillante puede no sentar bien a todo el mundo est\u00e9ticamente.<\/li>\n<li>El Bloqueo de Rodamiento de Bolas requiere cierta habilidad para desmontarlo (si es necesario) para su mantenimiento.<\/li>\n<\/ul>\n<div>\n<hr>\n<\/div>\n<h3>Mantenimiento y rectificado<\/h3>\n<p>CPM MagnaCut es uno de los mejores polvos de acero inoxidable y requiere un cuidado est\u00e1ndar: basta con limpiar la hoja de suciedad despu\u00e9s de usarla y tratarla ocasionalmente con aceite antioxidante. Gracias a su durabilidad, la navaja no es susceptible de oxidarse ni siquiera en ambientes marinos.<br \/>\nEl afilado es posible con afiladoras convencionales, y la cuchilla conservar\u00e1 su excelente afilado durante mucho tiempo si se mantiene el \u00e1ngulo correcto.<br \/>\n<strong>Para mantener la hoja, recomendamos el Sistema de Afilado Spyderco Tri-Angle Sharpmaker Complete 204MF, ideal para hojas lisas. \ud83d\uded2 Compra en nuestro sitio web Moskito.cz. <\/strong><\/p>\n<div>\n<hr>\n<\/div>\n<h3>Para qui\u00e9n es adecuado<\/h3>\n<ul data-spread=\"false\">\n<li>Profesionales que trabajan en entornos duros, h\u00famedos o marinos.<\/li>\n<li>Aficionados a las actividades al aire libre, pescadores, marineros, buceadores.<\/li>\n<li>Aficionados al coleccionismo que buscan un modelo Salt de gama alta con un mecanismo de cierre moderno.<\/li>\n<\/ul>\n<div>\n<hr>\n<\/div>\n<h3>Evaluaci\u00f3n final<\/h3>\n<p>La Spyderco Manix 2 Salt Lightweight no es s\u00f3lo una navaja duradera: es la prueba de que incluso una navaja de cerrojo puede estar totalmente preparada para condiciones extremas sin perder elegancia ni funcionalidad. Combinada con el CPM MagnaCut y el Bloqueo de Rodamiento de Bolas, obtienes una herramienta que resistir\u00e1 el mar, la selva y el porte diario. <\/p>\n","protected":false},"excerpt":{"rendered":"<p><strong>La Spyderco Manix 2 Salt Lightweight no es s\u00f3lo una navaja duradera: es la prueba de que incluso una m\u00e1s cercana puede estar totalmente preparada para condiciones extremas.<\/strong><\/p>\n<p><strong>Env\u00edo gratuito.<\/strong><\/p>\n","protected":false},"featured_media":421323,"comment_status":"open","ping_status":"closed","template":"","meta":[],"pwb-brand":[3771],"product_brand":[],"product_cat":[3730,3726],"product_tag":[],"class_list":{"0":"post-437360","1":"product","2":"type-product","3":"status-publish","4":"has-post-thumbnail","6":"pwb-brand-spyderco-es","7":"product_cat-cuchillas-de-cierre","8":"product_cat-cuchillos","10":"first","11":"instock","12":"taxable","13":"shipping-taxable","14":"purchasable","15":"product-type-simple"},"brands":[{"id":3771,"name":"spyderco","slug":"spyderco-es"}],"_links":{"self":[{"href":"https:\/\/www.moskito.cz\/es\/wp-json\/wp\/v2\/product\/437360","targetHints":{"allow":["GET"]}}],"collection":[{"href":"https:\/\/www.moskito.cz\/es\/wp-json\/wp\/v2\/product"}],"about":[{"href":"https:\/\/www.moskito.cz\/es\/wp-json\/wp\/v2\/types\/product"}],"replies":[{"embeddable":true,"href":"https:\/\/www.moskito.cz\/es\/wp-json\/wp\/v2\/comments?post=437360"}],"wp:featuredmedia":[{"embeddable":true,"href":"https:\/\/www.moskito.cz\/es\/wp-json\/wp\/v2\/media\/421323"}],"wp:attachment":[{"href":"https:\/\/www.moskito.cz\/es\/wp-json\/wp\/v2\/media?parent=437360"}],"wp:term":[{"taxonomy":"pwb-brand","embeddable":true,"href":"https:\/\/www.moskito.cz\/es\/wp-json\/wp\/v2\/pwb-brand?post=437360"},{"taxonomy":"product_brand","embeddable":true,"href":"https:\/\/www.moskito.cz\/es\/wp-json\/wp\/v2\/product_brand?post=437360"},{"taxonomy":"product_cat","embeddable":true,"href":"https:\/\/www.moskito.cz\/es\/wp-json\/wp\/v2\/product_cat?post=437360"},{"taxonomy":"product_tag","embeddable":true,"href":"https:\/\/www.moskito.cz\/es\/wp-json\/wp\/v2\/product_tag?post=437360"}],"curies":[{"name":"wp","href":"https:\/\/api.w.org\/{rel}","templated":true}]}}