{"id":437413,"date":"2026-02-15T15:56:25","date_gmt":"2026-02-15T14:56:25","guid":{"rendered":"https:\/\/www.moskito.cz\/produkt\/spyderco-dragon-de-fuego-mince-2025\/"},"modified":"2026-02-15T16:07:57","modified_gmt":"2026-02-15T15:07:57","slug":"spyderco-dragon-de-fuego-mince-2025","status":"publish","type":"product","link":"https:\/\/www.moskito.cz\/es\/produkt\/spyderco-dragon-de-fuego-mince-2025\/","title":{"rendered":"Spyderco DRAG\u00d3N DE FUEGO MINCE 2025"},"content":{"rendered":"<p data-start=\"96\" data-end=\"364\"><strong data-start=\"96\" data-end=\"130\">Spyderco Fire Dragon Coin 2025<\/strong> es una moneda conmemorativa especialmente acu\u00f1ada y creada para coleccionistas y fans de la marca <strong data-start=\"207\" data-end=\"248\"><span class=\"hover:entity-accent entity-underline inline cursor-pointer align-baseline\"><span class=\"whitespace-normal\">Spyderco<\/span><\/span><\/strong>. El motivo del drag\u00f3n de fuego simboliza la fuerza, la energ\u00eda y la precisi\u00f3n, valores asociados a la marca desde hace mucho tiempo. <\/p>\n<hr data-start=\"366\" data-end=\"369\">\n<p data-start=\"371\" data-end=\"396\">\ud83d\udd25 <strong data-start=\"374\" data-end=\"396\">Car\u00e1cter y significado<\/strong><\/p>\n<p data-start=\"398\" data-end=\"501\">La Moneda del Drag\u00f3n de Fuego 2025 no es un art\u00edculo de marketing com\u00fan. Es una moneda de colecci\u00f3n limitada que: <\/p>\n<p data-start=\"503\" data-end=\"617\">resalta la identidad de la marca<br data-start=\"529\" data-end=\"532\">recuerda el a\u00f1o concreto de lanzamiento 2025<br data-start=\"567\" data-end=\"570\">sirve como artefacto de coleccionista para la comunidad<\/p>\n<p data-start=\"619\" data-end=\"699\">El relieve detallado y el gofrado profundo subrayan el car\u00e1cter premium de la moneda.<\/p>\n<hr data-start=\"701\" data-end=\"704\">\n<p data-start=\"706\" data-end=\"732\">\ud83c\udfa8 <strong data-start=\"709\" data-end=\"732\">Dise\u00f1o y procesamiento<\/strong><\/p>\n<p data-start=\"734\" data-end=\"844\">El elemento dominante es el motivo del drag\u00f3n en un dise\u00f1o din\u00e1mico, a menudo acompa\u00f1ado del logotipo de Spyderco y del a\u00f1o 2025.<\/p>\n<p data-start=\"846\" data-end=\"860\">Elementos t\u00edpicos:<\/p>\n<p data-start=\"862\" data-end=\"964\">gofrado<br data-start=\"878\" data-end=\"881\">grabado detallado<br data-start=\"901\" data-end=\"904\">acabados superficiales contrastados<br data-start=\"931\" data-end=\"934\">mecanizado de cantos de precisi\u00f3n<\/p>\n<p data-start=\"966\" data-end=\"1010\">Cada pieza parece un peque\u00f1o objeto de arte.<\/p>\n<hr data-start=\"1012\" data-end=\"1015\">\n<p data-start=\"1017\" data-end=\"1033\">\ud83c\udfed <strong data-start=\"1020\" data-end=\"1033\">Sobre el productor<\/strong><\/p>\n<p data-start=\"1035\" data-end=\"1233\">Spyderco es una marca estadounidense conocida por sus cuchillos innovadores. Sin embargo, adem\u00e1s de los modelos de producci\u00f3n, de vez en cuando lanza art\u00edculos especiales para coleccionistas que refuerzan el car\u00e1cter comunitario de la marca. <\/p>\n<hr data-start=\"1235\" data-end=\"1238\">\n<p data-start=\"1240\" data-end=\"1266\"><strong data-start=\"1243\" data-end=\"1266\">\ud83d\udccc Valor de colecci\u00f3n<\/strong><\/p>\n<p data-start=\"1268\" data-end=\"1294\">Monedas conmemorativas de este tipo:<\/p>\n<p data-start=\"1296\" data-end=\"1427\">a menudo se emiten en cantidades limitadas<br data-start=\"1335\" data-end=\"1338\">son de inter\u00e9s para los fans de la marca<br data-start=\"1369\" data-end=\"1372\">pueden adquirir un mayor valor de coleccionista con el tiempo<\/p>\n<p data-start=\"1429\" data-end=\"1524\">La Moneda Drag\u00f3n de Fuego 2025 es el accesorio perfecto para los coleccionistas de navajas Spyderco o como regalo elegante.<\/p>\n<hr data-start=\"1526\" data-end=\"1529\">\n<p data-start=\"1531\" data-end=\"1556\">\u2b50 <strong data-start=\"1533\" data-end=\"1556\">Calificaci\u00f3n final<\/strong><\/p>\n<p data-start=\"1558\" data-end=\"1791\" data-is-last-node=\"\" data-is-only-node=\"\">Spyderco Fire Dragon Coin 2025 es una moneda conmemorativa elaborada con precisi\u00f3n, con un distintivo motivo de drag\u00f3n y un fuerte simbolismo. Representa una atractiva pieza de coleccionista que une a la comunidad de la marca y ofrece una original conmemoraci\u00f3n del a\u00f1o 2025 \ud83d\udc09\ud83d\udd25. <\/p>\n","protected":false},"excerpt":{"rendered":"<p><strong>Spyderco Fire Dragon Coin 2025 es una moneda conmemorativa elaborada con precisi\u00f3n, con un distintivo motivo de drag\u00f3n y un fuerte simbolismo. Representa una atractiva pieza de coleccionista que une a la comunidad de la marca y ofrece una original conmemoraci\u00f3n del a\u00f1o 2025 \ud83d\udc09\ud83d\udd25. <\/strong><\/p>\n","protected":false},"featured_media":437404,"comment_status":"open","ping_status":"closed","template":"","meta":[],"pwb-brand":[3771],"product_brand":[],"product_cat":[3730,3726],"product_tag":[],"class_list":{"0":"post-437413","1":"product","2":"type-product","3":"status-publish","4":"has-post-thumbnail","6":"pwb-brand-spyderco-es","7":"product_cat-cuchillas-de-cierre","8":"product_cat-cuchillos","10":"first","11":"instock","12":"taxable","13":"shipping-taxable","14":"purchasable","15":"product-type-simple"},"brands":[{"id":3771,"name":"spyderco","slug":"spyderco-es"}],"_links":{"self":[{"href":"https:\/\/www.moskito.cz\/es\/wp-json\/wp\/v2\/product\/437413","targetHints":{"allow":["GET"]}}],"collection":[{"href":"https:\/\/www.moskito.cz\/es\/wp-json\/wp\/v2\/product"}],"about":[{"href":"https:\/\/www.moskito.cz\/es\/wp-json\/wp\/v2\/types\/product"}],"replies":[{"embeddable":true,"href":"https:\/\/www.moskito.cz\/es\/wp-json\/wp\/v2\/comments?post=437413"}],"wp:featuredmedia":[{"embeddable":true,"href":"https:\/\/www.moskito.cz\/es\/wp-json\/wp\/v2\/media\/437404"}],"wp:attachment":[{"href":"https:\/\/www.moskito.cz\/es\/wp-json\/wp\/v2\/media?parent=437413"}],"wp:term":[{"taxonomy":"pwb-brand","embeddable":true,"href":"https:\/\/www.moskito.cz\/es\/wp-json\/wp\/v2\/pwb-brand?post=437413"},{"taxonomy":"product_brand","embeddable":true,"href":"https:\/\/www.moskito.cz\/es\/wp-json\/wp\/v2\/product_brand?post=437413"},{"taxonomy":"product_cat","embeddable":true,"href":"https:\/\/www.moskito.cz\/es\/wp-json\/wp\/v2\/product_cat?post=437413"},{"taxonomy":"product_tag","embeddable":true,"href":"https:\/\/www.moskito.cz\/es\/wp-json\/wp\/v2\/product_tag?post=437413"}],"curies":[{"name":"wp","href":"https:\/\/api.w.org\/{rel}","templated":true}]}}