{"id":437418,"date":"2026-02-15T15:43:48","date_gmt":"2026-02-15T14:43:48","guid":{"rendered":"https:\/\/www.moskito.cz\/produkt\/cuchillo-de-cierre-byrd-cara-cara-2-by03bkps2\/"},"modified":"2026-02-15T16:07:59","modified_gmt":"2026-02-15T15:07:59","slug":"cuchillo-de-cierre-byrd-cara-cara-2-by03bkps2","status":"publish","type":"product","link":"https:\/\/www.moskito.cz\/es\/produkt\/cuchillo-de-cierre-byrd-cara-cara-2-by03bkps2\/","title":{"rendered":"Cuchillo de cierre Byrd Cara Cara 2 BY03BKPS2"},"content":{"rendered":"<p data-start=\"120\" data-end=\"371\">En cuanto cojas la <strong data-start=\"143\" data-end=\"173\">Byrd Cara Cara 2 BY03BKPS2<\/strong>, reconocer\u00e1s inmediatamente la robusta construcci\u00f3n y la naturaleza trabajadora de este modelo. La Cara Cara 2 es una navaja EDC de mayor tama\u00f1o, con mango de acero y hoja combinada ennegrecida, dise\u00f1ada para un uso diario fiable. <\/p>\n<p data-start=\"373\" data-end=\"478\">El modelo est\u00e1 fabricado por Byrd, una marca de la empresa estadounidense <strong data-start=\"436\" data-end=\"477\"><span class=\"hover:entity-accent entity-underline inline cursor-pointer align-baseline\"><span class=\"whitespace-normal\">Spyderco<\/span><\/span><\/strong>.<\/p>\n<hr data-start=\"480\" data-end=\"483\">\n<p data-start=\"485\" data-end=\"513\">\ud83d\udd25 <strong data-start=\"488\" data-end=\"513\">Car\u00e1cter y filosof\u00eda<\/strong><\/p>\n<p data-start=\"515\" data-end=\"684\">Cara Cara 2 est\u00e1 dise\u00f1ada como una herramienta de trabajo duradera. Su mayor tama\u00f1o y su s\u00f3lida construcci\u00f3n lo convierten en la elecci\u00f3n ideal para los usuarios que desean un cuchillo de cierre m\u00e1s robusto. <\/p>\n<p data-start=\"686\" data-end=\"890\">El modelo utiliza el <strong data-start=\"700\" data-end=\"728\">Bloqueo Posterior<\/strong>, conocido por su resistencia y seguridad de funcionamiento. La apertura se realiza mediante el t\u00edpico orificio Byrd en forma de cometa, lo que permite manejarlo con una sola mano. <\/p>\n<hr data-start=\"892\" data-end=\"895\">\n<p data-start=\"897\" data-end=\"913\">\ud83c\udfed <strong data-start=\"900\" data-end=\"913\">Sobre el productor<\/strong><\/p>\n<p data-start=\"915\" data-end=\"1101\">Byrd es la l\u00ednea de productos m\u00e1s asequible de Spyderco. Conserva los principios ergon\u00f3micos y el dise\u00f1o funcional t\u00edpicos de la marca matriz, pero aporta una soluci\u00f3n de material m\u00e1s asequible. <\/p>\n<p data-start=\"1103\" data-end=\"1126\">Productor: Spyderco, EE.UU.<\/p>\n<hr data-start=\"1128\" data-end=\"1131\">\n<p data-start=\"1133\" data-end=\"1190\">\ud83d\udde1\ufe0f <strong data-start=\"1137\" data-end=\"1190\">Cuchilla &#8211; Cuchilla combinada con corte totalmente plano<\/strong><\/p>\n<p data-start=\"1192\" data-end=\"1282\">La hoja tiene un <strong data-start=\"1201\" data-end=\"1241\">filo combinado<\/strong>, en parte liso y en parte dentado.<\/p>\n<p data-start=\"1284\" data-end=\"1291\">Ventajas:<\/p>\n<p data-start=\"1293\" data-end=\"1438\">Parte lisa para cortes precisos<br data-start=\"1320\" data-end=\"1323\">Parte dentada para cuerdas, correas y materiales fibrosos<br data-start=\"1377\" data-end=\"1380\">Rectificado plano completo para un corte eficaz<\/p>\n<p data-start=\"1440\" data-end=\"1519\">El acabado negro de la hoja a\u00f1ade un aspecto t\u00e1ctico y ayuda a reducir el deslumbramiento.<\/p>\n<hr data-start=\"1521\" data-end=\"1524\">\n<p data-start=\"1526\" data-end=\"1548\"><strong data-start=\"1529\" data-end=\"1548\">Acero \ud83d\udd2c &#8211; 8Cr13MoV<\/strong><\/p>\n<p data-start=\"1550\" data-end=\"1633\">El acero utilizado <strong data-start=\"1563\" data-end=\"1575\">es 8Cr13MoV<\/strong>, un acero inoxidable de eficacia probada apto para el uso cotidiano.<\/p>\n<p data-start=\"1635\" data-end=\"1651\">Caracter\u00edsticas:<\/p>\n<p data-start=\"1653\" data-end=\"1752\">buena resistencia a la corrosi\u00f3n<br data-start=\"1680\" data-end=\"1683\">f\u00e1cil afilado<br data-start=\"1698\" data-end=\"1701\">relaci\u00f3n equilibrada entre tenacidad y retenci\u00f3n del filo<\/p>\n<p data-start=\"1754\" data-end=\"1826\">Es ideal para los usuarios que desean un cuchillo pr\u00e1ctico y de bajo mantenimiento.<\/p>\n<hr data-start=\"1828\" data-end=\"1831\">\n<p data-start=\"1833\" data-end=\"1879\">\ud83e\udde9 E <strong data-start=\"1836\" data-end=\"1879\">mpu\u00f1adura &#8211; Acero inoxidable con \u00f3xido negro<\/strong><\/p>\n<p data-start=\"1881\" data-end=\"1945\">El mango es de acero inoxidable con revestimiento de \u00f3xido negro.<\/p>\n<p data-start=\"1947\" data-end=\"2035\">Construcci\u00f3n fuerte y robusta<br data-start=\"1974\" data-end=\"1977\">resistencia al desgaste<br data-start=\"2001\" data-end=\"2004\">sensaci\u00f3n cl\u00e1sica del acero en la mano<\/p>\n<p data-start=\"2037\" data-end=\"2120\">El clip reversible de 4 posiciones permite llevarlo con la punta hacia arriba o hacia abajo, tanto para diestros como para zurdos.<\/p>\n<hr data-start=\"2122\" data-end=\"2125\">\n<p data-start=\"2127\" data-end=\"2155\">\u2699\ufe0f <strong data-start=\"2130\" data-end=\"2155\">Especificaciones t\u00e9cnicas<\/strong><\/p>\n<p data-start=\"2157\" data-end=\"2691\">N\u00famero de art\u00edculo: BY03BKPS2<br data-start=\"2182\" data-end=\"2185\">Nombre: Byrd Cara Cara2 Hoja negra inoxidable, filo combinado<br data-start=\"2246\" data-end=\"2249\">Tipo de acero: 8Cr13MoV<br data-start=\"2268\" data-end=\"2271\">Longitud de la hoja: 95,0 mm \/ 3,75&#8243;<br data-start=\"2300\" data-end=\"2303\">Grosor de la hoja: 3,0 mm \/ 0,118&#8243;<br data-start=\"2335\" data-end=\"2338\">Longitud total: 217,0 mm \/ 8,53&#8243;<br data-start=\"2369\" data-end=\"2372\">Longitud plegada: 121,0 mm \/ 4,78&#8243;<br data-start=\"2413\" data-end=\"2416\">Peso: 153,0 g \/ 5,4 oz<br data-start=\"2442\" data-end=\"2445\">Tipo de hoja: Combinada (parcialmente dentada)<br data-start=\"2489\" data-end=\"2492\">Tipo de afilado: Afilado totalmente plano<br data-start=\"2526\" data-end=\"2529\">Tipo de bloqueo: Cerradura inversa<br data-start=\"2552\" data-end=\"2555\">Tipo de mango: Acero inoxidable con revestimiento de \u00f3xido negro<br data-start=\"2609\" data-end=\"2612\">Clip: Ambidiestro de 4 posiciones (plegable hacia arriba\/abajo)<br data-start=\"2664\" data-end=\"2667\">Fabricante: Spyderco, EE.UU.<\/p>\n<hr data-start=\"2693\" data-end=\"2696\">\n<p data-start=\"2698\" data-end=\"2717\">\u2705 <strong data-start=\"2700\" data-end=\"2717\">Beneficios principales<\/strong><\/p>\n<p data-start=\"2719\" data-end=\"2867\">Robusta construcci\u00f3n de acero<br data-start=\"2746\" data-end=\"2749\">Cuchilla combinada de uso universal<br data-start=\"2790\" data-end=\"2793\">Fiable bloqueo trasero<br data-start=\"2813\" data-end=\"2816\">Acero 8Cr13MoV f\u00e1cil de afilar<br data-start=\"2848\" data-end=\"2851\">Clip de 4 posiciones<\/p>\n<hr data-start=\"2869\" data-end=\"2872\">\n<p data-start=\"2874\" data-end=\"2894\">\u26a0\ufe0f <strong data-start=\"2877\" data-end=\"2894\">Posibles restricciones<\/strong><\/p>\n<p data-start=\"2896\" data-end=\"3088\">Mayor peso en comparaci\u00f3n con los modelos ligeros FRN o G10<br data-start=\"2945\" data-end=\"2948\">La hoja combinada puede no ser adecuada para los entusiastas de las hojas totalmente lisas<br data-start=\"3012\" data-end=\"3015\">El acero de calidad media requiere un afilado m\u00e1s frecuente en condiciones de uso intensivo<\/p>\n<hr data-start=\"3090\" data-end=\"3093\">\n<p data-start=\"3095\" data-end=\"3116\">\ud83d\udee0\ufe0f <strong data-start=\"3099\" data-end=\"3116\">Mantenimiento y cuidado<\/strong><\/p>\n<p data-start=\"3118\" data-end=\"3186\">Limpia y seca la cuchilla despu\u00e9s de usarla para preservar su longevidad<\/p>\n<p data-start=\"3188\" data-end=\"3252\">Mant\u00e9n el mango seco y limpio, especialmente despu\u00e9s de entrar en contacto con la humedad<\/p>\n<p data-start=\"3254\" data-end=\"3312\">Lubrica ligeramente la cuchilla con aceite protector para guardarla durante m\u00e1s tiempo<\/p>\n<p data-start=\"3314\" data-end=\"3489\">Para afilar la hoja, te recomendamos el Sistema Completo de Afilado Triangular Spyderco 204MF, ideal para secciones lisas y dentadas. \ud83d\uded2 Compra en nuestro sitio web Moskito.cz <\/p>\n<p data-start=\"3491\" data-end=\"3558\">Un cuidado regular garantiza la fiabilidad a largo plazo y el m\u00e1ximo rendimiento.<\/p>\n<hr data-start=\"3560\" data-end=\"3563\">\n<p data-start=\"3565\" data-end=\"3586\">\ud83c\udfaf <strong data-start=\"3568\" data-end=\"3586\">Recomendado para<\/strong><\/p>\n<p data-start=\"3588\" data-end=\"3727\">Uso en el trabajo diario<br data-start=\"3615\" data-end=\"3618\">Usuarios que prefieren una construcci\u00f3n robusta de acero<br data-start=\"3668\" data-end=\"3671\">Exteriores y talleres<br data-start=\"3686\" data-end=\"3689\">Trabajo con cuerdas y materiales fibrosos<\/p>\n<hr data-start=\"3729\" data-end=\"3732\">\n<p data-start=\"3734\" data-end=\"3759\">\u2b50 <strong data-start=\"3736\" data-end=\"3759\">Calificaci\u00f3n final<\/strong><\/p>\n<p data-start=\"3761\" data-end=\"3974\" data-is-last-node=\"\" data-is-only-node=\"\">El Byrd Cara Cara 2 BY03BKPS2 es un cuchillo de trabajo robusto, pr\u00e1ctico y asequible, con una hoja combinada y una s\u00f3lida construcci\u00f3n de acero. Ofrece fiabilidad, versatilidad y dise\u00f1o funcional para el uso diario \ud83d\udd2a\ud83d\udda4. <\/p>\n","protected":false},"excerpt":{"rendered":"<p><strong>El Byrd Cara Cara 2 BY03BKPS2 es un cuchillo de trabajo robusto, pr\u00e1ctico y asequible, con una hoja combinada y una s\u00f3lida construcci\u00f3n de acero. Ofrece fiabilidad, versatilidad y dise\u00f1o funcional para el uso diario \ud83d\udd2a\ud83d\udda4. <\/strong><\/p>\n","protected":false},"featured_media":437379,"comment_status":"open","ping_status":"closed","template":"","meta":[],"pwb-brand":[4036],"product_brand":[],"product_cat":[3730,3726],"product_tag":[],"class_list":{"0":"post-437418","1":"product","2":"type-product","3":"status-publish","4":"has-post-thumbnail","6":"pwb-brand-byrd-es","7":"product_cat-cuchillas-de-cierre","8":"product_cat-cuchillos","10":"first","11":"instock","12":"taxable","13":"shipping-taxable","14":"purchasable","15":"product-type-simple"},"brands":[{"id":4036,"name":"Byrd","slug":"byrd-es"}],"_links":{"self":[{"href":"https:\/\/www.moskito.cz\/es\/wp-json\/wp\/v2\/product\/437418","targetHints":{"allow":["GET"]}}],"collection":[{"href":"https:\/\/www.moskito.cz\/es\/wp-json\/wp\/v2\/product"}],"about":[{"href":"https:\/\/www.moskito.cz\/es\/wp-json\/wp\/v2\/types\/product"}],"replies":[{"embeddable":true,"href":"https:\/\/www.moskito.cz\/es\/wp-json\/wp\/v2\/comments?post=437418"}],"wp:featuredmedia":[{"embeddable":true,"href":"https:\/\/www.moskito.cz\/es\/wp-json\/wp\/v2\/media\/437379"}],"wp:attachment":[{"href":"https:\/\/www.moskito.cz\/es\/wp-json\/wp\/v2\/media?parent=437418"}],"wp:term":[{"taxonomy":"pwb-brand","embeddable":true,"href":"https:\/\/www.moskito.cz\/es\/wp-json\/wp\/v2\/pwb-brand?post=437418"},{"taxonomy":"product_brand","embeddable":true,"href":"https:\/\/www.moskito.cz\/es\/wp-json\/wp\/v2\/product_brand?post=437418"},{"taxonomy":"product_cat","embeddable":true,"href":"https:\/\/www.moskito.cz\/es\/wp-json\/wp\/v2\/product_cat?post=437418"},{"taxonomy":"product_tag","embeddable":true,"href":"https:\/\/www.moskito.cz\/es\/wp-json\/wp\/v2\/product_tag?post=437418"}],"curies":[{"name":"wp","href":"https:\/\/api.w.org\/{rel}","templated":true}]}}