{"id":437458,"date":"2026-02-09T17:15:49","date_gmt":"2026-02-09T16:15:49","guid":{"rendered":"https:\/\/www.moskito.cz\/produkt\/cuchillo-de-expulsion-microtech-combat-troodon-gen-iii-interceptor-1217-1rds\/"},"modified":"2026-02-16T14:38:21","modified_gmt":"2026-02-16T13:38:21","slug":"cuchillo-de-expulsion-microtech-combat-troodon-gen-iii-interceptor-1217-1rds","status":"publish","type":"product","link":"https:\/\/www.moskito.cz\/es\/produkt\/cuchillo-de-expulsion-microtech-combat-troodon-gen-iii-interceptor-1217-1rds\/","title":{"rendered":"Cuchillo de Expulsi\u00f3n Microtech Combat Troodon Gen III Interceptor 1217-1RDS"},"content":{"rendered":"<p data-start=\"395\" data-end=\"818\">En cuanto cojas la <strong data-start=\"418\" data-end=\"521\">Microtech Combat Troodon\u00ae Gen III Interceptor &#8211; Empu\u00f1adura roja \/ Hoja negra 1217-1RDS<\/strong>, sabr\u00e1s inmediatamente que tienes en tus manos <strong data-start=\"549\" data-end=\"604\">una robusta autom\u00e1tica t\u00e1ctica profesional<\/strong> que combina una construcci\u00f3n innovadora, un mecanismo de ingenier\u00eda de precisi\u00f3n y un dise\u00f1o distintivo. Parte de la <strong data-start=\"710\" data-end=\"730\">Serie Signature<\/strong>, este modelo combina una hoja negra con la potencia de una empu\u00f1adura roja para un fuerte impacto visual y funcional. <\/p>\n<hr data-start=\"820\" data-end=\"823\">\n<p data-start=\"825\" data-end=\"853\">\ud83d\udd25 <strong data-start=\"828\" data-end=\"853\">Car\u00e1cter y filosof\u00eda<\/strong><\/p>\n<p data-start=\"855\" data-end=\"1189\">El Combat Troodon\u00ae Gen III Interceptor representa la vanguardia de los cuchillos OTF de Microtech. Est\u00e1 dise\u00f1ada para usuarios que exigen <strong data-start=\"974\" data-end=\"1044\">una preparaci\u00f3n instant\u00e1nea, un funcionamiento preciso del mecanismo y un rendimiento vers\u00e1til<\/strong>. El perfil de la hoja del Interceptor ofrece una combinaci\u00f3n de penetraci\u00f3n superior y excelente capacidad de corte, ideal para tareas t\u00e1cticas, al aire libre y cotidianas.  <\/p>\n<p data-start=\"1191\" data-end=\"1476\">El mecanismo OTF de doble acci\u00f3n permite extender y retraer r\u00e1pidamente la hoja con un solo movimiento del pulgar, y el dise\u00f1o optimizado garantiza un funcionamiento suave con una resistencia m\u00ednima. El mango de aluminio anodizado rojo proporciona un <strong data-start=\"1412\" data-end=\"1475\">agarre firme y seguro incluso con guantes o en entornos h\u00famedos<\/strong>. <\/p>\n<hr data-start=\"1478\" data-end=\"1481\">\n<p data-start=\"1483\" data-end=\"1499\">\ud83c\udfed <strong data-start=\"1486\" data-end=\"1499\">Sobre el productor<\/strong><\/p>\n<p data-start=\"1501\" data-end=\"1769\">Microtech Knives es una marca estadounidense conocida por su <strong data-start=\"1551\" data-end=\"1640\">artesan\u00eda de precisi\u00f3n, sus innovadores mecanismos autom\u00e1ticos y el uso de materiales superiores<\/strong>. La serie Combat Troodon\u00ae es uno de los modelos OTF m\u00e1s respetados, apreciado tanto por los profesionales de campo como por los coleccionistas de cuchillos de calidad. <\/p>\n<hr data-start=\"1771\" data-end=\"1774\">\n<p data-start=\"1776\" data-end=\"1804\">\u2699\ufe0f <strong data-start=\"1779\" data-end=\"1804\">Especificaciones t\u00e9cnicas<\/strong><\/p>\n<div class=\"TyagGW_tableContainer\">\n<div class=\"group TyagGW_tableWrapper flex flex-col-reverse w-fit\" tabindex=\"-1\">\n<table class=\"w-fit min-w-(--thread-content-width)\" data-start=\"1806\" data-end=\"2923\">\n<thead data-start=\"1806\" data-end=\"1878\">\n<tr data-start=\"1806\" data-end=\"1878\">\n<th class=\"\" data-start=\"1806\" data-end=\"1831\" data-col-size=\"sm\">Par\u00e1metro<\/th>\n<th class=\"\" data-start=\"1831\" data-end=\"1878\" data-col-size=\"md\">Valor<\/th>\n<\/tr>\n<\/thead>\n<tbody data-start=\"1952\" data-end=\"2923\">\n<tr data-start=\"1952\" data-end=\"2036\">\n<td data-start=\"1952\" data-end=\"1977\" data-col-size=\"sm\"><strong data-start=\"1954\" data-end=\"1963\">Modelo<\/strong><\/td>\n<td data-start=\"1977\" data-end=\"2036\" data-col-size=\"md\">Interceptor Microtech Combat Troodon\u00ae Gen III 1217-1RDS<\/td>\n<\/tr>\n<tr data-start=\"2037\" data-end=\"2109\">\n<td data-start=\"2037\" data-end=\"2062\" data-col-size=\"sm\"><strong data-start=\"2039\" data-end=\"2046\">Tipo<\/strong><\/td>\n<td data-start=\"2062\" data-end=\"2109\" data-col-size=\"md\">Cuchillo de expulsi\u00f3n \/ OTF \/ T\u00e1ctico<\/td>\n<\/tr>\n<tr data-start=\"2110\" data-end=\"2183\">\n<td data-start=\"2110\" data-end=\"2135\" data-col-size=\"sm\"><strong data-start=\"2112\" data-end=\"2129\">Longitud total<\/strong><\/td>\n<td data-start=\"2135\" data-end=\"2183\" data-col-size=\"md\">aprox. 241 mm (9,5\u2033)<\/td>\n<\/tr>\n<tr data-start=\"2184\" data-end=\"2257\">\n<td data-start=\"2184\" data-end=\"2209\" data-col-size=\"sm\"><strong data-start=\"2186\" data-end=\"2202\">Longitud de la hoja<\/strong><\/td>\n<td data-start=\"2209\" data-end=\"2257\" data-col-size=\"md\">aprox. 102 mm (4,02\u2033)<\/td>\n<\/tr>\n<tr data-start=\"2258\" data-end=\"2331\">\n<td data-start=\"2258\" data-end=\"2283\" data-col-size=\"sm\"><strong data-start=\"2260\" data-end=\"2279\">Material de la hoja<\/strong><\/td>\n<td data-start=\"2283\" data-end=\"2331\" data-col-size=\"md\">Acero premium Bohler M390MK<\/td>\n<\/tr>\n<tr data-start=\"2332\" data-end=\"2405\">\n<td data-start=\"2332\" data-end=\"2357\" data-col-size=\"sm\"><strong data-start=\"2334\" data-end=\"2349\">Forma de la hoja<\/strong><\/td>\n<td data-start=\"2357\" data-end=\"2405\" data-col-size=\"md\">Interceptor<\/td>\n<\/tr>\n<tr data-start=\"2406\" data-end=\"2479\">\n<td data-start=\"2406\" data-end=\"2431\" data-col-size=\"sm\"><strong data-start=\"2408\" data-end=\"2425\">Superficie de la hoja<\/strong><\/td>\n<td data-start=\"2431\" data-end=\"2479\" data-col-size=\"md\">Negro (Negro T\u00e1ctico)<\/td>\n<\/tr>\n<tr data-start=\"2480\" data-end=\"2553\">\n<td data-start=\"2480\" data-end=\"2505\" data-col-size=\"sm\"><strong data-start=\"2482\" data-end=\"2491\">Alimentaci\u00f3n<\/strong><\/td>\n<td data-start=\"2505\" data-end=\"2553\" data-col-size=\"md\">Suave<\/td>\n<\/tr>\n<tr data-start=\"2554\" data-end=\"2627\">\n<td data-start=\"2554\" data-end=\"2579\" data-col-size=\"sm\"><strong data-start=\"2556\" data-end=\"2571\">Mecanismo<\/strong><\/td>\n<td data-start=\"2579\" data-end=\"2627\" data-col-size=\"md\">OTF de doble efecto<\/td>\n<\/tr>\n<tr data-start=\"2628\" data-end=\"2701\">\n<td data-start=\"2628\" data-end=\"2653\" data-col-size=\"sm\"><strong data-start=\"2630\" data-end=\"2651\">Material del mango<\/strong><\/td>\n<td data-start=\"2653\" data-end=\"2701\" data-col-size=\"md\">Aluminio anodizado (rojo)<\/td>\n<\/tr>\n<tr data-start=\"2702\" data-end=\"2775\">\n<td data-start=\"2702\" data-end=\"2727\" data-col-size=\"sm\"><strong data-start=\"2704\" data-end=\"2720\">Clip de bolsillo<\/strong><\/td>\n<td data-start=\"2727\" data-end=\"2775\" data-col-size=\"md\">Basculante reversible<\/td>\n<\/tr>\n<tr data-start=\"2776\" data-end=\"2849\">\n<td data-start=\"2776\" data-end=\"2801\" data-col-size=\"sm\"><strong data-start=\"2778\" data-end=\"2787\">Color<\/strong><\/td>\n<td data-start=\"2801\" data-end=\"2849\" data-col-size=\"md\">Negro \/ Rojo<\/td>\n<\/tr>\n<tr data-start=\"2850\" data-end=\"2923\">\n<td data-start=\"2850\" data-end=\"2875\" data-col-size=\"sm\"><strong data-start=\"2852\" data-end=\"2865\">Categor\u00eda<\/strong><\/td>\n<td data-start=\"2875\" data-end=\"2923\" data-col-size=\"md\">Profesional \/ T\u00e1ctico<\/td>\n<\/tr>\n<\/tbody>\n<\/table>\n<\/div>\n<\/div>\n<hr data-start=\"2925\" data-end=\"2928\">\n<p data-start=\"2930\" data-end=\"2949\">\u2705 <strong data-start=\"2932\" data-end=\"2949\">Beneficios principales<\/strong><\/p>\n<ul data-start=\"2951\" data-end=\"3304\">\n<li data-start=\"2951\" data-end=\"3034\">\n<p data-start=\"2953\" data-end=\"3034\"><strong data-start=\"2953\" data-end=\"3008\">Elegante combinaci\u00f3n de mango rojo y hoja negra<\/strong>: estilo visual distintivo<\/p>\n<\/li>\n<li data-start=\"3035\" data-end=\"3103\">\n<p data-start=\"3037\" data-end=\"3103\"><strong data-start=\"3037\" data-end=\"3073\">Robusto mecanismo OTF Gen III<\/strong>: funcionamiento fiable y suave<\/p>\n<\/li>\n<li data-start=\"3104\" data-end=\"3180\">\n<p data-start=\"3106\" data-end=\"3180\"><strong data-start=\"3106\" data-end=\"3127\">Hoja interceptora<\/strong>: rendimiento vers\u00e1til para tareas t\u00e1cticas y pr\u00e1cticas<\/p>\n<\/li>\n<li data-start=\"3181\" data-end=\"3248\">\n<p data-start=\"3183\" data-end=\"3248\"><strong data-start=\"3183\" data-end=\"3198\">Agarre firme<\/strong> incluso en entornos h\u00famedos gracias al mango ergon\u00f3mico<\/p>\n<\/li>\n<li data-start=\"3249\" data-end=\"3304\">\n<p data-start=\"3251\" data-end=\"3304\"><strong data-start=\"3251\" data-end=\"3280\">Clip de bolsillo reversible<\/strong> para un transporte flexible<\/p>\n<\/li>\n<\/ul>\n<p data-start=\"3306\" data-end=\"3326\">\u26a0\ufe0f <strong data-start=\"3309\" data-end=\"3326\">Posibles restricciones<\/strong><\/p>\n<ul data-start=\"3328\" data-end=\"3487\">\n<li data-start=\"3328\" data-end=\"3366\">\n<p data-start=\"3330\" data-end=\"3366\">Precio m\u00e1s elevado en comparaci\u00f3n con los cuchillos EDC convencionales<\/p>\n<\/li>\n<li data-start=\"3367\" data-end=\"3422\">\n<p data-start=\"3369\" data-end=\"3422\">El mecanismo autom\u00e1tico requiere un mantenimiento regular<\/p>\n<\/li>\n<li data-start=\"3423\" data-end=\"3487\">\n<p data-start=\"3425\" data-end=\"3487\">La talla m\u00e1s grande no es ideal para un uso diario minimalista<\/p>\n<\/li>\n<\/ul>\n<hr data-start=\"3489\" data-end=\"3492\">\n<p data-start=\"3494\" data-end=\"3515\">\ud83d\udee0\ufe0f <strong data-start=\"3498\" data-end=\"3515\">Mantenimiento y cuidado<\/strong><\/p>\n<ul data-start=\"3517\" data-end=\"3902\">\n<li data-start=\"3517\" data-end=\"3591\">\n<p data-start=\"3519\" data-end=\"3591\"><strong data-start=\"3530\" data-end=\"3554\">Limpia y seca la cuchilla<\/strong> despu\u00e9s de usarla para preservar su longevidad<\/p>\n<\/li>\n<li data-start=\"3592\" data-end=\"3662\">\n<p data-start=\"3594\" data-end=\"3662\"><strong data-start=\"3594\" data-end=\"3628\">Mant\u00e9n el mango seco y limpio<\/strong>, especialmente despu\u00e9s de entrar en contacto con la humedad<\/p>\n<\/li>\n<li data-start=\"3663\" data-end=\"3727\">\n<p data-start=\"3665\" data-end=\"3727\"><strong data-start=\"3665\" data-end=\"3690\">Para un almacenamiento m\u00e1s prolongado,<\/strong> lubrica ligeramente la cuchilla con aceite protector<\/p>\n<\/li>\n<li data-start=\"3728\" data-end=\"3902\">\n<p data-start=\"3730\" data-end=\"3902\">Para afilar cuchillas, recomendamos el <strong data-start=\"3761\" data-end=\"3827\">Sistema Completo de Afilado Triangular Spyderco 204MF<\/strong>, tambi\u00e9n ideal para cuchillas lisas. \ud83d\uded2 Compra en nuestro sitio web <strong data-start=\"3888\" data-end=\"3902\">Moskito.cz<\/strong> <\/p>\n<\/li>\n<\/ul>\n<hr data-start=\"3904\" data-end=\"3907\">\n<p data-start=\"3909\" data-end=\"3930\">\ud83c\udfaf <strong data-start=\"3912\" data-end=\"3930\">Recomendado para<\/strong><\/p>\n<ul data-start=\"3932\" data-end=\"4079\">\n<li data-start=\"3932\" data-end=\"3966\">\n<p data-start=\"3934\" data-end=\"3966\">Uso t\u00e1ctico profesional<\/p>\n<\/li>\n<li data-start=\"3967\" data-end=\"3997\">\n<p data-start=\"3969\" data-end=\"3997\">Situaciones al aire libre y de supervivencia<\/p>\n<\/li>\n<li data-start=\"3998\" data-end=\"4035\">\n<p data-start=\"4000\" data-end=\"4035\">EDC desafiante para usuarios experimentados<\/p>\n<\/li>\n<li data-start=\"4036\" data-end=\"4079\">\n<p data-start=\"4038\" data-end=\"4079\">Coleccionistas de navajas autom\u00e1ticas premium<\/p>\n<\/li>\n<\/ul>\n<hr data-start=\"4081\" data-end=\"4084\">\n<p data-start=\"4086\" data-end=\"4111\">\u2b50 <strong data-start=\"4088\" data-end=\"4111\">Calificaci\u00f3n final<\/strong><\/p>\n<p data-start=\"4113\" data-end=\"4439\">El Microtech Combat Troodon\u00ae Gen III Interceptor &#8211; Mango Rojo \/ Hoja Negra 1217-1RDS es un <strong data-start=\"4199\" data-end=\"4249\">cuchillo t\u00e1ctico OTF potente y fabricado con precisi\u00f3n<\/strong> que combina estilo, fiabilidad y rendimiento superior en el uso cotidiano y profesional. Sus materiales y ergonom\u00eda superiores la convierten en la elecci\u00f3n ideal para el usuario exigente y el profesional \ud83d\udd2a\ud83d\udd25. <\/p>\n","protected":false},"excerpt":{"rendered":"<p><strong>El Microtech Combat Troodon\u00ae Gen III Interceptor &#8211; Mango Rojo \/ Hoja Negra 1217-1RDS es un cuchillo t\u00e1ctico OTF potente y fabricado con precisi\u00f3n que combina estilo, fiabilidad y rendimiento superior en el uso cotidiano y profesional. Sus materiales y ergonom\u00eda superiores la convierten en la elecci\u00f3n ideal para el usuario exigente y el profesional \ud83d\udd2a\ud83d\udd25. <\/strong><\/p>\n<p><strong>Env\u00edo gratis.<\/strong><\/p>\n","protected":false},"featured_media":436637,"comment_status":"open","ping_status":"closed","template":"","meta":[],"pwb-brand":[3752],"product_brand":[],"product_cat":[3729,3726],"product_tag":[],"class_list":{"0":"post-437458","1":"product","2":"type-product","3":"status-publish","4":"has-post-thumbnail","6":"pwb-brand-microtecnologia","7":"product_cat-cuchillos-de-tiro","8":"product_cat-cuchillos","10":"first","11":"instock","12":"taxable","13":"shipping-taxable","14":"purchasable","15":"product-type-simple"},"brands":[{"id":3752,"name":"microtecnolog\u00eda","slug":"microtecnologia"}],"_links":{"self":[{"href":"https:\/\/www.moskito.cz\/es\/wp-json\/wp\/v2\/product\/437458","targetHints":{"allow":["GET"]}}],"collection":[{"href":"https:\/\/www.moskito.cz\/es\/wp-json\/wp\/v2\/product"}],"about":[{"href":"https:\/\/www.moskito.cz\/es\/wp-json\/wp\/v2\/types\/product"}],"replies":[{"embeddable":true,"href":"https:\/\/www.moskito.cz\/es\/wp-json\/wp\/v2\/comments?post=437458"}],"wp:featuredmedia":[{"embeddable":true,"href":"https:\/\/www.moskito.cz\/es\/wp-json\/wp\/v2\/media\/436637"}],"wp:attachment":[{"href":"https:\/\/www.moskito.cz\/es\/wp-json\/wp\/v2\/media?parent=437458"}],"wp:term":[{"taxonomy":"pwb-brand","embeddable":true,"href":"https:\/\/www.moskito.cz\/es\/wp-json\/wp\/v2\/pwb-brand?post=437458"},{"taxonomy":"product_brand","embeddable":true,"href":"https:\/\/www.moskito.cz\/es\/wp-json\/wp\/v2\/product_brand?post=437458"},{"taxonomy":"product_cat","embeddable":true,"href":"https:\/\/www.moskito.cz\/es\/wp-json\/wp\/v2\/product_cat?post=437458"},{"taxonomy":"product_tag","embeddable":true,"href":"https:\/\/www.moskito.cz\/es\/wp-json\/wp\/v2\/product_tag?post=437458"}],"curies":[{"name":"wp","href":"https:\/\/api.w.org\/{rel}","templated":true}]}}