{"id":437676,"date":"2026-02-16T15:29:24","date_gmt":"2026-02-16T14:29:24","guid":{"rendered":"https:\/\/www.moskito.cz\/produkt\/cuchillo-de-expulsion-microtech-combat-troodon-iii-1142-3ta\/"},"modified":"2026-02-16T18:31:02","modified_gmt":"2026-02-16T17:31:02","slug":"cuchillo-de-expulsion-microtech-combat-troodon-iii-1142-3ta","status":"publish","type":"product","link":"https:\/\/www.moskito.cz\/es\/produkt\/cuchillo-de-expulsion-microtech-combat-troodon-iii-1142-3ta\/","title":{"rendered":"Cuchillo de Expulsi\u00f3n Microtech Combat Troodon III 1142-3TA"},"content":{"rendered":"<p data-start=\"0\" data-end=\"83\"><strong data-start=\"0\" data-end=\"83\">Microtech Combat Troodon D\/E Gen III 1142-3TA &#8211; Negro Serrado Completo \/ Mango Tan<\/strong><\/p>\n<p data-start=\"85\" data-end=\"435\">En cuanto cojas la <strong data-start=\"108\" data-end=\"157\">Microtech Combat Troodon D\/E Gen III 1142-3TA<\/strong>, sentir\u00e1s de inmediato la mec\u00e1nica precisa y el car\u00e1cter t\u00e1ctico agresivo que caracterizan a este modelo. Esta versi\u00f3n combina una hoja totalmente dentada de color negro con una empu\u00f1adura anodizada de color tostado, creando a la vez un fuerte contraste visual y una herramienta funcional preparada para una amplia gama de tareas. <\/p>\n<p data-start=\"437\" data-end=\"516\">Dise\u00f1ado por Anthony (Tony) Marfion y fabricado y ensamblado completamente en \ud83c\uddfa\ud83c\uddf8 USA.<\/p>\n<p data-start=\"518\" data-end=\"546\">\ud83d\udd25 <strong data-start=\"521\" data-end=\"546\">Car\u00e1cter y filosof\u00eda<\/strong><\/p>\n<p data-start=\"548\" data-end=\"931\">El Combat Troodon es uno de los modelos OTF m\u00e1s potentes de Microtech y su variante Gen III aporta mejoras en dise\u00f1o y prestaciones. La hoja totalmente dentada D\/E (Doble Filo) proporciona la m\u00e1xima penetraci\u00f3n y destaca en el corte de materiales en los que un filo dentado es ventajoso, como cuerdas, cinchas o tejidos r\u00edgidos. Este modelo est\u00e1 dise\u00f1ado para situaciones t\u00e1cticas exigentes y despliegues EDC resistentes.  <\/p>\n<p data-start=\"933\" data-end=\"1082\">El deslizador lateral empotrado proporciona un control natural e intuitivo que permite una extensi\u00f3n r\u00e1pida y una retracci\u00f3n segura de la hoja con un solo movimiento suave.<\/p>\n<p data-start=\"1084\" data-end=\"1100\">\ud83c\udfed <strong data-start=\"1087\" data-end=\"1100\">Sobre el productor<\/strong><\/p>\n<p data-start=\"1102\" data-end=\"1256\"><span class=\"hover:entity-accent entity-underline inline cursor-pointer align-baseline\"><span class=\"whitespace-normal\">Cuchillos Microtech<\/span><\/span> es una marca americana con m\u00e1s de 30 a\u00f1os de tradici\u00f3n en la fabricaci\u00f3n de cuchillos OTF y autom\u00e1ticos de m\u00e1xima calidad. Sus caracter\u00edsticas t\u00edpicas son: <\/p>\n<ul data-start=\"1258\" data-end=\"1397\">\n<li data-start=\"1258\" data-end=\"1283\">\n<p data-start=\"1260\" data-end=\"1283\">Mecanizado CNC de precisi\u00f3n<\/p>\n<\/li>\n<li data-start=\"1284\" data-end=\"1318\">\n<p data-start=\"1286\" data-end=\"1318\">Mecanismos internos patentados<\/p>\n<\/li>\n<li data-start=\"1319\" data-end=\"1340\">\n<p data-start=\"1321\" data-end=\"1340\">Dise\u00f1o innovador<\/p>\n<\/li>\n<li data-start=\"1341\" data-end=\"1367\">\n<p data-start=\"1343\" data-end=\"1367\">Fuerte control de calidad<\/p>\n<\/li>\n<li data-start=\"1368\" data-end=\"1397\">\n<p data-start=\"1370\" data-end=\"1397\">Est\u00e9tica t\u00e1ctica distintiva<\/p>\n<\/li>\n<\/ul>\n<p data-start=\"1399\" data-end=\"1490\">Cada pieza se fabrica y ensambla en EE.UU. bajo la direcci\u00f3n de <span class=\"hover:entity-accent entity-underline inline cursor-pointer align-baseline\"><span class=\"whitespace-normal\">Anthony Marfione<\/span><\/span>.<\/p>\n<p data-start=\"1492\" data-end=\"1536\">\ud83d\udde1\ufe0f <strong data-start=\"1496\" data-end=\"1536\">Hoja &#8211; D\/E Hoja negra dentada completa<\/strong><\/p>\n<p data-start=\"1538\" data-end=\"1619\">La hoja con filo por ambos lados y perfil totalmente dentado permite:<\/p>\n<ul data-start=\"1621\" data-end=\"1738\">\n<li data-start=\"1621\" data-end=\"1644\">\n<p data-start=\"1623\" data-end=\"1644\">extrema resistencia a la perforaci\u00f3n<\/p>\n<\/li>\n<li data-start=\"1645\" data-end=\"1692\">\n<p data-start=\"1647\" data-end=\"1692\">excelente corte de fibras y materiales r\u00edgidos<\/p>\n<\/li>\n<li data-start=\"1693\" data-end=\"1738\">\n<p data-start=\"1695\" data-end=\"1738\">rendimiento constante independientemente del tipo de corte<\/p>\n<\/li>\n<\/ul>\n<p data-start=\"1740\" data-end=\"1812\">El acabado negro reduce el deslumbramiento y a\u00f1ade car\u00e1cter t\u00e1ctico al cuchillo.<\/p>\n<p data-start=\"1814\" data-end=\"1951\">Una hoja dentada es eficaz all\u00ed donde una hoja lisa pierde rendimiento: por ejemplo, al cortar cuerda, cuerda lastrada u otros materiales abrasivos.<\/p>\n<p data-start=\"1953\" data-end=\"1989\"><strong data-start=\"1956\" data-end=\"1989\">\ud83d\udd2c Acero &#8211; Acero inoxidable de primera calidad<\/strong><\/p>\n<p data-start=\"1991\" data-end=\"2069\">El acero utilizado pertenece al segmento premium de los materiales para cubiertos: se caracteriza por:<\/p>\n<ul data-start=\"2071\" data-end=\"2164\">\n<li data-start=\"2071\" data-end=\"2109\">\n<p data-start=\"2073\" data-end=\"2109\">alta resistencia al desgaste<\/p>\n<\/li>\n<li data-start=\"2110\" data-end=\"2138\">\n<p data-start=\"2112\" data-end=\"2138\">buena resistencia a la corrosi\u00f3n<\/p>\n<\/li>\n<li data-start=\"2139\" data-end=\"2164\">\n<p data-start=\"2141\" data-end=\"2164\">larga retenci\u00f3n de la hoja<\/p>\n<\/li>\n<\/ul>\n<p data-start=\"2166\" data-end=\"2232\">Esta combinaci\u00f3n garantiza un rendimiento fiable incluso en tareas exigentes.<\/p>\n<p data-start=\"2234\" data-end=\"2272\">\ud83e\udde9 E <strong data-start=\"2237\" data-end=\"2272\">mpu\u00f1adura &#8211; Aluminio anodizado tostado<\/strong><\/p>\n<p data-start=\"2274\" data-end=\"2385\">El mango es de aluminio 6061-T6 anodizado en acabado tostado, de aspecto robusto y pr\u00e1ctico al mismo tiempo.<\/p>\n<ul data-start=\"2387\" data-end=\"2602\">\n<li data-start=\"2387\" data-end=\"2428\">\n<p data-start=\"2389\" data-end=\"2428\">Textura antideslizante fresada CNC en 3D<\/p>\n<\/li>\n<li data-start=\"2429\" data-end=\"2459\">\n<p data-start=\"2431\" data-end=\"2459\">Jimping para un mejor control<\/p>\n<\/li>\n<li data-start=\"2460\" data-end=\"2488\">\n<p data-start=\"2462\" data-end=\"2488\">Deslizador lateral empotrado<\/p>\n<\/li>\n<li data-start=\"2489\" data-end=\"2545\">\n<p data-start=\"2491\" data-end=\"2545\">Cargador ambidiestro (derecha\/izquierda, punta hacia abajo)<\/p>\n<\/li>\n<li data-start=\"2546\" data-end=\"2602\">\n<p data-start=\"2548\" data-end=\"2602\">Datos secundarios como el n\u00famero de serie y la fecha de fabricaci\u00f3n<\/p>\n<\/li>\n<\/ul>\n<p data-start=\"2604\" data-end=\"2699\">El color tostado es pr\u00e1ctico, combina bien con el equipo t\u00e1ctico y disimula bien los peque\u00f1os roces.<\/p>\n<p data-start=\"2701\" data-end=\"2742\">\u2699\ufe0f <strong data-start=\"2704\" data-end=\"2742\">Especificaciones t\u00e9cnicas (indicativas)<\/strong><\/p>\n<p data-start=\"2744\" data-end=\"2793\"><em data-start=\"2744\" data-end=\"2793\">Los par\u00e1metros pueden variar seg\u00fan la serie concreta.<\/em><\/p>\n<div class=\"TyagGW_tableContainer\">\n<div class=\"group TyagGW_tableWrapper flex flex-col-reverse w-fit\" tabindex=\"-1\">\n<table class=\"w-fit min-w-(--thread-content-width)\" data-start=\"2795\" data-end=\"3331\">\n<thead data-start=\"2795\" data-end=\"2813\">\n<tr data-start=\"2795\" data-end=\"2813\">\n<th class=\"\" data-start=\"2795\" data-end=\"2804\" data-col-size=\"sm\">Par\u00e1metro<\/th>\n<th class=\"\" data-start=\"2804\" data-end=\"2813\" data-col-size=\"sm\">Valor<\/th>\n<\/tr>\n<\/thead>\n<tbody data-start=\"2824\" data-end=\"3331\">\n<tr data-start=\"2824\" data-end=\"2860\">\n<td data-start=\"2824\" data-end=\"2830\" data-col-size=\"sm\">Modelo<\/td>\n<td data-start=\"2830\" data-end=\"2860\" data-col-size=\"sm\">Trood\u00f3n de combate D\/E Gen III<\/td>\n<\/tr>\n<tr data-start=\"2861\" data-end=\"2890\">\n<td data-start=\"2861\" data-end=\"2878\" data-col-size=\"sm\">N\u00famero de producto<\/td>\n<td data-start=\"2878\" data-end=\"2890\" data-col-size=\"sm\">1142-3TA<\/td>\n<\/tr>\n<tr data-start=\"2891\" data-end=\"2923\">\n<td data-start=\"2891\" data-end=\"2905\" data-col-size=\"sm\">Longitud total<\/td>\n<td data-start=\"2905\" data-end=\"2923\" data-col-size=\"sm\">aprox. 230-240 mm<\/td>\n<\/tr>\n<tr data-start=\"2924\" data-end=\"2954\">\n<td data-start=\"2924\" data-end=\"2937\" data-col-size=\"sm\">Longitud de la hoja<\/td>\n<td data-start=\"2937\" data-end=\"2954\" data-col-size=\"sm\">aprox. 95-100 mm<\/td>\n<\/tr>\n<tr data-start=\"2955\" data-end=\"2989\">\n<td data-start=\"2955\" data-end=\"2971\" data-col-size=\"sm\">Grosor de la hoja<\/td>\n<td data-start=\"2971\" data-end=\"2989\" data-col-size=\"sm\">aprox. 3,0-3,5 mm<\/td>\n<\/tr>\n<tr data-start=\"2990\" data-end=\"3023\">\n<td data-start=\"2990\" data-end=\"3005\" data-col-size=\"sm\">Longitud del mango<\/td>\n<td data-start=\"3005\" data-end=\"3023\" data-col-size=\"sm\">aprox. 135-140 mm<\/td>\n<\/tr>\n<tr data-start=\"3024\" data-end=\"3050\">\n<td data-start=\"3024\" data-end=\"3033\" data-col-size=\"sm\">Peso<\/td>\n<td data-start=\"3033\" data-end=\"3050\" data-col-size=\"sm\">aprox. 150-160 g<\/td>\n<\/tr>\n<tr data-start=\"3051\" data-end=\"3082\">\n<td data-start=\"3051\" data-end=\"3061\" data-col-size=\"sm\">Tipo de hoja<\/td>\n<td data-start=\"3061\" data-end=\"3082\" data-col-size=\"sm\">D\/E Dentado completo<\/td>\n<\/tr>\n<tr data-start=\"3083\" data-end=\"3106\">\n<td data-start=\"3083\" data-end=\"3097\" data-col-size=\"sm\">Superficie de la hoja<\/td>\n<td data-start=\"3097\" data-end=\"3106\" data-col-size=\"sm\">Negro<\/td>\n<\/tr>\n<tr data-start=\"3107\" data-end=\"3143\">\n<td data-start=\"3107\" data-end=\"3125\" data-col-size=\"sm\">Material del mango<\/td>\n<td data-start=\"3125\" data-end=\"3143\" data-col-size=\"sm\">Aluminio 6061-T6<\/td>\n<\/tr>\n<tr data-start=\"3144\" data-end=\"3166\">\n<td data-start=\"3144\" data-end=\"3159\" data-col-size=\"sm\">Color del asa<\/td>\n<td data-start=\"3159\" data-end=\"3166\" data-col-size=\"sm\">Tan<\/td>\n<\/tr>\n<tr data-start=\"3167\" data-end=\"3203\">\n<td data-start=\"3167\" data-end=\"3179\" data-col-size=\"sm\">Mecanismo<\/td>\n<td data-start=\"3179\" data-end=\"3203\" data-col-size=\"sm\">D\/A OTF &#8211; Bloqueo de la corredera<\/td>\n<\/tr>\n<tr data-start=\"3204\" data-end=\"3246\">\n<td data-start=\"3204\" data-end=\"3214\" data-col-size=\"sm\">Apertura<\/td>\n<td data-start=\"3214\" data-end=\"3246\" data-col-size=\"sm\">Autom\u00e1tica &#8211; corredera lateral<\/td>\n<\/tr>\n<tr data-start=\"3247\" data-end=\"3281\">\n<td data-start=\"3247\" data-end=\"3252\" data-col-size=\"sm\">Clip<\/td>\n<td data-start=\"3252\" data-end=\"3281\" data-col-size=\"sm\">Ambidiestro, para portar en profundidad<\/td>\n<\/tr>\n<tr data-start=\"3282\" data-end=\"3311\">\n<td data-start=\"3282\" data-end=\"3291\" data-col-size=\"sm\">Dise\u00f1ador<\/td>\n<td data-start=\"3291\" data-end=\"3311\" data-col-size=\"sm\">Anthony Marfione<\/td>\n<\/tr>\n<tr data-start=\"3312\" data-end=\"3331\">\n<td data-start=\"3312\" data-end=\"3324\" data-col-size=\"sm\">Pa\u00eds de origen<\/td>\n<td data-start=\"3324\" data-end=\"3331\" data-col-size=\"sm\">EE.UU.<\/td>\n<\/tr>\n<\/tbody>\n<\/table>\n<\/div>\n<\/div>\n<p data-start=\"3333\" data-end=\"3352\">\u2705 <strong data-start=\"3335\" data-end=\"3352\">Beneficios principales<\/strong><\/p>\n<ul data-start=\"3354\" data-end=\"3643\">\n<li data-start=\"3354\" data-end=\"3397\">\n<p data-start=\"3356\" data-end=\"3397\">Mecanismo D\/A OTF r\u00e1pido y fiable<\/p>\n<\/li>\n<li data-start=\"3398\" data-end=\"3447\">\n<p data-start=\"3400\" data-end=\"3447\">Hoja totalmente dentada D\/E de gran penetraci\u00f3n<\/p>\n<\/li>\n<li data-start=\"3448\" data-end=\"3482\">\n<p data-start=\"3450\" data-end=\"3482\">Superficie negra para reducir el deslumbramiento<\/p>\n<\/li>\n<li data-start=\"3483\" data-end=\"3532\">\n<p data-start=\"3485\" data-end=\"3532\">Acero inoxidable de primera calidad con buena retenci\u00f3n de la hoja<\/p>\n<\/li>\n<li data-start=\"3533\" data-end=\"3580\">\n<p data-start=\"3535\" data-end=\"3580\">Empu\u00f1adura ergon\u00f3mica con superficie texturizada<\/p>\n<\/li>\n<li data-start=\"3581\" data-end=\"3643\">\n<p data-start=\"3583\" data-end=\"3643\">Dise\u00f1o robusto y ligero adecuado para el uso diario<\/p>\n<\/li>\n<\/ul>\n<p data-start=\"3645\" data-end=\"3665\">\u26a0\ufe0f <strong data-start=\"3648\" data-end=\"3665\">Posibles restricciones<\/strong><\/p>\n<ul data-start=\"3667\" data-end=\"3828\">\n<li data-start=\"3667\" data-end=\"3718\">\n<p data-start=\"3669\" data-end=\"3718\">Las cuchillas dentadas son m\u00e1s dif\u00edciles de mantener y afilar<\/p>\n<\/li>\n<li data-start=\"3719\" data-end=\"3774\">\n<p data-start=\"3721\" data-end=\"3774\">Categor\u00eda de precio m\u00e1s alta correspondiente a la producci\u00f3n premium<\/p>\n<\/li>\n<li data-start=\"3775\" data-end=\"3828\">\n<p data-start=\"3777\" data-end=\"3828\">El mecanismo autom\u00e1tico requiere un cuidado regular<\/p>\n<\/li>\n<\/ul>\n<p data-start=\"3830\" data-end=\"3851\">\ud83d\udee0\ufe0f <strong data-start=\"3834\" data-end=\"3851\">Mantenimiento y cuidado<\/strong><\/p>\n<ul data-start=\"3853\" data-end=\"4044\">\n<li data-start=\"3853\" data-end=\"3888\">\n<p data-start=\"3855\" data-end=\"3888\">Limpia y seca la cuchilla despu\u00e9s de usarla<\/p>\n<\/li>\n<li data-start=\"3889\" data-end=\"3923\">\n<p data-start=\"3891\" data-end=\"3923\">Mant\u00e9n el mango seco y limpio<\/p>\n<\/li>\n<li data-start=\"3924\" data-end=\"3976\">\n<p data-start=\"3926\" data-end=\"3976\">Comprueba regularmente el mecanismo y elimina la suciedad<\/p>\n<\/li>\n<li data-start=\"3977\" data-end=\"4044\">\n<p data-start=\"3979\" data-end=\"4044\">Se recomiendan herramientas especiales para afilar cuchillas dentadas<\/p>\n<\/li>\n<\/ul>\n<p data-start=\"4046\" data-end=\"4112\">Un cuidado adecuado garantiza la fiabilidad a largo plazo y el alto rendimiento de la cuchilla.<\/p>\n<p data-start=\"4114\" data-end=\"4135\">\ud83c\udfaf <strong data-start=\"4117\" data-end=\"4135\">Recomendado para<\/strong><\/p>\n<ul data-start=\"4137\" data-end=\"4320\">\n<li data-start=\"4137\" data-end=\"4171\">\n<p data-start=\"4139\" data-end=\"4171\">Uso profesional t\u00e1ctico<\/p>\n<\/li>\n<li data-start=\"4172\" data-end=\"4232\">\n<p data-start=\"4174\" data-end=\"4232\">Usuarios que tratan a menudo con materiales r\u00edgidos o fibrosos<\/p>\n<\/li>\n<li data-start=\"4233\" data-end=\"4268\">\n<p data-start=\"4235\" data-end=\"4268\">Coleccionistas de modelos OTF premium<\/p>\n<\/li>\n<li data-start=\"4269\" data-end=\"4320\">\n<p data-start=\"4271\" data-end=\"4320\">Usuarios que prefieren combinaciones de colores llamativos<\/p>\n<\/li>\n<\/ul>\n<p data-start=\"4322\" data-end=\"4347\">\u2b50 <strong data-start=\"4324\" data-end=\"4347\">Calificaci\u00f3n final<\/strong><\/p>\n<p data-start=\"4349\" data-end=\"4625\">El <strong data-start=\"4349\" data-end=\"4398\">Microtech Combat Troodon D\/E Gen III 1142-3TA<\/strong> en Negro Full Serrate \/ Tan es un cuchillo t\u00e1ctico OTF de primera calidad con una agresiva hoja dentada, construcci\u00f3n robusta y fabricaci\u00f3n americana de precisi\u00f3n. Es la elecci\u00f3n para quienes buscan rendimiento, estilo y funcionalidad sin concesiones \ud83d\udd2a\ud83d\udd25. <\/p>\n","protected":false},"excerpt":{"rendered":"<p><strong>El Microtech Combat Troodon D\/E Gen III 1142-3TA en Negro Full Serrate \/ Tan es un cuchillo t\u00e1ctico OTF de primera calidad con una agresiva hoja dentada, construcci\u00f3n robusta y fabricaci\u00f3n americana de precisi\u00f3n. Es la elecci\u00f3n para quienes buscan rendimiento, estilo y funcionalidad sin concesiones \ud83d\udd2a\ud83d\udd25. <\/strong><\/p>\n<p><strong>Env\u00edo gratis.<\/strong><\/p>\n","protected":false},"featured_media":437533,"comment_status":"open","ping_status":"closed","template":"","meta":[],"pwb-brand":[3752],"product_brand":[],"product_cat":[3729,3726],"product_tag":[],"class_list":{"0":"post-437676","1":"product","2":"type-product","3":"status-publish","4":"has-post-thumbnail","6":"pwb-brand-microtecnologia","7":"product_cat-cuchillos-de-tiro","8":"product_cat-cuchillos","10":"first","11":"instock","12":"taxable","13":"shipping-taxable","14":"purchasable","15":"product-type-simple"},"brands":[{"id":3752,"name":"microtecnolog\u00eda","slug":"microtecnologia"}],"_links":{"self":[{"href":"https:\/\/www.moskito.cz\/es\/wp-json\/wp\/v2\/product\/437676","targetHints":{"allow":["GET"]}}],"collection":[{"href":"https:\/\/www.moskito.cz\/es\/wp-json\/wp\/v2\/product"}],"about":[{"href":"https:\/\/www.moskito.cz\/es\/wp-json\/wp\/v2\/types\/product"}],"replies":[{"embeddable":true,"href":"https:\/\/www.moskito.cz\/es\/wp-json\/wp\/v2\/comments?post=437676"}],"wp:featuredmedia":[{"embeddable":true,"href":"https:\/\/www.moskito.cz\/es\/wp-json\/wp\/v2\/media\/437533"}],"wp:attachment":[{"href":"https:\/\/www.moskito.cz\/es\/wp-json\/wp\/v2\/media?parent=437676"}],"wp:term":[{"taxonomy":"pwb-brand","embeddable":true,"href":"https:\/\/www.moskito.cz\/es\/wp-json\/wp\/v2\/pwb-brand?post=437676"},{"taxonomy":"product_brand","embeddable":true,"href":"https:\/\/www.moskito.cz\/es\/wp-json\/wp\/v2\/product_brand?post=437676"},{"taxonomy":"product_cat","embeddable":true,"href":"https:\/\/www.moskito.cz\/es\/wp-json\/wp\/v2\/product_cat?post=437676"},{"taxonomy":"product_tag","embeddable":true,"href":"https:\/\/www.moskito.cz\/es\/wp-json\/wp\/v2\/product_tag?post=437676"}],"curies":[{"name":"wp","href":"https:\/\/api.w.org\/{rel}","templated":true}]}}