{"id":437686,"date":"2026-02-16T15:08:12","date_gmt":"2026-02-16T14:08:12","guid":{"rendered":"https:\/\/www.moskito.cz\/produkt\/cuchillo-de-expulsion-microtech-combat-troodon-gen-iii-stonewashed-1142-10rd\/"},"modified":"2026-02-16T18:31:19","modified_gmt":"2026-02-16T17:31:19","slug":"cuchillo-de-expulsion-microtech-combat-troodon-gen-iii-stonewashed-1142-10rd","status":"publish","type":"product","link":"https:\/\/www.moskito.cz\/es\/produkt\/cuchillo-de-expulsion-microtech-combat-troodon-gen-iii-stonewashed-1142-10rd\/","title":{"rendered":"Cuchillo de Expulsi\u00f3n Microtech Combat Troodon Gen III Stonewashed 1142-10RD"},"content":{"rendered":"<p data-start=\"85\" data-end=\"414\">Cuando cojas el <strong data-start=\"108\" data-end=\"158\">Microtech Combat Troodon Gen III D\/E 1142-10RD<\/strong>, sentir\u00e1s inmediatamente la combinaci\u00f3n de mec\u00e1nica precisa y dise\u00f1o t\u00e1ctico din\u00e1mico. Este modelo es una potente versi\u00f3n de la legendaria navaja Troodon OTF, en la que el contraste entre el distintivo mango rojo y la discreta hoja lavada a la piedra es a la vez elegante y funcional. <\/p>\n<p data-start=\"416\" data-end=\"495\">Dise\u00f1ado por Anthony (Tony) Marfion y fabricado y ensamblado completamente en \ud83c\uddfa\ud83c\uddf8 USA.<\/p>\n<p data-start=\"497\" data-end=\"525\">\ud83d\udd25 <strong data-start=\"500\" data-end=\"525\">Car\u00e1cter y filosof\u00eda<\/strong><\/p>\n<p data-start=\"527\" data-end=\"768\">El Combat Troodon Gen III es sin\u00f3nimo de potencia, fiabilidad y versatilidad t\u00e1ctica en cuchillos OTF. La versi\u00f3n D\/E (Doble Filo) ofrece una hoja sim\u00e9trica con filo en ambos lados, lo que aumenta la penetraci\u00f3n y la versatilidad de corte para el trabajo t\u00e1ctico. <\/p>\n<p data-start=\"770\" data-end=\"980\">El deslizador lateral empotrado garantiza un funcionamiento suave e intuitivo: la hoja se extiende y se retrae en un solo movimiento. Todo el mecanismo est\u00e1 dise\u00f1ado para ser r\u00e1pido, fiable y proporcionar confianza en cada uso. <\/p>\n<p data-start=\"982\" data-end=\"998\">\ud83c\udfed <strong data-start=\"985\" data-end=\"998\">Sobre el productor<\/strong><\/p>\n<p data-start=\"1000\" data-end=\"1159\"><span class=\"hover:entity-accent entity-underline inline cursor-pointer align-baseline\"><span class=\"whitespace-normal\">Cuchillos Microtech<\/span><\/span> es un fabricante estadounidense con m\u00e1s de 30 a\u00f1os de tradici\u00f3n en la producci\u00f3n de cuchillos autom\u00e1ticos y OTF de alta gama. Entre sus caracter\u00edsticas t\u00edpicas se incluyen: <\/p>\n<ul data-start=\"1161\" data-end=\"1339\">\n<li data-start=\"1161\" data-end=\"1186\">\n<p data-start=\"1163\" data-end=\"1186\">Mecanizado CNC de precisi\u00f3n<\/p>\n<\/li>\n<li data-start=\"1187\" data-end=\"1221\">\n<p data-start=\"1189\" data-end=\"1221\">Mecanismos internos patentados<\/p>\n<\/li>\n<li data-start=\"1222\" data-end=\"1255\">\n<p data-start=\"1224\" data-end=\"1255\">Soluciones de dise\u00f1o innovadoras<\/p>\n<\/li>\n<li data-start=\"1256\" data-end=\"1285\">\n<p data-start=\"1258\" data-end=\"1285\">Control de calidad coherente<\/p>\n<\/li>\n<li data-start=\"1286\" data-end=\"1339\">\n<p data-start=\"1288\" data-end=\"1339\">Dise\u00f1o distintivo centrado en la funcionalidad t\u00e1ctica<\/p>\n<\/li>\n<\/ul>\n<p data-start=\"1341\" data-end=\"1438\">Cada pieza se fabrica y ensambla a mano en EE.UU. bajo la direcci\u00f3n de <span class=\"hover:entity-accent entity-underline inline cursor-pointer align-baseline\"><span class=\"whitespace-normal\">Anthony Marfione<\/span><\/span>.<\/p>\n<p data-start=\"1440\" data-end=\"1486\">\ud83d\udde1\ufe0f <strong data-start=\"1444\" data-end=\"1486\">Hoja &#8211; D\/E (Doble Filo), Lavada a la Piedra<\/strong><\/p>\n<p data-start=\"1488\" data-end=\"1543\">La hoja D\/E proporciona un filo en ambos lados, lo que permite:<\/p>\n<ul data-start=\"1545\" data-end=\"1640\">\n<li data-start=\"1545\" data-end=\"1567\">\n<p data-start=\"1547\" data-end=\"1567\">alta penetraci\u00f3n<\/p>\n<\/li>\n<li data-start=\"1568\" data-end=\"1595\">\n<p data-start=\"1570\" data-end=\"1595\">cortes r\u00e1pidos y eficaces<\/p>\n<\/li>\n<li data-start=\"1596\" data-end=\"1640\">\n<p data-start=\"1598\" data-end=\"1640\">geometr\u00eda sim\u00e9trica para tareas t\u00e1cticas<\/p>\n<\/li>\n<\/ul>\n<p data-start=\"1642\" data-end=\"1671\">Acabado encalado a la piedra:<\/p>\n<ul data-start=\"1673\" data-end=\"1771\">\n<li data-start=\"1673\" data-end=\"1692\">\n<p data-start=\"1675\" data-end=\"1692\">reduce el deslumbramiento<\/p>\n<\/li>\n<li data-start=\"1693\" data-end=\"1733\">\n<p data-start=\"1695\" data-end=\"1733\">m\u00e1scaras peque\u00f1os ara\u00f1azos de uso<\/p>\n<\/li>\n<li data-start=\"1734\" data-end=\"1771\">\n<p data-start=\"1736\" data-end=\"1771\">da un aspecto est\u00e9ticamente discreto<\/p>\n<\/li>\n<\/ul>\n<p data-start=\"1773\" data-end=\"1819\">Cuchilla sim\u00e9trica con corte alto asegura:<\/p>\n<ul data-start=\"1821\" data-end=\"1908\">\n<li data-start=\"1821\" data-end=\"1849\">\n<p data-start=\"1823\" data-end=\"1849\">excelentes propiedades de corte<\/p>\n<\/li>\n<li data-start=\"1850\" data-end=\"1888\">\n<p data-start=\"1852\" data-end=\"1888\">distribuci\u00f3n uniforme de la fuerza durante el corte<\/p>\n<\/li>\n<li data-start=\"1889\" data-end=\"1908\">\n<p data-start=\"1891\" data-end=\"1908\">estabilidad de la punta<\/p>\n<\/li>\n<\/ul>\n<p data-start=\"1910\" data-end=\"1946\"><strong data-start=\"1913\" data-end=\"1946\">\ud83d\udd2c Acero &#8211; Acero inoxidable de primera calidad<\/strong><\/p>\n<p data-start=\"1948\" data-end=\"2016\">Este modelo utiliza materiales de cuberter\u00eda de alta gama que se caracterizan por:<\/p>\n<ul data-start=\"2018\" data-end=\"2142\">\n<li data-start=\"2018\" data-end=\"2043\">\n<p data-start=\"2020\" data-end=\"2043\">alta retenci\u00f3n de la hoja<\/p>\n<\/li>\n<li data-start=\"2044\" data-end=\"2084\">\n<p data-start=\"2046\" data-end=\"2084\">excelente resistencia al desgaste<\/p>\n<\/li>\n<li data-start=\"2085\" data-end=\"2113\">\n<p data-start=\"2087\" data-end=\"2113\">buena resistencia a la corrosi\u00f3n<\/p>\n<\/li>\n<li data-start=\"2114\" data-end=\"2142\">\n<p data-start=\"2116\" data-end=\"2142\">bajo mantenimiento<\/p>\n<\/li>\n<\/ul>\n<p data-start=\"2144\" data-end=\"2209\">Este acero proporciona un rendimiento duradero incluso en las aplicaciones m\u00e1s exigentes.<\/p>\n<p data-start=\"2211\" data-end=\"2249\">\ud83e\udde9 E <strong data-start=\"2214\" data-end=\"2249\">mpu\u00f1adura &#8211; Aluminio anodizado rojo<\/strong><\/p>\n<p data-start=\"2251\" data-end=\"2394\">El mango es de aluminio 6061-T6 anodizado en acabado rojo, que tiene un aspecto elegante y contrasta bien con la discreta hoja.<\/p>\n<ul data-start=\"2396\" data-end=\"2647\">\n<li data-start=\"2396\" data-end=\"2437\">\n<p data-start=\"2398\" data-end=\"2437\">Textura antideslizante fresada CNC en 3D<\/p>\n<\/li>\n<li data-start=\"2438\" data-end=\"2481\">\n<p data-start=\"2440\" data-end=\"2481\">Jimping en la parte superior e inferior del mango<\/p>\n<\/li>\n<li data-start=\"2482\" data-end=\"2533\">\n<p data-start=\"2484\" data-end=\"2533\">Deslizador lateral empotrado para un control natural<\/p>\n<\/li>\n<li data-start=\"2534\" data-end=\"2590\">\n<p data-start=\"2536\" data-end=\"2590\">Clip de transporte profundo ambidiestro (derecha\/izquierda, punta hacia abajo)<\/p>\n<\/li>\n<li data-start=\"2591\" data-end=\"2647\">\n<p data-start=\"2593\" data-end=\"2647\">Datos secundarios como el n\u00famero de serie y la fecha de fabricaci\u00f3n<\/p>\n<\/li>\n<\/ul>\n<p data-start=\"2649\" data-end=\"2782\">El color rojo es a la vez visualmente llamativo y pr\u00e1ctico: combina bien con el equipo t\u00e1ctico y disimula las marcas del uso diario.<\/p>\n<p data-start=\"2784\" data-end=\"2825\">\u2699\ufe0f <strong data-start=\"2787\" data-end=\"2825\">Especificaciones t\u00e9cnicas (indicativas)<\/strong><\/p>\n<p data-start=\"2827\" data-end=\"2876\"><em data-start=\"2827\" data-end=\"2876\">Los par\u00e1metros pueden variar seg\u00fan la serie concreta.<\/em><\/p>\n<div class=\"TyagGW_tableContainer\">\n<div class=\"group TyagGW_tableWrapper flex flex-col-reverse w-fit\" tabindex=\"-1\">\n<table class=\"w-fit min-w-(--thread-content-width)\" data-start=\"2878\" data-end=\"3421\">\n<thead data-start=\"2878\" data-end=\"2896\">\n<tr data-start=\"2878\" data-end=\"2896\">\n<th class=\"\" data-start=\"2878\" data-end=\"2887\" data-col-size=\"sm\">Par\u00e1metro<\/th>\n<th class=\"\" data-start=\"2887\" data-end=\"2896\" data-col-size=\"sm\">Valor<\/th>\n<\/tr>\n<\/thead>\n<tbody data-start=\"2907\" data-end=\"3421\">\n<tr data-start=\"2907\" data-end=\"2943\">\n<td data-start=\"2907\" data-end=\"2913\" data-col-size=\"sm\">Modelo<\/td>\n<td data-start=\"2913\" data-end=\"2943\" data-col-size=\"sm\">Trood\u00f3n de combate Gen III D\/E<\/td>\n<\/tr>\n<tr data-start=\"2944\" data-end=\"2974\">\n<td data-start=\"2944\" data-end=\"2961\" data-col-size=\"sm\">N\u00famero del producto<\/td>\n<td data-start=\"2961\" data-end=\"2974\" data-col-size=\"sm\">1142-10RD<\/td>\n<\/tr>\n<tr data-start=\"2975\" data-end=\"3007\">\n<td data-start=\"2975\" data-end=\"2989\" data-col-size=\"sm\">Longitud total<\/td>\n<td data-start=\"2989\" data-end=\"3007\" data-col-size=\"sm\">aprox. 230-240 mm<\/td>\n<\/tr>\n<tr data-start=\"3008\" data-end=\"3038\">\n<td data-start=\"3008\" data-end=\"3021\" data-col-size=\"sm\">Longitud de la hoja<\/td>\n<td data-start=\"3021\" data-end=\"3038\" data-col-size=\"sm\">aprox. 95-100 mm<\/td>\n<\/tr>\n<tr data-start=\"3039\" data-end=\"3073\">\n<td data-start=\"3039\" data-end=\"3055\" data-col-size=\"sm\">Grosor de la hoja<\/td>\n<td data-start=\"3055\" data-end=\"3073\" data-col-size=\"sm\">aprox. 3,0-3,5 mm<\/td>\n<\/tr>\n<tr data-start=\"3074\" data-end=\"3107\">\n<td data-start=\"3074\" data-end=\"3089\" data-col-size=\"sm\">Longitud del mango<\/td>\n<td data-start=\"3089\" data-end=\"3107\" data-col-size=\"sm\">aprox. 135-140 mm<\/td>\n<\/tr>\n<tr data-start=\"3108\" data-end=\"3134\">\n<td data-start=\"3108\" data-end=\"3117\" data-col-size=\"sm\">Peso<\/td>\n<td data-start=\"3117\" data-end=\"3134\" data-col-size=\"sm\">aprox. 150-160 g<\/td>\n<\/tr>\n<tr data-start=\"3135\" data-end=\"3166\">\n<td data-start=\"3135\" data-end=\"3145\" data-col-size=\"sm\">Tipo de cuchilla<\/td>\n<td data-start=\"3145\" data-end=\"3166\" data-col-size=\"sm\">D\/E (Doble filo)<\/td>\n<\/tr>\n<tr data-start=\"3167\" data-end=\"3196\">\n<td data-start=\"3167\" data-end=\"3181\" data-col-size=\"sm\">Superficie de la hoja<\/td>\n<td data-start=\"3181\" data-end=\"3196\" data-col-size=\"sm\">Encalada<\/td>\n<\/tr>\n<tr data-start=\"3197\" data-end=\"3233\">\n<td data-start=\"3197\" data-end=\"3215\" data-col-size=\"sm\">Material del mango<\/td>\n<td data-start=\"3215\" data-end=\"3233\" data-col-size=\"sm\">Aluminio 6061-T6<\/td>\n<\/tr>\n<tr data-start=\"3234\" data-end=\"3256\">\n<td data-start=\"3234\" data-end=\"3249\" data-col-size=\"sm\">Color del asa<\/td>\n<td data-start=\"3249\" data-end=\"3256\" data-col-size=\"sm\">Rojo<\/td>\n<\/tr>\n<tr data-start=\"3257\" data-end=\"3293\">\n<td data-start=\"3257\" data-end=\"3269\" data-col-size=\"sm\">Mecanismo<\/td>\n<td data-start=\"3269\" data-end=\"3293\" data-col-size=\"sm\">D\/A OTF &#8211; Bloqueo de la corredera<\/td>\n<\/tr>\n<tr data-start=\"3294\" data-end=\"3336\">\n<td data-start=\"3294\" data-end=\"3304\" data-col-size=\"sm\">Apertura<\/td>\n<td data-start=\"3304\" data-end=\"3336\" data-col-size=\"sm\">Autom\u00e1tica &#8211; corredera lateral<\/td>\n<\/tr>\n<tr data-start=\"3337\" data-end=\"3371\">\n<td data-start=\"3337\" data-end=\"3342\" data-col-size=\"sm\">Clip<\/td>\n<td data-start=\"3342\" data-end=\"3371\" data-col-size=\"sm\">Ambidiestro, para portar en profundidad<\/td>\n<\/tr>\n<tr data-start=\"3372\" data-end=\"3401\">\n<td data-start=\"3372\" data-end=\"3381\" data-col-size=\"sm\">Dise\u00f1ador<\/td>\n<td data-start=\"3381\" data-end=\"3401\" data-col-size=\"sm\">Anthony Marfione<\/td>\n<\/tr>\n<tr data-start=\"3402\" data-end=\"3421\">\n<td data-start=\"3402\" data-end=\"3414\" data-col-size=\"sm\">Pa\u00eds de origen<\/td>\n<td data-start=\"3414\" data-end=\"3421\" data-col-size=\"sm\">EE.UU.<\/td>\n<\/tr>\n<\/tbody>\n<\/table>\n<\/div>\n<\/div>\n<p data-start=\"3423\" data-end=\"3442\">\u2705 <strong data-start=\"3425\" data-end=\"3442\">Beneficios principales<\/strong><\/p>\n<ul data-start=\"3444\" data-end=\"3746\">\n<li data-start=\"3444\" data-end=\"3484\">\n<p data-start=\"3446\" data-end=\"3484\">Mecanismo D\/A OTF potente y r\u00e1pido<\/p>\n<\/li>\n<li data-start=\"3485\" data-end=\"3543\">\n<p data-start=\"3487\" data-end=\"3543\">Cuchilla D\/E de gran penetraci\u00f3n y rendimiento universal<\/p>\n<\/li>\n<li data-start=\"3544\" data-end=\"3616\">\n<p data-start=\"3546\" data-end=\"3616\">Superficie encalada a la piedra para reducir el deslumbramiento y ocultar visualmente el desgaste<\/p>\n<\/li>\n<li data-start=\"3617\" data-end=\"3667\">\n<p data-start=\"3619\" data-end=\"3667\">Acero inoxidable de primera calidad con gran retenci\u00f3n de la hoja<\/p>\n<\/li>\n<li data-start=\"3668\" data-end=\"3717\">\n<p data-start=\"3670\" data-end=\"3717\">Mango ergon\u00f3mico con textura antideslizante<\/p>\n<\/li>\n<li data-start=\"3718\" data-end=\"3746\">\n<p data-start=\"3720\" data-end=\"3746\">Construcci\u00f3n s\u00f3lida y ligera<\/p>\n<\/li>\n<\/ul>\n<p data-start=\"3748\" data-end=\"3768\">\u26a0\ufe0f <strong data-start=\"3751\" data-end=\"3768\">Posibles restricciones<\/strong><\/p>\n<ul data-start=\"3770\" data-end=\"3946\">\n<li data-start=\"3770\" data-end=\"3831\">\n<p data-start=\"3772\" data-end=\"3831\">Categor\u00eda de precio superior correspondiente a una mano de obra de primera calidad<\/p>\n<\/li>\n<li data-start=\"3832\" data-end=\"3890\">\n<p data-start=\"3834\" data-end=\"3890\">El doble filo no es ideal para algunas tareas de corte fino<\/p>\n<\/li>\n<li data-start=\"3891\" data-end=\"3946\">\n<p data-start=\"3893\" data-end=\"3946\">El mecanismo autom\u00e1tico requiere un mantenimiento regular<\/p>\n<\/li>\n<\/ul>\n<p data-start=\"3948\" data-end=\"3969\">\ud83d\udee0\ufe0f <strong data-start=\"3952\" data-end=\"3969\">Mantenimiento y cuidado<\/strong><\/p>\n<ul data-start=\"3971\" data-end=\"4223\">\n<li data-start=\"3971\" data-end=\"4006\">\n<p data-start=\"3973\" data-end=\"4006\">Limpia y seca la cuchilla despu\u00e9s de usarla<\/p>\n<\/li>\n<li data-start=\"4007\" data-end=\"4041\">\n<p data-start=\"4009\" data-end=\"4041\">Mant\u00e9n el mango seco y limpio<\/p>\n<\/li>\n<li data-start=\"4042\" data-end=\"4094\">\n<p data-start=\"4044\" data-end=\"4094\">Comprueba regularmente el mecanismo y elimina la suciedad<\/p>\n<\/li>\n<li data-start=\"4095\" data-end=\"4155\">\n<p data-start=\"4097\" data-end=\"4155\">Lubrica ligeramente la cuchilla con aceite protector para guardarla durante m\u00e1s tiempo<\/p>\n<\/li>\n<li data-start=\"4156\" data-end=\"4223\">\n<p data-start=\"4158\" data-end=\"4223\">Para afilar la cuchilla, recomendamos un sistema de calidad para obtener un filo liso<\/p>\n<\/li>\n<\/ul>\n<p data-start=\"4225\" data-end=\"4293\">Un mantenimiento cuidadoso garantiza la fiabilidad a largo plazo y el alto rendimiento de la cuchilla.<\/p>\n<p data-start=\"4295\" data-end=\"4316\">\ud83c\udfaf <strong data-start=\"4298\" data-end=\"4316\">Recomendado para<\/strong><\/p>\n<ul data-start=\"4318\" data-end=\"4462\">\n<li data-start=\"4318\" data-end=\"4343\">\n<p data-start=\"4320\" data-end=\"4343\">Usuarios exigentes de EDC<\/p>\n<\/li>\n<li data-start=\"4344\" data-end=\"4378\">\n<p data-start=\"4346\" data-end=\"4378\">Uso t\u00e1ctico profesional<\/p>\n<\/li>\n<li data-start=\"4379\" data-end=\"4412\">\n<p data-start=\"4381\" data-end=\"4412\">Coleccionistas de cuchillos OTF premium<\/p>\n<\/li>\n<li data-start=\"4413\" data-end=\"4462\">\n<p data-start=\"4415\" data-end=\"4462\">Usuarios que prefieren un color de empu\u00f1adura distintivo<\/p>\n<\/li>\n<\/ul>\n<p data-start=\"4464\" data-end=\"4489\">\u2b50 <strong data-start=\"4466\" data-end=\"4489\">Calificaci\u00f3n final<\/strong><\/p>\n<p data-start=\"4491\" data-end=\"4780\">El <strong data-start=\"4491\" data-end=\"4541\">Microtech Combat Troodon Gen III D\/E 1142-10RD<\/strong> combina un gran rendimiento t\u00e1ctico, una fabricaci\u00f3n estadounidense de precisi\u00f3n y un contraste visualmente atractivo entre el mango rojo y la discreta hoja lavada a la piedra. Cualquiera que desee un cuchillo OTF fiable y resistente sin concesiones apreciar\u00e1 este modelo \ud83d\udd2a\ud83d\udd25. <\/p>\n","protected":false},"excerpt":{"rendered":"<p><strong>El Microtech Combat Troodon Gen III D\/E 1142-10RD es una combinaci\u00f3n de gran rendimiento t\u00e1ctico, fabricaci\u00f3n estadounidense de precisi\u00f3n y un contraste visualmente atractivo entre el mango rojo y la discreta hoja lavada a la piedra. Cualquiera que desee un cuchillo OTF fiable y resistente sin concesiones apreciar\u00e1 este modelo \ud83d\udd2a\ud83d\udd25. <\/strong><\/p>\n<p><strong>Env\u00edo gratis.<\/strong><\/p>\n","protected":false},"featured_media":437498,"comment_status":"open","ping_status":"closed","template":"","meta":[],"pwb-brand":[3752],"product_brand":[],"product_cat":[3729,3726],"product_tag":[],"class_list":{"0":"post-437686","1":"product","2":"type-product","3":"status-publish","4":"has-post-thumbnail","6":"pwb-brand-microtecnologia","7":"product_cat-cuchillos-de-tiro","8":"product_cat-cuchillos","10":"first","11":"instock","12":"taxable","13":"shipping-taxable","14":"purchasable","15":"product-type-simple"},"brands":[{"id":3752,"name":"microtecnolog\u00eda","slug":"microtecnologia"}],"_links":{"self":[{"href":"https:\/\/www.moskito.cz\/es\/wp-json\/wp\/v2\/product\/437686","targetHints":{"allow":["GET"]}}],"collection":[{"href":"https:\/\/www.moskito.cz\/es\/wp-json\/wp\/v2\/product"}],"about":[{"href":"https:\/\/www.moskito.cz\/es\/wp-json\/wp\/v2\/types\/product"}],"replies":[{"embeddable":true,"href":"https:\/\/www.moskito.cz\/es\/wp-json\/wp\/v2\/comments?post=437686"}],"wp:featuredmedia":[{"embeddable":true,"href":"https:\/\/www.moskito.cz\/es\/wp-json\/wp\/v2\/media\/437498"}],"wp:attachment":[{"href":"https:\/\/www.moskito.cz\/es\/wp-json\/wp\/v2\/media?parent=437686"}],"wp:term":[{"taxonomy":"pwb-brand","embeddable":true,"href":"https:\/\/www.moskito.cz\/es\/wp-json\/wp\/v2\/pwb-brand?post=437686"},{"taxonomy":"product_brand","embeddable":true,"href":"https:\/\/www.moskito.cz\/es\/wp-json\/wp\/v2\/product_brand?post=437686"},{"taxonomy":"product_cat","embeddable":true,"href":"https:\/\/www.moskito.cz\/es\/wp-json\/wp\/v2\/product_cat?post=437686"},{"taxonomy":"product_tag","embeddable":true,"href":"https:\/\/www.moskito.cz\/es\/wp-json\/wp\/v2\/product_tag?post=437686"}],"curies":[{"name":"wp","href":"https:\/\/api.w.org\/{rel}","templated":true}]}}