{"id":437690,"date":"2026-02-16T14:51:55","date_gmt":"2026-02-16T13:51:55","guid":{"rendered":"https:\/\/www.moskito.cz\/produkt\/cuchillo-de-expulsion-microtech-combat-troodon-gen-iii-1143-2ta\/"},"modified":"2026-02-16T18:31:25","modified_gmt":"2026-02-16T17:31:25","slug":"cuchillo-de-expulsion-microtech-combat-troodon-gen-iii-1143-2ta","status":"publish","type":"product","link":"https:\/\/www.moskito.cz\/es\/produkt\/cuchillo-de-expulsion-microtech-combat-troodon-gen-iii-1143-2ta\/","title":{"rendered":"Cuchillo de Expulsi\u00f3n Microtech Combat Troodon Gen III 1143-2TA"},"content":{"rendered":"<p data-start=\"0\" data-end=\"84\"><strong data-start=\"0\" data-end=\"84\">Microtech Auto Combat Troodon S\/E Gen III 1143-2TA &#8211; Aluminio Marr\u00f3n \/ Punta Ca\u00edda<\/strong><\/p>\n<p data-start=\"86\" data-end=\"417\">En cuanto cojas la <strong data-start=\"109\" data-end=\"163\">Microtech Auto Combat Troodon S\/E Gen III 1143-2TA<\/strong>, sentir\u00e1s inmediatamente la potencia y el car\u00e1cter t\u00e1ctico robusto que caracterizan a este ic\u00f3nico modelo OTF. Esta variante combina un mango de aluminio marr\u00f3n con una hoja de precisi\u00f3n de punta abatible que proporciona un rendimiento completo para tareas t\u00e1cticas y para llevar a diario. <\/p>\n<p data-start=\"419\" data-end=\"532\">Dise\u00f1ado por Anthony (Tony) Marfion y fabricado y montado completamente en <span class=\"hover:entity-accent entity-underline inline cursor-pointer align-baseline\"><span class=\"whitespace-normal\">EE.UU.<\/span><\/span> \ud83c\uddfa\ud83c\uddf8.<\/p>\n<p data-start=\"534\" data-end=\"562\">\ud83d\udd25 <strong data-start=\"537\" data-end=\"562\">Car\u00e1cter y filosof\u00eda<\/strong><\/p>\n<p data-start=\"564\" data-end=\"779\">Combat Troodon es sin\u00f3nimo de rendimiento y fiabilidad en cuchillos autom\u00e1ticos. La versi\u00f3n S\/E (Single Edge) Gen III est\u00e1 dise\u00f1ada para un corte suave con una potencia positiva, una hoja resistente y una r\u00e1pida accesibilidad a la hoja con un solo movimiento. <\/p>\n<p data-start=\"781\" data-end=\"1032\">El deslizador lateral empotrado garantiza un manejo natural e intuitivo, tanto si deslizas la hoja hacia fuera en una acci\u00f3n r\u00e1pida como si la vuelves a deslizar con seguridad dentro del cuerpo de la empu\u00f1adura. El mecanismo se ha ajustado para que sea din\u00e1mico, pero controlable y de funcionamiento seguro. <\/p>\n<p data-start=\"1034\" data-end=\"1050\">\ud83c\udfed <strong data-start=\"1037\" data-end=\"1050\">Sobre el productor<\/strong><\/p>\n<p data-start=\"1052\" data-end=\"1162\"><span class=\"hover:entity-accent entity-underline inline cursor-pointer align-baseline\"><span class=\"whitespace-normal\">Cuchillos Microtech<\/span><\/span> es uno de los fabricantes de cuchillos t\u00e1cticos y OTF m\u00e1s respetados del mundo, con:<\/p>\n<ul data-start=\"1164\" data-end=\"1292\">\n<li data-start=\"1164\" data-end=\"1191\">\n<p data-start=\"1166\" data-end=\"1191\">Mecanizado CNC de precisi\u00f3n<\/p>\n<\/li>\n<li data-start=\"1192\" data-end=\"1230\">\n<p data-start=\"1194\" data-end=\"1230\">Mecanismos internos patentados<\/p>\n<\/li>\n<li data-start=\"1231\" data-end=\"1262\">\n<p data-start=\"1233\" data-end=\"1262\">Control de calidad coherente<\/p>\n<\/li>\n<li data-start=\"1263\" data-end=\"1292\">\n<p data-start=\"1265\" data-end=\"1292\">Fuerte enfoque en la innovaci\u00f3n<\/p>\n<\/li>\n<\/ul>\n<p data-start=\"1294\" data-end=\"1395\">Cada pieza se fabrica y ensambla a mano en EE.UU. bajo la direcci\u00f3n de <strong data-start=\"1353\" data-end=\"1394\"><span class=\"hover:entity-accent entity-underline inline cursor-pointer align-baseline\"><span class=\"whitespace-normal\">Anthony Marfione<\/span><\/span><\/strong>.<\/p>\n<p data-start=\"1397\" data-end=\"1427\">\ud83d\udde1\ufe0f <strong data-start=\"1401\" data-end=\"1427\">Hoja &#8211; Punta ca\u00edda S\/E<\/strong><\/p>\n<p data-start=\"1429\" data-end=\"1516\">La hoja de punta ca\u00edda proporciona un perfil vers\u00e1til, fuerte y polivalente, ideal para:<\/p>\n<ul data-start=\"1518\" data-end=\"1577\">\n<li data-start=\"1518\" data-end=\"1539\">\n<p data-start=\"1520\" data-end=\"1539\">cortes controlados<\/p>\n<\/li>\n<li data-start=\"1540\" data-end=\"1556\">\n<p data-start=\"1542\" data-end=\"1556\">tareas puntuales<\/p>\n<\/li>\n<li data-start=\"1557\" data-end=\"1577\">\n<p data-start=\"1559\" data-end=\"1577\">uso diario<\/p>\n<\/li>\n<\/ul>\n<p data-start=\"1579\" data-end=\"1785\">La hoja de filo \u00fanico (S\/E) es suave, agresiva y optimizada para un rendimiento sin compromisos innecesarios. El perfil de punta ca\u00edda distribuye uniformemente la fuerza a lo largo de toda la hoja, aumentando la estabilidad y resistencia de la punta. <\/p>\n<p data-start=\"1787\" data-end=\"1886\">El acabado <strong data-start=\"1809\" data-end=\"1830\">lavado a la piedra\/mate<\/strong> reduce los reflejos y disimula los peque\u00f1os ara\u00f1azos del uso.<\/p>\n<p data-start=\"1888\" data-end=\"1924\"><strong data-start=\"1891\" data-end=\"1924\">Acero \ud83d\udd2c &#8211; Acero de corte de primera calidad<\/strong><\/p>\n<p data-start=\"1926\" data-end=\"1967\">El modelo utiliza acero inoxidable de primera calidad con:<\/p>\n<ul data-start=\"1969\" data-end=\"2063\">\n<li data-start=\"1969\" data-end=\"1994\">\n<p data-start=\"1971\" data-end=\"1994\">alta retenci\u00f3n de la hoja<\/p>\n<\/li>\n<li data-start=\"1995\" data-end=\"2034\">\n<p data-start=\"1997\" data-end=\"2034\">excelente resistencia al desgaste<\/p>\n<\/li>\n<li data-start=\"2035\" data-end=\"2063\">\n<p data-start=\"2037\" data-end=\"2063\">buena resistencia a la corrosi\u00f3n<\/p>\n<\/li>\n<\/ul>\n<p data-start=\"2065\" data-end=\"2180\">Estos materiales son habituales en los modelos Microtech de gama alta y proporcionan un rendimiento duradero sin necesidad de intervenciones frecuentes para afilarlos.<\/p>\n<p data-start=\"2182\" data-end=\"2222\">\ud83e\udde9 E <strong data-start=\"2185\" data-end=\"2222\">mpu\u00f1adura &#8211; Aluminio anodizado marr\u00f3n<\/strong><\/p>\n<p data-start=\"2224\" data-end=\"2407\">El mango es de aluminio 6061-T6 anodizado con un acabado marr\u00f3n de aspecto profesional y elegante. La superficie texturizada aumenta el agarre y la comodidad general durante el manejo. <\/p>\n<ul data-start=\"2409\" data-end=\"2589\">\n<li data-start=\"2409\" data-end=\"2450\">\n<p data-start=\"2411\" data-end=\"2450\">Textura antideslizante fresada CNC en 3D<\/p>\n<\/li>\n<li data-start=\"2451\" data-end=\"2479\">\n<p data-start=\"2453\" data-end=\"2479\">Deslizador lateral empotrado<\/p>\n<\/li>\n<li data-start=\"2480\" data-end=\"2536\">\n<p data-start=\"2482\" data-end=\"2536\">Cargador ambidiestro (derecha\/izquierda, punta hacia abajo)<\/p>\n<\/li>\n<li data-start=\"2537\" data-end=\"2589\">\n<p data-start=\"2539\" data-end=\"2589\">Construcci\u00f3n robusta adecuada para un uso frecuente<\/p>\n<\/li>\n<\/ul>\n<p data-start=\"2591\" data-end=\"2683\">El color marr\u00f3n confiere al cuchillo su car\u00e1cter original y, al mismo tiempo, disimula mejor los peque\u00f1os signos de desgaste.<\/p>\n<p data-start=\"2685\" data-end=\"2726\">\u2699\ufe0f <strong data-start=\"2688\" data-end=\"2726\">Especificaciones t\u00e9cnicas (indicativas)<\/strong><\/p>\n<p data-start=\"2728\" data-end=\"2777\"><em data-start=\"2728\" data-end=\"2777\">Los par\u00e1metros pueden variar seg\u00fan la serie concreta.<\/em><\/p>\n<div class=\"TyagGW_tableContainer\">\n<div class=\"group TyagGW_tableWrapper flex flex-col-reverse w-fit\" tabindex=\"-1\">\n<table class=\"w-fit min-w-(--thread-content-width)\" data-start=\"2779\" data-end=\"3325\">\n<thead data-start=\"2779\" data-end=\"2797\">\n<tr data-start=\"2779\" data-end=\"2797\">\n<th class=\"\" data-start=\"2779\" data-end=\"2788\" data-col-size=\"sm\">Par\u00e1metro<\/th>\n<th class=\"\" data-start=\"2788\" data-end=\"2797\" data-col-size=\"sm\">Valor<\/th>\n<\/tr>\n<\/thead>\n<tbody data-start=\"2808\" data-end=\"3325\">\n<tr data-start=\"2808\" data-end=\"2847\">\n<td data-start=\"2808\" data-end=\"2814\" data-col-size=\"sm\">Modelo<\/td>\n<td data-start=\"2814\" data-end=\"2847\" data-col-size=\"sm\">Auto Combat Troodon S\/E Gen III<\/td>\n<\/tr>\n<tr data-start=\"2848\" data-end=\"2875\">\n<td data-start=\"2848\" data-end=\"2865\" data-col-size=\"sm\">N\u00famero del producto<\/td>\n<td data-start=\"2865\" data-end=\"2875\" data-col-size=\"sm\">1143-2TA<\/td>\n<\/tr>\n<tr data-start=\"2876\" data-end=\"2908\">\n<td data-start=\"2876\" data-end=\"2890\" data-col-size=\"sm\">Longitud total<\/td>\n<td data-col-size=\"sm\" data-start=\"2890\" data-end=\"2908\">aprox. 230-240 mm<\/td>\n<\/tr>\n<tr data-start=\"2909\" data-end=\"2939\">\n<td data-start=\"2909\" data-end=\"2922\" data-col-size=\"sm\">Longitud de la hoja<\/td>\n<td data-start=\"2922\" data-end=\"2939\" data-col-size=\"sm\">aprox. 95-100 mm<\/td>\n<\/tr>\n<tr data-start=\"2940\" data-end=\"2974\">\n<td data-start=\"2940\" data-end=\"2956\" data-col-size=\"sm\">Grosor de la hoja<\/td>\n<td data-col-size=\"sm\" data-start=\"2956\" data-end=\"2974\">aprox. 3,0-3,6 mm<\/td>\n<\/tr>\n<tr data-start=\"2975\" data-end=\"3008\">\n<td data-start=\"2975\" data-end=\"2990\" data-col-size=\"sm\">Longitud del mango<\/td>\n<td data-start=\"2990\" data-end=\"3008\" data-col-size=\"sm\">aprox. 135-140 mm<\/td>\n<\/tr>\n<tr data-start=\"3009\" data-end=\"3035\">\n<td data-start=\"3009\" data-end=\"3018\" data-col-size=\"sm\">Peso<\/td>\n<td data-col-size=\"sm\" data-start=\"3018\" data-end=\"3035\">aprox. 150-160 g<\/td>\n<\/tr>\n<tr data-start=\"3036\" data-end=\"3065\">\n<td data-start=\"3036\" data-end=\"3046\" data-col-size=\"sm\">Tipo de hoja<\/td>\n<td data-start=\"3046\" data-end=\"3065\" data-col-size=\"sm\">Punta ca\u00edda, S\/E<\/td>\n<\/tr>\n<tr data-start=\"3066\" data-end=\"3100\">\n<td data-start=\"3066\" data-end=\"3080\" data-col-size=\"sm\">Superficie de la hoja<\/td>\n<td data-col-size=\"sm\" data-start=\"3080\" data-end=\"3100\">Encalada\/Mate<\/td>\n<\/tr>\n<tr data-start=\"3101\" data-end=\"3137\">\n<td data-start=\"3101\" data-end=\"3119\" data-col-size=\"sm\">Material del mango<\/td>\n<td data-start=\"3119\" data-end=\"3137\" data-col-size=\"sm\">Aluminio 6061-T6<\/td>\n<\/tr>\n<tr data-start=\"3138\" data-end=\"3162\">\n<td data-start=\"3138\" data-end=\"3153\" data-col-size=\"sm\">Color del asa<\/td>\n<td data-start=\"3153\" data-end=\"3162\" data-col-size=\"sm\">Marr\u00f3n<\/td>\n<\/tr>\n<tr data-start=\"3163\" data-end=\"3199\">\n<td data-start=\"3163\" data-end=\"3175\" data-col-size=\"sm\">Mecanismo<\/td>\n<td data-start=\"3175\" data-end=\"3199\" data-col-size=\"sm\">D\/A OTF &#8211; Bloqueo de la corredera<\/td>\n<\/tr>\n<tr data-start=\"3200\" data-end=\"3240\">\n<td data-start=\"3200\" data-end=\"3210\" data-col-size=\"sm\">Apertura<\/td>\n<td data-start=\"3210\" data-end=\"3240\" data-col-size=\"sm\">Corredera lateral autom\u00e1tica<\/td>\n<\/tr>\n<tr data-start=\"3241\" data-end=\"3275\">\n<td data-start=\"3241\" data-end=\"3246\" data-col-size=\"sm\">Clip<\/td>\n<td data-start=\"3246\" data-end=\"3275\" data-col-size=\"sm\">Ambidiestro, para portar en profundidad<\/td>\n<\/tr>\n<tr data-start=\"3276\" data-end=\"3305\">\n<td data-start=\"3276\" data-end=\"3285\" data-col-size=\"sm\">Dise\u00f1ador<\/td>\n<td data-start=\"3285\" data-end=\"3305\" data-col-size=\"sm\">Anthony Marfione<\/td>\n<\/tr>\n<tr data-start=\"3306\" data-end=\"3325\">\n<td data-start=\"3306\" data-end=\"3318\" data-col-size=\"sm\">Pa\u00eds de origen<\/td>\n<td data-start=\"3318\" data-end=\"3325\" data-col-size=\"sm\">EE.UU.<\/td>\n<\/tr>\n<\/tbody>\n<\/table>\n<\/div>\n<\/div>\n<p data-start=\"3327\" data-end=\"3346\">\u2705 <strong data-start=\"3329\" data-end=\"3346\">Beneficios principales<\/strong><\/p>\n<ul data-start=\"3348\" data-end=\"3544\">\n<li data-start=\"3348\" data-end=\"3387\">\n<p data-start=\"3350\" data-end=\"3387\">Mecanismo OTF r\u00e1pido y fiable<\/p>\n<\/li>\n<li data-start=\"3388\" data-end=\"3420\">\n<p data-start=\"3390\" data-end=\"3420\">Hoja universal de punta abatible<\/p>\n<\/li>\n<li data-start=\"3421\" data-end=\"3478\">\n<p data-start=\"3423\" data-end=\"3478\">Dise\u00f1o robusto adecuado para uso t\u00e1ctico y EDC<\/p>\n<\/li>\n<li data-start=\"3479\" data-end=\"3506\">\n<p data-start=\"3481\" data-end=\"3506\">Acabado duradero<\/p>\n<\/li>\n<li data-start=\"3507\" data-end=\"3544\">\n<p data-start=\"3509\" data-end=\"3544\">Empu\u00f1adura ergon\u00f3mica y texturizada<\/p>\n<\/li>\n<\/ul>\n<p data-start=\"3546\" data-end=\"3566\">\u26a0\ufe0f <strong data-start=\"3549\" data-end=\"3566\">Posibles restricciones<\/strong><\/p>\n<ul data-start=\"3568\" data-end=\"3730\">\n<li data-start=\"3568\" data-end=\"3621\">\n<p data-start=\"3570\" data-end=\"3621\">Nivel de precios m\u00e1s alto correspondiente a una navaja premium<\/p>\n<\/li>\n<li data-start=\"3622\" data-end=\"3674\">\n<p data-start=\"3624\" data-end=\"3674\">El tama\u00f1o m\u00e1s grande no es ideal para un EDC muy ligero<\/p>\n<\/li>\n<li data-start=\"3675\" data-end=\"3730\">\n<p data-start=\"3677\" data-end=\"3730\">El mecanismo autom\u00e1tico requiere un mantenimiento regular<\/p>\n<\/li>\n<\/ul>\n<p data-start=\"3732\" data-end=\"3753\">\ud83d\udee0\ufe0f <strong data-start=\"3736\" data-end=\"3753\">Mantenimiento y cuidado<\/strong><\/p>\n<ul data-start=\"3755\" data-end=\"3944\">\n<li data-start=\"3755\" data-end=\"3792\">\n<p data-start=\"3757\" data-end=\"3792\">Limpia y seca la cuchilla despu\u00e9s de usarla<\/p>\n<\/li>\n<li data-start=\"3793\" data-end=\"3835\">\n<p data-start=\"3795\" data-end=\"3835\">Mant\u00e9n el mango seco y libre de suciedad<\/p>\n<\/li>\n<li data-start=\"3836\" data-end=\"3883\">\n<p data-start=\"3838\" data-end=\"3883\">Comprueba y limpia regularmente el mecanismo<\/p>\n<\/li>\n<li data-start=\"3884\" data-end=\"3944\">\n<p data-start=\"3886\" data-end=\"3944\">Lubrica ligeramente la cuchilla con aceite protector para guardarla durante m\u00e1s tiempo<\/p>\n<\/li>\n<\/ul>\n<p data-start=\"3946\" data-end=\"4013\">Un cuidado regular garantiza la fiabilidad a largo plazo y el m\u00e1ximo rendimiento.<\/p>\n<p data-start=\"4015\" data-end=\"4036\">\ud83c\udfaf <strong data-start=\"4018\" data-end=\"4036\">Recomendado para<\/strong><\/p>\n<ul data-start=\"4038\" data-end=\"4179\">\n<li data-start=\"4038\" data-end=\"4063\">\n<p data-start=\"4040\" data-end=\"4063\">Profesionales t\u00e1cticos<\/p>\n<\/li>\n<li data-start=\"4064\" data-end=\"4089\">\n<p data-start=\"4066\" data-end=\"4089\">Usuarios exigentes de EDC<\/p>\n<\/li>\n<li data-start=\"4090\" data-end=\"4125\">\n<p data-start=\"4092\" data-end=\"4125\">Coleccionistas de modelos OTF premium<\/p>\n<\/li>\n<li data-start=\"4126\" data-end=\"4179\">\n<p data-start=\"4128\" data-end=\"4179\">Usuarios que prefieren una herramienta potente y vers\u00e1til<\/p>\n<\/li>\n<\/ul>\n<p data-start=\"4181\" data-end=\"4206\">\u2b50 <strong data-start=\"4183\" data-end=\"4206\">Calificaci\u00f3n final<\/strong><\/p>\n<p data-start=\"4208\" data-end=\"4512\">La <strong data-start=\"4208\" data-end=\"4262\">Microtech Auto Combat Troodon S\/E Gen III 1143-2TA<\/strong> es una navaja autom\u00e1tica OTF potente, fiable y vers\u00e1til, con un marcado car\u00e1cter t\u00e1ctico. La combinaci\u00f3n de construcci\u00f3n robusta, mecanismo r\u00e1pido y vers\u00e1til hoja de punta ca\u00edda la convierte en una gran elecci\u00f3n para quienes desean rendimiento y estilo sin concesiones \ud83d\udd2a\ud83d\udd25. <\/p>\n","protected":false},"excerpt":{"rendered":"<p><strong>La Microtech Auto Combat Troodon S\/E Gen III 1143-2TA es una navaja autom\u00e1tica OTF potente, fiable y vers\u00e1til, con un marcado car\u00e1cter t\u00e1ctico. La combinaci\u00f3n de construcci\u00f3n robusta, mecanismo r\u00e1pido y vers\u00e1til hoja de punta ca\u00edda la convierte en una gran elecci\u00f3n para quienes desean rendimiento y estilo sin concesiones \ud83d\udd2a\ud83d\udd25. <\/strong><\/p>\n<p><strong>Env\u00edo gratis.<\/strong><\/p>\n","protected":false},"featured_media":437481,"comment_status":"open","ping_status":"closed","template":"","meta":[],"pwb-brand":[3752],"product_brand":[],"product_cat":[3729,3726],"product_tag":[],"class_list":{"0":"post-437690","1":"product","2":"type-product","3":"status-publish","4":"has-post-thumbnail","6":"pwb-brand-microtecnologia","7":"product_cat-cuchillos-de-tiro","8":"product_cat-cuchillos","10":"first","11":"instock","12":"taxable","13":"shipping-taxable","14":"purchasable","15":"product-type-simple"},"brands":[{"id":3752,"name":"microtecnolog\u00eda","slug":"microtecnologia"}],"_links":{"self":[{"href":"https:\/\/www.moskito.cz\/es\/wp-json\/wp\/v2\/product\/437690","targetHints":{"allow":["GET"]}}],"collection":[{"href":"https:\/\/www.moskito.cz\/es\/wp-json\/wp\/v2\/product"}],"about":[{"href":"https:\/\/www.moskito.cz\/es\/wp-json\/wp\/v2\/types\/product"}],"replies":[{"embeddable":true,"href":"https:\/\/www.moskito.cz\/es\/wp-json\/wp\/v2\/comments?post=437690"}],"wp:featuredmedia":[{"embeddable":true,"href":"https:\/\/www.moskito.cz\/es\/wp-json\/wp\/v2\/media\/437481"}],"wp:attachment":[{"href":"https:\/\/www.moskito.cz\/es\/wp-json\/wp\/v2\/media?parent=437690"}],"wp:term":[{"taxonomy":"pwb-brand","embeddable":true,"href":"https:\/\/www.moskito.cz\/es\/wp-json\/wp\/v2\/pwb-brand?post=437690"},{"taxonomy":"product_brand","embeddable":true,"href":"https:\/\/www.moskito.cz\/es\/wp-json\/wp\/v2\/product_brand?post=437690"},{"taxonomy":"product_cat","embeddable":true,"href":"https:\/\/www.moskito.cz\/es\/wp-json\/wp\/v2\/product_cat?post=437690"},{"taxonomy":"product_tag","embeddable":true,"href":"https:\/\/www.moskito.cz\/es\/wp-json\/wp\/v2\/product_tag?post=437690"}],"curies":[{"name":"wp","href":"https:\/\/api.w.org\/{rel}","templated":true}]}}