{"id":437817,"date":"2026-02-17T15:16:44","date_gmt":"2026-02-17T14:16:44","guid":{"rendered":"https:\/\/www.moskito.cz\/?post_type=product&#038;p=437817"},"modified":"2026-02-17T15:16:45","modified_gmt":"2026-02-17T14:16:45","slug":"vystrelovaci-nuz-l-u-d-t-gen-iii-apocalyptic-1135-10appu","status":"publish","type":"product","link":"https:\/\/www.moskito.cz\/es\/produkt\/vystrelovaci-nuz-l-u-d-t-gen-iii-apocalyptic-1135-10appu\/","title":{"rendered":"Vyst\u0159elovac\u00ed N\u016f\u017e L.U.D.T. GEN III APOCALYPTIC 1135-10APPU"},"content":{"rendered":"<p data-start=\"0\" data-end=\"349\">Jakmile vezme\u0161 do ruky L.U.D.T. Gen III Apocalyptic 1135-10APPU, okam\u017eit\u011b poc\u00edt\u00ed\u0161 precizn\u00ed zpracov\u00e1n\u00ed, siln\u00fd pru\u017einov\u00fd chod a d\u016fraz na absolutn\u00ed funk\u010dnost. Tento model pat\u0159\u00ed mezi ikonick\u00e9 automatick\u00e9 no\u017ee od americk\u00e9 zna\u010dky <span class=\"hover:entity-accent entity-underline inline cursor-pointer align-baseline\"><span class=\"whitespace-normal\">Microtech Knives<\/span><\/span> a p\u0159edstavuje modernizovanou verzi legend\u00e1rn\u00ed \u0159ady navr\u017een\u00e9 pro profesion\u00e1ln\u00ed nasazen\u00ed.<\/p>\n<p data-start=\"351\" data-end=\"378\">Vyrobeno a sestaveno v USA.<\/p>\n<p data-start=\"380\" data-end=\"404\">\ud83d\udd25 Charakter a filozofie<\/p>\n<p data-start=\"406\" data-end=\"645\">Aktualizovan\u00fd L.U.D.T. Gen III si zachov\u00e1v\u00e1 ikonickou estetiku sv\u00e9ho p\u0159edch\u016fdce, ale p\u0159in\u00e1\u0161\u00ed z\u00e1sadn\u00ed konstruk\u010dn\u00ed vylep\u0161en\u00ed. P\u0159epracovan\u00e9 t\u011blo je vybaveno protiskluzov\u00fdmi 3M vlo\u017ekami a kuli\u010dkov\u00fdmi lo\u017eisky pro je\u0161t\u011b hlad\u0161\u00ed chod p\u0159i otev\u0159en\u00ed.<\/p>\n<p data-start=\"647\" data-end=\"899\">Model vyu\u017e\u00edv\u00e1 siln\u00fd pru\u017einov\u00fd automatick\u00fd mechanismus, kter\u00fd je navr\u017een tak, aby spolehliv\u011b fungoval nejen ve vzduchu, ale i ve vodn\u00edm prost\u0159ed\u00ed. S\u00edla pru\u017einy je optimalizov\u00e1na pro odpor vody, co\u017e je vlastnost, kter\u00e1 je u no\u017e\u016f t\u00e9to velikosti v\u00fdjime\u010dn\u00e1.<\/p>\n<p data-start=\"901\" data-end=\"1080\">Nov\u00e1 konstrukce ji\u017e nepou\u017e\u00edv\u00e1 patentovan\u00e9 \u0161rouby, tak\u017ee servis lze prov\u00e1d\u011bt b\u011b\u017en\u00fdmi kl\u00ed\u010di Torx. \u010cepel si zachov\u00e1v\u00e1 kompaktn\u00ed d\u00e9lku 89 mm, co\u017e zaji\u0161\u0165uje v\u00fdborn\u00fd komfort p\u0159i no\u0161en\u00ed.<\/p>\n<p data-start=\"1082\" data-end=\"1231\">Tento model nen\u00ed jen n\u00e1stroj \u2014 je v\u00fdsledkem dlouhodob\u00e9ho v\u00fdvoje zam\u011b\u0159en\u00e9ho na maxim\u00e1ln\u00ed spolehlivost, odolnost a funk\u010dnost i v extr\u00e9mn\u00edch podm\u00ednk\u00e1ch.<\/p>\n<p data-start=\"1233\" data-end=\"1245\">\ud83c\udfed O v\u00fdrobci<\/p>\n<p data-start=\"1247\" data-end=\"1377\">Microtech je americk\u00e1 zna\u010dka zalo\u017een\u00e1 v roce 1994 design\u00e9rem <span class=\"hover:entity-accent entity-underline inline cursor-pointer align-baseline\"><span class=\"whitespace-normal\">Tony Marfione<\/span><\/span>. Mezi jej\u00ed typick\u00e9 znaky pat\u0159\u00ed:<\/p>\n<p data-start=\"1379\" data-end=\"1517\">Specializace na automatick\u00e9 no\u017ee<br data-start=\"1411\" data-end=\"1414\" \/>Precizn\u00ed CNC v\u00fdroba<br data-start=\"1433\" data-end=\"1436\" \/>D\u016fraz na mechanickou spolehlivost<br data-start=\"1469\" data-end=\"1472\" \/>Pou\u017eit\u00ed pr\u00e9miov\u00fdch materi\u00e1l\u016f<br data-start=\"1500\" data-end=\"1503\" \/>V\u00fdroba v USA<\/p>\n<p data-start=\"1519\" data-end=\"1742\">\u0158ada L.U.D.T. (Large Underwater Demolition Team) byla inspirov\u00e1na jednotkami UDT a pat\u0159\u00ed mezi nejd\u00e9le vyr\u00e1b\u011bn\u00e9 modely zna\u010dky. D\u00edky sv\u00e9 robustnosti a spolehlivosti si z\u00edskala respekt profesion\u00e1ln\u00edch u\u017eivatel\u016f po cel\u00e9m sv\u011bt\u011b.<\/p>\n<p data-start=\"1744\" data-end=\"1770\">\ud83d\udde1\ufe0f \u010cepel \u2013 Drop Point S\/E<\/p>\n<p data-start=\"1772\" data-end=\"1897\">\u010cepel typu Drop Point s jednostrann\u00fdm ost\u0159\u00edm (Single Edge) je navr\u017eena pro maxim\u00e1ln\u00ed kontrolu a univerz\u00e1ln\u00ed pracovn\u00ed pou\u017eit\u00ed.<\/p>\n<p data-start=\"1899\" data-end=\"1916\">Profil poskytuje:<\/p>\n<p data-start=\"1918\" data-end=\"2056\">v\u00fdbornou kontrolu nad hrotem<br data-start=\"1946\" data-end=\"1949\" \/>dlouhou \u0159eznou hranu d\u00edky v\u00fdrazn\u00e9mu b\u0159ichu<br data-start=\"1991\" data-end=\"1994\" \/>pevn\u00fd a odoln\u00fd hrot<br data-start=\"2013\" data-end=\"2016\" \/>kombinaci vysok\u00e9 \u0159ezivosti a odolnosti<\/p>\n<p data-start=\"2058\" data-end=\"2222\">\u010cepel je strojn\u011b brou\u0161en\u00e1, m\u00e1 pod\u00e9ln\u00e9 v\u00fdztu\u017en\u00e9 dr\u00e1\u017eky a vysok\u00fd ploch\u00fd v\u00fdbrus. Povrchov\u00e1 \u00faprava Apocalyptic minimalizuje odlesky a zvy\u0161uje odolnost proti opot\u0159eben\u00ed.<\/p>\n<p data-start=\"2224\" data-end=\"2277\">Horn\u00ed jimping zaji\u0161\u0165uje jistou oporu palce p\u0159i pr\u00e1ci.<\/p>\n<p data-start=\"2279\" data-end=\"2302\">\ud83d\udd2c Ocel \u2013 B\u00f6hler M390MK<\/p>\n<p data-start=\"2304\" data-end=\"2421\">M390MK je exkluzivn\u00ed pr\u00e1\u0161kov\u00e1 nerezov\u00e1 ocel vyvinut\u00e1 ve spolupr\u00e1ci Microtech a B\u00f6hler speci\u00e1ln\u011b pro no\u017ee t\u00e9to zna\u010dky.<\/p>\n<p data-start=\"2423\" data-end=\"2439\">Charakteristika:<\/p>\n<p data-start=\"2441\" data-end=\"2601\">extr\u00e9mn\u011b dlouh\u00e1 v\u00fddr\u017e ost\u0159\u00ed<br data-start=\"2468\" data-end=\"2471\" \/>vysok\u00e1 odolnost proti opot\u0159eben\u00ed<br data-start=\"2503\" data-end=\"2506\" \/>vynikaj\u00edc\u00ed odolnost proti korozi<br data-start=\"2538\" data-end=\"2541\" \/>vysok\u00e1 stabilita p\u0159i zat\u00ed\u017een\u00ed<br data-start=\"2570\" data-end=\"2573\" \/>minim\u00e1ln\u00ed n\u00e1roky na \u00fadr\u017ebu<\/p>\n<p data-start=\"2603\" data-end=\"2741\">Ocel s vysok\u00fdm obsahem chromu a vanadu pat\u0159\u00ed mezi \u0161pi\u010dku modern\u00edch no\u017e\u00ed\u0159sk\u00fdch materi\u00e1l\u016f a je srovnateln\u00e1 s ocelemi CPM 20CV nebo CTS\u2011204P.<\/p>\n<p data-start=\"2743\" data-end=\"2798\">\ud83e\udde9 Rukoje\u0165 \u2013 Fialov\u00fd hlin\u00edk 6061\u2011T6 \/ 3M Traction Inlay<\/p>\n<p data-start=\"2800\" data-end=\"2919\">Rukoje\u0165 je p\u0159esn\u011b obr\u00e1b\u011bn\u00e1 z leteck\u00e9ho hlin\u00edku a dopln\u011bn\u00e1 speci\u00e1ln\u00edmi 3M trak\u010dn\u00edmi vlo\u017ekami s texturou brusn\u00e9ho pap\u00edru.<\/p>\n<p data-start=\"2921\" data-end=\"2932\">Vlastnosti:<\/p>\n<p data-start=\"2934\" data-end=\"3104\">n\u00edzk\u00e1 hmotnost a vysok\u00e1 pevnost<br data-start=\"2965\" data-end=\"2968\" \/>maxim\u00e1ln\u011b jist\u00fd \u00fachop i v n\u00e1ro\u010dn\u00fdch podm\u00ednk\u00e1ch<br data-start=\"3014\" data-end=\"3017\" \/>ergonomick\u00fd profil pro kontrolu p\u0159i pr\u00e1ci<br data-start=\"3058\" data-end=\"3061\" \/>robustn\u00ed backspacer pro tuhost konstrukce<\/p>\n<p data-start=\"3106\" data-end=\"3195\">Klip je pevn\u00fd, pravostrann\u00fd v konfiguraci tip\u2011down. Na konci rukojeti je otvor pro \u0161\u0148\u016fru.<\/p>\n<p data-start=\"3197\" data-end=\"3818\">\u2699\ufe0f Technick\u00e9 specifikace<br data-start=\"3221\" data-end=\"3224\" \/>Parametr Hodnota<br data-start=\"3240\" data-end=\"3243\" \/>Model L.U.D.T. Gen III S\/E Apocalyptic<br data-start=\"3281\" data-end=\"3284\" \/>Produktov\u00e9 \u010d\u00edslo 1135-10APPU<br data-start=\"3312\" data-end=\"3315\" \/>Celkov\u00e1 d\u00e9lka cca 203 mm<br data-start=\"3339\" data-end=\"3342\" \/>D\u00e9lka \u010depele cca 88,9 mm<br data-start=\"3366\" data-end=\"3369\" \/>Tlou\u0161\u0165ka \u010depele cca 3,3 mm<br data-start=\"3395\" data-end=\"3398\" \/>D\u00e9lka rukojeti cca 114 mm<br data-start=\"3423\" data-end=\"3426\" \/>Tlou\u0161\u0165ka rukojeti cca 13,5 mm<br data-start=\"3455\" data-end=\"3458\" \/>Hmotnost cca 102 g<br data-start=\"3476\" data-end=\"3479\" \/>Materi\u00e1l \u010depele B\u00f6hler M390MK<br data-start=\"3508\" data-end=\"3511\" \/>Typ \u010depele Drop Point \/ Single Edge<br data-start=\"3546\" data-end=\"3549\" \/>Brou\u0161en\u00ed Ploch\u00fd v\u00fdbrus<br data-start=\"3571\" data-end=\"3574\" \/>Povrch \u010depele Apocalyptic<br data-start=\"3599\" data-end=\"3602\" \/>Materi\u00e1l rukojeti Hlin\u00edk 6061\u2011T6 + 3M Inlay<br data-start=\"3645\" data-end=\"3648\" \/>Barva rukojeti Purple \/ Black<br data-start=\"3677\" data-end=\"3680\" \/>Mechanismus Automatick\u00fd \u2013 tla\u010d\u00edtko<br data-start=\"3714\" data-end=\"3717\" \/>Z\u00e1mek Button Lock<br data-start=\"3734\" data-end=\"3737\" \/>Otev\u00edr\u00e1n\u00ed Pru\u017einov\u00e9, kuli\u010dkov\u00e1 lo\u017eiska<br data-start=\"3775\" data-end=\"3778\" \/>Klip Prav\u00fd, tip\u2011down<br data-start=\"3798\" data-end=\"3801\" \/>Zem\u011b p\u016fvodu USA<\/p>\n<p data-start=\"3820\" data-end=\"3835\">\u2705 Hlavn\u00ed v\u00fdhody<\/p>\n<p data-start=\"3837\" data-end=\"4050\">Modernizovan\u00e1 konstrukce Gen III<br data-start=\"3869\" data-end=\"3872\" \/>Siln\u00fd automatick\u00fd mechanismus funk\u010dn\u00ed i ve vod\u011b<br data-start=\"3919\" data-end=\"3922\" \/>Pr\u00e9miov\u00e1 ocel s extr\u00e9mn\u00ed v\u00fddr\u017e\u00ed ost\u0159\u00ed<br data-start=\"3959\" data-end=\"3962\" \/>Protiskluzov\u00e9 3M vlo\u017eky pro maxim\u00e1ln\u00ed kontrolu<br data-start=\"4008\" data-end=\"4011\" \/>Mo\u017enost servisu b\u011b\u017en\u00fdmi Torx n\u00e1stroji<\/p>\n<p data-start=\"4052\" data-end=\"4068\">\u26a0\ufe0f Mo\u017en\u00e1 omezen\u00ed<\/p>\n<p data-start=\"4070\" data-end=\"4219\">Automatick\u00fd mechanismus vy\u017eaduje pravidelnou \u00fadr\u017ebu<br data-start=\"4121\" data-end=\"4124\" \/>Kompaktn\u00ed velikost nen\u00ed ur\u010dena pro t\u011b\u017ek\u00e9 p\u00e1\u010den\u00ed<br data-start=\"4171\" data-end=\"4174\" \/>Jednopolohov\u00fd klip nemus\u00ed vyhovovat ka\u017ed\u00e9mu<\/p>\n<p data-start=\"4221\" data-end=\"4238\">\ud83d\udee0\ufe0f \u00dadr\u017eba a p\u00e9\u010de<\/p>\n<p data-start=\"4240\" data-end=\"4271\">Po pou\u017eit\u00ed \u010depel o\u010disti a osu\u0161i<\/p>\n<p data-start=\"4273\" data-end=\"4320\">Mechanismus udr\u017euj \u010dist\u00fd a pravideln\u011b lehce ma\u017e<\/p>\n<p data-start=\"4322\" data-end=\"4386\">Rukoje\u0165 udr\u017euj bez ne\u010distot, aby z\u016fstala zachov\u00e1na trakce vlo\u017eek<\/p>\n<p data-start=\"4388\" data-end=\"4509\">Na brou\u0161en\u00ed ost\u0159\u00ed doporu\u010dujeme kvalitn\u00ed brusn\u00fd syst\u00e9m vhodn\u00fd pro pr\u00e1\u0161kov\u00e9 oceli. \ud83d\uded2 Koup\u00ed\u0161 na na\u0161ich str\u00e1nk\u00e1ch Moskito.cz<\/p>\n<p data-start=\"4511\" data-end=\"4578\">Pravideln\u00e1 p\u00e9\u010de zajist\u00ed maxim\u00e1ln\u00ed spolehlivost a dlouhou \u017eivotnost.<\/p>\n<p data-start=\"4580\" data-end=\"4597\">\ud83c\udfaf Doporu\u010deno pro<\/p>\n<p data-start=\"4599\" data-end=\"4708\">Ka\u017edodenn\u00ed no\u0161en\u00ed (EDC)<br data-start=\"4622\" data-end=\"4625\" \/>N\u00e1ro\u010dn\u00e9 pracovn\u00ed pou\u017eit\u00ed<br data-start=\"4649\" data-end=\"4652\" \/>Profesion\u00e1ln\u00ed u\u017eivatele<br data-start=\"4675\" data-end=\"4678\" \/>Sb\u011bratele automatick\u00fdch no\u017e\u016f<\/p>\n<p data-start=\"4710\" data-end=\"4731\">\u2b50 Z\u00e1v\u011bre\u010dn\u00e9 hodnocen\u00ed<\/p>\n<p data-start=\"4733\" data-end=\"4971\" data-is-last-node=\"\" data-is-only-node=\"\">L.U.D.T. Gen III Apocalyptic 1135-10APPU spojuje legend\u00e1rn\u00ed spolehlivost, modernizovanou konstrukci a \u0161pi\u010dkov\u00e9 materi\u00e1ly. Kompaktn\u00ed, extr\u00e9mn\u011b odoln\u00fd a p\u0159ipraven\u00fd na jakoukoli v\u00fdzvu \u2014 p\u0159esn\u011b tak m\u00e1 vypadat profesion\u00e1ln\u00ed pracovn\u00ed automat \ud83d\udd2a<\/p>\n","protected":false},"excerpt":{"rendered":"<p><strong>L.U.D.T. Gen III Apocalyptic 1135-10APPU spojuje kompaktn\u00ed rozm\u011bry, rychl\u00fd automatick\u00fd mechanismus a \u0161pi\u010dkov\u00e9 materi\u00e1ly. Je to praktick\u00fd pracovn\u00ed n\u016f\u017e navr\u017een\u00fd pro spolehlivost p\u0159i ka\u017edodenn\u00edm pou\u017eit\u00ed \ud83d\udd2a<\/strong><\/p>\n<p><strong>Doprava zdarma.<\/strong><\/p>\n","protected":false},"featured_media":437818,"comment_status":"open","ping_status":"closed","template":"","meta":[],"pwb-brand":[431],"product_brand":[],"product_cat":[2019,17],"product_tag":[],"class_list":{"0":"post-437817","1":"product","2":"type-product","3":"status-publish","4":"has-post-thumbnail","6":"pwb-brand-microtech","7":"product_cat-vystrelovaci-noze","8":"product_cat-noze","10":"first","11":"instock","12":"taxable","13":"shipping-taxable","14":"purchasable","15":"product-type-simple"},"brands":[{"id":431,"name":"Microtech","slug":"microtech"}],"_links":{"self":[{"href":"https:\/\/www.moskito.cz\/es\/wp-json\/wp\/v2\/product\/437817","targetHints":{"allow":["GET"]}}],"collection":[{"href":"https:\/\/www.moskito.cz\/es\/wp-json\/wp\/v2\/product"}],"about":[{"href":"https:\/\/www.moskito.cz\/es\/wp-json\/wp\/v2\/types\/product"}],"replies":[{"embeddable":true,"href":"https:\/\/www.moskito.cz\/es\/wp-json\/wp\/v2\/comments?post=437817"}],"wp:featuredmedia":[{"embeddable":true,"href":"https:\/\/www.moskito.cz\/es\/wp-json\/wp\/v2\/media\/437818"}],"wp:attachment":[{"href":"https:\/\/www.moskito.cz\/es\/wp-json\/wp\/v2\/media?parent=437817"}],"wp:term":[{"taxonomy":"pwb-brand","embeddable":true,"href":"https:\/\/www.moskito.cz\/es\/wp-json\/wp\/v2\/pwb-brand?post=437817"},{"taxonomy":"product_brand","embeddable":true,"href":"https:\/\/www.moskito.cz\/es\/wp-json\/wp\/v2\/product_brand?post=437817"},{"taxonomy":"product_cat","embeddable":true,"href":"https:\/\/www.moskito.cz\/es\/wp-json\/wp\/v2\/product_cat?post=437817"},{"taxonomy":"product_tag","embeddable":true,"href":"https:\/\/www.moskito.cz\/es\/wp-json\/wp\/v2\/product_tag?post=437817"}],"curies":[{"name":"wp","href":"https:\/\/api.w.org\/{rel}","templated":true}]}}