{"id":438166,"date":"2026-02-18T15:42:19","date_gmt":"2026-02-18T14:42:19","guid":{"rendered":"https:\/\/www.moskito.cz\/?post_type=product&#038;p=438166"},"modified":"2026-02-19T11:54:18","modified_gmt":"2026-02-19T10:54:18","slug":"vystrelovaci-nuz-microtech-microtech-combat-troodon-gen-iii-interceptor-1217-1ods","status":"publish","type":"product","link":"https:\/\/www.moskito.cz\/es\/produkt\/vystrelovaci-nuz-microtech-microtech-combat-troodon-gen-iii-interceptor-1217-1ods\/","title":{"rendered":"Vyst\u0159elovac\u00ed N\u016f\u017e Microtech Microtech Combat Troodon Gen III Interceptor 1217-1ODS"},"content":{"rendered":"<h3 data-start=\"0\" data-end=\"81\"><strong data-start=\"4\" data-end=\"81\">Vyst\u0159elovac\u00ed N\u016f\u017e Microtech Combat Troodon Gen III Interceptor \u2013 1217\u20111ODS<\/strong><\/h3>\n<p data-start=\"83\" data-end=\"445\">Jakmile vezme\u0161 do ruky <strong data-start=\"106\" data-end=\"164\">Microtech Combat Troodon Gen III Interceptor 1217\u20111ODS<\/strong>, okam\u017eit\u011b poc\u00edt\u00ed\u0161 extr\u00e9mn\u00ed robustnost, siln\u00fd chod mechanismu a nekompromisn\u00ed taktick\u00fd charakter. Tento model pat\u0159\u00ed mezi nejv\u00fdkonn\u011bj\u0161\u00ed automatick\u00e9 OTF no\u017ee od americk\u00e9 zna\u010dky <span class=\"hover:entity-accent entity-underline inline cursor-pointer align-baseline\"><span class=\"whitespace-normal\">Microtech Knives<\/span><\/span> a je navr\u017een pro profesion\u00e1ln\u00ed pou\u017eit\u00ed v nejn\u00e1ro\u010dn\u011bj\u0161\u00edch podm\u00ednk\u00e1ch.<\/p>\n<p data-start=\"447\" data-end=\"474\">Vyrobeno a sestaveno v USA.<\/p>\n<p data-start=\"476\" data-end=\"504\">\ud83d\udd25 <strong data-start=\"479\" data-end=\"504\">Charakter a filozofie<\/strong><\/p>\n<p data-start=\"506\" data-end=\"666\">Combat Troodon Gen III Interceptor je velk\u00fd taktick\u00fd OTF n\u016f\u017e ur\u010den\u00fd pro u\u017eivatele, kte\u0159\u00ed vy\u017eaduj\u00ed maxim\u00e1ln\u00ed spolehlivost, s\u00edlu mechanismu a odolnost konstrukce.<\/p>\n<p data-start=\"668\" data-end=\"877\">Model vyu\u017e\u00edv\u00e1 dvoj\u010dinn\u00fd vyst\u0159elovac\u00ed mechanismus (Double\u2011Action OTF), kter\u00fd umo\u017e\u0148uje vysunut\u00ed i zasunut\u00ed \u010depele jedn\u00edm ovl\u00e1dac\u00edm prvkem. Ovl\u00e1d\u00e1n\u00ed je rychl\u00e9, jist\u00e9 a navr\u017eeno pro spolehliv\u00fd chod i v rukavic\u00edch.<\/p>\n<p data-start=\"879\" data-end=\"1034\">Generace III p\u0159in\u00e1\u0161\u00ed konstruk\u010dn\u00ed vylep\u0161en\u00ed mechanismu, vy\u0161\u0161\u00ed pevnost vnit\u0159n\u00edch komponent a je\u0161t\u011b lep\u0161\u00ed ergonomii rukojeti pro maxim\u00e1ln\u00ed kontrolu p\u0159i pr\u00e1ci.<\/p>\n<p data-start=\"1036\" data-end=\"1052\">\ud83c\udfed <strong data-start=\"1039\" data-end=\"1052\">O v\u00fdrobci<\/strong><\/p>\n<p data-start=\"1054\" data-end=\"1184\">Microtech je americk\u00e1 zna\u010dka zalo\u017een\u00e1 v roce 1994 design\u00e9rem <span class=\"hover:entity-accent entity-underline inline cursor-pointer align-baseline\"><span class=\"whitespace-normal\">Tony Marfione<\/span><\/span>. Mezi jej\u00ed typick\u00e9 znaky pat\u0159\u00ed:<\/p>\n<ul data-start=\"1186\" data-end=\"1340\">\n<li data-start=\"1186\" data-end=\"1228\">\n<p data-start=\"1188\" data-end=\"1228\">Specializace na automatick\u00e9 a OTF no\u017ee<\/p>\n<\/li>\n<li data-start=\"1229\" data-end=\"1252\">\n<p data-start=\"1231\" data-end=\"1252\">Precizn\u00ed CNC v\u00fdroba<\/p>\n<\/li>\n<li data-start=\"1253\" data-end=\"1290\">\n<p data-start=\"1255\" data-end=\"1290\">D\u016fraz na mechanickou spolehlivost<\/p>\n<\/li>\n<li data-start=\"1291\" data-end=\"1323\">\n<p data-start=\"1293\" data-end=\"1323\">Pou\u017eit\u00ed pr\u00e9miov\u00fdch materi\u00e1l\u016f<\/p>\n<\/li>\n<li data-start=\"1324\" data-end=\"1340\">\n<p data-start=\"1326\" data-end=\"1340\">V\u00fdroba v USA<\/p>\n<\/li>\n<\/ul>\n<p data-start=\"1342\" data-end=\"1432\">\u0158ada Combat Troodon pat\u0159\u00ed mezi vlajkov\u00e9 modely zna\u010dky a je zn\u00e1m\u00e1 svoj\u00ed extr\u00e9mn\u00ed odolnost\u00ed.<\/p>\n<p data-start=\"1434\" data-end=\"1472\">\ud83d\udde1\ufe0f <strong data-start=\"1438\" data-end=\"1472\">\u010cepel \u2013 Apocalyptic Drop Point<\/strong><\/p>\n<p data-start=\"1474\" data-end=\"1611\">\u010cepel typu <strong data-start=\"1485\" data-end=\"1499\">Drop Point<\/strong> je navr\u017eena pro univerz\u00e1ln\u00ed pracovn\u00ed vyu\u017eit\u00ed se siln\u00fdm d\u016frazem na pevnost, kontrolu \u0159ezu a v\u0161estrann\u00e9 nasazen\u00ed.<\/p>\n<p data-start=\"1613\" data-end=\"1630\">Profil poskytuje:<\/p>\n<ul data-start=\"1632\" data-end=\"1749\">\n<li data-start=\"1632\" data-end=\"1668\">\n<p data-start=\"1634\" data-end=\"1668\">v\u00fdrazn\u00e9 b\u0159icho pro efektivn\u00ed \u0159ez<\/p>\n<\/li>\n<li data-start=\"1669\" data-end=\"1692\">\n<p data-start=\"1671\" data-end=\"1692\">pevn\u00fd a odoln\u00fd hrot<\/p>\n<\/li>\n<li data-start=\"1693\" data-end=\"1716\">\n<p data-start=\"1695\" data-end=\"1716\">v\u00fdbornou pr\u016fraznost<\/p>\n<\/li>\n<li data-start=\"1717\" data-end=\"1749\">\n<p data-start=\"1719\" data-end=\"1749\">univerz\u00e1ln\u00ed pracovn\u00ed vyu\u017eit\u00ed<\/p>\n<\/li>\n<\/ul>\n<p data-start=\"1751\" data-end=\"1876\">Povrchov\u00e1 \u00faprava <strong data-start=\"1768\" data-end=\"1783\">Apocalyptic<\/strong> minimalizuje odlesky a zvy\u0161uje odolnost \u010depele proti opot\u0159eben\u00ed i p\u0159i intenzivn\u00edm pou\u017e\u00edv\u00e1n\u00ed.<\/p>\n<p data-start=\"1878\" data-end=\"1905\">\ud83d\udd2c <strong data-start=\"1881\" data-end=\"1905\">Ocel \u2013 B\u00f6hler M390MK<\/strong><\/p>\n<p data-start=\"1907\" data-end=\"2022\">M390MK je pr\u00e9miov\u00e1 pr\u00e1\u0161kov\u00e1 nerezov\u00e1 ocel, kter\u00e1 pat\u0159\u00ed mezi jedny z nejv\u00fdkonn\u011bj\u0161\u00edch modern\u00edch no\u017e\u00ed\u0159sk\u00fdch materi\u00e1l\u016f.<\/p>\n<p data-start=\"2024\" data-end=\"2049\">Tvrdost cca <strong data-start=\"2036\" data-end=\"2049\">60\u201362 HRC<\/strong><\/p>\n<p data-start=\"2051\" data-end=\"2067\">Charakteristika:<\/p>\n<ul data-start=\"2069\" data-end=\"2239\">\n<li data-start=\"2069\" data-end=\"2096\">\n<p data-start=\"2071\" data-end=\"2096\">vynikaj\u00edc\u00ed dr\u017een\u00ed ost\u0159\u00ed<\/p>\n<\/li>\n<li data-start=\"2097\" data-end=\"2129\">\n<p data-start=\"2099\" data-end=\"2129\">vysok\u00e1 odolnost proti korozi<\/p>\n<\/li>\n<li data-start=\"2130\" data-end=\"2168\">\n<p data-start=\"2132\" data-end=\"2168\">extr\u00e9mn\u00ed odolnost proti opot\u0159eben\u00ed<\/p>\n<\/li>\n<li data-start=\"2169\" data-end=\"2199\">\n<p data-start=\"2171\" data-end=\"2199\">dlouhodob\u00e1 stabilita ost\u0159\u00ed<\/p>\n<\/li>\n<li data-start=\"2200\" data-end=\"2239\">\n<p data-start=\"2202\" data-end=\"2239\">vhodn\u00e1 pro n\u00e1ro\u010dn\u00e9 pracovn\u00ed pou\u017eit\u00ed<\/p>\n<\/li>\n<\/ul>\n<p data-start=\"2241\" data-end=\"2287\">\ud83d\udd29 <strong data-start=\"2244\" data-end=\"2287\">Rukoje\u0165 \u2013 Olivov\u011b Zelen\u00fd Hlin\u00edk 6061\u2011T6<\/strong><\/p>\n<p data-start=\"2289\" data-end=\"2381\">Rukoje\u0165 je vyrobena z anodizovan\u00e9ho leteck\u00e9ho hlin\u00edku s vysokou pevnost\u00ed a n\u00edzkou hmotnost\u00ed.<\/p>\n<p data-start=\"2383\" data-end=\"2394\">Vlastnosti:<\/p>\n<ul data-start=\"2396\" data-end=\"2544\">\n<li data-start=\"2396\" data-end=\"2426\">\n<p data-start=\"2398\" data-end=\"2426\">vysok\u00e1 mechanick\u00e1 odolnost<\/p>\n<\/li>\n<li data-start=\"2427\" data-end=\"2465\">\n<p data-start=\"2429\" data-end=\"2465\">ergonomick\u00fd profil pro jist\u00fd \u00fachop<\/p>\n<\/li>\n<li data-start=\"2466\" data-end=\"2504\">\n<p data-start=\"2468\" data-end=\"2504\">trak\u010dn\u00ed textura pro lep\u0161\u00ed kontrolu<\/p>\n<\/li>\n<li data-start=\"2505\" data-end=\"2544\">\n<p data-start=\"2507\" data-end=\"2544\">odolnost v\u016f\u010di vlhkosti i opot\u0159eben\u00ed<\/p>\n<\/li>\n<\/ul>\n<p data-start=\"2546\" data-end=\"2597\">Reverzibiln\u00ed kapesn\u00ed klip umo\u017e\u0148uje pohodln\u00e9 no\u0161en\u00ed.<\/p>\n<p data-start=\"2599\" data-end=\"2629\">\u2699\ufe0f <strong data-start=\"2602\" data-end=\"2627\">Technick\u00e9 specifikace<\/strong><\/p>\n<div class=\"TyagGW_tableContainer\">\n<div class=\"group TyagGW_tableWrapper flex flex-col-reverse w-fit\" tabindex=\"-1\">\n<table class=\"w-fit min-w-(--thread-content-width)\" data-start=\"2630\" data-end=\"3181\">\n<thead data-start=\"2630\" data-end=\"2650\">\n<tr data-start=\"2630\" data-end=\"2650\">\n<th class=\"\" data-start=\"2630\" data-end=\"2639\" data-col-size=\"sm\">Parametr<\/th>\n<th class=\"\" data-start=\"2639\" data-end=\"2650\" data-col-size=\"sm\">Hodnota<\/th>\n<\/tr>\n<\/thead>\n<tbody data-start=\"2661\" data-end=\"3181\">\n<tr data-start=\"2661\" data-end=\"2705\">\n<td data-start=\"2661\" data-end=\"2667\" data-col-size=\"sm\">Model<\/td>\n<td data-col-size=\"sm\" data-start=\"2667\" data-end=\"2705\">Combat Troodon Gen III Interceptor<\/td>\n<\/tr>\n<tr data-start=\"2706\" data-end=\"2736\">\n<td data-start=\"2706\" data-end=\"2723\" data-col-size=\"sm\">Produktov\u00e9 \u010d\u00edslo<\/td>\n<td data-col-size=\"sm\" data-start=\"2723\" data-end=\"2736\">1217\u20111ODS<\/td>\n<\/tr>\n<tr data-start=\"2737\" data-end=\"2765\">\n<td data-start=\"2737\" data-end=\"2751\" data-col-size=\"sm\">Celkov\u00e1 d\u00e9lka<\/td>\n<td data-col-size=\"sm\" data-start=\"2751\" data-end=\"2765\">cca 245 mm<\/td>\n<\/tr>\n<tr data-start=\"2766\" data-end=\"2792\">\n<td data-start=\"2766\" data-end=\"2779\" data-col-size=\"sm\">D\u00e9lka \u010depele<\/td>\n<td data-col-size=\"sm\" data-start=\"2779\" data-end=\"2792\">cca 102 mm<\/td>\n<\/tr>\n<tr data-start=\"2793\" data-end=\"2821\">\n<td data-start=\"2793\" data-end=\"2809\" data-col-size=\"sm\">Tlou\u0161\u0165ka \u010depele<\/td>\n<td data-col-size=\"sm\" data-start=\"2809\" data-end=\"2821\">cca 4 mm<\/td>\n<\/tr>\n<tr data-start=\"2822\" data-end=\"2851\">\n<td data-start=\"2822\" data-end=\"2837\" data-col-size=\"sm\">D\u00e9lka rukojeti<\/td>\n<td data-col-size=\"sm\" data-start=\"2837\" data-end=\"2851\">cca 148 mm<\/td>\n<\/tr>\n<tr data-start=\"2852\" data-end=\"2874\">\n<td data-start=\"2852\" data-end=\"2861\" data-col-size=\"sm\">Hmotnost<\/td>\n<td data-col-size=\"sm\" data-start=\"2861\" data-end=\"2874\">cca 165 g<\/td>\n<\/tr>\n<tr data-start=\"2875\" data-end=\"2908\">\n<td data-start=\"2875\" data-end=\"2891\" data-col-size=\"sm\">Materi\u00e1l \u010depele<\/td>\n<td data-col-size=\"sm\" data-start=\"2891\" data-end=\"2908\">B\u00f6hler M390MK<\/td>\n<\/tr>\n<tr data-start=\"2909\" data-end=\"2934\">\n<td data-start=\"2909\" data-end=\"2917\" data-col-size=\"sm\">Tvrdost<\/td>\n<td data-col-size=\"sm\" data-start=\"2917\" data-end=\"2934\">cca 60\u201362 HRC<\/td>\n<\/tr>\n<tr data-start=\"2935\" data-end=\"2960\">\n<td data-start=\"2935\" data-end=\"2946\" data-col-size=\"sm\">Typ \u010depele<\/td>\n<td data-col-size=\"sm\" data-start=\"2946\" data-end=\"2960\">Drop Point<\/td>\n<\/tr>\n<tr data-start=\"2961\" data-end=\"2990\">\n<td data-start=\"2961\" data-end=\"2975\" data-col-size=\"sm\">Povrch \u010depele<\/td>\n<td data-col-size=\"sm\" data-start=\"2975\" data-end=\"2990\">Apocalyptic<\/td>\n<\/tr>\n<tr data-start=\"2991\" data-end=\"3027\">\n<td data-start=\"2991\" data-end=\"3009\" data-col-size=\"sm\">Materi\u00e1l rukojeti<\/td>\n<td data-col-size=\"sm\" data-start=\"3009\" data-end=\"3027\">Hlin\u00edk 6061\u2011T6<\/td>\n<\/tr>\n<tr data-start=\"3028\" data-end=\"3065\">\n<td data-start=\"3028\" data-end=\"3043\" data-col-size=\"sm\">Barva rukojeti<\/td>\n<td data-col-size=\"sm\" data-start=\"3043\" data-end=\"3065\">OD Green (olivov\u00e1)<\/td>\n<\/tr>\n<tr data-start=\"3066\" data-end=\"3109\">\n<td data-start=\"3066\" data-end=\"3078\" data-col-size=\"sm\">Mechanismus<\/td>\n<td data-col-size=\"sm\" data-start=\"3078\" data-end=\"3109\">Double\u2011Action OTF Automatic<\/td>\n<\/tr>\n<tr data-start=\"3110\" data-end=\"3139\">\n<td data-start=\"3110\" data-end=\"3120\" data-col-size=\"sm\">Otev\u00edr\u00e1n\u00ed<\/td>\n<td data-col-size=\"sm\" data-start=\"3120\" data-end=\"3139\">Posuvn\u00fd ovlada\u010d<\/td>\n<\/tr>\n<tr data-start=\"3140\" data-end=\"3161\">\n<td data-start=\"3140\" data-end=\"3145\" data-col-size=\"sm\">Klip<\/td>\n<td data-col-size=\"sm\" data-start=\"3145\" data-end=\"3161\">Reverzibiln\u00ed<\/td>\n<\/tr>\n<tr data-start=\"3162\" data-end=\"3181\">\n<td data-start=\"3162\" data-end=\"3174\" data-col-size=\"sm\">Zem\u011b p\u016fvodu<\/td>\n<td data-col-size=\"sm\" data-start=\"3174\" data-end=\"3181\">USA<\/td>\n<\/tr>\n<\/tbody>\n<\/table>\n<\/div>\n<\/div>\n<p data-start=\"3183\" data-end=\"3202\">\u2705 <strong data-start=\"3185\" data-end=\"3202\">Hlavn\u00ed v\u00fdhody<\/strong><\/p>\n<ul data-start=\"3204\" data-end=\"3379\">\n<li data-start=\"3204\" data-end=\"3236\">\n<p data-start=\"3206\" data-end=\"3236\">Extr\u00e9mn\u011b robustn\u00ed konstrukce<\/p>\n<\/li>\n<li data-start=\"3237\" data-end=\"3275\">\n<p data-start=\"3239\" data-end=\"3275\">Siln\u00fd a spolehliv\u00fd OTF mechanismus<\/p>\n<\/li>\n<li data-start=\"3276\" data-end=\"3316\">\n<p data-start=\"3278\" data-end=\"3316\">Pr\u00e9miov\u00e1 ocel s dlouhou v\u00fddr\u017e\u00ed ost\u0159\u00ed<\/p>\n<\/li>\n<li data-start=\"3317\" data-end=\"3347\">\n<p data-start=\"3319\" data-end=\"3347\">V\u00fdborn\u00e1 ergonomie rukojeti<\/p>\n<\/li>\n<li data-start=\"3348\" data-end=\"3379\">\n<p data-start=\"3350\" data-end=\"3379\">Universaln\u00ed taktick\u00fd design<\/p>\n<\/li>\n<\/ul>\n<p data-start=\"3381\" data-end=\"3401\">\u26a0\ufe0f <strong data-start=\"3384\" data-end=\"3401\">Mo\u017en\u00e1 omezen\u00ed<\/strong><\/p>\n<ul data-start=\"3403\" data-end=\"3538\">\n<li data-start=\"3403\" data-end=\"3453\">\n<p data-start=\"3405\" data-end=\"3453\">V\u011bt\u0161\u00ed rozm\u011bry nejsou ide\u00e1ln\u00ed pro nen\u00e1padn\u00e9 EDC<\/p>\n<\/li>\n<li data-start=\"3454\" data-end=\"3494\">\n<p data-start=\"3456\" data-end=\"3494\">Vy\u0161\u0161\u00ed hmotnost oproti men\u0161\u00edm model\u016fm<\/p>\n<\/li>\n<li data-start=\"3495\" data-end=\"3538\">\n<p data-start=\"3497\" data-end=\"3538\">Mechanismus vy\u017eaduje pravidelnou \u00fadr\u017ebu<\/p>\n<\/li>\n<\/ul>\n<p data-start=\"3540\" data-end=\"3561\">\ud83d\udee0\ufe0f <strong data-start=\"3544\" data-end=\"3561\">\u00dadr\u017eba a p\u00e9\u010de<\/strong><\/p>\n<p data-start=\"3563\" data-end=\"3701\">Po pou\u017eit\u00ed \u010depel o\u010disti a osu\u0161i.<br data-start=\"3595\" data-end=\"3598\" \/>Mechanismus udr\u017euj \u010dist\u00fd a pravideln\u011b lehce ma\u017e vhodn\u00fdm olejem.<br data-start=\"3661\" data-end=\"3664\" \/>Rukoje\u0165 udr\u017euj suchou a bez ne\u010distot.<\/p>\n<p data-start=\"3703\" data-end=\"4011\">Pro brou\u0161en\u00ed doporu\u010dujeme <strong data-start=\"3729\" data-end=\"3795\">Spyderco Tri\u2011Angle Sharpmaker Complete Sharpening System 204MF<\/strong> od zna\u010dky <span class=\"hover:entity-accent entity-underline inline cursor-pointer align-baseline\"><span class=\"whitespace-normal\">Spyderco<\/span><\/span>, kter\u00fd je vhodn\u00fd pro p\u0159esn\u00e9 a \u0161etrn\u00e9 ost\u0159en\u00ed pr\u00e9miov\u00fdch ocel\u00ed. Tento brusn\u00fd syst\u00e9m zakoup\u00ed\u0161 na str\u00e1nk\u00e1ch <span class=\"hover:entity-accent entity-underline inline cursor-pointer align-baseline\"><span class=\"whitespace-normal\">Moskito.cz<\/span><\/span> \u2192 <a class=\"decorated-link\" href=\"https:\/\/www.moskito.cz\" target=\"_new\" rel=\"noopener\" data-start=\"3989\" data-end=\"4011\">https:\/\/www.moskito.cz<\/a><\/p>\n<p data-start=\"4013\" data-end=\"4080\">Pravideln\u00e1 p\u00e9\u010de zajist\u00ed dlouhodobou spolehlivost a maxim\u00e1ln\u00ed v\u00fdkon.<\/p>\n<p data-start=\"4082\" data-end=\"4103\">\ud83c\udfaf <strong data-start=\"4085\" data-end=\"4103\">Doporu\u010deno pro<\/strong><\/p>\n<ul data-start=\"4105\" data-end=\"4227\">\n<li data-start=\"4105\" data-end=\"4125\">\n<p data-start=\"4107\" data-end=\"4125\">Taktick\u00e9 pou\u017eit\u00ed<\/p>\n<\/li>\n<li data-start=\"4126\" data-end=\"4155\">\n<p data-start=\"4128\" data-end=\"4155\">N\u00e1ro\u010dn\u00e9 pracovn\u00ed nasazen\u00ed<\/p>\n<\/li>\n<li data-start=\"4156\" data-end=\"4183\">\n<p data-start=\"4158\" data-end=\"4183\">Profesion\u00e1ln\u00ed u\u017eivatele<\/p>\n<\/li>\n<li data-start=\"4184\" data-end=\"4227\">\n<p data-start=\"4186\" data-end=\"4227\">Sb\u011bratele pr\u00e9miov\u00fdch automatick\u00fdch no\u017e\u016f<\/p>\n<\/li>\n<\/ul>\n<p data-start=\"4229\" data-end=\"4254\">\u2b50 <strong data-start=\"4231\" data-end=\"4254\">Z\u00e1v\u011bre\u010dn\u00e9 hodnocen\u00ed<\/strong><\/p>\n<p data-start=\"4256\" data-end=\"4522\" data-is-last-node=\"\" data-is-only-node=\"\">Vyst\u0159elovac\u00ed n\u016f\u017e <strong data-start=\"4273\" data-end=\"4331\">Microtech Combat Troodon Gen III Interceptor 1217\u20111ODS<\/strong> spojuje extr\u00e9mn\u00ed odolnost, spolehliv\u00fd automatick\u00fd mechanismus a prvot\u0159\u00eddn\u00ed materi\u00e1ly. Je to profesion\u00e1ln\u00ed taktick\u00fd n\u00e1stroj navr\u017een\u00fd pro maxim\u00e1ln\u00ed v\u00fdkon i v t\u011bch nejn\u00e1ro\u010dn\u011bj\u0161\u00edch podm\u00ednk\u00e1ch \ud83d\udd2a<\/p>\n","protected":false},"excerpt":{"rendered":"<p><strong>Vyst\u0159elovac\u00ed n\u016f\u017e Microtech Combat Troodon Gen III Interceptor 1217\u20111ODS spojuje extr\u00e9mn\u00ed odolnost, spolehliv\u00fd automatick\u00fd mechanismus a prvot\u0159\u00eddn\u00ed materi\u00e1ly. Je to profesion\u00e1ln\u00ed taktick\u00fd n\u00e1stroj navr\u017een\u00fd pro maxim\u00e1ln\u00ed v\u00fdkon i v t\u011bch nejn\u00e1ro\u010dn\u011bj\u0161\u00edch podm\u00ednk\u00e1ch \ud83d\udd2a<\/strong><\/p>\n<p><strong>Doprava zdarma.<\/strong><\/p>\n","protected":false},"featured_media":438167,"comment_status":"open","ping_status":"closed","template":"","meta":[],"pwb-brand":[431],"product_brand":[],"product_cat":[2019,17],"product_tag":[],"class_list":{"0":"post-438166","1":"product","2":"type-product","3":"status-publish","4":"has-post-thumbnail","6":"pwb-brand-microtech","7":"product_cat-vystrelovaci-noze","8":"product_cat-noze","10":"first","11":"instock","12":"taxable","13":"shipping-taxable","14":"purchasable","15":"product-type-simple"},"brands":[{"id":431,"name":"Microtech","slug":"microtech"}],"_links":{"self":[{"href":"https:\/\/www.moskito.cz\/es\/wp-json\/wp\/v2\/product\/438166","targetHints":{"allow":["GET"]}}],"collection":[{"href":"https:\/\/www.moskito.cz\/es\/wp-json\/wp\/v2\/product"}],"about":[{"href":"https:\/\/www.moskito.cz\/es\/wp-json\/wp\/v2\/types\/product"}],"replies":[{"embeddable":true,"href":"https:\/\/www.moskito.cz\/es\/wp-json\/wp\/v2\/comments?post=438166"}],"wp:featuredmedia":[{"embeddable":true,"href":"https:\/\/www.moskito.cz\/es\/wp-json\/wp\/v2\/media\/438167"}],"wp:attachment":[{"href":"https:\/\/www.moskito.cz\/es\/wp-json\/wp\/v2\/media?parent=438166"}],"wp:term":[{"taxonomy":"pwb-brand","embeddable":true,"href":"https:\/\/www.moskito.cz\/es\/wp-json\/wp\/v2\/pwb-brand?post=438166"},{"taxonomy":"product_brand","embeddable":true,"href":"https:\/\/www.moskito.cz\/es\/wp-json\/wp\/v2\/product_brand?post=438166"},{"taxonomy":"product_cat","embeddable":true,"href":"https:\/\/www.moskito.cz\/es\/wp-json\/wp\/v2\/product_cat?post=438166"},{"taxonomy":"product_tag","embeddable":true,"href":"https:\/\/www.moskito.cz\/es\/wp-json\/wp\/v2\/product_tag?post=438166"}],"curies":[{"name":"wp","href":"https:\/\/api.w.org\/{rel}","templated":true}]}}