{"id":438265,"date":"2026-02-18T16:16:18","date_gmt":"2026-02-18T15:16:18","guid":{"rendered":"https:\/\/www.moskito.cz\/?post_type=product&#038;p=438265"},"modified":"2026-02-18T16:16:19","modified_gmt":"2026-02-18T15:16:19","slug":"vystrelovaci-nuz-microtech-combat-troodon-iii-1144-11apod","status":"publish","type":"product","link":"https:\/\/www.moskito.cz\/es\/produkt\/vystrelovaci-nuz-microtech-combat-troodon-iii-1144-11apod\/","title":{"rendered":"Vyst\u0159elovac\u00ed N\u016f\u017e Microtech Combat Troodon III 1144-11APOD"},"content":{"rendered":"<h3 data-start=\"0\" data-end=\"120\"><strong data-start=\"4\" data-end=\"120\">Vyst\u0159elovac\u00ed N\u016f\u017e Microtech Auto Combat Troodon T\/E Gen III \u2013 1144\u201111APOD \u2013 OTF Olivov\u00fd \u2013 M390MK \u2013 Hlin\u00edk \u2013 Tanto<\/strong><\/h3>\n<p data-start=\"122\" data-end=\"492\">Jakmile vezme\u0161 do ruky <strong data-start=\"145\" data-end=\"202\">Microtech Auto Combat Troodon T\/E Gen III 1144\u201111APOD<\/strong>, okam\u017eit\u011b poc\u00edt\u00ed\u0161 extr\u00e9mn\u00ed robustnost, siln\u00fd a hladk\u00fd chod mechanismu a nekompromisn\u00ed taktick\u00fd charakter. Tento model pat\u0159\u00ed mezi nejv\u00fdkonn\u011bj\u0161\u00ed automatick\u00e9 OTF no\u017ee od americk\u00e9 zna\u010dky <span class=\"hover:entity-accent entity-underline inline cursor-pointer align-baseline\"><span class=\"whitespace-normal\">Microtech Knives<\/span><\/span> a je navr\u017een pro profesion\u00e1ln\u00ed pou\u017eit\u00ed ve v\u0161ech n\u00e1ro\u010dn\u00fdch situac\u00edch.<\/p>\n<p data-start=\"494\" data-end=\"521\">Vyrobeno a sestaveno v USA.<\/p>\n<p data-start=\"523\" data-end=\"551\">\ud83d\udd25 <strong data-start=\"526\" data-end=\"551\">Charakter a filozofie<\/strong><\/p>\n<p data-start=\"553\" data-end=\"720\">Auto Combat Troodon T\/E Gen III je velk\u00fd taktick\u00fd OTF n\u016f\u017e ur\u010den\u00fd pro u\u017eivatele, kte\u0159\u00ed vy\u017eaduj\u00ed maxim\u00e1ln\u00ed spolehlivost, rychlou odezvu mechanismu a odolnost konstrukce.<\/p>\n<p data-start=\"722\" data-end=\"942\">Model vyu\u017e\u00edv\u00e1 dvoj\u010dinn\u00fd vyst\u0159elovac\u00ed mechanismus (Double\u2011Action OTF), kter\u00fd umo\u017e\u0148uje okam\u017eit\u00e9 vysunut\u00ed i zasunut\u00ed \u010depele pomoc\u00ed posuvn\u00e9ho ovlada\u010de. Ovl\u00e1d\u00e1n\u00ed je rychl\u00e9, jist\u00e9 a navr\u017eeno pro spolehliv\u00fd chod i v rukavic\u00edch.<\/p>\n<p data-start=\"944\" data-end=\"1103\">Generace III p\u0159in\u00e1\u0161\u00ed konstruk\u010dn\u00ed vylep\u0161en\u00ed mechanismu, vy\u0161\u0161\u00ed pevnost vnit\u0159n\u00edch komponent a optimalizovanou ergonomii rukojeti pro maxim\u00e1ln\u00ed kontrolu p\u0159i pr\u00e1ci.<\/p>\n<p data-start=\"1105\" data-end=\"1121\">\ud83c\udfed <strong data-start=\"1108\" data-end=\"1121\">O v\u00fdrobci<\/strong><\/p>\n<p data-start=\"1123\" data-end=\"1253\">Microtech je americk\u00e1 zna\u010dka zalo\u017een\u00e1 v roce 1994 design\u00e9rem <span class=\"hover:entity-accent entity-underline inline cursor-pointer align-baseline\"><span class=\"whitespace-normal\">Tony Marfione<\/span><\/span>. Mezi jej\u00ed typick\u00e9 znaky pat\u0159\u00ed:<\/p>\n<ul data-start=\"1255\" data-end=\"1409\">\n<li data-start=\"1255\" data-end=\"1297\">\n<p data-start=\"1257\" data-end=\"1297\">Specializace na automatick\u00e9 a OTF no\u017ee<\/p>\n<\/li>\n<li data-start=\"1298\" data-end=\"1321\">\n<p data-start=\"1300\" data-end=\"1321\">Precizn\u00ed CNC v\u00fdroba<\/p>\n<\/li>\n<li data-start=\"1322\" data-end=\"1359\">\n<p data-start=\"1324\" data-end=\"1359\">D\u016fraz na mechanickou spolehlivost<\/p>\n<\/li>\n<li data-start=\"1360\" data-end=\"1392\">\n<p data-start=\"1362\" data-end=\"1392\">Pou\u017eit\u00ed pr\u00e9miov\u00fdch materi\u00e1l\u016f<\/p>\n<\/li>\n<li data-start=\"1393\" data-end=\"1409\">\n<p data-start=\"1395\" data-end=\"1409\">V\u00fdroba v USA<\/p>\n<\/li>\n<\/ul>\n<p data-start=\"1411\" data-end=\"1500\">\u0158ada Combat Troodon pat\u0159\u00ed mezi vlajkov\u00e9 modely zna\u010dky a je zn\u00e1m\u00e1 svou extr\u00e9mn\u00ed odolnost\u00ed.<\/p>\n<p data-start=\"1502\" data-end=\"1523\">\ud83d\udde1\ufe0f <strong data-start=\"1506\" data-end=\"1523\">\u010cepel \u2013 Tanto<\/strong><\/p>\n<p data-start=\"1525\" data-end=\"1636\">\u010cepel typu <strong data-start=\"1536\" data-end=\"1545\">Tanto<\/strong> je navr\u017eena pro vysokou pevnost hrotu, v\u00fdbornou pr\u016fraznost a univers\u00e1ln\u00ed \u0159ezn\u00e9 schopnosti.<\/p>\n<p data-start=\"1638\" data-end=\"1655\">Profil poskytuje:<\/p>\n<ul data-start=\"1657\" data-end=\"1773\">\n<li data-start=\"1657\" data-end=\"1680\">\n<p data-start=\"1659\" data-end=\"1680\">siln\u00fd a odoln\u00fd hrot<\/p>\n<\/li>\n<li data-start=\"1681\" data-end=\"1715\">\n<p data-start=\"1683\" data-end=\"1715\">stabiln\u00ed a pevnou \u0159eznou hranu<\/p>\n<\/li>\n<li data-start=\"1716\" data-end=\"1740\">\n<p data-start=\"1718\" data-end=\"1740\">efektivn\u00ed pr\u016fraznost<\/p>\n<\/li>\n<li data-start=\"1741\" data-end=\"1773\">\n<p data-start=\"1743\" data-end=\"1773\">univerz\u00e1ln\u00ed pracovn\u00ed vyu\u017eit\u00ed<\/p>\n<\/li>\n<\/ul>\n<p data-start=\"1775\" data-end=\"1870\">Povrchov\u00e1 \u00faprava <strong data-start=\"1792\" data-end=\"1812\">Apocalyptic \/ OD<\/strong> minimalizuje odlesky a zvy\u0161uje odolnost proti opot\u0159eben\u00ed.<\/p>\n<p data-start=\"1872\" data-end=\"1899\">\ud83d\udd2c <strong data-start=\"1875\" data-end=\"1899\">Ocel \u2013 B\u00f6hler M390MK<\/strong><\/p>\n<p data-start=\"1901\" data-end=\"2041\">Pro \u010depel je pou\u017eita pr\u00e9miov\u00e1 pr\u00e1\u0161kov\u00e1 nerezov\u00e1 ocel <strong data-start=\"1954\" data-end=\"1971\">B\u00f6hler M390MK<\/strong>, kter\u00e1 pat\u0159\u00ed mezi jedny z nejv\u00fdkonn\u011bj\u0161\u00edch modern\u00edch no\u017e\u00ed\u0159sk\u00fdch ocel\u00ed.<\/p>\n<p data-start=\"2043\" data-end=\"2068\">Tvrdost cca <strong data-start=\"2055\" data-end=\"2068\">60\u201362 HRC<\/strong><\/p>\n<p data-start=\"2070\" data-end=\"2086\">Charakteristika:<\/p>\n<ul data-start=\"2088\" data-end=\"2218\">\n<li data-start=\"2088\" data-end=\"2115\">\n<p data-start=\"2090\" data-end=\"2115\">vynikaj\u00edc\u00ed dr\u017een\u00ed ost\u0159\u00ed<\/p>\n<\/li>\n<li data-start=\"2116\" data-end=\"2148\">\n<p data-start=\"2118\" data-end=\"2148\">vysok\u00e1 odolnost proti korozi<\/p>\n<\/li>\n<li data-start=\"2149\" data-end=\"2187\">\n<p data-start=\"2151\" data-end=\"2187\">extr\u00e9mn\u00ed odolnost proti opot\u0159eben\u00ed<\/p>\n<\/li>\n<li data-start=\"2188\" data-end=\"2218\">\n<p data-start=\"2190\" data-end=\"2218\">dlouhodob\u00e1 stabilita ost\u0159\u00ed<\/p>\n<\/li>\n<\/ul>\n<p data-start=\"2220\" data-end=\"2281\">Tato ocel je ide\u00e1ln\u00ed pro n\u00e1ro\u010dn\u00e9 pracovn\u00ed i taktick\u00e9 pou\u017eit\u00ed.<\/p>\n<p data-start=\"2283\" data-end=\"2322\">\ud83e\udde9 <strong data-start=\"2286\" data-end=\"2322\">Rukoje\u0165 \u2013 Olivov\u00fd hlin\u00edk 6061\u2011T6<\/strong><\/p>\n<p data-start=\"2324\" data-end=\"2416\">Rukoje\u0165 je vyrobena z anodizovan\u00e9ho leteck\u00e9ho hlin\u00edku s vysokou pevnost\u00ed a n\u00edzkou hmotnost\u00ed.<\/p>\n<p data-start=\"2418\" data-end=\"2429\">Vlastnosti:<\/p>\n<ul data-start=\"2431\" data-end=\"2579\">\n<li data-start=\"2431\" data-end=\"2461\">\n<p data-start=\"2433\" data-end=\"2461\">vysok\u00e1 mechanick\u00e1 odolnost<\/p>\n<\/li>\n<li data-start=\"2462\" data-end=\"2500\">\n<p data-start=\"2464\" data-end=\"2500\">ergonomick\u00fd profil pro jist\u00fd \u00fachop<\/p>\n<\/li>\n<li data-start=\"2501\" data-end=\"2539\">\n<p data-start=\"2503\" data-end=\"2539\">trak\u010dn\u00ed textura pro lep\u0161\u00ed kontrolu<\/p>\n<\/li>\n<li data-start=\"2540\" data-end=\"2579\">\n<p data-start=\"2542\" data-end=\"2579\">odolnost v\u016f\u010di vlhkosti i opot\u0159eben\u00ed<\/p>\n<\/li>\n<\/ul>\n<p data-start=\"2581\" data-end=\"2632\">Reverzibiln\u00ed kapesn\u00ed klip umo\u017e\u0148uje pohodln\u00e9 no\u0161en\u00ed.<\/p>\n<p data-start=\"2634\" data-end=\"2664\">\u2699\ufe0f <strong data-start=\"2637\" data-end=\"2662\">Technick\u00e9 specifikace<\/strong><\/p>\n<div class=\"TyagGW_tableContainer\">\n<div class=\"group TyagGW_tableWrapper flex flex-col-reverse w-fit\" tabindex=\"-1\">\n<table class=\"w-fit min-w-(--thread-content-width)\" data-start=\"2665\" data-end=\"3204\">\n<thead data-start=\"2665\" data-end=\"2685\">\n<tr data-start=\"2665\" data-end=\"2685\">\n<th class=\"\" data-start=\"2665\" data-end=\"2674\" data-col-size=\"sm\">Parametr<\/th>\n<th class=\"\" data-start=\"2674\" data-end=\"2685\" data-col-size=\"sm\">Hodnota<\/th>\n<\/tr>\n<\/thead>\n<tbody data-start=\"2696\" data-end=\"3204\">\n<tr data-start=\"2696\" data-end=\"2737\">\n<td data-start=\"2696\" data-end=\"2702\" data-col-size=\"sm\">Model<\/td>\n<td data-start=\"2702\" data-end=\"2737\" data-col-size=\"sm\">Auto Combat Troodon T\/E Gen III<\/td>\n<\/tr>\n<tr data-start=\"2738\" data-end=\"2770\">\n<td data-start=\"2738\" data-end=\"2755\" data-col-size=\"sm\">Produktov\u00e9 \u010d\u00edslo<\/td>\n<td data-start=\"2755\" data-end=\"2770\" data-col-size=\"sm\">1144\u201111APOD<\/td>\n<\/tr>\n<tr data-start=\"2771\" data-end=\"2799\">\n<td data-start=\"2771\" data-end=\"2785\" data-col-size=\"sm\">Celkov\u00e1 d\u00e9lka<\/td>\n<td data-start=\"2785\" data-end=\"2799\" data-col-size=\"sm\">cca 241 mm<\/td>\n<\/tr>\n<tr data-start=\"2800\" data-end=\"2826\">\n<td data-start=\"2800\" data-end=\"2813\" data-col-size=\"sm\">D\u00e9lka \u010depele<\/td>\n<td data-start=\"2813\" data-end=\"2826\" data-col-size=\"sm\">cca 102 mm<\/td>\n<\/tr>\n<tr data-start=\"2827\" data-end=\"2855\">\n<td data-start=\"2827\" data-end=\"2843\" data-col-size=\"sm\">Tlou\u0161\u0165ka \u010depele<\/td>\n<td data-start=\"2843\" data-end=\"2855\" data-col-size=\"sm\">cca 4 mm<\/td>\n<\/tr>\n<tr data-start=\"2856\" data-end=\"2885\">\n<td data-start=\"2856\" data-end=\"2871\" data-col-size=\"sm\">D\u00e9lka rukojeti<\/td>\n<td data-start=\"2871\" data-end=\"2885\" data-col-size=\"sm\">cca 144 mm<\/td>\n<\/tr>\n<tr data-start=\"2886\" data-end=\"2908\">\n<td data-start=\"2886\" data-end=\"2895\" data-col-size=\"sm\">Hmotnost<\/td>\n<td data-start=\"2895\" data-end=\"2908\" data-col-size=\"sm\">cca 160 g<\/td>\n<\/tr>\n<tr data-start=\"2909\" data-end=\"2942\">\n<td data-start=\"2909\" data-end=\"2925\" data-col-size=\"sm\">Materi\u00e1l \u010depele<\/td>\n<td data-start=\"2925\" data-end=\"2942\" data-col-size=\"sm\">B\u00f6hler M390MK<\/td>\n<\/tr>\n<tr data-start=\"2943\" data-end=\"2968\">\n<td data-start=\"2943\" data-end=\"2951\" data-col-size=\"sm\">Tvrdost<\/td>\n<td data-start=\"2951\" data-end=\"2968\" data-col-size=\"sm\">cca 60\u201362 HRC<\/td>\n<\/tr>\n<tr data-start=\"2969\" data-end=\"2989\">\n<td data-start=\"2969\" data-end=\"2980\" data-col-size=\"sm\">Typ \u010depele<\/td>\n<td data-start=\"2980\" data-end=\"2989\" data-col-size=\"sm\">Tanto<\/td>\n<\/tr>\n<tr data-start=\"2990\" data-end=\"3024\">\n<td data-start=\"2990\" data-end=\"3004\" data-col-size=\"sm\">Povrch \u010depele<\/td>\n<td data-start=\"3004\" data-end=\"3024\" data-col-size=\"sm\">Apocalyptic \/ OD<\/td>\n<\/tr>\n<tr data-start=\"3025\" data-end=\"3061\">\n<td data-start=\"3025\" data-end=\"3043\" data-col-size=\"sm\">Materi\u00e1l rukojeti<\/td>\n<td data-start=\"3043\" data-end=\"3061\" data-col-size=\"sm\">Hlin\u00edk 6061\u2011T6<\/td>\n<\/tr>\n<tr data-start=\"3062\" data-end=\"3088\">\n<td data-start=\"3062\" data-end=\"3077\" data-col-size=\"sm\">Barva rukojeti<\/td>\n<td data-start=\"3077\" data-end=\"3088\" data-col-size=\"sm\">Olivov\u00e1<\/td>\n<\/tr>\n<tr data-start=\"3089\" data-end=\"3132\">\n<td data-start=\"3089\" data-end=\"3101\" data-col-size=\"sm\">Mechanismus<\/td>\n<td data-start=\"3101\" data-end=\"3132\" data-col-size=\"sm\">Double\u2011Action OTF Automatic<\/td>\n<\/tr>\n<tr data-start=\"3133\" data-end=\"3162\">\n<td data-start=\"3133\" data-end=\"3143\" data-col-size=\"sm\">Otev\u00edr\u00e1n\u00ed<\/td>\n<td data-start=\"3143\" data-end=\"3162\" data-col-size=\"sm\">Posuvn\u00fd ovlada\u010d<\/td>\n<\/tr>\n<tr data-start=\"3163\" data-end=\"3184\">\n<td data-start=\"3163\" data-end=\"3168\" data-col-size=\"sm\">Klip<\/td>\n<td data-start=\"3168\" data-end=\"3184\" data-col-size=\"sm\">Reverzibiln\u00ed<\/td>\n<\/tr>\n<tr data-start=\"3185\" data-end=\"3204\">\n<td data-start=\"3185\" data-end=\"3197\" data-col-size=\"sm\">Zem\u011b p\u016fvodu<\/td>\n<td data-start=\"3197\" data-end=\"3204\" data-col-size=\"sm\">USA<\/td>\n<\/tr>\n<\/tbody>\n<\/table>\n<\/div>\n<\/div>\n<p data-start=\"3206\" data-end=\"3225\">\u2705 <strong data-start=\"3208\" data-end=\"3225\">Hlavn\u00ed v\u00fdhody<\/strong><\/p>\n<ul data-start=\"3227\" data-end=\"3417\">\n<li data-start=\"3227\" data-end=\"3259\">\n<p data-start=\"3229\" data-end=\"3259\">Extr\u00e9mn\u011b robustn\u00ed konstrukce<\/p>\n<\/li>\n<li data-start=\"3260\" data-end=\"3306\">\n<p data-start=\"3262\" data-end=\"3306\">Siln\u00fd a spolehliv\u00fd automatick\u00fd mechanismus<\/p>\n<\/li>\n<li data-start=\"3307\" data-end=\"3347\">\n<p data-start=\"3309\" data-end=\"3347\">Pr\u00e9miov\u00e1 ocel s dlouhou v\u00fddr\u017e\u00ed ost\u0159\u00ed<\/p>\n<\/li>\n<li data-start=\"3348\" data-end=\"3378\">\n<p data-start=\"3350\" data-end=\"3378\">V\u00fdborn\u00e1 ergonomie rukojeti<\/p>\n<\/li>\n<li data-start=\"3379\" data-end=\"3417\">\n<p data-start=\"3381\" data-end=\"3417\">Navr\u017eeno pro profesion\u00e1ln\u00ed pou\u017eit\u00ed<\/p>\n<\/li>\n<\/ul>\n<p data-start=\"3419\" data-end=\"3439\">\u26a0\ufe0f <strong data-start=\"3422\" data-end=\"3439\">Mo\u017en\u00e1 omezen\u00ed<\/strong><\/p>\n<ul data-start=\"3441\" data-end=\"3576\">\n<li data-start=\"3441\" data-end=\"3491\">\n<p data-start=\"3443\" data-end=\"3491\">V\u011bt\u0161\u00ed rozm\u011bry nejsou ide\u00e1ln\u00ed pro nen\u00e1padn\u00e9 EDC<\/p>\n<\/li>\n<li data-start=\"3492\" data-end=\"3532\">\n<p data-start=\"3494\" data-end=\"3532\">Vy\u0161\u0161\u00ed hmotnost oproti men\u0161\u00edm model\u016fm<\/p>\n<\/li>\n<li data-start=\"3533\" data-end=\"3576\">\n<p data-start=\"3535\" data-end=\"3576\">Mechanismus vy\u017eaduje pravidelnou \u00fadr\u017ebu<\/p>\n<\/li>\n<\/ul>\n<p data-start=\"3578\" data-end=\"3599\">\ud83d\udee0\ufe0f <strong data-start=\"3582\" data-end=\"3599\">\u00dadr\u017eba a p\u00e9\u010de<\/strong><\/p>\n<p data-start=\"3601\" data-end=\"3739\">Po pou\u017eit\u00ed \u010depel o\u010disti a osu\u0161i.<br data-start=\"3633\" data-end=\"3636\" \/>Mechanismus udr\u017euj \u010dist\u00fd a pravideln\u011b lehce ma\u017e vhodn\u00fdm olejem.<br data-start=\"3699\" data-end=\"3702\" \/>Rukoje\u0165 udr\u017euj suchou a bez ne\u010distot.<\/p>\n<p data-start=\"3741\" data-end=\"4049\">Pro brou\u0161en\u00ed doporu\u010dujeme <strong data-start=\"3767\" data-end=\"3833\">Spyderco Tri\u2011Angle Sharpmaker Complete Sharpening System 204MF<\/strong> od zna\u010dky <span class=\"hover:entity-accent entity-underline inline cursor-pointer align-baseline\"><span class=\"whitespace-normal\">Spyderco<\/span><\/span>, kter\u00fd je vhodn\u00fd pro p\u0159esn\u00e9 a \u0161etrn\u00e9 ost\u0159en\u00ed pr\u00e9miov\u00fdch ocel\u00ed. Tento brusn\u00fd syst\u00e9m zakoup\u00ed\u0161 na str\u00e1nk\u00e1ch <span class=\"hover:entity-accent entity-underline inline cursor-pointer align-baseline\"><span class=\"whitespace-normal\">Moskito.cz<\/span><\/span> \u2192 <a class=\"decorated-link\" href=\"https:\/\/www.moskito.cz\" target=\"_new\" rel=\"noopener\" data-start=\"4027\" data-end=\"4049\">https:\/\/www.moskito.cz<\/a><\/p>\n<p data-start=\"4051\" data-end=\"4118\">Pravideln\u00e1 p\u00e9\u010de zajist\u00ed dlouhodobou spolehlivost a maxim\u00e1ln\u00ed v\u00fdkon.<\/p>\n<p data-start=\"4120\" data-end=\"4141\">\ud83c\udfaf <strong data-start=\"4123\" data-end=\"4141\">Doporu\u010deno pro<\/strong><\/p>\n<ul data-start=\"4143\" data-end=\"4265\">\n<li data-start=\"4143\" data-end=\"4163\">\n<p data-start=\"4145\" data-end=\"4163\">Taktick\u00e9 pou\u017eit\u00ed<\/p>\n<\/li>\n<li data-start=\"4164\" data-end=\"4193\">\n<p data-start=\"4166\" data-end=\"4193\">N\u00e1ro\u010dn\u00e9 pracovn\u00ed nasazen\u00ed<\/p>\n<\/li>\n<li data-start=\"4194\" data-end=\"4221\">\n<p data-start=\"4196\" data-end=\"4221\">Profesion\u00e1ln\u00ed u\u017eivatele<\/p>\n<\/li>\n<li data-start=\"4222\" data-end=\"4265\">\n<p data-start=\"4224\" data-end=\"4265\">Sb\u011bratele pr\u00e9miov\u00fdch automatick\u00fdch no\u017e\u016f<\/p>\n<\/li>\n<\/ul>\n<p data-start=\"4267\" data-end=\"4292\">\u2b50 <strong data-start=\"4269\" data-end=\"4292\">Z\u00e1v\u011bre\u010dn\u00e9 hodnocen\u00ed<\/strong><\/p>\n<p data-start=\"4294\" data-end=\"4555\" data-is-last-node=\"\" data-is-only-node=\"\">Vyst\u0159elovac\u00ed n\u016f\u017e <strong data-start=\"4311\" data-end=\"4368\">Microtech Auto Combat Troodon T\/E Gen III 1144\u201111APOD<\/strong> spojuje precizn\u00ed mechanismus, \u0161pi\u010dkov\u00e9 materi\u00e1ly a robustn\u00ed konstrukci. Je to profesion\u00e1ln\u00ed taktick\u00fd n\u00e1stroj navr\u017een\u00fd pro maxim\u00e1ln\u00ed v\u00fdkon a spolehlivost i v nejn\u00e1ro\u010dn\u011bj\u0161\u00edch podm\u00ednk\u00e1ch \ud83d\udd2a<\/p>\n","protected":false},"excerpt":{"rendered":"<p><strong>Vyst\u0159elovac\u00ed n\u016f\u017e Microtech Auto Combat Troodon T\/E Gen III 1144\u201111APOD spojuje precizn\u00ed mechanismus, \u0161pi\u010dkov\u00e9 materi\u00e1ly a robustn\u00ed konstrukci. Je to profesion\u00e1ln\u00ed taktick\u00fd n\u00e1stroj navr\u017een\u00fd pro maxim\u00e1ln\u00ed v\u00fdkon a spolehlivost i v nejn\u00e1ro\u010dn\u011bj\u0161\u00edch podm\u00ednk\u00e1ch \ud83d\udd2a<\/strong><\/p>\n<p><strong>Doprava zdarma.<\/strong><\/p>\n","protected":false},"featured_media":438266,"comment_status":"open","ping_status":"closed","template":"","meta":[],"pwb-brand":[431],"product_brand":[],"product_cat":[2019,17],"product_tag":[],"class_list":{"0":"post-438265","1":"product","2":"type-product","3":"status-publish","4":"has-post-thumbnail","6":"pwb-brand-microtech","7":"product_cat-vystrelovaci-noze","8":"product_cat-noze","10":"first","11":"instock","12":"taxable","13":"shipping-taxable","14":"purchasable","15":"product-type-simple"},"brands":[{"id":431,"name":"Microtech","slug":"microtech"}],"_links":{"self":[{"href":"https:\/\/www.moskito.cz\/es\/wp-json\/wp\/v2\/product\/438265","targetHints":{"allow":["GET"]}}],"collection":[{"href":"https:\/\/www.moskito.cz\/es\/wp-json\/wp\/v2\/product"}],"about":[{"href":"https:\/\/www.moskito.cz\/es\/wp-json\/wp\/v2\/types\/product"}],"replies":[{"embeddable":true,"href":"https:\/\/www.moskito.cz\/es\/wp-json\/wp\/v2\/comments?post=438265"}],"wp:featuredmedia":[{"embeddable":true,"href":"https:\/\/www.moskito.cz\/es\/wp-json\/wp\/v2\/media\/438266"}],"wp:attachment":[{"href":"https:\/\/www.moskito.cz\/es\/wp-json\/wp\/v2\/media?parent=438265"}],"wp:term":[{"taxonomy":"pwb-brand","embeddable":true,"href":"https:\/\/www.moskito.cz\/es\/wp-json\/wp\/v2\/pwb-brand?post=438265"},{"taxonomy":"product_brand","embeddable":true,"href":"https:\/\/www.moskito.cz\/es\/wp-json\/wp\/v2\/product_brand?post=438265"},{"taxonomy":"product_cat","embeddable":true,"href":"https:\/\/www.moskito.cz\/es\/wp-json\/wp\/v2\/product_cat?post=438265"},{"taxonomy":"product_tag","embeddable":true,"href":"https:\/\/www.moskito.cz\/es\/wp-json\/wp\/v2\/product_tag?post=438265"}],"curies":[{"name":"wp","href":"https:\/\/api.w.org\/{rel}","templated":true}]}}