{"id":438377,"date":"2026-02-19T11:16:25","date_gmt":"2026-02-19T10:16:25","guid":{"rendered":"https:\/\/www.moskito.cz\/?post_type=product&#038;p=438377"},"modified":"2026-02-19T11:16:43","modified_gmt":"2026-02-19T10:16:43","slug":"vystrelovaci-nuz-microtech-combat-troodon-t-e-gen-iii-red-apocalyptic-1144-10aprd","status":"publish","type":"product","link":"https:\/\/www.moskito.cz\/es\/produkt\/vystrelovaci-nuz-microtech-combat-troodon-t-e-gen-iii-red-apocalyptic-1144-10aprd\/","title":{"rendered":"Vyst\u0159elovac\u00ed N\u016f\u017e Microtech Combat Troodon T\/E Gen III Red Apocalyptic 1144-10APRD"},"content":{"rendered":"<p data-start=\"1943\" data-end=\"2115\">ou\u017eita pr\u00e9miov\u00e1 pr\u00e1\u0161kov\u00e1 nerezov\u00e1 ocel (nap\u0159. B\u00f6hler M390MK \/ obdobn\u00e1 dle v\u00fdrobn\u00ed s\u00e9rie), kter\u00e1 pat\u0159\u00ed mezi jedny z nejv\u00fdkonn\u011bj\u0161\u00edch modern\u00edch no\u017e\u00ed\u0159sk\u00fdch ocel\u00ed.<\/p>\n<p data-start=\"2117\" data-end=\"2133\">Charakteristika:<\/p>\n<ul data-start=\"2135\" data-end=\"2269\">\n<li data-start=\"2135\" data-end=\"2162\">\n<p data-start=\"2137\" data-end=\"2162\">vynikaj\u00edc\u00ed dr\u017een\u00ed ost\u0159\u00ed<\/p>\n<\/li>\n<li data-start=\"2163\" data-end=\"2195\">\n<p data-start=\"2165\" data-end=\"2195\">vysok\u00e1 odolnost proti korozi<\/p>\n<\/li>\n<li data-start=\"2196\" data-end=\"2232\">\n<p data-start=\"2198\" data-end=\"2232\">vysok\u00e1 odolnost proti opot\u0159eben\u00ed<\/p>\n<\/li>\n<li data-start=\"2233\" data-end=\"2269\">\n<p data-start=\"2235\" data-end=\"2269\">dlouhodob\u00e1 stabilita \u0159ezn\u00e9 hrany<\/p>\n<\/li>\n<\/ul>\n<p data-start=\"2271\" data-end=\"2293\">Tvrdost cca 60\u201362 HRC.<\/p>\n<p data-start=\"2295\" data-end=\"2334\">\ud83e\udde9 <strong data-start=\"2298\" data-end=\"2334\">Rukoje\u0165 \u2013 \u010cerven\u00fd hlin\u00edk 6061-T6<\/strong><\/p>\n<p data-start=\"2336\" data-end=\"2460\">Rukoje\u0165 je vyrobena z anodizovan\u00e9ho leteck\u00e9ho hlin\u00edku v \u010derven\u00e9m proveden\u00ed, kter\u00e9 nab\u00edz\u00ed ide\u00e1ln\u00ed pom\u011br pevnosti a hmotnosti.<\/p>\n<p data-start=\"2462\" data-end=\"2473\">Vlastnosti:<\/p>\n<ul data-start=\"2475\" data-end=\"2623\">\n<li data-start=\"2475\" data-end=\"2505\">\n<p data-start=\"2477\" data-end=\"2505\">vysok\u00e1 mechanick\u00e1 odolnost<\/p>\n<\/li>\n<li data-start=\"2506\" data-end=\"2544\">\n<p data-start=\"2508\" data-end=\"2544\">ergonomick\u00fd profil pro jist\u00fd \u00fachop<\/p>\n<\/li>\n<li data-start=\"2545\" data-end=\"2583\">\n<p data-start=\"2547\" data-end=\"2583\">trak\u010dn\u00ed textura pro lep\u0161\u00ed kontrolu<\/p>\n<\/li>\n<li data-start=\"2584\" data-end=\"2623\">\n<p data-start=\"2586\" data-end=\"2623\">odolnost v\u016f\u010di vlhkosti i opot\u0159eben\u00ed<\/p>\n<\/li>\n<\/ul>\n<p data-start=\"2625\" data-end=\"2676\">Reverzibiln\u00ed kapesn\u00ed klip umo\u017e\u0148uje pohodln\u00e9 no\u0161en\u00ed.<\/p>\n<p data-start=\"2678\" data-end=\"2706\">\u2699\ufe0f <strong data-start=\"2681\" data-end=\"2706\">Technick\u00e9 specifikace<\/strong><\/p>\n<div class=\"TyagGW_tableContainer\">\n<div class=\"group TyagGW_tableWrapper flex flex-col-reverse w-fit\" tabindex=\"-1\">\n<table class=\"w-fit min-w-(--thread-content-width)\" data-start=\"2708\" data-end=\"3261\">\n<thead data-start=\"2708\" data-end=\"2726\">\n<tr data-start=\"2708\" data-end=\"2726\">\n<th class=\"\" data-start=\"2708\" data-end=\"2717\" data-col-size=\"sm\">Parametr<\/th>\n<th class=\"\" data-start=\"2717\" data-end=\"2726\" data-col-size=\"sm\">Hodnota<\/th>\n<\/tr>\n<\/thead>\n<tbody data-start=\"2737\" data-end=\"3261\">\n<tr data-start=\"2737\" data-end=\"2778\">\n<td data-start=\"2737\" data-end=\"2743\" data-col-size=\"sm\">Model<\/td>\n<td data-start=\"2743\" data-end=\"2778\" data-col-size=\"sm\">Auto Combat Troodon T\/E Gen III<\/td>\n<\/tr>\n<tr data-start=\"2779\" data-end=\"2811\">\n<td data-start=\"2779\" data-end=\"2796\" data-col-size=\"sm\">Produktov\u00e9 \u010d\u00edslo<\/td>\n<td data-start=\"2796\" data-end=\"2811\" data-col-size=\"sm\">1144-10APRD<\/td>\n<\/tr>\n<tr data-start=\"2812\" data-end=\"2840\">\n<td data-start=\"2812\" data-end=\"2826\" data-col-size=\"sm\">Celkov\u00e1 d\u00e9lka<\/td>\n<td data-start=\"2826\" data-end=\"2840\" data-col-size=\"sm\">cca 241 mm<\/td>\n<\/tr>\n<tr data-start=\"2841\" data-end=\"2868\">\n<td data-start=\"2841\" data-end=\"2854\" data-col-size=\"sm\">D\u00e9lka \u010depele<\/td>\n<td data-start=\"2854\" data-end=\"2868\" data-col-size=\"sm\">cca 102 mm<\/td>\n<\/tr>\n<tr data-start=\"2869\" data-end=\"2898\">\n<td data-start=\"2869\" data-end=\"2884\" data-col-size=\"sm\">D\u00e9lka rukojeti<\/td>\n<td data-start=\"2884\" data-end=\"2898\" data-col-size=\"sm\">cca 140 mm<\/td>\n<\/tr>\n<tr data-start=\"2899\" data-end=\"2927\">\n<td data-start=\"2899\" data-end=\"2915\" data-col-size=\"sm\">Tlou\u0161\u0165ka \u010depele<\/td>\n<td data-start=\"2915\" data-end=\"2927\" data-col-size=\"sm\">cca 4 mm<\/td>\n<\/tr>\n<tr data-start=\"2928\" data-end=\"2954\">\n<td data-start=\"2928\" data-end=\"2937\" data-col-size=\"sm\">Hmotnost<\/td>\n<td data-start=\"2937\" data-end=\"2954\" data-col-size=\"sm\">cca 140\u2013160 g<\/td>\n<\/tr>\n<tr data-start=\"2955\" data-end=\"2997\">\n<td data-start=\"2955\" data-end=\"2971\" data-col-size=\"sm\">Materi\u00e1l \u010depele<\/td>\n<td data-start=\"2971\" data-end=\"2997\" data-col-size=\"sm\">pr\u00e1\u0161kov\u00e1 nerezov\u00e1 ocel<\/td>\n<\/tr>\n<tr data-start=\"2998\" data-end=\"3023\">\n<td data-start=\"2998\" data-end=\"3006\" data-col-size=\"sm\">Tvrdost<\/td>\n<td data-start=\"3006\" data-end=\"3023\" data-col-size=\"sm\">cca 60\u201362 HRC<\/td>\n<\/tr>\n<tr data-start=\"3024\" data-end=\"3044\">\n<td data-start=\"3024\" data-end=\"3035\" data-col-size=\"sm\">Typ \u010depele<\/td>\n<td data-start=\"3035\" data-end=\"3044\" data-col-size=\"sm\">Tanto<\/td>\n<\/tr>\n<tr data-start=\"3045\" data-end=\"3083\">\n<td data-start=\"3045\" data-end=\"3059\" data-col-size=\"sm\">Povrch \u010depele<\/td>\n<td data-start=\"3059\" data-end=\"3083\" data-col-size=\"sm\">Apocalyptic Standard<\/td>\n<\/tr>\n<tr data-start=\"3084\" data-end=\"3120\">\n<td data-start=\"3084\" data-end=\"3102\" data-col-size=\"sm\">Materi\u00e1l rukojeti<\/td>\n<td data-start=\"3102\" data-end=\"3120\" data-col-size=\"sm\">Hlin\u00edk 6061-T6<\/td>\n<\/tr>\n<tr data-start=\"3121\" data-end=\"3147\">\n<td data-start=\"3121\" data-end=\"3136\" data-col-size=\"sm\">Barva rukojeti<\/td>\n<td data-start=\"3136\" data-end=\"3147\" data-col-size=\"sm\">\u010cerven\u00e1<\/td>\n<\/tr>\n<tr data-start=\"3148\" data-end=\"3191\">\n<td data-start=\"3148\" data-end=\"3160\" data-col-size=\"sm\">Mechanismus<\/td>\n<td data-start=\"3160\" data-end=\"3191\" data-col-size=\"sm\">Double-Action OTF Automatic<\/td>\n<\/tr>\n<tr data-start=\"3192\" data-end=\"3221\">\n<td data-start=\"3192\" data-end=\"3202\" data-col-size=\"sm\">Otev\u00edr\u00e1n\u00ed<\/td>\n<td data-start=\"3202\" data-end=\"3221\" data-col-size=\"sm\">Posuvn\u00fd ovlada\u010d<\/td>\n<\/tr>\n<tr data-start=\"3222\" data-end=\"3243\">\n<td data-start=\"3222\" data-end=\"3227\" data-col-size=\"sm\">Klip<\/td>\n<td data-start=\"3227\" data-end=\"3243\" data-col-size=\"sm\">Reverzibiln\u00ed<\/td>\n<\/tr>\n<tr data-start=\"3244\" data-end=\"3261\">\n<td data-start=\"3244\" data-end=\"3256\" data-col-size=\"sm\">Zem\u011b p\u016fvodu<\/td>\n<td data-start=\"3256\" data-end=\"3261\" data-col-size=\"sm\">USA<\/td>\n<\/tr>\n<\/tbody>\n<\/table>\n<\/div>\n<\/div>\n<p data-start=\"3263\" data-end=\"3282\">\u2705 <strong data-start=\"3265\" data-end=\"3282\">Hlavn\u00ed v\u00fdhody<\/strong><\/p>\n<ul data-start=\"3284\" data-end=\"3474\">\n<li data-start=\"3284\" data-end=\"3316\">\n<p data-start=\"3286\" data-end=\"3316\">extr\u00e9mn\u011b robustn\u00ed konstrukce<\/p>\n<\/li>\n<li data-start=\"3317\" data-end=\"3363\">\n<p data-start=\"3319\" data-end=\"3363\">siln\u00fd a spolehliv\u00fd automatick\u00fd mechanismus<\/p>\n<\/li>\n<li data-start=\"3364\" data-end=\"3404\">\n<p data-start=\"3366\" data-end=\"3404\">pr\u00e9miov\u00e1 ocel s dlouhou v\u00fddr\u017e\u00ed ost\u0159\u00ed<\/p>\n<\/li>\n<li data-start=\"3405\" data-end=\"3435\">\n<p data-start=\"3407\" data-end=\"3435\">v\u00fdborn\u00e1 ergonomie rukojeti<\/p>\n<\/li>\n<li data-start=\"3436\" data-end=\"3474\">\n<p data-start=\"3438\" data-end=\"3474\">navr\u017eeno pro profesion\u00e1ln\u00ed vyu\u017eit\u00ed<\/p>\n<\/li>\n<\/ul>\n<p data-start=\"3476\" data-end=\"3496\">\u26a0\ufe0f <strong data-start=\"3479\" data-end=\"3496\">Mo\u017en\u00e1 omezen\u00ed<\/strong><\/p>\n<ul data-start=\"3498\" data-end=\"3633\">\n<li data-start=\"3498\" data-end=\"3548\">\n<p data-start=\"3500\" data-end=\"3548\">v\u011bt\u0161\u00ed rozm\u011bry nejsou ide\u00e1ln\u00ed pro nen\u00e1padn\u00e9 EDC<\/p>\n<\/li>\n<li data-start=\"3549\" data-end=\"3589\">\n<p data-start=\"3551\" data-end=\"3589\">vy\u0161\u0161\u00ed hmotnost oproti men\u0161\u00edm model\u016fm<\/p>\n<\/li>\n<li data-start=\"3590\" data-end=\"3633\">\n<p data-start=\"3592\" data-end=\"3633\">mechanismus vy\u017eaduje pravidelnou \u00fadr\u017ebu<\/p>\n<\/li>\n<\/ul>\n<p data-start=\"3635\" data-end=\"3656\">\ud83d\udee0\ufe0f <strong data-start=\"3639\" data-end=\"3656\">\u00dadr\u017eba a p\u00e9\u010de<\/strong><\/p>\n<p data-start=\"3658\" data-end=\"3796\">Po pou\u017eit\u00ed \u010depel o\u010disti a osu\u0161i.<br data-start=\"3690\" data-end=\"3693\" \/>Mechanismus udr\u017euj \u010dist\u00fd a pravideln\u011b lehce ma\u017e vhodn\u00fdm olejem.<br data-start=\"3756\" data-end=\"3759\" \/>Rukoje\u0165 udr\u017euj suchou a bez ne\u010distot.<\/p>\n<p data-start=\"3798\" data-end=\"3978\">Pro brou\u0161en\u00ed doporu\u010dujeme <span class=\"hover:entity-accent entity-underline inline cursor-pointer align-baseline\"><span class=\"whitespace-normal\">Spyderco<\/span><\/span> Tri-Angle Sharpmaker Complete Sharpening System 204MF, kter\u00fd je vhodn\u00fd pro p\u0159esn\u00e9 a \u0161etrn\u00e9 ost\u0159en\u00ed pr\u00e9miov\u00fdch ocel\u00ed.<\/p>\n<p data-start=\"3980\" data-end=\"4001\">\ud83c\udfaf <strong data-start=\"3983\" data-end=\"4001\">Doporu\u010deno pro<\/strong><\/p>\n<ul data-start=\"4003\" data-end=\"4125\">\n<li data-start=\"4003\" data-end=\"4023\">\n<p data-start=\"4005\" data-end=\"4023\">taktick\u00e9 pou\u017eit\u00ed<\/p>\n<\/li>\n<li data-start=\"4024\" data-end=\"4053\">\n<p data-start=\"4026\" data-end=\"4053\">n\u00e1ro\u010dn\u00e9 pracovn\u00ed nasazen\u00ed<\/p>\n<\/li>\n<li data-start=\"4054\" data-end=\"4081\">\n<p data-start=\"4056\" data-end=\"4081\">profesion\u00e1ln\u00ed u\u017eivatele<\/p>\n<\/li>\n<li data-start=\"4082\" data-end=\"4125\">\n<p data-start=\"4084\" data-end=\"4125\">sb\u011bratele pr\u00e9miov\u00fdch automatick\u00fdch no\u017e\u016f<\/p>\n<\/li>\n<\/ul>\n<p data-start=\"4127\" data-end=\"4152\">\u2b50 <strong data-start=\"4129\" data-end=\"4152\">Z\u00e1v\u011bre\u010dn\u00e9 hodnocen\u00ed<\/strong><\/p>\n<p data-start=\"4154\" data-end=\"4409\">Vyst\u0159elovac\u00ed n\u016f\u017e Microtech Auto Combat Troodon T\/E Gen III 1144-10APRD spojuje precizn\u00ed mechaniku, pr\u00e9miov\u00e9 materi\u00e1ly a robustn\u00ed konstrukci. Je to profesion\u00e1ln\u00ed taktick\u00fd n\u00e1stroj navr\u017een\u00fd pro maxim\u00e1ln\u00ed v\u00fdkon a spolehlivost i v nejn\u00e1ro\u010dn\u011bj\u0161\u00edch podm\u00ednk\u00e1ch \ud83d\udd2a<\/p>\n","protected":false},"excerpt":{"rendered":"<p><strong>Vyst\u0159elovac\u00ed n\u016f\u017e Microtech Auto Combat Troodon T\/E Gen III 1144-10APRD spojuje precizn\u00ed mechaniku, pr\u00e9miov\u00e9 materi\u00e1ly a robustn\u00ed konstrukci. Je to profesion\u00e1ln\u00ed taktick\u00fd n\u00e1stroj navr\u017een\u00fd pro maxim\u00e1ln\u00ed v\u00fdkon a spolehlivost i v nejn\u00e1ro\u010dn\u011bj\u0161\u00edch podm\u00ednk\u00e1ch \ud83d\udd2a<\/strong><\/p>\n<p><strong>Doprava zdarma.<\/strong><\/p>\n","protected":false},"featured_media":438378,"comment_status":"open","ping_status":"closed","template":"","meta":[],"pwb-brand":[431],"product_brand":[],"product_cat":[2019,17],"product_tag":[],"class_list":{"0":"post-438377","1":"product","2":"type-product","3":"status-publish","4":"has-post-thumbnail","6":"pwb-brand-microtech","7":"product_cat-vystrelovaci-noze","8":"product_cat-noze","10":"first","11":"instock","12":"taxable","13":"shipping-taxable","14":"purchasable","15":"product-type-simple"},"brands":[{"id":431,"name":"Microtech","slug":"microtech"}],"_links":{"self":[{"href":"https:\/\/www.moskito.cz\/es\/wp-json\/wp\/v2\/product\/438377","targetHints":{"allow":["GET"]}}],"collection":[{"href":"https:\/\/www.moskito.cz\/es\/wp-json\/wp\/v2\/product"}],"about":[{"href":"https:\/\/www.moskito.cz\/es\/wp-json\/wp\/v2\/types\/product"}],"replies":[{"embeddable":true,"href":"https:\/\/www.moskito.cz\/es\/wp-json\/wp\/v2\/comments?post=438377"}],"wp:featuredmedia":[{"embeddable":true,"href":"https:\/\/www.moskito.cz\/es\/wp-json\/wp\/v2\/media\/438378"}],"wp:attachment":[{"href":"https:\/\/www.moskito.cz\/es\/wp-json\/wp\/v2\/media?parent=438377"}],"wp:term":[{"taxonomy":"pwb-brand","embeddable":true,"href":"https:\/\/www.moskito.cz\/es\/wp-json\/wp\/v2\/pwb-brand?post=438377"},{"taxonomy":"product_brand","embeddable":true,"href":"https:\/\/www.moskito.cz\/es\/wp-json\/wp\/v2\/product_brand?post=438377"},{"taxonomy":"product_cat","embeddable":true,"href":"https:\/\/www.moskito.cz\/es\/wp-json\/wp\/v2\/product_cat?post=438377"},{"taxonomy":"product_tag","embeddable":true,"href":"https:\/\/www.moskito.cz\/es\/wp-json\/wp\/v2\/product_tag?post=438377"}],"curies":[{"name":"wp","href":"https:\/\/api.w.org\/{rel}","templated":true}]}}