{"id":439830,"date":"2022-04-17T12:44:58","date_gmt":"2022-04-17T11:44:58","guid":{"rendered":"https:\/\/www.moskito.cz\/produkt\/espada-samurai-boker-magnum-akito\/"},"modified":"2026-03-02T13:59:46","modified_gmt":"2026-03-02T12:59:46","slug":"espada-samurai-boker-magnum-akito","status":"publish","type":"product","link":"https:\/\/www.moskito.cz\/es\/produkt\/espada-samurai-boker-magnum-akito\/","title":{"rendered":"Espada samurai B\u00f6ker Magnum Akito"},"content":{"rendered":"<p>Espada samurai B\u00f6ker Magnum Akito<\/p>\n<p>Magnum Akito es una aut\u00e9ntica espada funcional. Adecuada no s\u00f3lo para kata (formas de ejercicio) o Iaito (ejercicios de dibujo), sino tambi\u00e9n para tameshigiri (pruebas de corte). Para realizar pruebas de corte, se necesita una hoja afilada de gran calidad que mantenga el filo. La hoja de Akito est\u00e1 hecha de acero al carbono 1045 endurecido con arcilla con un verdadero hamon (l\u00ednea de temple). La construcci\u00f3n general es muy robusta. La hoja es continua casi hasta el final de la empu\u00f1adura y est\u00e1 asegurada con dos mekugi. La espada funcional viene con una vaina de madera bellamente lacada junto con los ojos tradicionales (Kurigata y Shito-Dome).      <\/p>\n<p>Longitud total: 102 cm<br \/>\nLongitud de la hoja: 72,5 cm<br \/>\nPeso: 1120 g<br \/>\nGrosor de la hoja: 7,6 mm<br \/>\nMaterial de la hoja: acero al carbono 1045<\/p>\n<p>La Magnum Akito es una aut\u00e9ntica espada funcional. Adecuada no s\u00f3lo para kata (formas de ejercicio) o Iaito (ejercicios de dibujo), sino tambi\u00e9n para tameshigiri (pruebas de corte). Para realizar pruebas de corte, se necesita una hoja de muy alta calidad, afilada y que conserve el filo. La hoja Akito est\u00e1 fabricada con acero al carbono 1045 endurecido con arcilla y con hamon real (l\u00ednea de temple). La estructura general es muy robusta. La hoja es continua casi hasta el final de la empu\u00f1adura y est\u00e1 asegurada por dos mekugis. La funcional espada viene con una vaina de madera bellamente lacada, junto con los ojos tradicionales (Kurigata y Shito-Dome).      <\/p>\n<p>Tipo:<br \/>\nFunktionsschwert<br \/>\nLongitud total:<br \/>\n102,00 cm<br \/>\nLongitud de la hoja:<br \/>\n72,50 cm<br \/>\nGrosor de la hoja:<br \/>\n7,60 mm<br \/>\nPeso:<br \/>\n1120,00 g<br \/>\nMaterial de la hoja:<br \/>\nAcero al carbono<br \/>\nHecho en:<br \/>\nAsia<br \/>\nColor:<br \/>\nNegro<br \/>\nColor de la hoja:<br \/>\nSin recubrimiento<br \/>\nMaterial de la funda:<br \/>\nMadera<br \/>\nN\u00famero de art\u00edculo:<br \/>\n05ZS9126<\/p>\n","protected":false},"excerpt":{"rendered":"<p>Con el tiempo, la f\u00e1brica de cuchillos <strong>B\u00f6ker<\/strong> se ha convertido en un l\u00edder mundial en innovaci\u00f3n y el mayor fabricante de cuchillos deportivos, t\u00e1cticos y de colecci\u00f3n en Europa.<\/p>\n","protected":false},"featured_media":439832,"comment_status":"open","ping_status":"closed","template":"","meta":[],"pwb-brand":[3800],"product_brand":[],"product_cat":[3886,3887],"product_tag":[3756],"class_list":{"0":"post-439830","1":"product","2":"type-product","3":"status-publish","4":"has-post-thumbnail","6":"pwb-brand-boker-es","7":"product_cat-katanas-y-espadas","8":"product_cat-espadas-dagas-replicas","9":"product_tag-b2b-es","11":"first","12":"instock","13":"taxable","14":"shipping-taxable","15":"purchasable","16":"product-type-simple"},"brands":[{"id":3800,"name":"B\u00f3ker","slug":"boker-es"}],"_links":{"self":[{"href":"https:\/\/www.moskito.cz\/es\/wp-json\/wp\/v2\/product\/439830","targetHints":{"allow":["GET"]}}],"collection":[{"href":"https:\/\/www.moskito.cz\/es\/wp-json\/wp\/v2\/product"}],"about":[{"href":"https:\/\/www.moskito.cz\/es\/wp-json\/wp\/v2\/types\/product"}],"replies":[{"embeddable":true,"href":"https:\/\/www.moskito.cz\/es\/wp-json\/wp\/v2\/comments?post=439830"}],"wp:featuredmedia":[{"embeddable":true,"href":"https:\/\/www.moskito.cz\/es\/wp-json\/wp\/v2\/media\/439832"}],"wp:attachment":[{"href":"https:\/\/www.moskito.cz\/es\/wp-json\/wp\/v2\/media?parent=439830"}],"wp:term":[{"taxonomy":"pwb-brand","embeddable":true,"href":"https:\/\/www.moskito.cz\/es\/wp-json\/wp\/v2\/pwb-brand?post=439830"},{"taxonomy":"product_brand","embeddable":true,"href":"https:\/\/www.moskito.cz\/es\/wp-json\/wp\/v2\/product_brand?post=439830"},{"taxonomy":"product_cat","embeddable":true,"href":"https:\/\/www.moskito.cz\/es\/wp-json\/wp\/v2\/product_cat?post=439830"},{"taxonomy":"product_tag","embeddable":true,"href":"https:\/\/www.moskito.cz\/es\/wp-json\/wp\/v2\/product_tag?post=439830"}],"curies":[{"name":"wp","href":"https:\/\/api.w.org\/{rel}","templated":true}]}}